{"id":2259,"date":"2023-04-20T11:46:12","date_gmt":"2023-04-20T11:46:12","guid":{"rendered":"https:\/\/trading.hhg.vn\/so-sanh\/"},"modified":"2023-04-20T11:46:12","modified_gmt":"2023-04-20T11:46:12","slug":"so-sanh","status":"publish","type":"page","link":"https:\/\/trading.hhg.vn\/en\/so-sanh\/","title":{"rendered":"So s\u00e1nh"},"content":{"rendered":"\t\t<div data-elementor-type=\"wp-page\" data-elementor-id=\"2259\" class=\"elementor elementor-2259 elementor-23\" data-elementor-post-type=\"page\">\n\t\t\t\t\t\t<section class=\"wd-negative-gap elementor-section elementor-top-section elementor-element elementor-element-262542a elementor-section-boxed elementor-section-height-default elementor-section-height-default\" data-id=\"262542a\" data-element_type=\"section\">\n\t\t\t\t\t\t<div class=\"elementor-container elementor-column-gap-default\">\n\t\t\t\t\t<div class=\"elementor-column elementor-col-100 elementor-top-column elementor-element elementor-element-36ec512\" data-id=\"36ec512\" data-element_type=\"column\">\n\t\t\t<div class=\"elementor-widget-wrap elementor-element-populated\">\n\t\t\t\t\t\t<div class=\"elementor-element elementor-element-5b77511 elementor-widget elementor-widget-wd_compare\" data-id=\"5b77511\" data-element_type=\"widget\" data-widget_type=\"wd_compare.default\">\n\t\t\t\t<div class=\"elementor-widget-container\">\n\t\t\t\t\t\t\t<p class=\"wd-empty-compare wd-empty-page\">\n\t\t\tCompare list is empty.\t\t<\/p>\n\t\t\t\t\t<div class=\"wd-empty-page-text\">\n\t\t\t\tKh\u00f4ng c\u00f3 s\u1ea3n ph\u1ea9m n\u00e0o \u0111\u01b0\u1ee3c th\u00eam v\u00e0o danh s\u00e1ch so s\u00e1nh. B\u1ea1n c\u1ea7n th\u00eam m\u1ed9t s\u1ed1 s\u1ea3n ph\u1ea9m \u0111\u1ec3 so s\u00e1nh. B\u1ea1n s\u1ebd t\u00ecm th\u1ea5y nhi\u1ec1u s\u1ea3n ph\u1ea9m th\u00fa v\u1ecb tr\u00ean trang \"C\u1eeda h\u00e0ng\" c\u1ee7a ch\u00fang t\u00f4i.\t\t\t<\/div>\n\t\t\t\t<p class=\"return-to-shop\">\n\t\t\t<a class=\"button\"\n\t\t\t\thref=\"https:\/\/trading.hhg.vn\/en\/shop\/\">\n\t\t\t\tReturn to shop\t\t\t<\/a>\n\t\t<\/p>\n\t\t\t\t\t\t<\/div>\n\t\t\t\t<\/div>\n\t\t\t\t\t<\/div>\n\t\t<\/div>\n\t\t\t\t\t<\/div>\n\t\t<\/section>\n\t\t\t\t<\/div>\n\t\t","protected":false},"excerpt":{"rendered":"<p>Remove 12 side $375 $339 Add to cart Description Soft curves and tapering slender lines are inspired by modern design.<\/p>\n","protected":false},"author":1,"featured_media":0,"parent":0,"menu_order":0,"comment_status":"closed","ping_status":"closed","template":"","meta":{"_acf_changed":false,"footnotes":""},"class_list":["post-2259","page","type-page","status-publish","hentry"],"acf":[],"featured_media_urls":[],"_links":{"self":[{"href":"https:\/\/trading.hhg.vn\/en\/wp-json\/wp\/v2\/pages\/2259","targetHints":{"allow":["GET"]}}],"collection":[{"href":"https:\/\/trading.hhg.vn\/en\/wp-json\/wp\/v2\/pages"}],"about":[{"href":"https:\/\/trading.hhg.vn\/en\/wp-json\/wp\/v2\/types\/page"}],"author":[{"embeddable":true,"href":"https:\/\/trading.hhg.vn\/en\/wp-json\/wp\/v2\/users\/1"}],"replies":[{"embeddable":true,"href":"https:\/\/trading.hhg.vn\/en\/wp-json\/wp\/v2\/comments?post=2259"}],"version-history":[{"count":0,"href":"https:\/\/trading.hhg.vn\/en\/wp-json\/wp\/v2\/pages\/2259\/revisions"}],"wp:attachment":[{"href":"https:\/\/trading.hhg.vn\/en\/wp-json\/wp\/v2\/media?parent=2259"}],"curies":[{"name":"wp","href":"https:\/\/api.w.org\/{rel}","templated":true}]}}