{"id":101669,"date":"2025-11-28T16:05:17","date_gmt":"2025-11-28T09:05:17","guid":{"rendered":"https:\/\/trading.hhg.vn\/?post_type=product&#038;p=101669"},"modified":"2026-01-28T07:43:04","modified_gmt":"2026-01-28T00:43:04","slug":"tam-mat-che-hinh-tron-2-lo-0-1-2","status":"publish","type":"product","link":"https:\/\/trading.hhg.vn\/en\/s\u1ea3n-ph\u1ea9m\/tam-mat-che-hinh-tron-2-lo-0-1-2\/","title":{"rendered":"T\u1ea5m m\u1eb7t che h\u00ecnh tr\u00f2n 2 l\u1ed7 0-1-2"},"content":{"rendered":"","protected":false},"excerpt":{"rendered":"<p>M\u1eb7t che h\u00ecnh tr\u00f2n 2 l\u1ed7, v\u1edbi \u0111\u01b0\u1eddng n\u00e9t t\u1ed1i gi\u1ea3n v\u00e0 v\u1eadt li\u1ec7u cao c\u1ea5p, kh\u00f4ng ch\u1ec9 l\u00e0 m\u1ed9t chi ti\u1ebft m\u00e0 c\u00f2n l\u00e0 \u0111i\u1ec3m nh\u1ea5n tinh t\u1ebf cho kh\u00f4ng gian s\u1ed1ng hi\u1ec7n \u0111\u1ea1i. Ch\u1ee9c n\u0103ng 0-1-2 \u0111\u01b0\u1ee3c t\u00edch h\u1ee3p m\u01b0\u1ee3t m\u00e0, mang l\u1ea1i s\u1ef1 ti\u1ec7n l\u1ee3i v\u00e0 linh ho\u1ea1t t\u1ed1i \u0111a, cho ph\u00e9p b\u1ea1n \u0111i\u1ec1u khi\u1ec3n \u00e1nh s\u00e1ng ho\u1eb7c ngu\u1ed3n \u0111i\u1ec7n theo \u00fd mu\u1ed1n ch\u1ec9 v\u1edbi m\u1ed9t ch\u1ea1m nh\u1eb9. M\u1ed7i t\u01b0\u01a1ng t\u00e1c \u0111\u1ec1u l\u00e0 m\u1ed9t tr\u1ea3i nghi\u1ec7m \u00eam \u00e1i, n\u00e2ng t\u1ea7m \u0111\u1eb3ng c\u1ea5p v\u00e0 s\u1ef1 tho\u1ea3i m\u00e1i cho t\u1ed5 \u1ea5m c\u1ee7a b\u1ea1n.<\/p>\n","protected":false},"featured_media":101720,"comment_status":"open","ping_status":"closed","template":"","meta":{"_acf_changed":false},"product_cat":[714],"product_tag":[],"class_list":{"0":"post-101669","1":"product","2":"type-product","3":"status-publish","4":"has-post-thumbnail","6":"product_cat-phu-kien-lap-dat","7":"pa_mau-sac-chrome","8":"pa_mau-sac-dong-thau-xuoc","9":"pa_mau-sac-dong-xuoc","10":"pa_mau-sac-niken-xuoc","11":"pa_mau-sac-thep-khong-gi","12":"pa_mau-sac-vang-bong","13":"pa_mau-sac-vang-hong-xuoc","14":"pa_mau-sac-chrome-bong","15":"pa_mau-sac-chrome-den-bong-en","16":"pa_mau-sac-chrome-xuoc","17":"pa_mau-sac-dong-bong","18":"pa_mau-sac-dong-thau-bong","19":"pa_mau-sac-niken-bong","21":"first","22":"instock","23":"shipping-taxable","24":"purchasable","25":"product-type-variable"},"acf":[],"featured_media_urls":{"thumbnail":["https:\/\/trading.hhg.vn\/wp-content\/uploads\/2025\/11\/154__apa00513_tif-150x150.png",150,150,true],"medium":["https:\/\/trading.hhg.vn\/wp-content\/uploads\/2025\/11\/154__apa00513_tif-263x300.png",263,300,true],"medium_large":["https:\/\/trading.hhg.vn\/wp-content\/uploads\/2025\/11\/154__apa00513_tif-768x878.png",768,878,true],"large":["https:\/\/trading.hhg.vn\/wp-content\/uploads\/2025\/11\/154__apa00513_tif-896x1024.png",896,1024,true],"1536x1536":["https:\/\/trading.hhg.vn\/wp-content\/uploads\/2025\/11\/154__apa00513_tif.png",1302,1488,false],"2048x2048":["https:\/\/trading.hhg.vn\/wp-content\/uploads\/2025\/11\/154__apa00513_tif.png",1302,1488,false],"woocommerce_thumbnail":["https:\/\/trading.hhg.vn\/wp-content\/uploads\/2025\/11\/154__apa00513_tif-600x600.png",600,600,true],"woocommerce_single":["https:\/\/trading.hhg.vn\/wp-content\/uploads\/2025\/11\/154__apa00513_tif-1200x1371.png",1200,1371,true],"woocommerce_gallery_thumbnail":["https:\/\/trading.hhg.vn\/wp-content\/uploads\/2025\/11\/154__apa00513_tif-150x171.png",150,171,true],"portfolio_item-thumbnail":["https:\/\/trading.hhg.vn\/wp-content\/uploads\/2025\/11\/154__apa00513_tif.png",350,400,false],"portfolio_item-thumbnail@2x":["https:\/\/trading.hhg.vn\/wp-content\/uploads\/2025\/11\/154__apa00513_tif.png",700,800,false],"portfolio_item-masonry":["https:\/\/trading.hhg.vn\/wp-content\/uploads\/2025\/11\/154__apa00513_tif.png",600,686,false],"portfolio_item-masonry@2x":["https:\/\/trading.hhg.vn\/wp-content\/uploads\/2025\/11\/154__apa00513_tif.png",1200,1371,false],"portfolio_item-thumbnail_cinema":["https:\/\/trading.hhg.vn\/wp-content\/uploads\/2025\/11\/154__apa00513_tif.png",293,335,false],"portfolio_item-thumbnail_portrait":["https:\/\/trading.hhg.vn\/wp-content\/uploads\/2025\/11\/154__apa00513_tif.png",600,686,false],"portfolio_item-thumbnail_portrait@2x":["https:\/\/trading.hhg.vn\/wp-content\/uploads\/2025\/11\/154__apa00513_tif.png",1200,1371,false],"portfolio_item-thumbnail_square":["https:\/\/trading.hhg.vn\/wp-content\/uploads\/2025\/11\/154__apa00513_tif.png",700,800,false]},"_links":{"self":[{"href":"https:\/\/trading.hhg.vn\/en\/wp-json\/wp\/v2\/product\/101669","targetHints":{"allow":["GET"]}}],"collection":[{"href":"https:\/\/trading.hhg.vn\/en\/wp-json\/wp\/v2\/product"}],"about":[{"href":"https:\/\/trading.hhg.vn\/en\/wp-json\/wp\/v2\/types\/product"}],"replies":[{"embeddable":true,"href":"https:\/\/trading.hhg.vn\/en\/wp-json\/wp\/v2\/comments?post=101669"}],"version-history":[{"count":1,"href":"https:\/\/trading.hhg.vn\/en\/wp-json\/wp\/v2\/product\/101669\/revisions"}],"predecessor-version":[{"id":101722,"href":"https:\/\/trading.hhg.vn\/en\/wp-json\/wp\/v2\/product\/101669\/revisions\/101722"}],"wp:featuredmedia":[{"embeddable":true,"href":"https:\/\/trading.hhg.vn\/en\/wp-json\/wp\/v2\/media\/101720"}],"wp:attachment":[{"href":"https:\/\/trading.hhg.vn\/en\/wp-json\/wp\/v2\/media?parent=101669"}],"wp:term":[{"taxonomy":"product_cat","embeddable":true,"href":"https:\/\/trading.hhg.vn\/en\/wp-json\/wp\/v2\/product_cat?post=101669"},{"taxonomy":"product_tag","embeddable":true,"href":"https:\/\/trading.hhg.vn\/en\/wp-json\/wp\/v2\/product_tag?post=101669"}],"curies":[{"name":"wp","href":"https:\/\/api.w.org\/{rel}","templated":true}]}}