{"id":104890,"date":"2025-11-28T21:01:23","date_gmt":"2025-11-28T14:01:23","guid":{"rendered":"https:\/\/trading.hhg.vn\/product\/bidet-treo-tuong-540-co-lo-voi-va-lo-tran-elupura-original-s\/"},"modified":"2026-01-28T07:42:02","modified_gmt":"2026-01-28T00:42:02","slug":"bidet-treo-tuong-540-co-lo-voi-va-lo-tran-elupura-original-s","status":"publish","type":"product","link":"https:\/\/trading.hhg.vn\/en\/s\u1ea3n-ph\u1ea9m\/bidet-treo-tuong-540-co-lo-voi-va-lo-tran-elupura-original-s\/","title":{"rendered":"Bidet treo t\u01b0\u1eddng 540 c\u00f3 l\u1ed7 v\u00f2i v\u00e0 l\u1ed7 tr\u00e0n EluPura Original S"},"content":{"rendered":"<p><img fetchpriority=\"high\" decoding=\"async\" class=\"alignnone wp-image-7559 aligncenter\" src=\"https:\/\/trading.hhg.vn\/wp-content\/uploads\/2025\/11\/EluPura-Original.jpg\" alt=\"\" width=\"606\" height=\"454\" \/>hansgrohe EluPura Original l\u00e0 d\u00f2ng b\u1ed3n c\u1ea7u cao c\u1ea5p k\u1ebft h\u1ee3p thi\u1ebft k\u1ebf t\u1ed1i gi\u1ea3n v\u00e0 c\u00f4ng ngh\u1ec7 x\u1ea3 ti\u00ean ti\u1ebfn. S\u1ea3n ph\u1ea9m s\u1eed d\u1ee5ng c\u00f4ng ngh\u1ec7 x\u1ea3 xo\u00e1y m\u1ea1nh m\u1ebd gi\u00fap l\u00e0m s\u1ea1ch to\u00e0n b\u1ed9 l\u00f2ng b\u1ed3n ch\u1ec9 v\u1edbi l\u01b0\u1ee3ng n\u01b0\u1edbc t\u1ed1i \u01b0u, gi\u1ea3m ti\u1ebfng \u1ed3n v\u00e0 ti\u1ebft ki\u1ec7m t\u00e0i nguy\u00ean. D\u00f2ng EluPura Original c\u00f3 nhi\u1ec1u phi\u00ean b\u1ea3n nh\u01b0 EluPura Original S (d\u00e1ng tr\u00f2n m\u1ec1m m\u1ea1i) v\u00e0 EluPura Original Q (d\u00e1ng vu\u00f4ng hi\u1ec7n \u0111\u1ea1i), ph\u00f9 h\u1ee3p v\u1edbi nhi\u1ec1u phong c\u00e1ch ph\u00f2ng t\u1eafm. C\u1ea3 hai \u0111\u1ec1u \u0111\u01b0\u1ee3c thi\u1ebft k\u1ebf theo chu\u1ea9n EasyFit \u2013 l\u1eafp \u0111\u1eb7t nhanh, mang l\u1ea1i tr\u1ea3i nghi\u1ec7m t\u1ed1i \u01b0u.<\/p>\n","protected":false},"excerpt":{"rendered":"<p>Bidet treo t\u01b0\u1eddng EluPura Original S kh\u00f4ng ch\u1ec9 l\u00e0 m\u1ed9t thi\u1ebft b\u1ecb v\u1ec7 sinh m\u00e0 c\u00f2n l\u00e0 bi\u1ec3u t\u01b0\u1ee3ng c\u1ee7a s\u1ef1 tinh t\u1ebf v\u00e0 ti\u1ec7n nghi. V\u1edbi thi\u1ebft k\u1ebf t\u1ed1i gi\u1ea3n, \u0111\u01b0\u1eddng n\u00e9t m\u1ec1m m\u1ea1i v\u00e0 b\u1ec1 m\u1eb7t s\u1ee9 tr\u1eafng thanh l\u1ecbch, s\u1ea3n ph\u1ea9m d\u1ec5 d\u00e0ng h\u00f2a quy\u1ec7n v\u00e0o m\u1ecdi kh\u00f4ng gian ph\u00f2ng t\u1eafm hi\u1ec7n \u0111\u1ea1i, mang \u0111\u1ebfn v\u1ebb \u0111\u1eb9p sang tr\u1ecdng v\u00e0 \u0111\u1eb3ng c\u1ea5p. L\u1ed7 v\u00f2i \u0111\u01b0\u1ee3c b\u1ed1 tr\u00ed tinh t\u1ebf c\u00f9ng l\u1ed7 tr\u00e0n an to\u00e0n, \u0111\u1ea3m b\u1ea3o c\u00f4ng n\u0103ng v\u01b0\u1ee3t tr\u1ed9i v\u00e0 tr\u1ea3i nghi\u1ec7m s\u1eed d\u1ee5ng \u00eam \u00e1i, v\u1ec7 sinh t\u1ed1i \u0111a. EluPura Original S n\u00e2ng t\u1ea7m nghi th\u1ee9c ch\u0103m s\u00f3c b\u1ea3n th\u00e2n th\u00e0nh m\u1ed9t kho\u1ea3nh kh\u1eafc th\u01b0 th\u00e1i, ri\u00eang t\u01b0 v\u00e0 \u0111\u1eb3ng c\u1ea5p.<\/p>\n","protected":false},"featured_media":44059,"comment_status":"open","ping_status":"closed","template":"","meta":{"_acf_changed":false},"product_cat":[870],"product_tag":[],"class_list":{"0":"post-104890","1":"product","2":"type-product","3":"status-publish","4":"has-post-thumbnail","6":"product_cat-tieu-nu","7":"pa_mau-sac-trang","9":"first","10":"instock","11":"shipping-taxable","12":"product-type-simple"},"acf":[],"featured_media_urls":{"thumbnail":["https:\/\/trading.hhg.vn\/wp-content\/uploads\/2025\/11\/154__hpr06796_tif-1-150x150.png",150,150,true],"medium":["https:\/\/trading.hhg.vn\/wp-content\/uploads\/2025\/11\/154__hpr06796_tif-1-262x300.png",262,300,true],"medium_large":["https:\/\/trading.hhg.vn\/wp-content\/uploads\/2025\/11\/154__hpr06796_tif-1-768x878.png",768,878,true],"large":["https:\/\/trading.hhg.vn\/wp-content\/uploads\/2025\/11\/154__hpr06796_tif-1-896x1024.png",896,1024,true],"1536x1536":["https:\/\/trading.hhg.vn\/wp-content\/uploads\/2025\/11\/154__hpr06796_tif-1-1344x1536.png",1344,1536,true],"2048x2048":["https:\/\/trading.hhg.vn\/wp-content\/uploads\/2025\/11\/154__hpr06796_tif-1.png",1440,1646,false],"woocommerce_thumbnail":["https:\/\/trading.hhg.vn\/wp-content\/uploads\/2025\/11\/154__hpr06796_tif-1-600x600.png",600,600,true],"woocommerce_single":["https:\/\/trading.hhg.vn\/wp-content\/uploads\/2025\/11\/154__hpr06796_tif-1-1200x1372.png",1200,1372,true],"woocommerce_gallery_thumbnail":["https:\/\/trading.hhg.vn\/wp-content\/uploads\/2025\/11\/154__hpr06796_tif-1-150x171.png",150,171,true],"portfolio_item-thumbnail":["https:\/\/trading.hhg.vn\/wp-content\/uploads\/2025\/11\/154__hpr06796_tif-1.png",350,400,false],"portfolio_item-thumbnail@2x":["https:\/\/trading.hhg.vn\/wp-content\/uploads\/2025\/11\/154__hpr06796_tif-1.png",700,800,false],"portfolio_item-masonry":["https:\/\/trading.hhg.vn\/wp-content\/uploads\/2025\/11\/154__hpr06796_tif-1.png",600,686,false],"portfolio_item-masonry@2x":["https:\/\/trading.hhg.vn\/wp-content\/uploads\/2025\/11\/154__hpr06796_tif-1.png",1200,1372,false],"portfolio_item-thumbnail_cinema":["https:\/\/trading.hhg.vn\/wp-content\/uploads\/2025\/11\/154__hpr06796_tif-1.png",293,335,false],"portfolio_item-thumbnail_portrait":["https:\/\/trading.hhg.vn\/wp-content\/uploads\/2025\/11\/154__hpr06796_tif-1.png",600,686,false],"portfolio_item-thumbnail_portrait@2x":["https:\/\/trading.hhg.vn\/wp-content\/uploads\/2025\/11\/154__hpr06796_tif-1.png",1200,1372,false],"portfolio_item-thumbnail_square":["https:\/\/trading.hhg.vn\/wp-content\/uploads\/2025\/11\/154__hpr06796_tif-1.png",700,800,false]},"_links":{"self":[{"href":"https:\/\/trading.hhg.vn\/en\/wp-json\/wp\/v2\/product\/104890","targetHints":{"allow":["GET"]}}],"collection":[{"href":"https:\/\/trading.hhg.vn\/en\/wp-json\/wp\/v2\/product"}],"about":[{"href":"https:\/\/trading.hhg.vn\/en\/wp-json\/wp\/v2\/types\/product"}],"replies":[{"embeddable":true,"href":"https:\/\/trading.hhg.vn\/en\/wp-json\/wp\/v2\/comments?post=104890"}],"version-history":[{"count":1,"href":"https:\/\/trading.hhg.vn\/en\/wp-json\/wp\/v2\/product\/104890\/revisions"}],"predecessor-version":[{"id":118892,"href":"https:\/\/trading.hhg.vn\/en\/wp-json\/wp\/v2\/product\/104890\/revisions\/118892"}],"wp:featuredmedia":[{"embeddable":true,"href":"https:\/\/trading.hhg.vn\/en\/wp-json\/wp\/v2\/media\/44059"}],"wp:attachment":[{"href":"https:\/\/trading.hhg.vn\/en\/wp-json\/wp\/v2\/media?parent=104890"}],"wp:term":[{"taxonomy":"product_cat","embeddable":true,"href":"https:\/\/trading.hhg.vn\/en\/wp-json\/wp\/v2\/product_cat?post=104890"},{"taxonomy":"product_tag","embeddable":true,"href":"https:\/\/trading.hhg.vn\/en\/wp-json\/wp\/v2\/product_tag?post=104890"}],"curies":[{"name":"wp","href":"https:\/\/api.w.org\/{rel}","templated":true}]}}