{"id":108928,"date":"2025-11-30T11:26:17","date_gmt":"2025-11-30T04:26:17","guid":{"rendered":"https:\/\/trading.hhg.vn\/?post_type=product&#038;p=108928"},"modified":"2025-11-30T13:03:15","modified_gmt":"2025-11-30T06:03:15","slug":"voi-bep-tay-gat-don-270-keo-day-1-duong-nuoc-sbox-talis-m54","status":"publish","type":"product","link":"https:\/\/trading.hhg.vn\/en\/s\u1ea3n-ph\u1ea9m\/voi-bep-tay-gat-don-270-keo-day-1-duong-nuoc-sbox-talis-m54\/","title":{"rendered":"V\u00f2i b\u1ebfp tay g\u1ea1t \u0111\u01a1n 270 k\u00e9o d\u00e2y 1 \u0111\u01b0\u1eddng n\u01b0\u1edbc sBox Talis M54"},"content":{"rendered":"<p><img fetchpriority=\"high\" decoding=\"async\" class=\"alignnone wp-image-7559 aligncenter\" src=\"https:\/\/trading.hhg.vn\/wp-content\/uploads\/2025\/11\/talis-m54.png\" alt=\"\" width=\"606\" height=\"454\" \/>D\u00f2ng v\u00f2i b\u1ebfp Talis M54 mang \u0111\u1ebfn thi\u1ebft k\u1ebf t\u1ed1i gi\u1ea3n \u0111\u1ea7y cu\u1ed1n h\u00fat, ph\u00f9 h\u1ee3p ho\u00e0n h\u1ea3o v\u1edbi nhi\u1ec1u phong c\u00e1ch b\u1ebfp hi\u1ec7n \u0111\u1ea1i. V\u1edbi lo\u1ea1t phi\u00ean b\u1ea3n \u0111a d\u1ea1ng \u2013 t\u1eeb m\u1eabu c\u1ed5 cong d\u00e0nh cho \u0111\u1ea3o b\u1ebfp, m\u1eabu t\u1ed1i \u01b0u cho t\u1ee7 b\u1ebfp \u00e2m t\u01b0\u1eddng cho \u0111\u1ebfn phi\u00ean b\u1ea3n c\u00f3 th\u1ec3 l\u1eafp ngay tr\u01b0\u1edbc c\u1eeda s\u1ed5. Talis M54 \u0111\u01b0\u1ee3c thi\u1ebft k\u1ebf r\u00f5 r\u00e0ng v\u00e0 tinh g\u1ecdn trong ba d\u1ea1ng ch\u00ednh: v\u00f2i v\u00f2ng cung cao, d\u1ea1ng ch\u1eef L v\u00e0 d\u1ea1ng ch\u1eef U, k\u1ebft h\u1ee3p v\u1edbi ba l\u1edbp finish \u0111\u1ed9c quy\u1ec1n g\u1ed3m \u0111en m\u1edd, cr\u00f4m v\u00e0 th\u00e9p kh\u00f4ng g\u1ec9. M\u1ecdi chi ti\u1ebft, k\u1ec3 c\u1ea3 d\u00e2y sen, \u0111\u1ec1u \u0111\u01b0\u1ee3c ph\u1ed1i m\u00e0u \u0111\u1ed3ng b\u1ed9, t\u1ea1o n\u00ean t\u1ed5ng th\u1ec3 li\u1ec1n m\u1ea1ch v\u00e0 sang tr\u1ecdng. C\u00e1c phi\u00ean b\u1ea3n c\u00f3 d\u00e2y k\u00e9o ra c\u00f3 th\u1ec3 t\u00edch h\u1ee3p sBox, gi\u00fap thao t\u00e1c m\u01b0\u1ee3t m\u00e0 v\u00e0 b\u1ea3o v\u1ec7 d\u00e2y hi\u1ec7u qu\u1ea3.<\/p>\n<p>Phi\u00ean b\u1ea3n c\u1ed5 cong cao n\u1ed5i b\u1eadt v\u1edbi ki\u1ec3u d\u00e1ng thanh m\u1ea3nh, c\u00f3 t\u00f9y ch\u1ecdn \u0111\u1ea7u v\u00f2i k\u00e9o ra v\u00e0 chuy\u1ec3n \u0111\u1ed5i gi\u1eefa tia th\u01b0\u1eddng v\u00e0 laminar d\u1ec5 d\u00e0ng, \u0111i k\u00e8m gi\u00e1 \u0111\u1ee1 t\u1eeb t\u00ednh MagFit. M\u1eabu ch\u1eef L mang \u0111\u1ebfn s\u1ef1 ti\u1ec7n d\u1ee5ng t\u1ed1i \u0111a cho t\u1ee7 \u00e2m t\u01b0\u1eddng v\u1edbi v\u00f2i k\u00e9o ngang linh ho\u1ea1t, trong khi phi\u00ean b\u1ea3n ch\u1eef U t\u1ed1i \u01b0u kh\u00f4ng gian v\u00e0 ph\u00f9 h\u1ee3p cho c\u1ea3 khu v\u1ef1c tr\u01b0\u1edbc c\u1eeda s\u1ed5.<\/p>\n","protected":false},"excerpt":{"rendered":"<p>V\u1edbi Talis M54, c\u0103n b\u1ebfp c\u1ee7a b\u1ea1n s\u1ebd th\u0103ng hoa c\u00f9ng thi\u1ebft k\u1ebf t\u1ed1i gi\u1ea3n, tinh x\u1ea3o \u0111\u1ebfn t\u1eebng \u0111\u01b0\u1eddng n\u00e9t. V\u00f2i b\u1ebfp tay g\u1ea1t \u0111\u01a1n 270 k\u00e9o d\u00e2y m\u1ed9t \u0111\u01b0\u1eddng n\u01b0\u1edbc n\u00e0y kh\u00f4ng ch\u1ec9 l\u00e0 \u0111i\u1ec3m nh\u1ea5n sang tr\u1ecdng, m\u00e0 c\u00f2n mang \u0111\u1ebfn tr\u1ea3i nghi\u1ec7m s\u1eed d\u1ee5ng \u0111\u1ec9nh cao. C\u00f4ng ngh\u1ec7 sBox t\u00edch h\u1ee3p kh\u00e9o l\u00e9o gi\u00fap d\u00e2y k\u00e9o ho\u1ea1t \u0111\u1ed9ng m\u01b0\u1ee3t m\u00e0, linh ho\u1ea1t \u0111\u1ebfn t\u1eebng g\u00f3c ch\u1eadu, cho b\u1ea1n d\u1ec5 d\u00e0ng r\u1eeda s\u1ea1ch m\u1ecdi d\u1ee5ng c\u1ee5, th\u1ef1c ph\u1ea9m. M\u1ecdi thao t\u00e1c \u0111\u1ec1u nh\u1eb9 nh\u00e0ng, ch\u00ednh x\u00e1c, bi\u1ebfn c\u00f4ng vi\u1ec7c b\u1ebfp n\u00fac th\u00e0nh ni\u1ec1m vui th\u01b0 th\u00e1i v\u00e0 \u0111\u1ea7y c\u1ea3m h\u1ee9ng.<\/p>\n","protected":false},"featured_media":99435,"comment_status":"open","ping_status":"closed","template":"","meta":{"_acf_changed":false},"product_cat":[276],"product_tag":[],"class_list":{"0":"post-108928","1":"product","2":"type-product","3":"status-publish","4":"has-post-thumbnail","6":"product_cat-voi-bep","7":"pa_mau-sac-chrome","9":"first","10":"instock","11":"shipping-taxable","12":"purchasable","13":"product-type-variable"},"acf":[],"featured_media_urls":{"thumbnail":["https:\/\/trading.hhg.vn\/wp-content\/uploads\/2025\/11\/154__hpr02304_tif-150x150.png",150,150,true],"medium":["https:\/\/trading.hhg.vn\/wp-content\/uploads\/2025\/11\/154__hpr02304_tif-263x300.png",263,300,true],"medium_large":["https:\/\/trading.hhg.vn\/wp-content\/uploads\/2025\/11\/154__hpr02304_tif-768x878.png",768,878,true],"large":["https:\/\/trading.hhg.vn\/wp-content\/uploads\/2025\/11\/154__hpr02304_tif-896x1024.png",896,1024,true],"1536x1536":["https:\/\/trading.hhg.vn\/wp-content\/uploads\/2025\/11\/154__hpr02304_tif.png",1260,1440,false],"2048x2048":["https:\/\/trading.hhg.vn\/wp-content\/uploads\/2025\/11\/154__hpr02304_tif.png",1260,1440,false],"woocommerce_thumbnail":["https:\/\/trading.hhg.vn\/wp-content\/uploads\/2025\/11\/154__hpr02304_tif-600x600.png",600,600,true],"woocommerce_single":["https:\/\/trading.hhg.vn\/wp-content\/uploads\/2025\/11\/154__hpr02304_tif-1200x1371.png",1200,1371,true],"woocommerce_gallery_thumbnail":["https:\/\/trading.hhg.vn\/wp-content\/uploads\/2025\/11\/154__hpr02304_tif-150x171.png",150,171,true],"portfolio_item-thumbnail":["https:\/\/trading.hhg.vn\/wp-content\/uploads\/2025\/11\/154__hpr02304_tif.png",350,400,false],"portfolio_item-thumbnail@2x":["https:\/\/trading.hhg.vn\/wp-content\/uploads\/2025\/11\/154__hpr02304_tif.png",700,800,false],"portfolio_item-masonry":["https:\/\/trading.hhg.vn\/wp-content\/uploads\/2025\/11\/154__hpr02304_tif.png",600,686,false],"portfolio_item-masonry@2x":["https:\/\/trading.hhg.vn\/wp-content\/uploads\/2025\/11\/154__hpr02304_tif.png",1200,1371,false],"portfolio_item-thumbnail_cinema":["https:\/\/trading.hhg.vn\/wp-content\/uploads\/2025\/11\/154__hpr02304_tif.png",293,335,false],"portfolio_item-thumbnail_portrait":["https:\/\/trading.hhg.vn\/wp-content\/uploads\/2025\/11\/154__hpr02304_tif.png",600,686,false],"portfolio_item-thumbnail_portrait@2x":["https:\/\/trading.hhg.vn\/wp-content\/uploads\/2025\/11\/154__hpr02304_tif.png",1200,1371,false],"portfolio_item-thumbnail_square":["https:\/\/trading.hhg.vn\/wp-content\/uploads\/2025\/11\/154__hpr02304_tif.png",700,800,false]},"_links":{"self":[{"href":"https:\/\/trading.hhg.vn\/en\/wp-json\/wp\/v2\/product\/108928","targetHints":{"allow":["GET"]}}],"collection":[{"href":"https:\/\/trading.hhg.vn\/en\/wp-json\/wp\/v2\/product"}],"about":[{"href":"https:\/\/trading.hhg.vn\/en\/wp-json\/wp\/v2\/types\/product"}],"replies":[{"embeddable":true,"href":"https:\/\/trading.hhg.vn\/en\/wp-json\/wp\/v2\/comments?post=108928"}],"version-history":[{"count":2,"href":"https:\/\/trading.hhg.vn\/en\/wp-json\/wp\/v2\/product\/108928\/revisions"}],"predecessor-version":[{"id":110215,"href":"https:\/\/trading.hhg.vn\/en\/wp-json\/wp\/v2\/product\/108928\/revisions\/110215"}],"wp:featuredmedia":[{"embeddable":true,"href":"https:\/\/trading.hhg.vn\/en\/wp-json\/wp\/v2\/media\/99435"}],"wp:attachment":[{"href":"https:\/\/trading.hhg.vn\/en\/wp-json\/wp\/v2\/media?parent=108928"}],"wp:term":[{"taxonomy":"product_cat","embeddable":true,"href":"https:\/\/trading.hhg.vn\/en\/wp-json\/wp\/v2\/product_cat?post=108928"},{"taxonomy":"product_tag","embeddable":true,"href":"https:\/\/trading.hhg.vn\/en\/wp-json\/wp\/v2\/product_tag?post=108928"}],"curies":[{"name":"wp","href":"https:\/\/api.w.org\/{rel}","templated":true}]}}