{"id":108961,"date":"2025-11-30T11:27:08","date_gmt":"2025-11-30T04:27:08","guid":{"rendered":"https:\/\/trading.hhg.vn\/product\/bo-loc-trao-doi-ion-va-carbon-hoat-tinh-hansgrohe\/"},"modified":"2025-11-30T11:27:08","modified_gmt":"2025-11-30T04:27:08","slug":"bo-loc-trao-doi-ion-va-carbon-hoat-tinh-hansgrohe","status":"publish","type":"product","link":"https:\/\/trading.hhg.vn\/en\/s\u1ea3n-ph\u1ea9m\/bo-loc-trao-doi-ion-va-carbon-hoat-tinh-hansgrohe\/","title":{"rendered":"B\u1ed9 l\u1ecdc trao \u0111\u1ed5i ion v\u00e0 carbon ho\u1ea1t t\u00ednh hansgrohe"},"content":{"rendered":"","protected":false},"excerpt":{"rendered":"<p>Th\u1ea3i b\u1ecf c\u00e1c ch\u1ea5t kh\u00f4ng mong mu\u1ed1n m\u1ed9t c\u00e1ch d\u1ec5 d\u00e0ng v\u00e0 tho\u1ea3i m\u00e1i<br \/>\nLo\u1ea1i b\u1ecf t\u1ea1p ch\u1ea5t b\u1eb1ng b\u1ed9 l\u1ecdc hi\u1ec7u qu\u1ea3 c\u1ee7a ch\u00fang t\u00f4i<br \/>\nB\u1ed9 l\u1ecdc trao \u0111\u1ed5i ion v\u00e0 carbon ho\u1ea1t t\u00ednh hansgrohe \u0111\u1ea3m b\u1ea3o ngu\u1ed3n n\u01b0\u1edbc u\u1ed1ng \u0111\u01b0\u1ee3c tinh l\u1ecdc v\u00e0 s\u1ea1ch. L\u00f5i l\u1ecdc 2 trong 1 n\u00e0y lo\u1ea1i b\u1ecf c\u1eb7n v\u00f4i v\u00e0 c\u00e1c h\u1ea1t nh\u1ecf, \u0111\u1ed3ng th\u1eddi l\u00e0m gi\u1ea3m s\u1ef1 hi\u1ec7n di\u1ec7n c\u1ee7a clo v\u00e0 kim lo\u1ea1i n\u1eb7ng. Nh\u1edd \u0111\u00f3, b\u1ea1n s\u1ebd lu\u00f4n c\u00f3 th\u1ec3 th\u01b0\u1edfng th\u1ee9c n\u01b0\u1edbc c\u00f3 h\u01b0\u01a1ng v\u1ecb th\u01a1m ngon v\u00e0 tinh khi\u1ebft t\u1ea1i nh\u00e0, \u0111\u1ed3ng th\u1eddi b\u1ea3o v\u1ec7 c\u00e1c thi\u1ebft b\u1ecb nh\u00e0 b\u1ebfp kh\u1ecfi c\u1eb7n v\u00f4i.<\/p>\n","protected":false},"featured_media":100942,"comment_status":"open","ping_status":"closed","template":"","meta":{"_acf_changed":false},"product_cat":[903],"product_tag":[],"class_list":{"0":"post-108961","1":"product","2":"type-product","3":"status-publish","4":"has-post-thumbnail","6":"product_cat-phu-kien-bo-loc","8":"first","9":"instock","10":"shipping-taxable","11":"product-type-simple"},"acf":[],"featured_media_urls":{"thumbnail":["https:\/\/trading.hhg.vn\/wp-content\/uploads\/2025\/11\/154__hpr04069_tif-150x150.png",150,150,true],"medium":["https:\/\/trading.hhg.vn\/wp-content\/uploads\/2025\/11\/154__hpr04069_tif-263x300.png",263,300,true],"medium_large":["https:\/\/trading.hhg.vn\/wp-content\/uploads\/2025\/11\/154__hpr04069_tif-768x878.png",768,878,true],"large":["https:\/\/trading.hhg.vn\/wp-content\/uploads\/2025\/11\/154__hpr04069_tif-896x1024.png",896,1024,true],"1536x1536":["https:\/\/trading.hhg.vn\/wp-content\/uploads\/2025\/11\/154__hpr04069_tif.png",1260,1440,false],"2048x2048":["https:\/\/trading.hhg.vn\/wp-content\/uploads\/2025\/11\/154__hpr04069_tif.png",1260,1440,false],"woocommerce_thumbnail":["https:\/\/trading.hhg.vn\/wp-content\/uploads\/2025\/11\/154__hpr04069_tif-600x600.png",600,600,true],"woocommerce_single":["https:\/\/trading.hhg.vn\/wp-content\/uploads\/2025\/11\/154__hpr04069_tif-1200x1371.png",1200,1371,true],"woocommerce_gallery_thumbnail":["https:\/\/trading.hhg.vn\/wp-content\/uploads\/2025\/11\/154__hpr04069_tif-150x171.png",150,171,true],"portfolio_item-thumbnail":["https:\/\/trading.hhg.vn\/wp-content\/uploads\/2025\/11\/154__hpr04069_tif.png",350,400,false],"portfolio_item-thumbnail@2x":["https:\/\/trading.hhg.vn\/wp-content\/uploads\/2025\/11\/154__hpr04069_tif.png",700,800,false],"portfolio_item-masonry":["https:\/\/trading.hhg.vn\/wp-content\/uploads\/2025\/11\/154__hpr04069_tif.png",600,686,false],"portfolio_item-masonry@2x":["https:\/\/trading.hhg.vn\/wp-content\/uploads\/2025\/11\/154__hpr04069_tif.png",1200,1371,false],"portfolio_item-thumbnail_cinema":["https:\/\/trading.hhg.vn\/wp-content\/uploads\/2025\/11\/154__hpr04069_tif.png",293,335,false],"portfolio_item-thumbnail_portrait":["https:\/\/trading.hhg.vn\/wp-content\/uploads\/2025\/11\/154__hpr04069_tif.png",600,686,false],"portfolio_item-thumbnail_portrait@2x":["https:\/\/trading.hhg.vn\/wp-content\/uploads\/2025\/11\/154__hpr04069_tif.png",1200,1371,false],"portfolio_item-thumbnail_square":["https:\/\/trading.hhg.vn\/wp-content\/uploads\/2025\/11\/154__hpr04069_tif.png",700,800,false]},"_links":{"self":[{"href":"https:\/\/trading.hhg.vn\/en\/wp-json\/wp\/v2\/product\/108961","targetHints":{"allow":["GET"]}}],"collection":[{"href":"https:\/\/trading.hhg.vn\/en\/wp-json\/wp\/v2\/product"}],"about":[{"href":"https:\/\/trading.hhg.vn\/en\/wp-json\/wp\/v2\/types\/product"}],"replies":[{"embeddable":true,"href":"https:\/\/trading.hhg.vn\/en\/wp-json\/wp\/v2\/comments?post=108961"}],"version-history":[{"count":0,"href":"https:\/\/trading.hhg.vn\/en\/wp-json\/wp\/v2\/product\/108961\/revisions"}],"wp:featuredmedia":[{"embeddable":true,"href":"https:\/\/trading.hhg.vn\/en\/wp-json\/wp\/v2\/media\/100942"}],"wp:attachment":[{"href":"https:\/\/trading.hhg.vn\/en\/wp-json\/wp\/v2\/media?parent=108961"}],"wp:term":[{"taxonomy":"product_cat","embeddable":true,"href":"https:\/\/trading.hhg.vn\/en\/wp-json\/wp\/v2\/product_cat?post=108961"},{"taxonomy":"product_tag","embeddable":true,"href":"https:\/\/trading.hhg.vn\/en\/wp-json\/wp\/v2\/product_tag?post=108961"}],"curies":[{"name":"wp","href":"https:\/\/api.w.org\/{rel}","templated":true}]}}