{"id":108972,"date":"2025-11-30T11:29:14","date_gmt":"2025-11-30T04:29:14","guid":{"rendered":"https:\/\/trading.hhg.vn\/product\/bo-loc-va-khoang-hoa-harmony-hansgrohe\/"},"modified":"2026-05-08T17:04:24","modified_gmt":"2026-05-08T10:04:24","slug":"bo-loc-va-khoang-hoa-harmony-hansgrohe","status":"publish","type":"product","link":"https:\/\/trading.hhg.vn\/en\/s\u1ea3n-ph\u1ea9m\/bo-loc-va-khoang-hoa-harmony-hansgrohe\/","title":{"rendered":"B\u1ed9 l\u1ecdc v\u00e0 kho\u00e1ng h\u00f3a Harmony hansgrohe"},"content":{"rendered":"","protected":false},"excerpt":{"rendered":"<p>Tr\u1ea3i nghi\u1ec7m d\u00f2ng ch\u1ea3y tinh khi\u1ebft, m\u00e1t l\u00e0nh v\u1edbi Harmony, b\u1ed9 l\u1ecdc v\u00e0 kho\u00e1ng h\u00f3a \u0111\u1ed9t ph\u00e1 t\u1eeb hansgrohe. Thi\u1ebft k\u1ebf t\u1ed1i gi\u1ea3n, sang tr\u1ecdng h\u00f2a quy\u1ec7n ho\u00e0n h\u1ea3o trong kh\u00f4ng gian s\u1ed1ng hi\u1ec7n \u0111\u1ea1i, ki\u1ebfn t\u1ea1o v\u1ebb \u0111\u1eb9p tinh t\u1ebf cho c\u0103n b\u1ebfp c\u1ee7a b\u1ea1n. Kh\u00f4ng ch\u1ec9 l\u1ecdc s\u1ea1ch hi\u1ec7u qu\u1ea3 m\u1ecdi t\u1ea1p ch\u1ea5t, Harmony c\u00f2n b\u1ed5 sung kho\u00e1ng ch\u1ea5t qu\u00fd gi\u00e1, mang \u0111\u1ebfn ngu\u1ed3n n\u01b0\u1edbc trong l\u00e0nh, th\u01a1m ngon t\u1ef1 nhi\u00ean. T\u1eadn h\u01b0\u1edfng m\u1ed7i gi\u1ecdt n\u01b0\u1edbc l\u00e0 m\u1ed9t kho\u1ea3nh kh\u1eafc th\u01b0 th\u00e1i, \u0111\u00e1nh th\u1ee9c m\u1ecdi gi\u00e1c quan v\u00e0 n\u00e2ng t\u1ea7m ch\u1ea5t l\u01b0\u1ee3ng cu\u1ed9c s\u1ed1ng. Harmony \u2013 n\u01a1i ngh\u1ec7 thu\u1eadt s\u1ed1ng th\u0103ng hoa t\u1eeb nh\u1eefng \u0111i\u1ec1u tinh t\u00fay nh\u1ea5t.<\/p>\n","protected":false},"featured_media":98364,"comment_status":"open","ping_status":"closed","template":"","meta":{"_acf_changed":false},"product_cat":[903],"product_tag":[],"class_list":{"0":"post-108972","1":"product","2":"type-product","3":"status-publish","4":"has-post-thumbnail","6":"product_cat-phu-kien-bo-loc","8":"first","9":"instock","10":"shipping-taxable","11":"product-type-simple"},"acf":[],"_links":{"self":[{"href":"https:\/\/trading.hhg.vn\/en\/wp-json\/wp\/v2\/product\/108972","targetHints":{"allow":["GET"]}}],"collection":[{"href":"https:\/\/trading.hhg.vn\/en\/wp-json\/wp\/v2\/product"}],"about":[{"href":"https:\/\/trading.hhg.vn\/en\/wp-json\/wp\/v2\/types\/product"}],"replies":[{"embeddable":true,"href":"https:\/\/trading.hhg.vn\/en\/wp-json\/wp\/v2\/comments?post=108972"}],"version-history":[{"count":0,"href":"https:\/\/trading.hhg.vn\/en\/wp-json\/wp\/v2\/product\/108972\/revisions"}],"wp:featuredmedia":[{"embeddable":true,"href":"https:\/\/trading.hhg.vn\/en\/wp-json\/wp\/v2\/media\/98364"}],"wp:attachment":[{"href":"https:\/\/trading.hhg.vn\/en\/wp-json\/wp\/v2\/media?parent=108972"}],"wp:term":[{"taxonomy":"product_cat","embeddable":true,"href":"https:\/\/trading.hhg.vn\/en\/wp-json\/wp\/v2\/product_cat?post=108972"},{"taxonomy":"product_tag","embeddable":true,"href":"https:\/\/trading.hhg.vn\/en\/wp-json\/wp\/v2\/product_tag?post=108972"}],"curies":[{"name":"wp","href":"https:\/\/api.w.org\/{rel}","templated":true}]}}