{"id":109006,"date":"2025-11-30T11:31:59","date_gmt":"2025-11-30T04:31:59","guid":{"rendered":"https:\/\/trading.hhg.vn\/?post_type=product&#038;p=109006"},"modified":"2025-11-30T14:18:11","modified_gmt":"2025-11-30T07:18:11","slug":"voi-bep-tay-gat-don-250-kem-dau-rut-2-duong-nuoc-va-sbox-aquno-select-m81","status":"publish","type":"product","link":"https:\/\/trading.hhg.vn\/en\/s\u1ea3n-ph\u1ea9m\/voi-bep-tay-gat-don-250-kem-dau-rut-2-duong-nuoc-va-sbox-aquno-select-m81\/","title":{"rendered":"V\u00f2i b\u1ebfp tay g\u1ea1t \u0111\u01a1n 250 k\u00e8m \u0111\u1ea7u r\u00fat 2 \u0111\u01b0\u1eddng n\u01b0\u1edbc v\u00e0 sBox Aquno Select M81"},"content":{"rendered":"<p><img fetchpriority=\"high\" decoding=\"async\" class=\"alignnone wp-image-7559 aligncenter\" src=\"https:\/\/trading.hhg.vn\/wp-content\/uploads\/2025\/11\/Aquno-Select-M81.jpg\" alt=\"\" width=\"606\" height=\"454\" \/>Aquno Select M81 n\u1ed5i b\u1eadt v\u1edbi thi\u1ebft k\u1ebf h\u00ecnh kh\u1ed1i m\u1ea1nh m\u1ebd, th\u00e2n v\u00f2i cao v\u00e0 c\u00e1c \u0111\u01b0\u1eddng n\u00e9t s\u1eafc g\u1ecdn, t\u1ea1o \u0111i\u1ec3m nh\u1ea5n sang tr\u1ecdng trong m\u1ecdi kh\u00f4ng gian b\u1ebfp. \u0110i\u1ec3m \u0111\u1eb7c tr\u01b0ng nh\u1ea5t l\u00e0 t\u00edch h\u1ee3p \u0111\u1ea7u phun d\u1ea1ng laminar v\u00e0 \u201cRainStream\u201d d\u00e0n tr\u1ea3i, cho d\u00f2ng n\u01b0\u1edbc m\u1ec1m, \u0111\u1ec1u v\u00e0 \u00edt b\u1eafn \u2013 l\u00fd t\u01b0\u1edfng khi r\u1eeda rau c\u1ee7 ho\u1eb7c x\u1eed l\u00fd th\u1ef1c ph\u1ea9m tinh t\u1ebf. Phi\u00ean b\u1ea3n v\u00f2i k\u00e9o linh ho\u1ea1t v\u1edbi c\u1ea7n phun b\u1ecdc th\u00e9p kh\u00f4ng g\u1ec9 gi\u00fap m\u1edf r\u1ed9ng ph\u1ea1m vi thao t\u00e1c.<\/p>\n<p>N\u00fat Select tr\u00ean th\u00e2n v\u00f2i cho ph\u00e9p chuy\u1ec3n ch\u1ebf \u0111\u1ed9 n\u01b0\u1edbc nhanh, m\u01b0\u1ee3t v\u00e0 tr\u1ef1c quan. M81 c\u00f2n s\u1edf h\u1eefu c\u1ea5u tr\u00fac ti\u1ec7n d\u1ee5ng v\u1edbi \u1ed1ng d\u1eabn n\u01b0\u1edbc an to\u00e0n, \u0111\u1ea7u phun d\u1ec5 v\u1ec7 sinh v\u00e0 chuy\u1ec3n \u0111\u1ed9ng c\u01a1 h\u1ecdc ch\u00ednh x\u00e1c \u2013 mang \u0111\u1ebfn tr\u1ea3i nghi\u1ec7m n\u1ea5u n\u01b0\u1edbng ti\u1ec7n nghi, ti\u1ebft ki\u1ec7m th\u1eddi gian v\u00e0 mang t\u00ednh th\u1ea9m m\u1ef9 cao.<\/p>\n","protected":false},"excerpt":{"rendered":"<p>V\u00f2i b\u1ebfp Aquno Select M81 t\u1eeb Hansgrohe l\u00e0 ki\u1ec7t t\u00e1c c\u1ee7a s\u1ef1 t\u1ed1i gi\u1ea3n v\u00e0 ti\u1ec7n nghi. Thi\u1ebft k\u1ebf tay g\u1ea1t \u0111\u01a1n tinh t\u1ebf h\u00f2a quy\u1ec7n ho\u00e0n h\u1ea3o v\u1edbi \u0111\u01b0\u1eddng n\u00e9t hi\u1ec7n \u0111\u1ea1i, mang \u0111\u1ebfn v\u1ebb sang tr\u1ecdng cho m\u1ecdi kh\u00f4ng gian b\u1ebfp. C\u00f4ng ngh\u1ec7 sBox th\u00f4ng minh gi\u00fap \u0111\u1ea7u r\u00fat linh ho\u1ea1t \u1ea9n m\u00ecnh g\u1ecdn g\u00e0ng, trong khi hai ch\u1ebf \u0111\u1ed9 n\u01b0\u1edbc (laminer v\u00e0 shower) c\u00f9ng v\u00f2i xoay 360 \u0111\u1ed9 \u0111\u00e1p \u1ee9ng m\u1ecdi nhu c\u1ea7u t\u1eeb r\u1eeda rau c\u1ee7 \u0111\u1ebfn l\u00e0m \u0111\u1ea7y n\u1ed3i l\u1edbn. Aquno Select M81 kh\u00f4ng ch\u1ec9 l\u00e0 m\u1ed9t chi\u1ebfc v\u00f2i m\u00e0 c\u00f2n l\u00e0 tr\u1ee3 th\u1ee7 \u0111\u1eafc l\u1ef1c, n\u00e2ng t\u1ea7m tr\u1ea3i nghi\u1ec7m \u1ea9m th\u1ef1c c\u1ee7a b\u1ea1n.<\/p>\n","protected":false},"featured_media":98508,"comment_status":"open","ping_status":"closed","template":"","meta":{"_acf_changed":false},"product_cat":[276],"product_tag":[],"class_list":{"0":"post-109006","1":"product","2":"type-product","3":"status-publish","4":"has-post-thumbnail","6":"product_cat-voi-bep","7":"pa_mau-sac-chrome","9":"first","10":"instock","11":"shipping-taxable","12":"purchasable","13":"product-type-variable"},"acf":[],"featured_media_urls":{"thumbnail":["https:\/\/trading.hhg.vn\/wp-content\/uploads\/2025\/11\/154__hpr02324_tif-150x150.png",150,150,true],"medium":["https:\/\/trading.hhg.vn\/wp-content\/uploads\/2025\/11\/154__hpr02324_tif-263x300.png",263,300,true],"medium_large":["https:\/\/trading.hhg.vn\/wp-content\/uploads\/2025\/11\/154__hpr02324_tif-768x878.png",768,878,true],"large":["https:\/\/trading.hhg.vn\/wp-content\/uploads\/2025\/11\/154__hpr02324_tif-896x1024.png",896,1024,true],"1536x1536":["https:\/\/trading.hhg.vn\/wp-content\/uploads\/2025\/11\/154__hpr02324_tif-1344x1536.png",1344,1536,true],"2048x2048":["https:\/\/trading.hhg.vn\/wp-content\/uploads\/2025\/11\/154__hpr02324_tif.png",1359,1553,false],"woocommerce_thumbnail":["https:\/\/trading.hhg.vn\/wp-content\/uploads\/2025\/11\/154__hpr02324_tif-600x600.png",600,600,true],"woocommerce_single":["https:\/\/trading.hhg.vn\/wp-content\/uploads\/2025\/11\/154__hpr02324_tif-1200x1371.png",1200,1371,true],"woocommerce_gallery_thumbnail":["https:\/\/trading.hhg.vn\/wp-content\/uploads\/2025\/11\/154__hpr02324_tif-150x171.png",150,171,true],"portfolio_item-thumbnail":["https:\/\/trading.hhg.vn\/wp-content\/uploads\/2025\/11\/154__hpr02324_tif.png",350,400,false],"portfolio_item-thumbnail@2x":["https:\/\/trading.hhg.vn\/wp-content\/uploads\/2025\/11\/154__hpr02324_tif.png",700,800,false],"portfolio_item-masonry":["https:\/\/trading.hhg.vn\/wp-content\/uploads\/2025\/11\/154__hpr02324_tif.png",600,686,false],"portfolio_item-masonry@2x":["https:\/\/trading.hhg.vn\/wp-content\/uploads\/2025\/11\/154__hpr02324_tif.png",1200,1371,false],"portfolio_item-thumbnail_cinema":["https:\/\/trading.hhg.vn\/wp-content\/uploads\/2025\/11\/154__hpr02324_tif.png",293,335,false],"portfolio_item-thumbnail_portrait":["https:\/\/trading.hhg.vn\/wp-content\/uploads\/2025\/11\/154__hpr02324_tif.png",600,686,false],"portfolio_item-thumbnail_portrait@2x":["https:\/\/trading.hhg.vn\/wp-content\/uploads\/2025\/11\/154__hpr02324_tif.png",1200,1371,false],"portfolio_item-thumbnail_square":["https:\/\/trading.hhg.vn\/wp-content\/uploads\/2025\/11\/154__hpr02324_tif.png",700,800,false]},"_links":{"self":[{"href":"https:\/\/trading.hhg.vn\/en\/wp-json\/wp\/v2\/product\/109006","targetHints":{"allow":["GET"]}}],"collection":[{"href":"https:\/\/trading.hhg.vn\/en\/wp-json\/wp\/v2\/product"}],"about":[{"href":"https:\/\/trading.hhg.vn\/en\/wp-json\/wp\/v2\/types\/product"}],"replies":[{"embeddable":true,"href":"https:\/\/trading.hhg.vn\/en\/wp-json\/wp\/v2\/comments?post=109006"}],"version-history":[{"count":2,"href":"https:\/\/trading.hhg.vn\/en\/wp-json\/wp\/v2\/product\/109006\/revisions"}],"predecessor-version":[{"id":110326,"href":"https:\/\/trading.hhg.vn\/en\/wp-json\/wp\/v2\/product\/109006\/revisions\/110326"}],"wp:featuredmedia":[{"embeddable":true,"href":"https:\/\/trading.hhg.vn\/en\/wp-json\/wp\/v2\/media\/98508"}],"wp:attachment":[{"href":"https:\/\/trading.hhg.vn\/en\/wp-json\/wp\/v2\/media?parent=109006"}],"wp:term":[{"taxonomy":"product_cat","embeddable":true,"href":"https:\/\/trading.hhg.vn\/en\/wp-json\/wp\/v2\/product_cat?post=109006"},{"taxonomy":"product_tag","embeddable":true,"href":"https:\/\/trading.hhg.vn\/en\/wp-json\/wp\/v2\/product_tag?post=109006"}],"curies":[{"name":"wp","href":"https:\/\/api.w.org\/{rel}","templated":true}]}}