{"id":109026,"date":"2025-11-30T11:32:14","date_gmt":"2025-11-30T04:32:14","guid":{"rendered":"https:\/\/trading.hhg.vn\/product\/voi-bep-tay-gat-don-xxl-semi-pro-2-duong-nuoc-cento\/"},"modified":"2025-12-17T08:10:08","modified_gmt":"2025-12-17T01:10:08","slug":"voi-bep-tay-gat-don-xxl-semi-pro-2-duong-nuoc-cento","status":"publish","type":"product","link":"https:\/\/trading.hhg.vn\/en\/s\u1ea3n-ph\u1ea9m\/voi-bep-tay-gat-don-xxl-semi-pro-2-duong-nuoc-cento\/","title":{"rendered":"V\u00f2i b\u1ebfp tay g\u1ea1t \u0111\u01a1n XXL, Semi-Pro, 2 \u0111\u01b0\u1eddng n\u01b0\u1edbc Cento"},"content":{"rendered":"","protected":false},"excerpt":{"rendered":"<p>Cento Semi-Pro, v\u00f2i b\u1ebfp tay g\u1ea1t \u0111\u01a1n XXL, mang \u0111\u1ebfn s\u1ef1 h\u00f2a quy\u1ec7n ho\u00e0n h\u1ea3o gi\u1eefa thi\u1ebft k\u1ebf \u0111\u1ed9t ph\u00e1 v\u00e0 c\u00f4ng n\u0103ng v\u01b0\u1ee3t tr\u1ed9i. V\u1edbi chi\u1ec1u cao \u1ea5n t\u01b0\u1ee3ng c\u00f9ng kh\u1ea3 n\u0103ng xoay linh ho\u1ea1t, Cento bi\u1ebfn m\u1ecdi thao t\u00e1c b\u1ebfp n\u00fac th\u00e0nh tr\u1ea3i nghi\u1ec7m chuy\u00ean nghi\u1ec7p, m\u01b0\u1ee3t m\u00e0. Ch\u1ea5t li\u1ec7u cao c\u1ea5p c\u00f9ng 2 \u0111\u01b0\u1eddng n\u01b0\u1edbc n\u00f3ng l\u1ea1nh t\u00edch h\u1ee3p \u0111\u1ea3m b\u1ea3o \u0111\u1ed9 b\u1ec1n v\u01b0\u1ee3t th\u1eddi gian v\u00e0 s\u1ef1 ti\u1ec7n nghi t\u1ed1i \u0111a, n\u00e2ng t\u1ea7m kh\u00f4ng gian b\u1ebfp c\u1ee7a b\u1ea1n l\u00ean m\u1ed9t \u0111\u1eb3ng c\u1ea5p m\u1edbi.<\/p>\n","protected":false},"featured_media":101307,"comment_status":"open","ping_status":"closed","template":"","meta":{"_acf_changed":false},"product_cat":[276],"product_tag":[],"class_list":{"0":"post-109026","1":"product","2":"type-product","3":"status-publish","4":"has-post-thumbnail","6":"product_cat-voi-bep","7":"pa_mau-sac-chrome","9":"first","10":"instock","11":"shipping-taxable","12":"purchasable","13":"product-type-simple"},"acf":[],"featured_media_urls":{"thumbnail":["https:\/\/trading.hhg.vn\/wp-content\/uploads\/2025\/11\/154__hpr08710_tif-150x150.png",150,150,true],"medium":["https:\/\/trading.hhg.vn\/wp-content\/uploads\/2025\/11\/154__hpr08710_tif-263x300.png",263,300,true],"medium_large":["https:\/\/trading.hhg.vn\/wp-content\/uploads\/2025\/11\/154__hpr08710_tif-768x878.png",768,878,true],"large":["https:\/\/trading.hhg.vn\/wp-content\/uploads\/2025\/11\/154__hpr08710_tif-896x1024.png",896,1024,true],"1536x1536":["https:\/\/trading.hhg.vn\/wp-content\/uploads\/2025\/11\/154__hpr08710_tif.png",1260,1440,false],"2048x2048":["https:\/\/trading.hhg.vn\/wp-content\/uploads\/2025\/11\/154__hpr08710_tif.png",1260,1440,false],"woocommerce_thumbnail":["https:\/\/trading.hhg.vn\/wp-content\/uploads\/2025\/11\/154__hpr08710_tif-600x600.png",600,600,true],"woocommerce_single":["https:\/\/trading.hhg.vn\/wp-content\/uploads\/2025\/11\/154__hpr08710_tif-1200x1371.png",1200,1371,true],"woocommerce_gallery_thumbnail":["https:\/\/trading.hhg.vn\/wp-content\/uploads\/2025\/11\/154__hpr08710_tif-150x171.png",150,171,true],"portfolio_item-thumbnail":["https:\/\/trading.hhg.vn\/wp-content\/uploads\/2025\/11\/154__hpr08710_tif.png",350,400,false],"portfolio_item-thumbnail@2x":["https:\/\/trading.hhg.vn\/wp-content\/uploads\/2025\/11\/154__hpr08710_tif.png",700,800,false],"portfolio_item-masonry":["https:\/\/trading.hhg.vn\/wp-content\/uploads\/2025\/11\/154__hpr08710_tif.png",600,686,false],"portfolio_item-masonry@2x":["https:\/\/trading.hhg.vn\/wp-content\/uploads\/2025\/11\/154__hpr08710_tif.png",1200,1371,false],"portfolio_item-thumbnail_cinema":["https:\/\/trading.hhg.vn\/wp-content\/uploads\/2025\/11\/154__hpr08710_tif.png",293,335,false],"portfolio_item-thumbnail_portrait":["https:\/\/trading.hhg.vn\/wp-content\/uploads\/2025\/11\/154__hpr08710_tif.png",600,686,false],"portfolio_item-thumbnail_portrait@2x":["https:\/\/trading.hhg.vn\/wp-content\/uploads\/2025\/11\/154__hpr08710_tif.png",1200,1371,false],"portfolio_item-thumbnail_square":["https:\/\/trading.hhg.vn\/wp-content\/uploads\/2025\/11\/154__hpr08710_tif.png",700,800,false]},"_links":{"self":[{"href":"https:\/\/trading.hhg.vn\/en\/wp-json\/wp\/v2\/product\/109026","targetHints":{"allow":["GET"]}}],"collection":[{"href":"https:\/\/trading.hhg.vn\/en\/wp-json\/wp\/v2\/product"}],"about":[{"href":"https:\/\/trading.hhg.vn\/en\/wp-json\/wp\/v2\/types\/product"}],"replies":[{"embeddable":true,"href":"https:\/\/trading.hhg.vn\/en\/wp-json\/wp\/v2\/comments?post=109026"}],"version-history":[{"count":1,"href":"https:\/\/trading.hhg.vn\/en\/wp-json\/wp\/v2\/product\/109026\/revisions"}],"predecessor-version":[{"id":110324,"href":"https:\/\/trading.hhg.vn\/en\/wp-json\/wp\/v2\/product\/109026\/revisions\/110324"}],"wp:featuredmedia":[{"embeddable":true,"href":"https:\/\/trading.hhg.vn\/en\/wp-json\/wp\/v2\/media\/101307"}],"wp:attachment":[{"href":"https:\/\/trading.hhg.vn\/en\/wp-json\/wp\/v2\/media?parent=109026"}],"wp:term":[{"taxonomy":"product_cat","embeddable":true,"href":"https:\/\/trading.hhg.vn\/en\/wp-json\/wp\/v2\/product_cat?post=109026"},{"taxonomy":"product_tag","embeddable":true,"href":"https:\/\/trading.hhg.vn\/en\/wp-json\/wp\/v2\/product_tag?post=109026"}],"curies":[{"name":"wp","href":"https:\/\/api.w.org\/{rel}","templated":true}]}}