{"id":109068,"date":"2025-11-30T11:34:50","date_gmt":"2025-11-30T04:34:50","guid":{"rendered":"https:\/\/trading.hhg.vn\/?post_type=product&#038;p=109068"},"modified":"2025-12-10T09:53:46","modified_gmt":"2025-12-10T02:53:46","slug":"voi-bep-tay-gat-don-210-semi-pro-axor-montreux","status":"publish","type":"product","link":"https:\/\/trading.hhg.vn\/en\/s\u1ea3n-ph\u1ea9m\/voi-bep-tay-gat-don-210-semi-pro-axor-montreux\/","title":{"rendered":"V\u00f2i b\u1ebfp tay g\u1ea1t \u0111\u01a1n 210 Semi-Pro AXOR Montreux"},"content":{"rendered":"<p><img fetchpriority=\"high\" decoding=\"async\" class=\"alignnone wp-image-7559 aligncenter\" src=\"https:\/\/trading.hhg.vn\/wp-content\/uploads\/2025\/11\/AXOR-Montreux-1.jpg\" alt=\"\" width=\"606\" height=\"454\" \/>AXOR Montreux Kitchen l\u1ea5y c\u1ea3m h\u1ee9ng t\u1eeb thi\u1ebft k\u1ebf c\u1ed5 \u0111i\u1ec3n Ch\u00e2u \u00c2u, k\u1ebft h\u1ee3p \u0111\u01b0\u1eddng n\u00e9t u\u1ed1n cong thanh l\u1ecbch, chi ti\u1ebft trang tr\u00ed tinh x\u1ea3o v\u00e0 t\u1ef7 l\u1ec7 c\u00e2n \u0111\u1ed1i, mang \u0111\u1ebfn v\u1ebb \u0111\u1eb9p sang tr\u1ecdng v\u01b0\u1ee3t th\u1eddi gian. Th\u00e2n v\u00f2i cao v\u1edbi tay g\u1ea1t ti\u1ec7n d\u1ee5ng v\u00e0 v\u00f2i xoay linh ho\u1ea1t gi\u00fap thao t\u00e1c r\u1eeda b\u00e1t, r\u1eeda rau hay l\u1ea5y n\u01b0\u1edbc trong n\u1ed3i tr\u1edf n\u00ean d\u1ec5 d\u00e0ng v\u00e0 tr\u1ef1c quan. Thi\u1ebft k\u1ebf ch\u00fa tr\u1ecdng s\u1ef1 h\u00e0i h\u00f2a gi\u1eefa th\u1ea9m m\u1ef9 c\u1ed5 \u0111i\u1ec3n v\u00e0 c\u00f4ng n\u0103ng hi\u1ec7n \u0111\u1ea1i, t\u1ea1o tr\u1ea3i nghi\u1ec7m s\u1eed d\u1ee5ng ti\u1ec7n nghi, sang tr\u1ecdng.<\/p>\n<p>V\u1ec1 v\u1eadt li\u1ec7u, AXOR Montreux Kitchen \u0111\u01b0\u1ee3c ch\u1ebf t\u00e1c t\u1eeb \u0111\u1ed3ng thau cao c\u1ea5p v\u1edbi gia c\u00f4ng t\u1ec9 m\u1ec9, \u0111\u1ea3m b\u1ea3o \u0111\u1ed9 b\u1ec1n l\u00e2u d\u00e0i v\u00e0 kh\u1ea3 n\u0103ng ch\u1ecbu nhi\u1ec7t, ch\u1ecbu l\u1ef1c cao. B\u1ec1 m\u1eb7t ho\u00e0n thi\u1ec7n AXOR FinishPlus ch\u1ed1ng tr\u1ea7y x\u01b0\u1edbc v\u00e0 \u0103n m\u00f2n, d\u1ec5 d\u00e0ng v\u1ec7 sinh, v\u1edbi c\u00e1c l\u1ef1a ch\u1ecdn chrome, nickel \u0111\u00e1nh b\u00f3ng, v\u00e0ng s\u00e1ng.<\/p>\n","protected":false},"excerpt":{"rendered":"<p>V\u00f2i b\u1ebfp AXOR Montreux 210 Semi-Pro l\u00e0 kh\u00fac giao h\u00f2a gi\u1eefa n\u00e9t ho\u00e0i c\u1ed5 v\u00e0 hi\u1ec7n \u0111\u1ea1i, mang \u0111\u1ebfn s\u1ef1 linh ho\u1ea1t t\u1ed1i \u01b0u cho gian b\u1ebfp c\u1ee7a b\u1ea1n. Thi\u1ebft k\u1ebf tinh x\u1ea3o v\u1edbi tay g\u1ea1t \u0111\u01a1n v\u00e0 v\u00f2i xoay 360 \u0111\u1ed9, k\u1ebft h\u1ee3p c\u00f9ng \u0111\u1ea7u phun c\u00f3 th\u1ec3 r\u00fat v\u00e0 thay \u0111\u1ed5i ch\u1ebf \u0111\u1ed9 tia n\u01b0\u1edbc, bi\u1ebfn m\u1ed7i thao t\u00e1c tr\u1edf n\u00ean d\u1ec5 d\u00e0ng v\u00e0 \u0111\u1eb3ng c\u1ea5p. Tr\u1ea3i nghi\u1ec7m s\u1ef1 ti\u1ec7n nghi v\u01b0\u1ee3t tr\u1ed9i, t\u1eeb r\u1eeda rau c\u1ee7 nh\u1eb9 nh\u00e0ng \u0111\u1ebfn l\u00e0m s\u1ea1ch xoong n\u1ed3i m\u1ea1nh m\u1ebd, t\u1ea5t c\u1ea3 ch\u1ec9 trong m\u1ed9t chuy\u1ec3n \u0111\u1ed9ng m\u01b0\u1ee3t m\u00e0.<\/p>\n","protected":false},"featured_media":98545,"comment_status":"open","ping_status":"closed","template":"","meta":{"_acf_changed":false},"product_cat":[276],"product_tag":[],"class_list":{"0":"post-109068","1":"product","2":"type-product","3":"status-publish","4":"has-post-thumbnail","6":"product_cat-voi-bep","7":"pa_mau-sac-chrome","9":"first","10":"instock","11":"shipping-taxable","12":"purchasable","13":"product-type-variable"},"acf":[],"featured_media_urls":{"thumbnail":["https:\/\/trading.hhg.vn\/wp-content\/uploads\/2025\/11\/154__apa00751_tif-150x150.png",150,150,true],"medium":["https:\/\/trading.hhg.vn\/wp-content\/uploads\/2025\/11\/154__apa00751_tif-263x300.png",263,300,true],"medium_large":["https:\/\/trading.hhg.vn\/wp-content\/uploads\/2025\/11\/154__apa00751_tif-768x878.png",768,878,true],"large":["https:\/\/trading.hhg.vn\/wp-content\/uploads\/2025\/11\/154__apa00751_tif-896x1024.png",896,1024,true],"1536x1536":["https:\/\/trading.hhg.vn\/wp-content\/uploads\/2025\/11\/154__apa00751_tif.png",1260,1440,false],"2048x2048":["https:\/\/trading.hhg.vn\/wp-content\/uploads\/2025\/11\/154__apa00751_tif.png",1260,1440,false],"woocommerce_thumbnail":["https:\/\/trading.hhg.vn\/wp-content\/uploads\/2025\/11\/154__apa00751_tif-600x600.png",600,600,true],"woocommerce_single":["https:\/\/trading.hhg.vn\/wp-content\/uploads\/2025\/11\/154__apa00751_tif-1200x1371.png",1200,1371,true],"woocommerce_gallery_thumbnail":["https:\/\/trading.hhg.vn\/wp-content\/uploads\/2025\/11\/154__apa00751_tif-150x171.png",150,171,true],"portfolio_item-thumbnail":["https:\/\/trading.hhg.vn\/wp-content\/uploads\/2025\/11\/154__apa00751_tif.png",350,400,false],"portfolio_item-thumbnail@2x":["https:\/\/trading.hhg.vn\/wp-content\/uploads\/2025\/11\/154__apa00751_tif.png",700,800,false],"portfolio_item-masonry":["https:\/\/trading.hhg.vn\/wp-content\/uploads\/2025\/11\/154__apa00751_tif.png",600,686,false],"portfolio_item-masonry@2x":["https:\/\/trading.hhg.vn\/wp-content\/uploads\/2025\/11\/154__apa00751_tif.png",1200,1371,false],"portfolio_item-thumbnail_cinema":["https:\/\/trading.hhg.vn\/wp-content\/uploads\/2025\/11\/154__apa00751_tif.png",293,335,false],"portfolio_item-thumbnail_portrait":["https:\/\/trading.hhg.vn\/wp-content\/uploads\/2025\/11\/154__apa00751_tif.png",600,686,false],"portfolio_item-thumbnail_portrait@2x":["https:\/\/trading.hhg.vn\/wp-content\/uploads\/2025\/11\/154__apa00751_tif.png",1200,1371,false],"portfolio_item-thumbnail_square":["https:\/\/trading.hhg.vn\/wp-content\/uploads\/2025\/11\/154__apa00751_tif.png",700,800,false]},"_links":{"self":[{"href":"https:\/\/trading.hhg.vn\/en\/wp-json\/wp\/v2\/product\/109068","targetHints":{"allow":["GET"]}}],"collection":[{"href":"https:\/\/trading.hhg.vn\/en\/wp-json\/wp\/v2\/product"}],"about":[{"href":"https:\/\/trading.hhg.vn\/en\/wp-json\/wp\/v2\/types\/product"}],"replies":[{"embeddable":true,"href":"https:\/\/trading.hhg.vn\/en\/wp-json\/wp\/v2\/comments?post=109068"}],"version-history":[{"count":2,"href":"https:\/\/trading.hhg.vn\/en\/wp-json\/wp\/v2\/product\/109068\/revisions"}],"predecessor-version":[{"id":110331,"href":"https:\/\/trading.hhg.vn\/en\/wp-json\/wp\/v2\/product\/109068\/revisions\/110331"}],"wp:featuredmedia":[{"embeddable":true,"href":"https:\/\/trading.hhg.vn\/en\/wp-json\/wp\/v2\/media\/98545"}],"wp:attachment":[{"href":"https:\/\/trading.hhg.vn\/en\/wp-json\/wp\/v2\/media?parent=109068"}],"wp:term":[{"taxonomy":"product_cat","embeddable":true,"href":"https:\/\/trading.hhg.vn\/en\/wp-json\/wp\/v2\/product_cat?post=109068"},{"taxonomy":"product_tag","embeddable":true,"href":"https:\/\/trading.hhg.vn\/en\/wp-json\/wp\/v2\/product_tag?post=109068"}],"curies":[{"name":"wp","href":"https:\/\/api.w.org\/{rel}","templated":true}]}}