{"id":109094,"date":"2025-11-30T11:36:42","date_gmt":"2025-11-30T04:36:42","guid":{"rendered":"https:\/\/trading.hhg.vn\/product\/mineral-hoa-va-loc-sport-hansgrohe\/"},"modified":"2025-11-30T11:36:43","modified_gmt":"2025-11-30T04:36:43","slug":"mineral-hoa-va-loc-sport-hansgrohe","status":"publish","type":"product","link":"https:\/\/trading.hhg.vn\/en\/s\u1ea3n-ph\u1ea9m\/mineral-hoa-va-loc-sport-hansgrohe\/","title":{"rendered":"Mineral h\u00f3a v\u00e0 l\u1ecdc Sport hansgrohe"},"content":{"rendered":"","protected":false},"excerpt":{"rendered":"<p>Tr\u1ea3i nghi\u1ec7m ngu\u1ed3n n\u01b0\u1edbc tinh khi\u1ebft m\u1ecdi l\u00fac, m\u1ecdi n\u01a1i v\u1edbi Hansgrohe Sport \u2013 chi\u1ebfc b\u00ecnh l\u1ecdc v\u00e0 kho\u00e1ng h\u00f3a di \u0111\u1ed9ng \u0111\u1eb3ng c\u1ea5p. Thi\u1ebft k\u1ebf t\u1ed1i gi\u1ea3n, sang tr\u1ecdng nh\u01b0ng \u0111\u1ea7y t\u00ednh n\u0103ng, Sport kh\u00f4ng ch\u1ec9 l\u1ecdc s\u1ea1ch m\u1ecdi t\u1ea1p ch\u1ea5t, lo\u1ea1i b\u1ecf m\u00f9i kh\u00f3 ch\u1ecbu m\u00e0 c\u00f2n b\u1ed5 sung kho\u00e1ng ch\u1ea5t thi\u1ebft y\u1ebfu, mang \u0111\u1ebfn h\u01b0\u01a1ng v\u1ecb t\u01b0\u01a1i m\u00e1t v\u00e0 h\u1ed7 tr\u1ee3 t\u1ed1i \u01b0u cho l\u1ed1i s\u1ed1ng n\u0103ng \u0111\u1ed9ng c\u1ee7a b\u1ea1n. T\u1eadn h\u01b0\u1edfng s\u1ef1 ti\u1ec7n l\u1ee3i v\u00e0 ch\u1ea5t l\u01b0\u1ee3ng v\u01b0\u1ee3t tr\u1ed9i, m\u1ed7i ng\u1ee5m n\u01b0\u1edbc gi\u1edd \u0111\u00e2y l\u00e0 m\u1ed9t tr\u1ea3i nghi\u1ec7m th\u01b0 th\u00e1i, \u0111\u00e1nh th\u1ee9c m\u1ecdi gi\u00e1c quan.<\/p>\n","protected":false},"featured_media":99807,"comment_status":"open","ping_status":"closed","template":"","meta":{"_acf_changed":false},"product_cat":[903],"product_tag":[],"class_list":{"0":"post-109094","1":"product","2":"type-product","3":"status-publish","4":"has-post-thumbnail","6":"product_cat-phu-kien-bo-loc","8":"first","9":"instock","10":"shipping-taxable","11":"product-type-simple"},"acf":[],"featured_media_urls":{"thumbnail":["https:\/\/trading.hhg.vn\/wp-content\/uploads\/2025\/11\/154__hpr04073_tif-150x150.png",150,150,true],"medium":["https:\/\/trading.hhg.vn\/wp-content\/uploads\/2025\/11\/154__hpr04073_tif-263x300.png",263,300,true],"medium_large":["https:\/\/trading.hhg.vn\/wp-content\/uploads\/2025\/11\/154__hpr04073_tif-768x878.png",768,878,true],"large":["https:\/\/trading.hhg.vn\/wp-content\/uploads\/2025\/11\/154__hpr04073_tif-896x1024.png",896,1024,true],"1536x1536":["https:\/\/trading.hhg.vn\/wp-content\/uploads\/2025\/11\/154__hpr04073_tif.png",1260,1440,false],"2048x2048":["https:\/\/trading.hhg.vn\/wp-content\/uploads\/2025\/11\/154__hpr04073_tif.png",1260,1440,false],"woocommerce_thumbnail":["https:\/\/trading.hhg.vn\/wp-content\/uploads\/2025\/11\/154__hpr04073_tif-600x600.png",600,600,true],"woocommerce_single":["https:\/\/trading.hhg.vn\/wp-content\/uploads\/2025\/11\/154__hpr04073_tif-1200x1371.png",1200,1371,true],"woocommerce_gallery_thumbnail":["https:\/\/trading.hhg.vn\/wp-content\/uploads\/2025\/11\/154__hpr04073_tif-150x171.png",150,171,true],"portfolio_item-thumbnail":["https:\/\/trading.hhg.vn\/wp-content\/uploads\/2025\/11\/154__hpr04073_tif.png",350,400,false],"portfolio_item-thumbnail@2x":["https:\/\/trading.hhg.vn\/wp-content\/uploads\/2025\/11\/154__hpr04073_tif.png",700,800,false],"portfolio_item-masonry":["https:\/\/trading.hhg.vn\/wp-content\/uploads\/2025\/11\/154__hpr04073_tif.png",600,686,false],"portfolio_item-masonry@2x":["https:\/\/trading.hhg.vn\/wp-content\/uploads\/2025\/11\/154__hpr04073_tif.png",1200,1371,false],"portfolio_item-thumbnail_cinema":["https:\/\/trading.hhg.vn\/wp-content\/uploads\/2025\/11\/154__hpr04073_tif.png",293,335,false],"portfolio_item-thumbnail_portrait":["https:\/\/trading.hhg.vn\/wp-content\/uploads\/2025\/11\/154__hpr04073_tif.png",600,686,false],"portfolio_item-thumbnail_portrait@2x":["https:\/\/trading.hhg.vn\/wp-content\/uploads\/2025\/11\/154__hpr04073_tif.png",1200,1371,false],"portfolio_item-thumbnail_square":["https:\/\/trading.hhg.vn\/wp-content\/uploads\/2025\/11\/154__hpr04073_tif.png",700,800,false]},"_links":{"self":[{"href":"https:\/\/trading.hhg.vn\/en\/wp-json\/wp\/v2\/product\/109094","targetHints":{"allow":["GET"]}}],"collection":[{"href":"https:\/\/trading.hhg.vn\/en\/wp-json\/wp\/v2\/product"}],"about":[{"href":"https:\/\/trading.hhg.vn\/en\/wp-json\/wp\/v2\/types\/product"}],"replies":[{"embeddable":true,"href":"https:\/\/trading.hhg.vn\/en\/wp-json\/wp\/v2\/comments?post=109094"}],"version-history":[{"count":0,"href":"https:\/\/trading.hhg.vn\/en\/wp-json\/wp\/v2\/product\/109094\/revisions"}],"wp:featuredmedia":[{"embeddable":true,"href":"https:\/\/trading.hhg.vn\/en\/wp-json\/wp\/v2\/media\/99807"}],"wp:attachment":[{"href":"https:\/\/trading.hhg.vn\/en\/wp-json\/wp\/v2\/media?parent=109094"}],"wp:term":[{"taxonomy":"product_cat","embeddable":true,"href":"https:\/\/trading.hhg.vn\/en\/wp-json\/wp\/v2\/product_cat?post=109094"},{"taxonomy":"product_tag","embeddable":true,"href":"https:\/\/trading.hhg.vn\/en\/wp-json\/wp\/v2\/product_tag?post=109094"}],"curies":[{"name":"wp","href":"https:\/\/api.w.org\/{rel}","templated":true}]}}