{"id":109119,"date":"2025-11-30T11:39:29","date_gmt":"2025-11-30T04:39:29","guid":{"rendered":"https:\/\/trading.hhg.vn\/product\/chau-rua-am-s711-f655-180-450-s71\/"},"modified":"2025-11-30T13:16:44","modified_gmt":"2025-11-30T06:16:44","slug":"chau-rua-am-s711-f655-180-450-s71","status":"publish","type":"product","link":"https:\/\/trading.hhg.vn\/en\/s\u1ea3n-ph\u1ea9m\/chau-rua-am-s711-f655-180-450-s71\/","title":{"rendered":"Ch\u1eadu r\u1eeda \u00e2m S711-F655 180\/450 S71"},"content":{"rendered":"","protected":false},"excerpt":{"rendered":"<p>Ch\u1eadu r\u1eeda \u00e2m S711-F655 l\u00e0 b\u1ea3n giao h\u01b0\u1edfng tinh t\u1ebf gi\u1eefa c\u00f4ng n\u0103ng v\u00e0 th\u1ea9m m\u1ef9, n\u01a1i \u0111\u01b0\u1eddng n\u00e9t t\u1ed1i gi\u1ea3n \u00f4m tr\u1ecdn kh\u00f4ng gian hi\u1ec7n \u0111\u1ea1i. Thi\u1ebft k\u1ebf \u00e2m b\u00e0n kh\u00f4ng ch\u1ec9 gi\u1ea3i ph\u00f3ng t\u1ea7m nh\u00ecn m\u00e0 c\u00f2n t\u1ea1o n\u00ean b\u1ec1 m\u1eb7t li\u1ec1n m\u1ea1ch, sang tr\u1ecdng cho c\u0103n b\u1ebfp. V\u1edbi l\u00f2ng ch\u1eadu r\u1ed9ng r\u00e3i, vi\u1ec7c chu\u1ea9n b\u1ecb b\u1eefa \u0103n hay v\u1ec7 sinh tr\u1edf n\u00ean thu\u1eadn ti\u1ec7n v\u00e0 nhanh ch\u00f3ng h\u01a1n bao gi\u1edd h\u1ebft. M\u1ed7i tr\u1ea3i nghi\u1ec7m ch\u1ea1m, m\u1ed7i kho\u1ea3nh kh\u1eafc s\u1eed d\u1ee5ng \u0111\u1ec1u l\u00e0 s\u1ef1 kh\u1eb3ng \u0111\u1ecbnh v\u1ec1 ch\u1ea5t l\u01b0\u1ee3ng v\u01b0\u1ee3t tr\u1ed9i v\u00e0 phong c\u00e1ch s\u1ed1ng \u0111\u1eb3ng c\u1ea5p m\u00e0 S711-F655 mang l\u1ea1i.<\/p>\n","protected":false},"featured_media":99690,"comment_status":"open","ping_status":"closed","template":"","meta":{"_acf_changed":false},"product_cat":[83],"product_tag":[],"class_list":{"0":"post-109119","1":"product","2":"type-product","3":"status-publish","4":"has-post-thumbnail","6":"product_cat-chau-rua","7":"pa_mau-sac-inox-2","9":"first","10":"instock","11":"shipping-taxable","12":"product-type-simple"},"acf":[],"featured_media_urls":{"thumbnail":["https:\/\/trading.hhg.vn\/wp-content\/uploads\/2025\/11\/154__hpa02061_tif-150x150.png",150,150,true],"medium":["https:\/\/trading.hhg.vn\/wp-content\/uploads\/2025\/11\/154__hpa02061_tif-262x300.png",262,300,true],"medium_large":["https:\/\/trading.hhg.vn\/wp-content\/uploads\/2025\/11\/154__hpa02061_tif-768x878.png",768,878,true],"large":["https:\/\/trading.hhg.vn\/wp-content\/uploads\/2025\/11\/154__hpa02061_tif-896x1024.png",896,1024,true],"1536x1536":["https:\/\/trading.hhg.vn\/wp-content\/uploads\/2025\/11\/154__hpa02061_tif-1344x1536.png",1344,1536,true],"2048x2048":["https:\/\/trading.hhg.vn\/wp-content\/uploads\/2025\/11\/154__hpa02061_tif.png",1440,1646,false],"woocommerce_thumbnail":["https:\/\/trading.hhg.vn\/wp-content\/uploads\/2025\/11\/154__hpa02061_tif-600x600.png",600,600,true],"woocommerce_single":["https:\/\/trading.hhg.vn\/wp-content\/uploads\/2025\/11\/154__hpa02061_tif-1200x1372.png",1200,1372,true],"woocommerce_gallery_thumbnail":["https:\/\/trading.hhg.vn\/wp-content\/uploads\/2025\/11\/154__hpa02061_tif-150x171.png",150,171,true],"portfolio_item-thumbnail":["https:\/\/trading.hhg.vn\/wp-content\/uploads\/2025\/11\/154__hpa02061_tif.png",350,400,false],"portfolio_item-thumbnail@2x":["https:\/\/trading.hhg.vn\/wp-content\/uploads\/2025\/11\/154__hpa02061_tif.png",700,800,false],"portfolio_item-masonry":["https:\/\/trading.hhg.vn\/wp-content\/uploads\/2025\/11\/154__hpa02061_tif.png",600,686,false],"portfolio_item-masonry@2x":["https:\/\/trading.hhg.vn\/wp-content\/uploads\/2025\/11\/154__hpa02061_tif.png",1200,1372,false],"portfolio_item-thumbnail_cinema":["https:\/\/trading.hhg.vn\/wp-content\/uploads\/2025\/11\/154__hpa02061_tif.png",293,335,false],"portfolio_item-thumbnail_portrait":["https:\/\/trading.hhg.vn\/wp-content\/uploads\/2025\/11\/154__hpa02061_tif.png",600,686,false],"portfolio_item-thumbnail_portrait@2x":["https:\/\/trading.hhg.vn\/wp-content\/uploads\/2025\/11\/154__hpa02061_tif.png",1200,1372,false],"portfolio_item-thumbnail_square":["https:\/\/trading.hhg.vn\/wp-content\/uploads\/2025\/11\/154__hpa02061_tif.png",700,800,false]},"_links":{"self":[{"href":"https:\/\/trading.hhg.vn\/en\/wp-json\/wp\/v2\/product\/109119","targetHints":{"allow":["GET"]}}],"collection":[{"href":"https:\/\/trading.hhg.vn\/en\/wp-json\/wp\/v2\/product"}],"about":[{"href":"https:\/\/trading.hhg.vn\/en\/wp-json\/wp\/v2\/types\/product"}],"replies":[{"embeddable":true,"href":"https:\/\/trading.hhg.vn\/en\/wp-json\/wp\/v2\/comments?post=109119"}],"version-history":[{"count":1,"href":"https:\/\/trading.hhg.vn\/en\/wp-json\/wp\/v2\/product\/109119\/revisions"}],"predecessor-version":[{"id":110238,"href":"https:\/\/trading.hhg.vn\/en\/wp-json\/wp\/v2\/product\/109119\/revisions\/110238"}],"wp:featuredmedia":[{"embeddable":true,"href":"https:\/\/trading.hhg.vn\/en\/wp-json\/wp\/v2\/media\/99690"}],"wp:attachment":[{"href":"https:\/\/trading.hhg.vn\/en\/wp-json\/wp\/v2\/media?parent=109119"}],"wp:term":[{"taxonomy":"product_cat","embeddable":true,"href":"https:\/\/trading.hhg.vn\/en\/wp-json\/wp\/v2\/product_cat?post=109119"},{"taxonomy":"product_tag","embeddable":true,"href":"https:\/\/trading.hhg.vn\/en\/wp-json\/wp\/v2\/product_tag?post=109119"}],"curies":[{"name":"wp","href":"https:\/\/api.w.org\/{rel}","templated":true}]}}