{"id":109132,"date":"2025-11-30T11:39:48","date_gmt":"2025-11-30T04:39:48","guid":{"rendered":"https:\/\/trading.hhg.vn\/product\/voi-bep-tay-gat-don-120-1-duong-nuoc-logis-m31\/"},"modified":"2025-11-30T13:19:59","modified_gmt":"2025-11-30T06:19:59","slug":"voi-bep-tay-gat-don-120-1-duong-nuoc-logis-m31","status":"publish","type":"product","link":"https:\/\/trading.hhg.vn\/en\/s\u1ea3n-ph\u1ea9m\/voi-bep-tay-gat-don-120-1-duong-nuoc-logis-m31\/","title":{"rendered":"V\u00f2i b\u1ebfp tay g\u1ea1t \u0111\u01a1n 120, 1 \u0111\u01b0\u1eddng n\u01b0\u1edbc Logis M31"},"content":{"rendered":"<p><img fetchpriority=\"high\" decoding=\"async\" class=\"alignnone wp-image-7559 aligncenter\" src=\"https:\/\/trading.hhg.vn\/wp-content\/uploads\/2025\/11\/Logis-m31.png\" alt=\"\" width=\"606\" height=\"454\" \/>D\u00f2ng v\u00f2i b\u1ebfp Logis M31 cung c\u1ea5p nhi\u1ec1u bi\u1ebfn th\u1ec3 v\u1ec1 ki\u1ec3u d\u00e1ng v\u00e0 chi\u1ec1u cao, ph\u00f9 h\u1ee3p v\u1edbi m\u1ecdi lo\u1ea1i b\u1ed3n r\u1eeda hi\u1ec7n \u0111\u1ea1i. Chi\u1ec1u cao ComfortZone l\u00ean t\u1edbi 260 mm mang l\u1ea1i kho\u1ea3ng kh\u00f4ng r\u1ed9ng r\u00e3i gi\u1eefa v\u00f2i v\u00e0 b\u1ed3n, thu\u1eadn ti\u1ec7n cho thao t\u00e1c r\u1eeda xoong ch\u1ea3o ho\u1eb7c s\u1eed d\u1ee5ng tay tho\u1ea3i m\u00e1i. V\u00f2i c\u00f3 th\u1ec3 xoay t\u1eeb 110\u00b0 \u0111\u1ebfn 360\u00b0, \u0111\u01b0a n\u01b0\u1edbc \u0111\u1ebfn \u0111\u00fang v\u1ecb tr\u00ed c\u1ea7n thi\u1ebft, m\u1ed9t s\u1ed1 phi\u00ean b\u1ea3n c\u00f2n c\u00f3 v\u00f2i k\u00e9o ra ho\u1eb7c van kh\u00f3a thi\u1ebft b\u1ecb \u0111\u1ec3 k\u1ebft n\u1ed1i m\u00e1y r\u1eeda ch\u00e9n.<\/p>\n<p>D\u00f2ng s\u1ea3n ph\u1ea9m c\u0169ng h\u01b0\u1edbng \u0111\u1ebfn ti\u1ebft ki\u1ec7m n\u01b0\u1edbc v\u00e0 n\u0103ng l\u01b0\u1ee3ng, v\u1edbi c\u00f4ng ngh\u1ec7 CoolStart cho n\u01b0\u1edbc l\u1ea1nh ch\u1ea3y ra khi c\u1ea7n, v\u00e0 EcoSmart gi\u00fap gi\u1ea3m l\u01b0u l\u01b0\u1ee3ng n\u01b0\u1edbc t\u1edbi 50%, th\u00e2n thi\u1ec7n v\u1edbi m\u00f4i tr\u01b0\u1eddng v\u00e0 ng\u00e2n s\u00e1ch. V\u1edbi thi\u1ebft k\u1ebf th\u00f4ng minh, \u0111a d\u1ea1ng bi\u1ebfn th\u1ec3 v\u00e0 ch\u1ea5t l\u01b0\u1ee3ng th\u01b0\u01a1ng hi\u1ec7u Hansgrohe, Logis M31 l\u00e0 l\u1ef1a ch\u1ecdn l\u00fd t\u01b0\u1edfng cho m\u1ecdi kh\u00f4ng gian b\u1ebfp.<\/p>\n","protected":false},"excerpt":{"rendered":"<p>V\u00f2i b\u1ebfp Logis M31 ki\u1ebfn t\u1ea1o kh\u00f4ng gian b\u1ebfp hi\u1ec7n \u0111\u1ea1i, tinh t\u1ebf. Thi\u1ebft k\u1ebf tay g\u1ea1t \u0111\u01a1n 120 \u0111\u1ed9 cho ph\u00e9p ki\u1ec3m so\u00e1t d\u00f2ng n\u01b0\u1edbc v\u00e0 nhi\u1ec7t \u0111\u1ed9 d\u1ec5 d\u00e0ng, mang \u0111\u1ebfn tr\u1ea3i nghi\u1ec7m s\u1eed d\u1ee5ng m\u01b0\u1ee3t m\u00e0 v\u00e0 ti\u1ec7n l\u1ee3i. \u0110\u01b0\u1eddng n\u01b0\u1edbc \u0111\u1ed9c l\u1eadp \u0111\u1ea3m b\u1ea3o v\u1ec7 sinh t\u1ed1i \u01b0u, \u0111\u1ed3ng th\u1eddi t\u1ed1i \u01b0u h\u00f3a kh\u00f4ng gian d\u01b0\u1edbi b\u1ed3n r\u1eeda. V\u00f2i b\u1ebfp Logis M31 kh\u00f4ng ch\u1ec9 l\u00e0 m\u1ed9t thi\u1ebft b\u1ecb, m\u00e0 c\u00f2n l\u00e0 \u0111i\u1ec3m nh\u1ea5n sang tr\u1ecdng, n\u00e2ng t\u1ea7m \u0111\u1eb3ng c\u1ea5p cho c\u0103n b\u1ebfp c\u1ee7a b\u1ea1n.<\/p>\n","protected":false},"featured_media":98785,"comment_status":"open","ping_status":"closed","template":"","meta":{"_acf_changed":false},"product_cat":[276],"product_tag":[],"class_list":{"0":"post-109132","1":"product","2":"type-product","3":"status-publish","4":"has-post-thumbnail","6":"product_cat-voi-bep","7":"pa_mau-sac-chrome","9":"first","10":"instock","11":"shipping-taxable","12":"purchasable","13":"product-type-simple"},"acf":[],"featured_media_urls":{"thumbnail":["https:\/\/trading.hhg.vn\/wp-content\/uploads\/2025\/11\/154__hpa01683_tif-150x150.png",150,150,true],"medium":["https:\/\/trading.hhg.vn\/wp-content\/uploads\/2025\/11\/154__hpa01683_tif-262x300.png",262,300,true],"medium_large":["https:\/\/trading.hhg.vn\/wp-content\/uploads\/2025\/11\/154__hpa01683_tif-768x878.png",768,878,true],"large":["https:\/\/trading.hhg.vn\/wp-content\/uploads\/2025\/11\/154__hpa01683_tif-896x1024.png",896,1024,true],"1536x1536":["https:\/\/trading.hhg.vn\/wp-content\/uploads\/2025\/11\/154__hpa01683_tif-1344x1536.png",1344,1536,true],"2048x2048":["https:\/\/trading.hhg.vn\/wp-content\/uploads\/2025\/11\/154__hpa01683_tif.png",1440,1646,false],"woocommerce_thumbnail":["https:\/\/trading.hhg.vn\/wp-content\/uploads\/2025\/11\/154__hpa01683_tif-600x600.png",600,600,true],"woocommerce_single":["https:\/\/trading.hhg.vn\/wp-content\/uploads\/2025\/11\/154__hpa01683_tif-1200x1372.png",1200,1372,true],"woocommerce_gallery_thumbnail":["https:\/\/trading.hhg.vn\/wp-content\/uploads\/2025\/11\/154__hpa01683_tif-150x171.png",150,171,true],"portfolio_item-thumbnail":["https:\/\/trading.hhg.vn\/wp-content\/uploads\/2025\/11\/154__hpa01683_tif.png",350,400,false],"portfolio_item-thumbnail@2x":["https:\/\/trading.hhg.vn\/wp-content\/uploads\/2025\/11\/154__hpa01683_tif.png",700,800,false],"portfolio_item-masonry":["https:\/\/trading.hhg.vn\/wp-content\/uploads\/2025\/11\/154__hpa01683_tif.png",600,686,false],"portfolio_item-masonry@2x":["https:\/\/trading.hhg.vn\/wp-content\/uploads\/2025\/11\/154__hpa01683_tif.png",1200,1372,false],"portfolio_item-thumbnail_cinema":["https:\/\/trading.hhg.vn\/wp-content\/uploads\/2025\/11\/154__hpa01683_tif.png",293,335,false],"portfolio_item-thumbnail_portrait":["https:\/\/trading.hhg.vn\/wp-content\/uploads\/2025\/11\/154__hpa01683_tif.png",600,686,false],"portfolio_item-thumbnail_portrait@2x":["https:\/\/trading.hhg.vn\/wp-content\/uploads\/2025\/11\/154__hpa01683_tif.png",1200,1372,false],"portfolio_item-thumbnail_square":["https:\/\/trading.hhg.vn\/wp-content\/uploads\/2025\/11\/154__hpa01683_tif.png",700,800,false]},"_links":{"self":[{"href":"https:\/\/trading.hhg.vn\/en\/wp-json\/wp\/v2\/product\/109132","targetHints":{"allow":["GET"]}}],"collection":[{"href":"https:\/\/trading.hhg.vn\/en\/wp-json\/wp\/v2\/product"}],"about":[{"href":"https:\/\/trading.hhg.vn\/en\/wp-json\/wp\/v2\/types\/product"}],"replies":[{"embeddable":true,"href":"https:\/\/trading.hhg.vn\/en\/wp-json\/wp\/v2\/comments?post=109132"}],"version-history":[{"count":1,"href":"https:\/\/trading.hhg.vn\/en\/wp-json\/wp\/v2\/product\/109132\/revisions"}],"predecessor-version":[{"id":110243,"href":"https:\/\/trading.hhg.vn\/en\/wp-json\/wp\/v2\/product\/109132\/revisions\/110243"}],"wp:featuredmedia":[{"embeddable":true,"href":"https:\/\/trading.hhg.vn\/en\/wp-json\/wp\/v2\/media\/98785"}],"wp:attachment":[{"href":"https:\/\/trading.hhg.vn\/en\/wp-json\/wp\/v2\/media?parent=109132"}],"wp:term":[{"taxonomy":"product_cat","embeddable":true,"href":"https:\/\/trading.hhg.vn\/en\/wp-json\/wp\/v2\/product_cat?post=109132"},{"taxonomy":"product_tag","embeddable":true,"href":"https:\/\/trading.hhg.vn\/en\/wp-json\/wp\/v2\/product_tag?post=109132"}],"curies":[{"name":"wp","href":"https:\/\/api.w.org\/{rel}","templated":true}]}}