{"id":109168,"date":"2025-11-30T11:42:18","date_gmt":"2025-11-30T04:42:18","guid":{"rendered":"https:\/\/trading.hhg.vn\/?post_type=product&#038;p=109168"},"modified":"2025-12-10T10:03:11","modified_gmt":"2025-12-10T03:03:11","slug":"chau-rua-lap-duoi-370-370-s51-s510-u770","status":"publish","type":"product","link":"https:\/\/trading.hhg.vn\/en\/s\u1ea3n-ph\u1ea9m\/chau-rua-lap-duoi-370-370-s51-s510-u770\/","title":{"rendered":"Ch\u1eadu r\u1eeda l\u1eafp d\u01b0\u1edbi 370\/370 S51 S510-U770"},"content":{"rendered":"","protected":false},"excerpt":{"rendered":"<p>S51 S510-U770 l\u00e0 ki\u1ec7t t\u00e1c ch\u1eadu r\u1eeda l\u1eafp d\u01b0\u1edbi, n\u01a1i v\u1ebb \u0111\u1eb9p tinh gi\u1ea3n h\u00f2a quy\u1ec7n c\u00f9ng c\u00f4ng n\u0103ng \u01b0u vi\u1ec7t. V\u1edbi k\u00edch th\u01b0\u1edbc 370&#215;370 mm ho\u00e0n h\u1ea3o, s\u1ea3n ph\u1ea9m ki\u1ebfn t\u1ea1o kh\u00f4ng gian b\u1ebfp thanh l\u1ecbch, m\u1edf r\u1ed9ng b\u1ec1 m\u1eb7t thao t\u00e1c v\u00e0 t\u1ed1i \u01b0u h\u00f3a tr\u1ea3i nghi\u1ec7m s\u1eed d\u1ee5ng. T\u1eebng \u0111\u01b0\u1eddng n\u00e9t \u0111\u01b0\u1ee3c t\u00ednh to\u00e1n t\u1ec9 m\u1ec9, b\u1ec1 m\u1eb7t s\u00e1ng b\u00f3ng d\u1ec5 d\u00e0ng v\u1ec7 sinh, kh\u1eb3ng \u0111\u1ecbnh \u0111\u1eb3ng c\u1ea5p s\u1ed1ng tinh t\u1ebf c\u1ee7a gia ch\u1ee7. S51 S510-U770 kh\u00f4ng ch\u1ec9 l\u00e0 thi\u1ebft b\u1ecb, m\u00e0 l\u00e0 tuy\u00ean ng\u00f4n v\u1ec1 phong c\u00e1ch v\u00e0 s\u1ef1 ti\u1ec7n nghi v\u01b0\u1ee3t tr\u1ed9i.<\/p>\n","protected":false},"featured_media":98197,"comment_status":"open","ping_status":"closed","template":"","meta":{"_acf_changed":false},"product_cat":[83],"product_tag":[],"class_list":{"0":"post-109168","1":"product","2":"type-product","3":"status-publish","4":"has-post-thumbnail","6":"product_cat-chau-rua","7":"pa_mau-sac-den-xam-dam","9":"first","10":"instock","11":"shipping-taxable","12":"purchasable","13":"product-type-variable"},"acf":[],"featured_media_urls":{"thumbnail":["https:\/\/trading.hhg.vn\/wp-content\/uploads\/2025\/11\/154__hpr01374_tif-150x150.png",150,150,true],"medium":["https:\/\/trading.hhg.vn\/wp-content\/uploads\/2025\/11\/154__hpr01374_tif-262x300.png",262,300,true],"medium_large":["https:\/\/trading.hhg.vn\/wp-content\/uploads\/2025\/11\/154__hpr01374_tif-768x878.png",768,878,true],"large":["https:\/\/trading.hhg.vn\/wp-content\/uploads\/2025\/11\/154__hpr01374_tif-896x1024.png",896,1024,true],"1536x1536":["https:\/\/trading.hhg.vn\/wp-content\/uploads\/2025\/11\/154__hpr01374_tif-1344x1536.png",1344,1536,true],"2048x2048":["https:\/\/trading.hhg.vn\/wp-content\/uploads\/2025\/11\/154__hpr01374_tif.png",1440,1646,false],"woocommerce_thumbnail":["https:\/\/trading.hhg.vn\/wp-content\/uploads\/2025\/11\/154__hpr01374_tif-600x600.png",600,600,true],"woocommerce_single":["https:\/\/trading.hhg.vn\/wp-content\/uploads\/2025\/11\/154__hpr01374_tif-1200x1372.png",1200,1372,true],"woocommerce_gallery_thumbnail":["https:\/\/trading.hhg.vn\/wp-content\/uploads\/2025\/11\/154__hpr01374_tif-150x171.png",150,171,true],"portfolio_item-thumbnail":["https:\/\/trading.hhg.vn\/wp-content\/uploads\/2025\/11\/154__hpr01374_tif.png",350,400,false],"portfolio_item-thumbnail@2x":["https:\/\/trading.hhg.vn\/wp-content\/uploads\/2025\/11\/154__hpr01374_tif.png",700,800,false],"portfolio_item-masonry":["https:\/\/trading.hhg.vn\/wp-content\/uploads\/2025\/11\/154__hpr01374_tif.png",600,686,false],"portfolio_item-masonry@2x":["https:\/\/trading.hhg.vn\/wp-content\/uploads\/2025\/11\/154__hpr01374_tif.png",1200,1372,false],"portfolio_item-thumbnail_cinema":["https:\/\/trading.hhg.vn\/wp-content\/uploads\/2025\/11\/154__hpr01374_tif.png",293,335,false],"portfolio_item-thumbnail_portrait":["https:\/\/trading.hhg.vn\/wp-content\/uploads\/2025\/11\/154__hpr01374_tif.png",600,686,false],"portfolio_item-thumbnail_portrait@2x":["https:\/\/trading.hhg.vn\/wp-content\/uploads\/2025\/11\/154__hpr01374_tif.png",1200,1372,false],"portfolio_item-thumbnail_square":["https:\/\/trading.hhg.vn\/wp-content\/uploads\/2025\/11\/154__hpr01374_tif.png",700,800,false]},"_links":{"self":[{"href":"https:\/\/trading.hhg.vn\/en\/wp-json\/wp\/v2\/product\/109168","targetHints":{"allow":["GET"]}}],"collection":[{"href":"https:\/\/trading.hhg.vn\/en\/wp-json\/wp\/v2\/product"}],"about":[{"href":"https:\/\/trading.hhg.vn\/en\/wp-json\/wp\/v2\/types\/product"}],"replies":[{"embeddable":true,"href":"https:\/\/trading.hhg.vn\/en\/wp-json\/wp\/v2\/comments?post=109168"}],"version-history":[{"count":2,"href":"https:\/\/trading.hhg.vn\/en\/wp-json\/wp\/v2\/product\/109168\/revisions"}],"predecessor-version":[{"id":110259,"href":"https:\/\/trading.hhg.vn\/en\/wp-json\/wp\/v2\/product\/109168\/revisions\/110259"}],"wp:featuredmedia":[{"embeddable":true,"href":"https:\/\/trading.hhg.vn\/en\/wp-json\/wp\/v2\/media\/98197"}],"wp:attachment":[{"href":"https:\/\/trading.hhg.vn\/en\/wp-json\/wp\/v2\/media?parent=109168"}],"wp:term":[{"taxonomy":"product_cat","embeddable":true,"href":"https:\/\/trading.hhg.vn\/en\/wp-json\/wp\/v2\/product_cat?post=109168"},{"taxonomy":"product_tag","embeddable":true,"href":"https:\/\/trading.hhg.vn\/en\/wp-json\/wp\/v2\/product_tag?post=109168"}],"curies":[{"name":"wp","href":"https:\/\/api.w.org\/{rel}","templated":true}]}}