{"id":109258,"date":"2025-11-30T11:47:00","date_gmt":"2025-11-30T04:47:00","guid":{"rendered":"https:\/\/trading.hhg.vn\/?post_type=product&#038;p=109258"},"modified":"2025-12-17T08:10:46","modified_gmt":"2025-12-17T01:10:46","slug":"binh-nhan-dung-nuoc-rua-bat-rua-tay-gan-ban-axor-uno","status":"publish","type":"product","link":"https:\/\/trading.hhg.vn\/en\/s\u1ea3n-ph\u1ea9m\/binh-nhan-dung-nuoc-rua-bat-rua-tay-gan-ban-axor-uno\/","title":{"rendered":"B\u00ecnh nh\u1ea5n \u0111\u1ef1ng n\u01b0\u1edbc r\u1eeda b\u00e1t\/ r\u1eeda tay g\u1eafn b\u00e0n AXOR Uno"},"content":{"rendered":"<p><img fetchpriority=\"high\" decoding=\"async\" class=\"alignnone wp-image-7559 aligncenter\" src=\"https:\/\/trading.hhg.vn\/wp-content\/uploads\/2025\/11\/AXOR-Uno-1.jpg\" alt=\"\" width=\"606\" height=\"454\" \/>AXOR Uno Kitchen \u0111\u01b0\u1ee3c x\u00e2y d\u1ef1ng tr\u00ean tri\u1ebft l\u00fd \u201cs\u1ef1 thu\u1ea7n khi\u1ebft c\u1ee7a h\u00ecnh tr\u1ee5\u201d, th\u1ec3 hi\u1ec7n qua \u0111\u01b0\u1eddng n\u00e9t t\u1ed1i gi\u1ea3n, h\u00ecnh h\u1ecdc r\u00f5 r\u00e0ng v\u00e0 t\u1ef7 l\u1ec7 c\u00e2n \u0111\u1ed1i. Th\u00e2n v\u00f2i d\u1ea1ng \u1ed1ng thanh m\u1ea3nh, tay g\u1ea1t th\u1eb3ng ho\u1eb7c v\u00f2ng \u0111\u1eb7c tr\u01b0ng gi\u00fap thao t\u00e1c ch\u00ednh x\u00e1c v\u00e0 thu\u1eadn ti\u1ec7n. Thi\u1ebft k\u1ebf tinh g\u1ecdn nh\u01b0ng m\u1ea1nh m\u1ebd, ph\u00f9 h\u1ee3p ho\u00e0n h\u1ea3o v\u1edbi kh\u00f4ng gian b\u1ebfp hi\u1ec7n \u0111\u1ea1i v\u00e0 t\u1ed1i gi\u1ea3n.<\/p>\n<p>V\u1ec1 k\u1ef9 thu\u1eadt v\u00e0 v\u1eadt li\u1ec7u, AXOR Uno \u0111\u01b0\u1ee3c ch\u1ebf t\u00e1c t\u1eeb \u0111\u1ed3ng thau nguy\u00ean kh\u1ed1i, gia c\u00f4ng theo ti\u00eau chu\u1ea9n ch\u00ednh x\u00e1c c\u1ee7a \u0110\u1ee9c, mang l\u1ea1i \u0111\u1ed9 b\u1ec1n cao v\u00e0 v\u1eadn h\u00e0nh \u1ed5n \u0111\u1ecbnh. B\u1ec1 m\u1eb7t ho\u00e0n thi\u1ec7n AXOR FinishPlus ch\u1ed1ng tr\u1ea7y x\u01b0\u1edbc, ch\u1ed1ng \u0103n m\u00f2n v\u00e0 gi\u1eef \u0111\u1ed9 s\u00e1ng \u0111\u1eb9p l\u00e2u d\u00e0i, v\u1edbi c\u00e1c t\u00f9y ch\u1ecdn nh\u01b0 Chrome, Brushed Brass, Brushed Black Chrome, Polished Gold Optic.<\/p>\n","protected":false},"excerpt":{"rendered":"<p>Thi\u1ebft k\u1ebf AXOR Uno t\u1ed1i gi\u1ea3n m\u00e0 tinh x\u1ea3o, h\u00f2a quy\u1ec7n ho\u00e0n h\u1ea3o v\u00e0o kh\u00f4ng gian b\u1ebfp hay ph\u00f2ng t\u1eafm hi\u1ec7n \u0111\u1ea1i. C\u01a1 ch\u1ebf nh\u1ea5n m\u01b0\u1ee3t m\u00e0, \u0111\u1ecbnh l\u01b0\u1ee3ng ch\u00ednh x\u00e1c, mang \u0111\u1ebfn tr\u1ea3i nghi\u1ec7m v\u1ec7 sinh ti\u1ec7n nghi v\u00e0 \u0111\u1eb3ng c\u1ea5p. Ch\u1ea5t li\u1ec7u cao c\u1ea5p b\u1ec1n b\u1ec9, d\u1ec5 d\u00e0ng v\u1ec7 sinh, gi\u1eef cho v\u1ebb \u0111\u1eb9p sang tr\u1ecdng v\u01b0\u1ee3t th\u1eddi gian. M\u1ed9t \u0111i\u1ec3m nh\u1ea5n tinh t\u1ebf n\u00e2ng t\u1ea7m phong c\u00e1ch s\u1ed1ng c\u1ee7a b\u1ea1n.<\/p>\n","protected":false},"featured_media":100225,"comment_status":"open","ping_status":"closed","template":"","meta":{"_acf_changed":false},"product_cat":[903],"product_tag":[],"class_list":{"0":"post-109258","1":"product","2":"type-product","3":"status-publish","4":"has-post-thumbnail","6":"product_cat-phu-kien-bo-loc","7":"pa_mau-sac-chrome","9":"first","10":"instock","11":"shipping-taxable","12":"purchasable","13":"product-type-variable"},"acf":[],"featured_media_urls":{"thumbnail":["https:\/\/trading.hhg.vn\/wp-content\/uploads\/2025\/11\/154__apd01792_tif-150x150.png",150,150,true],"medium":["https:\/\/trading.hhg.vn\/wp-content\/uploads\/2025\/11\/154__apd01792_tif-263x300.png",263,300,true],"medium_large":["https:\/\/trading.hhg.vn\/wp-content\/uploads\/2025\/11\/154__apd01792_tif-768x878.png",768,878,true],"large":["https:\/\/trading.hhg.vn\/wp-content\/uploads\/2025\/11\/154__apd01792_tif-896x1024.png",896,1024,true],"1536x1536":["https:\/\/trading.hhg.vn\/wp-content\/uploads\/2025\/11\/154__apd01792_tif.png",1260,1440,false],"2048x2048":["https:\/\/trading.hhg.vn\/wp-content\/uploads\/2025\/11\/154__apd01792_tif.png",1260,1440,false],"woocommerce_thumbnail":["https:\/\/trading.hhg.vn\/wp-content\/uploads\/2025\/11\/154__apd01792_tif-600x600.png",600,600,true],"woocommerce_single":["https:\/\/trading.hhg.vn\/wp-content\/uploads\/2025\/11\/154__apd01792_tif-1200x1371.png",1200,1371,true],"woocommerce_gallery_thumbnail":["https:\/\/trading.hhg.vn\/wp-content\/uploads\/2025\/11\/154__apd01792_tif-150x171.png",150,171,true],"portfolio_item-thumbnail":["https:\/\/trading.hhg.vn\/wp-content\/uploads\/2025\/11\/154__apd01792_tif.png",350,400,false],"portfolio_item-thumbnail@2x":["https:\/\/trading.hhg.vn\/wp-content\/uploads\/2025\/11\/154__apd01792_tif.png",700,800,false],"portfolio_item-masonry":["https:\/\/trading.hhg.vn\/wp-content\/uploads\/2025\/11\/154__apd01792_tif.png",600,686,false],"portfolio_item-masonry@2x":["https:\/\/trading.hhg.vn\/wp-content\/uploads\/2025\/11\/154__apd01792_tif.png",1200,1371,false],"portfolio_item-thumbnail_cinema":["https:\/\/trading.hhg.vn\/wp-content\/uploads\/2025\/11\/154__apd01792_tif.png",293,335,false],"portfolio_item-thumbnail_portrait":["https:\/\/trading.hhg.vn\/wp-content\/uploads\/2025\/11\/154__apd01792_tif.png",600,686,false],"portfolio_item-thumbnail_portrait@2x":["https:\/\/trading.hhg.vn\/wp-content\/uploads\/2025\/11\/154__apd01792_tif.png",1200,1371,false],"portfolio_item-thumbnail_square":["https:\/\/trading.hhg.vn\/wp-content\/uploads\/2025\/11\/154__apd01792_tif.png",700,800,false]},"_links":{"self":[{"href":"https:\/\/trading.hhg.vn\/en\/wp-json\/wp\/v2\/product\/109258","targetHints":{"allow":["GET"]}}],"collection":[{"href":"https:\/\/trading.hhg.vn\/en\/wp-json\/wp\/v2\/product"}],"about":[{"href":"https:\/\/trading.hhg.vn\/en\/wp-json\/wp\/v2\/types\/product"}],"replies":[{"embeddable":true,"href":"https:\/\/trading.hhg.vn\/en\/wp-json\/wp\/v2\/comments?post=109258"}],"version-history":[{"count":1,"href":"https:\/\/trading.hhg.vn\/en\/wp-json\/wp\/v2\/product\/109258\/revisions"}],"predecessor-version":[{"id":109288,"href":"https:\/\/trading.hhg.vn\/en\/wp-json\/wp\/v2\/product\/109258\/revisions\/109288"}],"wp:featuredmedia":[{"embeddable":true,"href":"https:\/\/trading.hhg.vn\/en\/wp-json\/wp\/v2\/media\/100225"}],"wp:attachment":[{"href":"https:\/\/trading.hhg.vn\/en\/wp-json\/wp\/v2\/media?parent=109258"}],"wp:term":[{"taxonomy":"product_cat","embeddable":true,"href":"https:\/\/trading.hhg.vn\/en\/wp-json\/wp\/v2\/product_cat?post=109258"},{"taxonomy":"product_tag","embeddable":true,"href":"https:\/\/trading.hhg.vn\/en\/wp-json\/wp\/v2\/product_tag?post=109258"}],"curies":[{"name":"wp","href":"https:\/\/api.w.org\/{rel}","templated":true}]}}