{"id":109311,"date":"2025-11-30T11:49:48","date_gmt":"2025-11-30T04:49:48","guid":{"rendered":"https:\/\/trading.hhg.vn\/?post_type=product&#038;p=109311"},"modified":"2025-12-17T08:11:27","modified_gmt":"2025-12-17T01:11:27","slug":"chau-rua-lap-duoi-450-s51-s510-u450","status":"publish","type":"product","link":"https:\/\/trading.hhg.vn\/en\/s\u1ea3n-ph\u1ea9m\/chau-rua-lap-duoi-450-s51-s510-u450\/","title":{"rendered":"Ch\u1eadu r\u1eeda l\u1eafp d\u01b0\u1edbi 450 S51 S510-U450"},"content":{"rendered":"","protected":false},"excerpt":{"rendered":"<p>Kh\u00e1m ph\u00e1 ch\u1eadu r\u1eeda l\u1eafp d\u01b0\u1edbi S510-U450, m\u1ed9t ki\u1ec7t t\u00e1c tinh gi\u1ea3n h\u00f2a quy\u1ec7n ho\u00e0n h\u1ea3o v\u00e0o kh\u00f4ng gian b\u1ebfp hi\u1ec7n \u0111\u1ea1i. Thi\u1ebft k\u1ebf \u00e2m b\u00e0n kh\u00f4ng ch\u1ec9 m\u1edf r\u1ed9ng t\u1ed1i \u0111a di\u1ec7n t\u00edch m\u1eb7t b\u1ebfp m\u00e0 c\u00f2n t\u1ea1o n\u00ean v\u1ebb \u0111\u1eb9p li\u1ec1n m\u1ea1ch, thanh l\u1ecbch. V\u1edbi ch\u1ea5t li\u1ec7u cao c\u1ea5p v\u00e0 l\u00f2ng ch\u1eadu s\u00e2u l\u00fd t\u01b0\u1edfng, m\u1ecdi thao t\u00e1c s\u01a1 ch\u1ebf hay v\u1ec7 sinh \u0111\u1ec1u tr\u1edf n\u00ean d\u1ec5 d\u00e0ng, \u00eam \u00e1i, mang \u0111\u1ebfn tr\u1ea3i nghi\u1ec7m ti\u1ec7n nghi v\u01b0\u1ee3t tr\u1ed9i v\u00e0 n\u00e2ng t\u1ea7m \u0111\u1eb3ng c\u1ea5p cho c\u0103n b\u1ebfp c\u1ee7a b\u1ea1n.<\/p>\n","protected":false},"featured_media":98244,"comment_status":"open","ping_status":"closed","template":"","meta":{"_acf_changed":false},"product_cat":[83],"product_tag":[],"class_list":{"0":"post-109311","1":"product","2":"type-product","3":"status-publish","4":"has-post-thumbnail","6":"product_cat-chau-rua","7":"pa_mau-sac-den-xam-dam","9":"first","10":"instock","11":"shipping-taxable","12":"purchasable","13":"product-type-variable"},"acf":[],"featured_media_urls":{"thumbnail":["https:\/\/trading.hhg.vn\/wp-content\/uploads\/2025\/11\/154__hpr01365_tif-150x150.png",150,150,true],"medium":["https:\/\/trading.hhg.vn\/wp-content\/uploads\/2025\/11\/154__hpr01365_tif-262x300.png",262,300,true],"medium_large":["https:\/\/trading.hhg.vn\/wp-content\/uploads\/2025\/11\/154__hpr01365_tif-768x878.png",768,878,true],"large":["https:\/\/trading.hhg.vn\/wp-content\/uploads\/2025\/11\/154__hpr01365_tif-896x1024.png",896,1024,true],"1536x1536":["https:\/\/trading.hhg.vn\/wp-content\/uploads\/2025\/11\/154__hpr01365_tif-1344x1536.png",1344,1536,true],"2048x2048":["https:\/\/trading.hhg.vn\/wp-content\/uploads\/2025\/11\/154__hpr01365_tif.png",1440,1646,false],"woocommerce_thumbnail":["https:\/\/trading.hhg.vn\/wp-content\/uploads\/2025\/11\/154__hpr01365_tif-600x600.png",600,600,true],"woocommerce_single":["https:\/\/trading.hhg.vn\/wp-content\/uploads\/2025\/11\/154__hpr01365_tif-1200x1372.png",1200,1372,true],"woocommerce_gallery_thumbnail":["https:\/\/trading.hhg.vn\/wp-content\/uploads\/2025\/11\/154__hpr01365_tif-150x171.png",150,171,true],"portfolio_item-thumbnail":["https:\/\/trading.hhg.vn\/wp-content\/uploads\/2025\/11\/154__hpr01365_tif.png",350,400,false],"portfolio_item-thumbnail@2x":["https:\/\/trading.hhg.vn\/wp-content\/uploads\/2025\/11\/154__hpr01365_tif.png",700,800,false],"portfolio_item-masonry":["https:\/\/trading.hhg.vn\/wp-content\/uploads\/2025\/11\/154__hpr01365_tif.png",600,686,false],"portfolio_item-masonry@2x":["https:\/\/trading.hhg.vn\/wp-content\/uploads\/2025\/11\/154__hpr01365_tif.png",1200,1372,false],"portfolio_item-thumbnail_cinema":["https:\/\/trading.hhg.vn\/wp-content\/uploads\/2025\/11\/154__hpr01365_tif.png",293,335,false],"portfolio_item-thumbnail_portrait":["https:\/\/trading.hhg.vn\/wp-content\/uploads\/2025\/11\/154__hpr01365_tif.png",600,686,false],"portfolio_item-thumbnail_portrait@2x":["https:\/\/trading.hhg.vn\/wp-content\/uploads\/2025\/11\/154__hpr01365_tif.png",1200,1372,false],"portfolio_item-thumbnail_square":["https:\/\/trading.hhg.vn\/wp-content\/uploads\/2025\/11\/154__hpr01365_tif.png",700,800,false]},"_links":{"self":[{"href":"https:\/\/trading.hhg.vn\/en\/wp-json\/wp\/v2\/product\/109311","targetHints":{"allow":["GET"]}}],"collection":[{"href":"https:\/\/trading.hhg.vn\/en\/wp-json\/wp\/v2\/product"}],"about":[{"href":"https:\/\/trading.hhg.vn\/en\/wp-json\/wp\/v2\/types\/product"}],"replies":[{"embeddable":true,"href":"https:\/\/trading.hhg.vn\/en\/wp-json\/wp\/v2\/comments?post=109311"}],"version-history":[{"count":1,"href":"https:\/\/trading.hhg.vn\/en\/wp-json\/wp\/v2\/product\/109311\/revisions"}],"predecessor-version":[{"id":109332,"href":"https:\/\/trading.hhg.vn\/en\/wp-json\/wp\/v2\/product\/109311\/revisions\/109332"}],"wp:featuredmedia":[{"embeddable":true,"href":"https:\/\/trading.hhg.vn\/en\/wp-json\/wp\/v2\/media\/98244"}],"wp:attachment":[{"href":"https:\/\/trading.hhg.vn\/en\/wp-json\/wp\/v2\/media?parent=109311"}],"wp:term":[{"taxonomy":"product_cat","embeddable":true,"href":"https:\/\/trading.hhg.vn\/en\/wp-json\/wp\/v2\/product_cat?post=109311"},{"taxonomy":"product_tag","embeddable":true,"href":"https:\/\/trading.hhg.vn\/en\/wp-json\/wp\/v2\/product_tag?post=109311"}],"curies":[{"name":"wp","href":"https:\/\/api.w.org\/{rel}","templated":true}]}}