{"id":109316,"date":"2025-11-30T11:49:52","date_gmt":"2025-11-30T04:49:52","guid":{"rendered":"https:\/\/trading.hhg.vn\/?post_type=product&#038;p=109316"},"modified":"2025-11-30T13:46:53","modified_gmt":"2025-11-30T06:46:53","slug":"voi-bep-tay-gat-don-150-kem-dau-rut-2-duong-nuoc-zesis-m33","status":"publish","type":"product","link":"https:\/\/trading.hhg.vn\/en\/s\u1ea3n-ph\u1ea9m\/voi-bep-tay-gat-don-150-kem-dau-rut-2-duong-nuoc-zesis-m33\/","title":{"rendered":"V\u00f2i b\u1ebfp tay g\u1ea1t \u0111\u01a1n 150 k\u00e8m \u0111\u1ea7u r\u00fat 2 \u0111\u01b0\u1eddng n\u01b0\u1edbc Zesis M33"},"content":{"rendered":"<p><img fetchpriority=\"high\" decoding=\"async\" class=\"alignnone wp-image-7559 aligncenter\" src=\"https:\/\/trading.hhg.vn\/wp-content\/uploads\/2025\/11\/zesis-m33.png\" alt=\"\" width=\"606\" height=\"454\" \/>V\u1edbi thi\u1ebft k\u1ebf tinh gi\u1ea3n v\u00e0 hi\u1ec7u qu\u1ea3, Hansgrohe Zesis M33 l\u00e0 l\u1ef1a ch\u1ecdn ho\u00e0n h\u1ea3o cho m\u1ecdi kh\u00f4ng gian b\u1ebfp hi\u1ec7n \u0111\u1ea1i. D\u00f2ng v\u00f2i n\u00e0y n\u1ed5i b\u1eadt v\u1edbi t\u00f9y ch\u1ecdn 2 ch\u1ebf \u0111\u1ed9 k\u00e9o ra \u2013 k\u1ebft h\u1ee3p v\u00f2i phun laminar v\u00e0 v\u00f2i sen \u2013 c\u00f9ng hai chi\u1ec1u cao ComfortZone 150 ho\u1eb7c 160 mm cho kho\u1ea3ng tr\u1ed1ng thao t\u00e1c tho\u1ea3i m\u00e1i. V\u00f2i c\u00f2n trang b\u1ecb xoay 150\u00b0 v\u00e0 c\u00f3 th\u1ec3 t\u00edch h\u1ee3p h\u1ed9p d\u1eabn d\u00e2y sBox lite \u0111\u1ec3 s\u1eed d\u1ee5ng d\u00e2y phun ra linh ho\u1ea1t, v\u1edbi \u0111\u1ed9 v\u01b0\u01a1n l\u00ean t\u1edbi 50 cm ho\u1eb7c 76 cm t\u00f9y phi\u00ean b\u1ea3n.<br \/>\nBa l\u1edbp ho\u00e0n thi\u1ec7n \u2013 \u0111en m\u1edd, cr\u00f4m v\u00e0 th\u00e9p kh\u00f4ng g\u1ec9 \u2013 mang l\u1ea1i v\u1ebb sang tr\u1ecdng v\u00e0 d\u1ec5 ph\u1ed1i h\u1ee3p v\u1edbi m\u1ecdi phong c\u00e1ch b\u1ebfp. Ngo\u00e0i ra, c\u00f4ng ngh\u1ec7 EcoSmart v\u00e0 CoolStart gi\u00fap gi\u1ea3m l\u01b0u l\u01b0\u1ee3ng n\u01b0\u1edbc v\u00e0 ti\u1ebft ki\u1ec7m n\u0103ng l\u01b0\u1ee3ng m\u00e0 kh\u00f4ng l\u00e0m \u1ea3nh h\u01b0\u1edfng \u0111\u1ebfn tr\u1ea3i nghi\u1ec7m s\u1eed d\u1ee5ng.<\/p>\n","protected":false},"excerpt":{"rendered":"<p>V\u00f2i b\u1ebfp Zesis M33 mang \u0111\u1ebfn s\u1ef1 tinh t\u1ebf cho kh\u00f4ng gian \u1ea9m th\u1ef1c, v\u1edbi thi\u1ebft k\u1ebf tay g\u1ea1t \u0111\u01a1n gi\u1ea3n nh\u01b0ng \u0111\u1ea7y phong c\u00e1ch, kh\u00e9o l\u00e9o h\u00f2a quy\u1ec7n c\u00f9ng m\u1ecdi ki\u1ebfn tr\u00fac hi\u1ec7n \u0111\u1ea1i. C\u00f4ng n\u0103ng v\u01b0\u1ee3t tr\u1ed9i \u0111\u01b0\u1ee3c g\u00f3i g\u1ecdn trong \u0111\u1ea7u r\u00fat linh ho\u1ea1t, cho ph\u00e9p b\u1ea1n d\u1ec5 d\u00e0ng \u0111i\u1ec1u ch\u1ec9nh v\u00e0 chuy\u1ec3n \u0111\u1ed5i gi\u1eefa hai ch\u1ebf \u0111\u1ed9 n\u01b0\u1edbc ti\u1ec7n l\u1ee3i, t\u1eeb d\u00f2ng ch\u1ea3y m\u1ea1nh m\u1ebd \u0111\u1ebfn phun s\u01b0\u01a1ng d\u1ecbu nh\u1eb9. M\u1ed7i thao t\u00e1c \u0111\u1ec1u m\u01b0\u1ee3t m\u00e0, bi\u1ebfn nh\u1eefng c\u00f4ng vi\u1ec7c th\u01b0\u1eddng ng\u00e0y trong b\u1ebfp th\u00e0nh tr\u1ea3i nghi\u1ec7m ti\u1ec7n nghi v\u00e0 \u0111\u1ea7y c\u1ea3m h\u1ee9ng, n\u00e2ng t\u1ea7m gi\u00e1 tr\u1ecb cho ng\u00f4i nh\u00e0 b\u1ea1n.<\/p>\n","protected":false},"featured_media":98106,"comment_status":"open","ping_status":"closed","template":"","meta":{"_acf_changed":false},"product_cat":[276],"product_tag":[],"class_list":{"0":"post-109316","1":"product","2":"type-product","3":"status-publish","4":"has-post-thumbnail","6":"product_cat-voi-bep","7":"pa_mau-sac-chrome","9":"first","10":"instock","11":"shipping-taxable","12":"purchasable","13":"product-type-variable"},"acf":[],"featured_media_urls":{"thumbnail":["https:\/\/trading.hhg.vn\/wp-content\/uploads\/2025\/11\/154__hpr03766_tif-150x150.png",150,150,true],"medium":["https:\/\/trading.hhg.vn\/wp-content\/uploads\/2025\/11\/154__hpr03766_tif-262x300.png",262,300,true],"medium_large":["https:\/\/trading.hhg.vn\/wp-content\/uploads\/2025\/11\/154__hpr03766_tif-768x878.png",768,878,true],"large":["https:\/\/trading.hhg.vn\/wp-content\/uploads\/2025\/11\/154__hpr03766_tif-896x1024.png",896,1024,true],"1536x1536":["https:\/\/trading.hhg.vn\/wp-content\/uploads\/2025\/11\/154__hpr03766_tif-1344x1536.png",1344,1536,true],"2048x2048":["https:\/\/trading.hhg.vn\/wp-content\/uploads\/2025\/11\/154__hpr03766_tif.png",1440,1646,false],"woocommerce_thumbnail":["https:\/\/trading.hhg.vn\/wp-content\/uploads\/2025\/11\/154__hpr03766_tif-600x600.png",600,600,true],"woocommerce_single":["https:\/\/trading.hhg.vn\/wp-content\/uploads\/2025\/11\/154__hpr03766_tif-1200x1372.png",1200,1372,true],"woocommerce_gallery_thumbnail":["https:\/\/trading.hhg.vn\/wp-content\/uploads\/2025\/11\/154__hpr03766_tif-150x171.png",150,171,true],"portfolio_item-thumbnail":["https:\/\/trading.hhg.vn\/wp-content\/uploads\/2025\/11\/154__hpr03766_tif.png",350,400,false],"portfolio_item-thumbnail@2x":["https:\/\/trading.hhg.vn\/wp-content\/uploads\/2025\/11\/154__hpr03766_tif.png",700,800,false],"portfolio_item-masonry":["https:\/\/trading.hhg.vn\/wp-content\/uploads\/2025\/11\/154__hpr03766_tif.png",600,686,false],"portfolio_item-masonry@2x":["https:\/\/trading.hhg.vn\/wp-content\/uploads\/2025\/11\/154__hpr03766_tif.png",1200,1372,false],"portfolio_item-thumbnail_cinema":["https:\/\/trading.hhg.vn\/wp-content\/uploads\/2025\/11\/154__hpr03766_tif.png",293,335,false],"portfolio_item-thumbnail_portrait":["https:\/\/trading.hhg.vn\/wp-content\/uploads\/2025\/11\/154__hpr03766_tif.png",600,686,false],"portfolio_item-thumbnail_portrait@2x":["https:\/\/trading.hhg.vn\/wp-content\/uploads\/2025\/11\/154__hpr03766_tif.png",1200,1372,false],"portfolio_item-thumbnail_square":["https:\/\/trading.hhg.vn\/wp-content\/uploads\/2025\/11\/154__hpr03766_tif.png",700,800,false]},"_links":{"self":[{"href":"https:\/\/trading.hhg.vn\/en\/wp-json\/wp\/v2\/product\/109316","targetHints":{"allow":["GET"]}}],"collection":[{"href":"https:\/\/trading.hhg.vn\/en\/wp-json\/wp\/v2\/product"}],"about":[{"href":"https:\/\/trading.hhg.vn\/en\/wp-json\/wp\/v2\/types\/product"}],"replies":[{"embeddable":true,"href":"https:\/\/trading.hhg.vn\/en\/wp-json\/wp\/v2\/comments?post=109316"}],"version-history":[{"count":2,"href":"https:\/\/trading.hhg.vn\/en\/wp-json\/wp\/v2\/product\/109316\/revisions"}],"predecessor-version":[{"id":110284,"href":"https:\/\/trading.hhg.vn\/en\/wp-json\/wp\/v2\/product\/109316\/revisions\/110284"}],"wp:featuredmedia":[{"embeddable":true,"href":"https:\/\/trading.hhg.vn\/en\/wp-json\/wp\/v2\/media\/98106"}],"wp:attachment":[{"href":"https:\/\/trading.hhg.vn\/en\/wp-json\/wp\/v2\/media?parent=109316"}],"wp:term":[{"taxonomy":"product_cat","embeddable":true,"href":"https:\/\/trading.hhg.vn\/en\/wp-json\/wp\/v2\/product_cat?post=109316"},{"taxonomy":"product_tag","embeddable":true,"href":"https:\/\/trading.hhg.vn\/en\/wp-json\/wp\/v2\/product_tag?post=109316"}],"curies":[{"name":"wp","href":"https:\/\/api.w.org\/{rel}","templated":true}]}}