{"id":109421,"date":"2025-11-30T11:53:56","date_gmt":"2025-11-30T04:53:56","guid":{"rendered":"https:\/\/trading.hhg.vn\/?post_type=product&#038;p=109421"},"modified":"2025-11-30T13:59:41","modified_gmt":"2025-11-30T06:59:41","slug":"voi-bep-tay-gat-don-200-kem-dau-rut-2-duong-nuoc-va-sbox-talis-m51","status":"publish","type":"product","link":"https:\/\/trading.hhg.vn\/en\/s\u1ea3n-ph\u1ea9m\/voi-bep-tay-gat-don-200-kem-dau-rut-2-duong-nuoc-va-sbox-talis-m51\/","title":{"rendered":"V\u00f2i b\u1ebfp tay g\u1ea1t \u0111\u01a1n 200 k\u00e8m \u0111\u1ea7u r\u00fat 2 \u0111\u01b0\u1eddng n\u01b0\u1edbc v\u00e0 sBox Talis M51"},"content":{"rendered":"<p><img fetchpriority=\"high\" decoding=\"async\" class=\"alignnone wp-image-7559 aligncenter\" src=\"https:\/\/trading.hhg.vn\/wp-content\/uploads\/2025\/11\/talis-m51.png\" alt=\"\" width=\"606\" height=\"454\" \/>D\u00f2ng Talis M51 c\u1ee7a Hansgrohe l\u00e0 l\u1ef1a ch\u1ecdn l\u00fd t\u01b0\u1edfng cho b\u1ebfp hi\u1ec7n \u0111\u1ea1i v\u1edbi thi\u1ebft k\u1ebf tinh gi\u1ea3n nh\u01b0ng \u0111\u1ea7y hi\u1ec7u qu\u1ea3. S\u1ea3n ph\u1ea9m t\u00edch h\u1ee3p v\u00f2i k\u00e9o ra 2\u2011spray (tia th\u01b0\u1eddng &amp; tia sen), cho ph\u00e9p b\u1ea1n d\u1ec5 d\u00e0ng ti\u1ebfp c\u1eadn m\u1ecdi v\u1ecb tr\u00ed trong b\u1ed3n r\u1eeda. V\u1edbi ComfortZone \u0111a d\u1ea1ng (160\u2013260 mm), v\u00f2i t\u1ea1o kho\u1ea3ng tr\u1ed1ng tho\u1ea3i m\u00e1i \u0111\u1ec3 thao t\u00e1c ngay c\u1ea3 trong kh\u00f4ng gian nh\u1ecf.<\/p>\n<p>V\u00f2i c\u00f3 th\u1ec3 xoay \u1edf hai m\u1ee9c 110\u00b0 ho\u1eb7c 150\u00b0, \u0111\u1ed3ng th\u1eddi \u0111\u01b0\u1ee3c trang b\u1ecb h\u1ed9p sBox \u0111\u1ec3 lu\u1ed3n d\u00e2y \u00eam \u00e1i, g\u1ecdn g\u00e0ng v\u00e0 b\u1ec1n b\u1ec9. H\u1ec7 th\u1ed1ng ph\u1ea3n l\u1ef1c t\u1eeb t\u00ednh MagFit gi\u1eef \u0111\u1ea7u v\u00f2i ch\u1eafc ch\u1eafn v\u00e0 d\u1ec5 c\u1ea5t c\u00e1nh sau khi s\u1eed d\u1ee5ng. Phi\u00ean b\u1ea3n EcoSmart gi\u00fap ti\u1ebft ki\u1ec7m n\u01b0\u1edbc khi gi\u1edbi h\u1ea1n l\u01b0u l\u01b0\u1ee3ng ch\u1ec9 c\u00f2n 4,8\u20139 l\u00edt\/ph\u00fat, trong khi c\u00f4ng ngh\u1ec7 van s\u1ee9 \u0111\u1ea3m b\u1ea3o \u0111\u1ed9 b\u1ec1n cao v\u00e0 v\u1eadn h\u00e0nh tr\u01a1n tru.<\/p>\n","protected":false},"excerpt":{"rendered":"<p>Talis M51 \u2013 s\u1ef1 h\u00f2a quy\u1ec7n tinh t\u1ebf gi\u1eefa phong c\u00e1ch t\u1ed1i gi\u1ea3n v\u00e0 c\u00f4ng ngh\u1ec7 v\u01b0\u1ee3t tr\u1ed9i, mang \u0111\u1ebfn tr\u1ea3i nghi\u1ec7m b\u1ebfp n\u00fac \u0111\u1eb3ng c\u1ea5p. V\u00f2i b\u1ebfp tay g\u1ea1t \u0111\u01a1n 200 mm v\u1edbi \u0111\u1ea7u r\u00fat 2 \u0111\u01b0\u1eddng n\u01b0\u1edbc ti\u1ec7n l\u1ee3i, cho ph\u00e9p b\u1ea1n d\u1ec5 d\u00e0ng \u0111i\u1ec1u ch\u1ec9nh d\u00f2ng ch\u1ea3y theo m\u1ecdi nhu c\u1ea7u. Thi\u1ebft k\u1ebf t\u1ed1i \u01b0u c\u00f9ng sBox \u1ea9n tinh t\u1ebf d\u01b0\u1edbi m\u1eb7t b\u00e0n, \u0111\u1ea3m b\u1ea3o kh\u00f4ng gian b\u1ebfp lu\u00f4n g\u1ecdn g\u00e0ng v\u00e0 sang tr\u1ecdng. Talis M51 kh\u00f4ng ch\u1ec9 l\u00e0 m\u1ed9t thi\u1ebft b\u1ecb, m\u00e0 l\u00e0 tuy\u00ean ng\u00f4n v\u1ec1 l\u1ed1i s\u1ed1ng hi\u1ec7n \u0111\u1ea1i, n\u01a1i m\u1ed7i thao t\u00e1c \u0111\u1ec1u tr\u1edf n\u00ean m\u01b0\u1ee3t m\u00e0 v\u00e0 \u0111\u1ea7y c\u1ea3m h\u1ee9ng.<\/p>\n","protected":false},"featured_media":98480,"comment_status":"open","ping_status":"closed","template":"","meta":{"_acf_changed":false},"product_cat":[276],"product_tag":[],"class_list":{"0":"post-109421","1":"product","2":"type-product","3":"status-publish","4":"has-post-thumbnail","6":"product_cat-voi-bep","7":"pa_mau-sac-chrome","9":"first","10":"instock","11":"shipping-taxable","12":"purchasable","13":"product-type-variable"},"acf":[],"featured_media_urls":{"thumbnail":["https:\/\/trading.hhg.vn\/wp-content\/uploads\/2025\/11\/154__hpa01682_tif-150x150.png",150,150,true],"medium":["https:\/\/trading.hhg.vn\/wp-content\/uploads\/2025\/11\/154__hpa01682_tif-263x300.png",263,300,true],"medium_large":["https:\/\/trading.hhg.vn\/wp-content\/uploads\/2025\/11\/154__hpa01682_tif-768x878.png",768,878,true],"large":["https:\/\/trading.hhg.vn\/wp-content\/uploads\/2025\/11\/154__hpa01682_tif-896x1024.png",896,1024,true],"1536x1536":["https:\/\/trading.hhg.vn\/wp-content\/uploads\/2025\/11\/154__hpa01682_tif.png",1260,1440,false],"2048x2048":["https:\/\/trading.hhg.vn\/wp-content\/uploads\/2025\/11\/154__hpa01682_tif.png",1260,1440,false],"woocommerce_thumbnail":["https:\/\/trading.hhg.vn\/wp-content\/uploads\/2025\/11\/154__hpa01682_tif-600x600.png",600,600,true],"woocommerce_single":["https:\/\/trading.hhg.vn\/wp-content\/uploads\/2025\/11\/154__hpa01682_tif-1200x1371.png",1200,1371,true],"woocommerce_gallery_thumbnail":["https:\/\/trading.hhg.vn\/wp-content\/uploads\/2025\/11\/154__hpa01682_tif-150x171.png",150,171,true],"portfolio_item-thumbnail":["https:\/\/trading.hhg.vn\/wp-content\/uploads\/2025\/11\/154__hpa01682_tif.png",350,400,false],"portfolio_item-thumbnail@2x":["https:\/\/trading.hhg.vn\/wp-content\/uploads\/2025\/11\/154__hpa01682_tif.png",700,800,false],"portfolio_item-masonry":["https:\/\/trading.hhg.vn\/wp-content\/uploads\/2025\/11\/154__hpa01682_tif.png",600,686,false],"portfolio_item-masonry@2x":["https:\/\/trading.hhg.vn\/wp-content\/uploads\/2025\/11\/154__hpa01682_tif.png",1200,1371,false],"portfolio_item-thumbnail_cinema":["https:\/\/trading.hhg.vn\/wp-content\/uploads\/2025\/11\/154__hpa01682_tif.png",293,335,false],"portfolio_item-thumbnail_portrait":["https:\/\/trading.hhg.vn\/wp-content\/uploads\/2025\/11\/154__hpa01682_tif.png",600,686,false],"portfolio_item-thumbnail_portrait@2x":["https:\/\/trading.hhg.vn\/wp-content\/uploads\/2025\/11\/154__hpa01682_tif.png",1200,1371,false],"portfolio_item-thumbnail_square":["https:\/\/trading.hhg.vn\/wp-content\/uploads\/2025\/11\/154__hpa01682_tif.png",700,800,false]},"_links":{"self":[{"href":"https:\/\/trading.hhg.vn\/en\/wp-json\/wp\/v2\/product\/109421","targetHints":{"allow":["GET"]}}],"collection":[{"href":"https:\/\/trading.hhg.vn\/en\/wp-json\/wp\/v2\/product"}],"about":[{"href":"https:\/\/trading.hhg.vn\/en\/wp-json\/wp\/v2\/types\/product"}],"replies":[{"embeddable":true,"href":"https:\/\/trading.hhg.vn\/en\/wp-json\/wp\/v2\/comments?post=109421"}],"version-history":[{"count":2,"href":"https:\/\/trading.hhg.vn\/en\/wp-json\/wp\/v2\/product\/109421\/revisions"}],"predecessor-version":[{"id":110301,"href":"https:\/\/trading.hhg.vn\/en\/wp-json\/wp\/v2\/product\/109421\/revisions\/110301"}],"wp:featuredmedia":[{"embeddable":true,"href":"https:\/\/trading.hhg.vn\/en\/wp-json\/wp\/v2\/media\/98480"}],"wp:attachment":[{"href":"https:\/\/trading.hhg.vn\/en\/wp-json\/wp\/v2\/media?parent=109421"}],"wp:term":[{"taxonomy":"product_cat","embeddable":true,"href":"https:\/\/trading.hhg.vn\/en\/wp-json\/wp\/v2\/product_cat?post=109421"},{"taxonomy":"product_tag","embeddable":true,"href":"https:\/\/trading.hhg.vn\/en\/wp-json\/wp\/v2\/product_tag?post=109421"}],"curies":[{"name":"wp","href":"https:\/\/api.w.org\/{rel}","templated":true}]}}