{"id":109456,"date":"2025-11-30T11:56:43","date_gmt":"2025-11-30T04:56:43","guid":{"rendered":"https:\/\/trading.hhg.vn\/?post_type=product&#038;p=109456"},"modified":"2025-12-07T11:46:52","modified_gmt":"2025-12-07T04:46:52","slug":"voi-bep-tay-gat-don-320-kem-dau-rut-2-duong-nuoc-metris-select-m71","status":"publish","type":"product","link":"https:\/\/trading.hhg.vn\/en\/s\u1ea3n-ph\u1ea9m\/voi-bep-tay-gat-don-320-kem-dau-rut-2-duong-nuoc-metris-select-m71\/","title":{"rendered":"V\u00f2i b\u1ebfp tay g\u1ea1t \u0111\u01a1n 320 k\u00e8m \u0111\u1ea7u r\u00fat 2 \u0111\u01b0\u1eddng n\u01b0\u1edbc Metris Select M71"},"content":{"rendered":"<p><img fetchpriority=\"high\" decoding=\"async\" class=\"alignnone wp-image-7559 aligncenter\" src=\"https:\/\/trading.hhg.vn\/wp-content\/uploads\/2025\/11\/metris-m71.png\" alt=\"\" width=\"606\" height=\"454\" \/>D\u00f2ng v\u00f2i b\u1ebfp Metris M71 mang \u0111\u1ebfn tr\u1ea3i nghi\u1ec7m s\u1eed d\u1ee5ng th\u00f4ng minh v\u00e0 ti\u1ec7n nghi t\u1ed1i \u0111a cho nh\u00e0 b\u1ebfp hi\u1ec7n \u0111\u1ea1i. V\u1edbi c\u00f4ng ngh\u1ec7 2Spray Select, b\u1ea1n c\u00f3 th\u1ec3 b\u1eaft \u0111\u1ea7u s\u1eed d\u1ee5ng n\u01b0\u1edbc b\u1eb1ng tay g\u1ea1t, chuy\u1ec3n \u0111\u1ed5i gi\u1eefa hai lo\u1ea1i tia n\u01b0\u1edbc tr\u1ef1c ti\u1ebfp tr\u00ean v\u00f2i phun c\u1ea7m tay v\u00e0 d\u1eebng n\u01b0\u1edbc ch\u1ec9 b\u1eb1ng c\u00e1ch nh\u1ea5n n\u00fat Select. M\u1ecdi thao t\u00e1c \u0111\u1ec1u \u0111\u01b0\u1ee3c th\u1ef1c hi\u1ec7n b\u1eb1ng m\u1ed9t tay, gi\u00fap quy tr\u00ecnh l\u00e0m b\u1ebfp m\u01b0\u1ee3t m\u00e0 v\u00e0 ti\u1ebft ki\u1ec7m t\u00e0i nguy\u00ean hi\u1ec7u qu\u1ea3.<\/p>\n<p>Metris M71 cung c\u1ea5p nhi\u1ec1u l\u1ef1a ch\u1ecdn linh ho\u1ea1t: v\u00f2i k\u00e9o ra ho\u1eb7c v\u00f2i phun c\u1ea7m tay k\u00e9o ra v\u1edbi \u0111\u1ed9 d\u00e0i l\u00ean \u0111\u1ebfn 76 cm, b\u1ed1n chi\u1ec1u cao v\u00f2i t\u1eeb 240\u2013320 mm, c\u00f9ng kh\u1ea3 n\u0103ng xoay 360\u00b0. M\u1ed9t s\u1ed1 m\u1eabu c\u00f2n trang b\u1ecb n\u00fat Select tr\u00ean th\u00e2n v\u00f2i, cho ph\u00e9p t\u1eaft n\u01b0\u1edbc b\u1eb1ng mu b\u00e0n tay ho\u1eb7c c\u00e1nh tay khi tay \u0111ang b\u1ea9n. \u0110\u1eb7c bi\u1ec7t, phi\u00ean b\u1ea3n Metris Select M71 2 l\u1ed7 \u0111\u1eb7t b\u1ed9 \u0111i\u1ec1u khi\u1ec3n ngay tr\u00ean v\u00e0nh tr\u01b0\u1edbc b\u1ed3n r\u1eeda, gi\u00fap b\u1eadt\/t\u1eaft n\u01b0\u1edbc ho\u1eb7c chuy\u1ec3n tia phun c\u1ef1c k\u1ef3 nhanh ch\u00f3ng v\u00e0 tr\u1ef1c quan. Nh\u1edd sBox v\u00e0 gi\u00e1 \u0111\u1ee1 t\u1eeb t\u00ednh MagFit, v\u00f2i phun c\u1ea7m tay lu\u00f4n ho\u1ea1t \u0111\u1ed9ng m\u01b0\u1ee3t m\u00e0 v\u00e0 g\u1ecdn g\u00e0ng sau s\u1eed d\u1ee5ng.<\/p>\n","protected":false},"excerpt":{"rendered":"<p>V\u00f2i b\u1ebfp Metris Select M71 l\u00e0 tuy\u1ec7t t\u00e1c k\u1ebft h\u1ee3p tinh hoa thi\u1ebft k\u1ebf v\u00e0 c\u00f4ng n\u0103ng v\u01b0\u1ee3t tr\u1ed9i. V\u1edbi tay g\u1ea1t \u0111\u01a1n m\u01b0\u1ee3t m\u00e0 v\u00e0 \u0111\u1ea7u r\u00fat linh ho\u1ea1t, b\u1ea1n d\u1ec5 d\u00e0ng chuy\u1ec3n \u0111\u1ed5i gi\u1eefa hai \u0111\u01b0\u1eddng n\u01b0\u1edbc, t\u1ed1i \u01b0u h\u00f3a m\u1ecdi thao t\u00e1c. M\u1ed7i \u0111\u01b0\u1eddng n\u00e9t \u0111\u01b0\u1ee3c trau chu\u1ed1t t\u1ec9 m\u1ec9, kh\u00f4ng ch\u1ec9 t\u00f4 \u0111i\u1ec3m v\u1ebb sang tr\u1ecdng cho kh\u00f4ng gian b\u1ebfp m\u00e0 c\u00f2n mang \u0111\u1ebfn tr\u1ea3i nghi\u1ec7m s\u1eed d\u1ee5ng \u00eam \u00e1i, ti\u1ec7n l\u1ee3i b\u1ea5t ng\u1edd. Metris Select M71 bi\u1ebfn m\u1ed7i kho\u1ea3nh kh\u1eafc trong b\u1ebfp th\u00e0nh tr\u1ea3i nghi\u1ec7m \u0111\u1eb3ng c\u1ea5p, n\u00e2ng t\u1ea7m phong c\u00e1ch s\u1ed1ng c\u1ee7a b\u1ea1n.<\/p>\n","protected":false},"featured_media":99239,"comment_status":"open","ping_status":"closed","template":"","meta":{"_acf_changed":false},"product_cat":[276],"product_tag":[],"class_list":{"0":"post-109456","1":"product","2":"type-product","3":"status-publish","4":"has-post-thumbnail","6":"product_cat-voi-bep","7":"pa_mau-sac-chrome","9":"first","10":"instock","11":"shipping-taxable","12":"purchasable","13":"product-type-variable"},"acf":[],"featured_media_urls":{"thumbnail":["https:\/\/trading.hhg.vn\/wp-content\/uploads\/2025\/11\/154__hpr01763_tif-150x150.png",150,150,true],"medium":["https:\/\/trading.hhg.vn\/wp-content\/uploads\/2025\/11\/154__hpr01763_tif-263x300.png",263,300,true],"medium_large":["https:\/\/trading.hhg.vn\/wp-content\/uploads\/2025\/11\/154__hpr01763_tif-768x878.png",768,878,true],"large":["https:\/\/trading.hhg.vn\/wp-content\/uploads\/2025\/11\/154__hpr01763_tif-896x1024.png",896,1024,true],"1536x1536":["https:\/\/trading.hhg.vn\/wp-content\/uploads\/2025\/11\/154__hpr01763_tif.png",1260,1440,false],"2048x2048":["https:\/\/trading.hhg.vn\/wp-content\/uploads\/2025\/11\/154__hpr01763_tif.png",1260,1440,false],"woocommerce_thumbnail":["https:\/\/trading.hhg.vn\/wp-content\/uploads\/2025\/11\/154__hpr01763_tif-600x600.png",600,600,true],"woocommerce_single":["https:\/\/trading.hhg.vn\/wp-content\/uploads\/2025\/11\/154__hpr01763_tif-1200x1371.png",1200,1371,true],"woocommerce_gallery_thumbnail":["https:\/\/trading.hhg.vn\/wp-content\/uploads\/2025\/11\/154__hpr01763_tif-150x171.png",150,171,true],"portfolio_item-thumbnail":["https:\/\/trading.hhg.vn\/wp-content\/uploads\/2025\/11\/154__hpr01763_tif.png",350,400,false],"portfolio_item-thumbnail@2x":["https:\/\/trading.hhg.vn\/wp-content\/uploads\/2025\/11\/154__hpr01763_tif.png",700,800,false],"portfolio_item-masonry":["https:\/\/trading.hhg.vn\/wp-content\/uploads\/2025\/11\/154__hpr01763_tif.png",600,686,false],"portfolio_item-masonry@2x":["https:\/\/trading.hhg.vn\/wp-content\/uploads\/2025\/11\/154__hpr01763_tif.png",1200,1371,false],"portfolio_item-thumbnail_cinema":["https:\/\/trading.hhg.vn\/wp-content\/uploads\/2025\/11\/154__hpr01763_tif.png",293,335,false],"portfolio_item-thumbnail_portrait":["https:\/\/trading.hhg.vn\/wp-content\/uploads\/2025\/11\/154__hpr01763_tif.png",600,686,false],"portfolio_item-thumbnail_portrait@2x":["https:\/\/trading.hhg.vn\/wp-content\/uploads\/2025\/11\/154__hpr01763_tif.png",1200,1371,false],"portfolio_item-thumbnail_square":["https:\/\/trading.hhg.vn\/wp-content\/uploads\/2025\/11\/154__hpr01763_tif.png",700,800,false]},"_links":{"self":[{"href":"https:\/\/trading.hhg.vn\/en\/wp-json\/wp\/v2\/product\/109456","targetHints":{"allow":["GET"]}}],"collection":[{"href":"https:\/\/trading.hhg.vn\/en\/wp-json\/wp\/v2\/product"}],"about":[{"href":"https:\/\/trading.hhg.vn\/en\/wp-json\/wp\/v2\/types\/product"}],"replies":[{"embeddable":true,"href":"https:\/\/trading.hhg.vn\/en\/wp-json\/wp\/v2\/comments?post=109456"}],"version-history":[{"count":2,"href":"https:\/\/trading.hhg.vn\/en\/wp-json\/wp\/v2\/product\/109456\/revisions"}],"predecessor-version":[{"id":118869,"href":"https:\/\/trading.hhg.vn\/en\/wp-json\/wp\/v2\/product\/109456\/revisions\/118869"}],"wp:featuredmedia":[{"embeddable":true,"href":"https:\/\/trading.hhg.vn\/en\/wp-json\/wp\/v2\/media\/99239"}],"wp:attachment":[{"href":"https:\/\/trading.hhg.vn\/en\/wp-json\/wp\/v2\/media?parent=109456"}],"wp:term":[{"taxonomy":"product_cat","embeddable":true,"href":"https:\/\/trading.hhg.vn\/en\/wp-json\/wp\/v2\/product_cat?post=109456"},{"taxonomy":"product_tag","embeddable":true,"href":"https:\/\/trading.hhg.vn\/en\/wp-json\/wp\/v2\/product_tag?post=109456"}],"curies":[{"name":"wp","href":"https:\/\/api.w.org\/{rel}","templated":true}]}}