{"id":109518,"date":"2025-11-30T11:59:41","date_gmt":"2025-11-30T04:59:41","guid":{"rendered":"https:\/\/trading.hhg.vn\/product\/thot-go-soi-f16\/"},"modified":"2025-12-17T08:08:55","modified_gmt":"2025-12-17T01:08:55","slug":"thot-go-soi-f16","status":"publish","type":"product","link":"https:\/\/trading.hhg.vn\/en\/s\u1ea3n-ph\u1ea9m\/thot-go-soi-f16\/","title":{"rendered":"Th\u1edbt g\u1ed7 s\u1ed3i F16"},"content":{"rendered":"","protected":false},"excerpt":{"rendered":"<p>Th\u1edbt g\u1ed7 s\u1ed3i F16 kh\u00f4ng ch\u1ec9 l\u00e0 d\u1ee5ng c\u1ee5 b\u1ebfp, m\u00e0 c\u00f2n l\u00e0 tuy\u00ean ng\u00f4n tinh t\u1ebf cho phong c\u00e1ch s\u1ed1ng. V\u1edbi thi\u1ebft k\u1ebf t\u1ed1i gi\u1ea3n \u0111\u1ea7y duy\u00ean d\u00e1ng c\u00f9ng v\u00e2n g\u1ed7 s\u1ed3i t\u1ef1 nhi\u00ean \u0111\u01b0\u1ee3c tuy\u1ec3n ch\u1ecdn k\u1ef9 l\u01b0\u1ee1ng, m\u1ed7i chi\u1ebfc th\u1edbt l\u00e0 m\u1ed9t t\u00e1c ph\u1ea9m ngh\u1ec7 thu\u1eadt ri\u00eang. B\u1ec1 m\u1eb7t g\u1ed7 d\u00e0y d\u1eb7n, b\u1ec1n ch\u1eafc, gi\u1eef nguy\u00ean v\u1ebb \u0111\u1eb9p qua th\u1eddi gian, \u0111\u1ed3ng th\u1eddi b\u1ea3o v\u1ec7 l\u01b0\u1ee1i dao s\u1eafc b\u00e9n. Tr\u1ea3i nghi\u1ec7m c\u1ea7m n\u1eafm v\u1eefng ch\u1eafc, c\u00f9ng c\u00f4ng n\u0103ng c\u1eaft th\u00e1i m\u01b0\u1ee3t m\u00e0, bi\u1ebfn m\u1ecdi kho\u1ea3nh kh\u1eafc v\u00e0o b\u1ebfp th\u00e0nh ni\u1ec1m vui v\u00e0 s\u1ef1 s\u00e1ng t\u1ea1o.<\/p>\n","protected":false},"featured_media":98948,"comment_status":"open","ping_status":"closed","template":"","meta":{"_acf_changed":false},"product_cat":[903],"product_tag":[],"class_list":{"0":"post-109518","1":"product","2":"type-product","3":"status-publish","4":"has-post-thumbnail","6":"product_cat-phu-kien-bo-loc","7":"pa_mau-sac-go-soi-tu-nhien","9":"first","10":"instock","11":"shipping-taxable","12":"purchasable","13":"product-type-simple"},"acf":[],"featured_media_urls":{"thumbnail":["https:\/\/trading.hhg.vn\/wp-content\/uploads\/2025\/11\/154__hpr01744_tif-150x150.png",150,150,true],"medium":["https:\/\/trading.hhg.vn\/wp-content\/uploads\/2025\/11\/154__hpr01744_tif-262x300.png",262,300,true],"medium_large":["https:\/\/trading.hhg.vn\/wp-content\/uploads\/2025\/11\/154__hpr01744_tif-768x878.png",768,878,true],"large":["https:\/\/trading.hhg.vn\/wp-content\/uploads\/2025\/11\/154__hpr01744_tif-896x1024.png",896,1024,true],"1536x1536":["https:\/\/trading.hhg.vn\/wp-content\/uploads\/2025\/11\/154__hpr01744_tif-1344x1536.png",1344,1536,true],"2048x2048":["https:\/\/trading.hhg.vn\/wp-content\/uploads\/2025\/11\/154__hpr01744_tif.png",1440,1646,false],"woocommerce_thumbnail":["https:\/\/trading.hhg.vn\/wp-content\/uploads\/2025\/11\/154__hpr01744_tif-600x600.png",600,600,true],"woocommerce_single":["https:\/\/trading.hhg.vn\/wp-content\/uploads\/2025\/11\/154__hpr01744_tif-1200x1372.png",1200,1372,true],"woocommerce_gallery_thumbnail":["https:\/\/trading.hhg.vn\/wp-content\/uploads\/2025\/11\/154__hpr01744_tif-150x171.png",150,171,true],"portfolio_item-thumbnail":["https:\/\/trading.hhg.vn\/wp-content\/uploads\/2025\/11\/154__hpr01744_tif.png",350,400,false],"portfolio_item-thumbnail@2x":["https:\/\/trading.hhg.vn\/wp-content\/uploads\/2025\/11\/154__hpr01744_tif.png",700,800,false],"portfolio_item-masonry":["https:\/\/trading.hhg.vn\/wp-content\/uploads\/2025\/11\/154__hpr01744_tif.png",600,686,false],"portfolio_item-masonry@2x":["https:\/\/trading.hhg.vn\/wp-content\/uploads\/2025\/11\/154__hpr01744_tif.png",1200,1372,false],"portfolio_item-thumbnail_cinema":["https:\/\/trading.hhg.vn\/wp-content\/uploads\/2025\/11\/154__hpr01744_tif.png",293,335,false],"portfolio_item-thumbnail_portrait":["https:\/\/trading.hhg.vn\/wp-content\/uploads\/2025\/11\/154__hpr01744_tif.png",600,686,false],"portfolio_item-thumbnail_portrait@2x":["https:\/\/trading.hhg.vn\/wp-content\/uploads\/2025\/11\/154__hpr01744_tif.png",1200,1372,false],"portfolio_item-thumbnail_square":["https:\/\/trading.hhg.vn\/wp-content\/uploads\/2025\/11\/154__hpr01744_tif.png",700,800,false]},"_links":{"self":[{"href":"https:\/\/trading.hhg.vn\/en\/wp-json\/wp\/v2\/product\/109518","targetHints":{"allow":["GET"]}}],"collection":[{"href":"https:\/\/trading.hhg.vn\/en\/wp-json\/wp\/v2\/product"}],"about":[{"href":"https:\/\/trading.hhg.vn\/en\/wp-json\/wp\/v2\/types\/product"}],"replies":[{"embeddable":true,"href":"https:\/\/trading.hhg.vn\/en\/wp-json\/wp\/v2\/comments?post=109518"}],"version-history":[{"count":0,"href":"https:\/\/trading.hhg.vn\/en\/wp-json\/wp\/v2\/product\/109518\/revisions"}],"wp:featuredmedia":[{"embeddable":true,"href":"https:\/\/trading.hhg.vn\/en\/wp-json\/wp\/v2\/media\/98948"}],"wp:attachment":[{"href":"https:\/\/trading.hhg.vn\/en\/wp-json\/wp\/v2\/media?parent=109518"}],"wp:term":[{"taxonomy":"product_cat","embeddable":true,"href":"https:\/\/trading.hhg.vn\/en\/wp-json\/wp\/v2\/product_cat?post=109518"},{"taxonomy":"product_tag","embeddable":true,"href":"https:\/\/trading.hhg.vn\/en\/wp-json\/wp\/v2\/product_tag?post=109518"}],"curies":[{"name":"wp","href":"https:\/\/api.w.org\/{rel}","templated":true}]}}