{"id":109586,"date":"2025-11-30T12:02:31","date_gmt":"2025-11-30T05:02:31","guid":{"rendered":"https:\/\/trading.hhg.vn\/?post_type=product&#038;p=109586"},"modified":"2025-11-30T12:03:59","modified_gmt":"2025-11-30T05:03:59","slug":"voi-loc-210-dau-voi-rut-1-duong-nuoc-sbox-bo-khoi-dong-aqittura-m91","status":"publish","type":"product","link":"https:\/\/trading.hhg.vn\/en\/s\u1ea3n-ph\u1ea9m\/voi-loc-210-dau-voi-rut-1-duong-nuoc-sbox-bo-khoi-dong-aqittura-m91\/","title":{"rendered":"V\u00f2i l\u1ecdc 210, \u0111\u1ea7u v\u00f2i r\u00fat, 1 \u0111\u01b0\u1eddng n\u01b0\u1edbc, sBox, b\u1ed9 kh\u1edfi \u0111\u1ed9ng Aqittura M91"},"content":{"rendered":"<p><img fetchpriority=\"high\" decoding=\"async\" class=\"alignnone wp-image-7559 aligncenter\" src=\"https:\/\/trading.hhg.vn\/wp-content\/uploads\/2025\/11\/Aqittura-M91.jpg\" alt=\"\" width=\"606\" height=\"454\" \/>Aqittura M91 n\u1ed5i b\u1eadt v\u1edbi thi\u1ebft k\u1ebf th\u00e2n tr\u1ee5 t\u1ed1i gi\u1ea3n, v\u00f2i cao xoay linh ho\u1ea1t v\u00e0 t\u00f9y ch\u1ecdn v\u00f2i k\u00e9o d\u00e0i, mang l\u1ea1i ph\u1ea1m vi s\u1eed d\u1ee5ng r\u1ed9ng r\u00e3i khi r\u1eeda th\u1ef1c ph\u1ea9m hay n\u1ed3i l\u1edbn. S\u1ea3n ph\u1ea9m \u0111\u01b0\u1ee3c ch\u1ebf t\u00e1c t\u1eeb \u0111\u1ed3ng thau cao c\u1ea5p, b\u1ec1 m\u1eb7t Chrome ho\u1eb7c Stainless Steel Finish ch\u1ed1ng tr\u1ea7y x\u01b0\u1edbc v\u00e0 d\u1ec5 v\u1ec7 sinh.<\/p>\n<p>\u0110i\u1ec3m m\u1ea1nh nh\u1ea5t c\u1ee7a Aqittura M91 l\u00e0 t\u00f9y ch\u1ecdn Aqittura FilterSystem \u2013 h\u1ec7 th\u1ed1ng l\u1ecdc n\u01b0\u1edbc ngay t\u1ea1i v\u00f2i v\u1edbi cartridge Carbon ho\u1eb7c Mineralizing, gi\u00fap lo\u1ea1i b\u1ecf t\u1ea1p ch\u1ea5t, c\u1ea3i thi\u1ec7n v\u1ecb n\u01b0\u1edbc v\u00e0 b\u1ed5 sung kho\u00e1ng. T\u1eebng chi ti\u1ebft nh\u01b0 tay g\u1ea1t m\u01b0\u1ee3t, tr\u1ed9n n\u01b0\u1edbc ch\u00ednh x\u00e1c v\u00e0 c\u1ea5u tr\u00fac ch\u1eafc ch\u1eafn \u0111\u1ec1u \u0111\u01b0\u1ee3c t\u1ed1i \u01b0u \u0111\u1ec3 mang l\u1ea1i tr\u1ea3i nghi\u1ec7m b\u1ec1n b\u1ec9 v\u00e0 ti\u1ec7n nghi trong b\u1ebfp.<\/p>\n","protected":false},"excerpt":{"rendered":"<p>Kh\u00e1m ph\u00e1 Aqittura M91 \u2013 s\u1ef1 k\u1ebft h\u1ee3p ho\u00e0n h\u1ea3o gi\u1eefa th\u1ea9m m\u1ef9 tinh t\u1ebf v\u00e0 c\u00f4ng n\u0103ng v\u01b0\u1ee3t tr\u1ed9i. V\u1edbi v\u00f2i l\u1ecdc 210 t\u00edch h\u1ee3p \u0111\u1ea7u v\u00f2i r\u00fat linh ho\u1ea1t, m\u1ecdi thao t\u00e1c \u0111\u1ec1u tr\u1edf n\u00ean d\u1ec5 d\u00e0ng. sBox th\u00f4ng minh t\u1ed1i \u01b0u kh\u00f4ng gian d\u01b0\u1edbi b\u1ed3n, trong khi b\u1ed9 kh\u1edfi \u0111\u1ed9ng Aqittura M91 mang \u0111\u1ebfn tr\u1ea3i nghi\u1ec7m n\u01b0\u1edbc l\u1ecdc tinh khi\u1ebft ngay t\u1ee9c th\u00ec, n\u00e2ng t\u1ea7m phong c\u00e1ch s\u1ed1ng v\u00e0 ti\u1ec7n nghi trong m\u1ed7i kho\u1ea3nh kh\u1eafc s\u1eed d\u1ee5ng.<\/p>\n","protected":false},"featured_media":100304,"comment_status":"open","ping_status":"closed","template":"","meta":{"_acf_changed":false},"product_cat":[276],"product_tag":[],"class_list":{"0":"post-109586","1":"product","2":"type-product","3":"status-publish","4":"has-post-thumbnail","6":"product_cat-voi-bep","7":"pa_mau-sac-chrome","9":"first","10":"instock","11":"shipping-taxable","12":"product-type-variable"},"acf":[],"featured_media_urls":{"thumbnail":["https:\/\/trading.hhg.vn\/wp-content\/uploads\/2025\/11\/154__hpr04047_tif-150x150.png",150,150,true],"medium":["https:\/\/trading.hhg.vn\/wp-content\/uploads\/2025\/11\/154__hpr04047_tif-263x300.png",263,300,true],"medium_large":["https:\/\/trading.hhg.vn\/wp-content\/uploads\/2025\/11\/154__hpr04047_tif-768x878.png",768,878,true],"large":["https:\/\/trading.hhg.vn\/wp-content\/uploads\/2025\/11\/154__hpr04047_tif-896x1024.png",896,1024,true],"1536x1536":["https:\/\/trading.hhg.vn\/wp-content\/uploads\/2025\/11\/154__hpr04047_tif.png",1260,1440,false],"2048x2048":["https:\/\/trading.hhg.vn\/wp-content\/uploads\/2025\/11\/154__hpr04047_tif.png",1260,1440,false],"woocommerce_thumbnail":["https:\/\/trading.hhg.vn\/wp-content\/uploads\/2025\/11\/154__hpr04047_tif-600x600.png",600,600,true],"woocommerce_single":["https:\/\/trading.hhg.vn\/wp-content\/uploads\/2025\/11\/154__hpr04047_tif-1200x1371.png",1200,1371,true],"woocommerce_gallery_thumbnail":["https:\/\/trading.hhg.vn\/wp-content\/uploads\/2025\/11\/154__hpr04047_tif-150x171.png",150,171,true],"portfolio_item-thumbnail":["https:\/\/trading.hhg.vn\/wp-content\/uploads\/2025\/11\/154__hpr04047_tif.png",350,400,false],"portfolio_item-thumbnail@2x":["https:\/\/trading.hhg.vn\/wp-content\/uploads\/2025\/11\/154__hpr04047_tif.png",700,800,false],"portfolio_item-masonry":["https:\/\/trading.hhg.vn\/wp-content\/uploads\/2025\/11\/154__hpr04047_tif.png",600,686,false],"portfolio_item-masonry@2x":["https:\/\/trading.hhg.vn\/wp-content\/uploads\/2025\/11\/154__hpr04047_tif.png",1200,1371,false],"portfolio_item-thumbnail_cinema":["https:\/\/trading.hhg.vn\/wp-content\/uploads\/2025\/11\/154__hpr04047_tif.png",293,335,false],"portfolio_item-thumbnail_portrait":["https:\/\/trading.hhg.vn\/wp-content\/uploads\/2025\/11\/154__hpr04047_tif.png",600,686,false],"portfolio_item-thumbnail_portrait@2x":["https:\/\/trading.hhg.vn\/wp-content\/uploads\/2025\/11\/154__hpr04047_tif.png",1200,1371,false],"portfolio_item-thumbnail_square":["https:\/\/trading.hhg.vn\/wp-content\/uploads\/2025\/11\/154__hpr04047_tif.png",700,800,false]},"_links":{"self":[{"href":"https:\/\/trading.hhg.vn\/en\/wp-json\/wp\/v2\/product\/109586","targetHints":{"allow":["GET"]}}],"collection":[{"href":"https:\/\/trading.hhg.vn\/en\/wp-json\/wp\/v2\/product"}],"about":[{"href":"https:\/\/trading.hhg.vn\/en\/wp-json\/wp\/v2\/types\/product"}],"replies":[{"embeddable":true,"href":"https:\/\/trading.hhg.vn\/en\/wp-json\/wp\/v2\/comments?post=109586"}],"version-history":[{"count":1,"href":"https:\/\/trading.hhg.vn\/en\/wp-json\/wp\/v2\/product\/109586\/revisions"}],"predecessor-version":[{"id":109644,"href":"https:\/\/trading.hhg.vn\/en\/wp-json\/wp\/v2\/product\/109586\/revisions\/109644"}],"wp:featuredmedia":[{"embeddable":true,"href":"https:\/\/trading.hhg.vn\/en\/wp-json\/wp\/v2\/media\/100304"}],"wp:attachment":[{"href":"https:\/\/trading.hhg.vn\/en\/wp-json\/wp\/v2\/media?parent=109586"}],"wp:term":[{"taxonomy":"product_cat","embeddable":true,"href":"https:\/\/trading.hhg.vn\/en\/wp-json\/wp\/v2\/product_cat?post=109586"},{"taxonomy":"product_tag","embeddable":true,"href":"https:\/\/trading.hhg.vn\/en\/wp-json\/wp\/v2\/product_tag?post=109586"}],"curies":[{"name":"wp","href":"https:\/\/api.w.org\/{rel}","templated":true}]}}