{"id":109613,"date":"2025-11-30T12:03:02","date_gmt":"2025-11-30T05:03:02","guid":{"rendered":"https:\/\/trading.hhg.vn\/?post_type=product&#038;p=109613"},"modified":"2025-11-30T12:03:59","modified_gmt":"2025-11-30T05:03:59","slug":"num-xoay-a11-cho-van-hanh-lech-tam-hansgrohe","status":"publish","type":"product","link":"https:\/\/trading.hhg.vn\/en\/s\u1ea3n-ph\u1ea9m\/num-xoay-a11-cho-van-hanh-lech-tam-hansgrohe\/","title":{"rendered":"N\u00fam xoay A11 cho v\u1eadn h\u00e0nh l\u1ec7ch t\u00e2m hansgrohe"},"content":{"rendered":"","protected":false},"excerpt":{"rendered":"<p>N\u00fam xoay A11 c\u1ee7a hansgrohe \u0111\u1ecbnh h\u00ecnh kh\u00f4ng gian ph\u00f2ng t\u1eafm v\u1edbi thi\u1ebft k\u1ebf tinh x\u1ea3o, t\u1eebng \u0111\u01b0\u1eddng n\u00e9t bo tr\u00f2n ho\u00e0n h\u1ea3o, k\u1ebft h\u1ee3p c\u00f9ng ch\u1ea5t li\u1ec7u cao c\u1ea5p mang l\u1ea1i c\u1ea3m gi\u00e1c ch\u1ea1m m\u01b0\u1ee3t m\u00e0. V\u1eadn h\u00e0nh l\u1ec7ch t\u00e2m tr\u1edf n\u00ean tr\u1ef1c quan v\u00e0 nh\u1eb9 nh\u00e0ng h\u01a1n bao gi\u1edd h\u1ebft, cho ph\u00e9p b\u1ea1n tinh ch\u1ec9nh d\u00f2ng n\u01b0\u1edbc v\u1edbi \u0111\u1ed9 ch\u00ednh x\u00e1c tuy\u1ec7t \u0111\u1ed1i, bi\u1ebfn m\u1ed7i t\u01b0\u01a1ng t\u00e1c th\u00e0nh tr\u1ea3i nghi\u1ec7m th\u01b0 th\u00e1i v\u00e0 \u0111\u1ea7y c\u1ea3m h\u1ee9ng.<\/p>\n","protected":false},"featured_media":97779,"comment_status":"open","ping_status":"closed","template":"","meta":{"_acf_changed":false},"product_cat":[903],"product_tag":[],"class_list":{"0":"post-109613","1":"product","2":"type-product","3":"status-publish","4":"has-post-thumbnail","6":"product_cat-phu-kien-bo-loc","7":"pa_mau-sac-den-mo","9":"first","10":"instock","11":"shipping-taxable","12":"product-type-variable"},"acf":[],"featured_media_urls":{"thumbnail":["https:\/\/trading.hhg.vn\/wp-content\/uploads\/2025\/11\/154__hpr01430_tif-150x150.png",150,150,true],"medium":["https:\/\/trading.hhg.vn\/wp-content\/uploads\/2025\/11\/154__hpr01430_tif-262x300.png",262,300,true],"medium_large":["https:\/\/trading.hhg.vn\/wp-content\/uploads\/2025\/11\/154__hpr01430_tif-768x878.png",768,878,true],"large":["https:\/\/trading.hhg.vn\/wp-content\/uploads\/2025\/11\/154__hpr01430_tif-896x1024.png",896,1024,true],"1536x1536":["https:\/\/trading.hhg.vn\/wp-content\/uploads\/2025\/11\/154__hpr01430_tif-1344x1536.png",1344,1536,true],"2048x2048":["https:\/\/trading.hhg.vn\/wp-content\/uploads\/2025\/11\/154__hpr01430_tif.png",1440,1646,false],"woocommerce_thumbnail":["https:\/\/trading.hhg.vn\/wp-content\/uploads\/2025\/11\/154__hpr01430_tif-600x600.png",600,600,true],"woocommerce_single":["https:\/\/trading.hhg.vn\/wp-content\/uploads\/2025\/11\/154__hpr01430_tif-1200x1372.png",1200,1372,true],"woocommerce_gallery_thumbnail":["https:\/\/trading.hhg.vn\/wp-content\/uploads\/2025\/11\/154__hpr01430_tif-150x171.png",150,171,true],"portfolio_item-thumbnail":["https:\/\/trading.hhg.vn\/wp-content\/uploads\/2025\/11\/154__hpr01430_tif.png",350,400,false],"portfolio_item-thumbnail@2x":["https:\/\/trading.hhg.vn\/wp-content\/uploads\/2025\/11\/154__hpr01430_tif.png",700,800,false],"portfolio_item-masonry":["https:\/\/trading.hhg.vn\/wp-content\/uploads\/2025\/11\/154__hpr01430_tif.png",600,686,false],"portfolio_item-masonry@2x":["https:\/\/trading.hhg.vn\/wp-content\/uploads\/2025\/11\/154__hpr01430_tif.png",1200,1372,false],"portfolio_item-thumbnail_cinema":["https:\/\/trading.hhg.vn\/wp-content\/uploads\/2025\/11\/154__hpr01430_tif.png",293,335,false],"portfolio_item-thumbnail_portrait":["https:\/\/trading.hhg.vn\/wp-content\/uploads\/2025\/11\/154__hpr01430_tif.png",600,686,false],"portfolio_item-thumbnail_portrait@2x":["https:\/\/trading.hhg.vn\/wp-content\/uploads\/2025\/11\/154__hpr01430_tif.png",1200,1372,false],"portfolio_item-thumbnail_square":["https:\/\/trading.hhg.vn\/wp-content\/uploads\/2025\/11\/154__hpr01430_tif.png",700,800,false]},"_links":{"self":[{"href":"https:\/\/trading.hhg.vn\/en\/wp-json\/wp\/v2\/product\/109613","targetHints":{"allow":["GET"]}}],"collection":[{"href":"https:\/\/trading.hhg.vn\/en\/wp-json\/wp\/v2\/product"}],"about":[{"href":"https:\/\/trading.hhg.vn\/en\/wp-json\/wp\/v2\/types\/product"}],"replies":[{"embeddable":true,"href":"https:\/\/trading.hhg.vn\/en\/wp-json\/wp\/v2\/comments?post=109613"}],"version-history":[{"count":1,"href":"https:\/\/trading.hhg.vn\/en\/wp-json\/wp\/v2\/product\/109613\/revisions"}],"predecessor-version":[{"id":109648,"href":"https:\/\/trading.hhg.vn\/en\/wp-json\/wp\/v2\/product\/109613\/revisions\/109648"}],"wp:featuredmedia":[{"embeddable":true,"href":"https:\/\/trading.hhg.vn\/en\/wp-json\/wp\/v2\/media\/97779"}],"wp:attachment":[{"href":"https:\/\/trading.hhg.vn\/en\/wp-json\/wp\/v2\/media?parent=109613"}],"wp:term":[{"taxonomy":"product_cat","embeddable":true,"href":"https:\/\/trading.hhg.vn\/en\/wp-json\/wp\/v2\/product_cat?post=109613"},{"taxonomy":"product_tag","embeddable":true,"href":"https:\/\/trading.hhg.vn\/en\/wp-json\/wp\/v2\/product_tag?post=109613"}],"curies":[{"name":"wp","href":"https:\/\/api.w.org\/{rel}","templated":true}]}}