{"id":109670,"date":"2025-11-30T12:04:30","date_gmt":"2025-11-30T05:04:30","guid":{"rendered":"https:\/\/trading.hhg.vn\/?post_type=product&#038;p=109670"},"modified":"2025-12-10T09:50:47","modified_gmt":"2025-12-10T02:50:47","slug":"voi-bep-tay-gat-don-270-voi-voi-xit-rut-axor-starck","status":"publish","type":"product","link":"https:\/\/trading.hhg.vn\/en\/s\u1ea3n-ph\u1ea9m\/voi-bep-tay-gat-don-270-voi-voi-xit-rut-axor-starck\/","title":{"rendered":"V\u00f2i b\u1ebfp tay g\u1ea1t \u0111\u01a1n 270 v\u1edbi v\u00f2i x\u1ecbt r\u00fat AXOR Starck"},"content":{"rendered":"<p><img fetchpriority=\"high\" decoding=\"async\" class=\"alignnone wp-image-7559 aligncenter\" src=\"https:\/\/trading.hhg.vn\/wp-content\/uploads\/2025\/11\/AXOR-Starck-1.jpg\" alt=\"\" width=\"606\" height=\"454\" \/>AXOR Starck Kitchen mang d\u1ea5u \u1ea5n thi\u1ebft k\u1ebf t\u1ed1i gi\u1ea3n, thanh tho\u00e1t c\u1ee7a Philippe Starck, v\u1edbi \u0111\u01b0\u1eddng n\u00e9t h\u00ecnh h\u1ecdc r\u00f5 r\u00e0ng, t\u1ef7 l\u1ec7 c\u00e2n \u0111\u1ed1i v\u00e0 b\u1ec1 m\u1eb7t li\u1ec1n m\u1ea1ch. Th\u00e2n v\u00f2i cao, tay g\u1ea1t \u0111\u01a1n g\u1ecdn g\u00e0ng v\u00e0 v\u00f2i xoay linh ho\u1ea1t mang \u0111\u1ebfn tr\u1ea3i nghi\u1ec7m s\u1eed d\u1ee5ng tr\u1ef1c quan, thu\u1eadn ti\u1ec7n cho vi\u1ec7c r\u1eeda ch\u00e9n, r\u1eeda rau hay l\u1ea5y n\u01b0\u1edbc trong n\u1ed3i.<\/p>\n<p>V\u1ec1 v\u1eadt li\u1ec7u, AXOR Starck Kitchen \u0111\u01b0\u1ee3c ch\u1ebf t\u00e1c t\u1eeb \u0111\u1ed3ng thau nguy\u00ean kh\u1ed1i v\u1edbi gia c\u00f4ng ch\u00ednh x\u00e1c, \u0111\u1ea3m b\u1ea3o \u0111\u1ed9 b\u1ec1n, kh\u1ea3 n\u0103ng ch\u1ecbu l\u1ef1c v\u00e0 ch\u1ecbu nhi\u1ec7t cao. B\u1ec1 m\u1eb7t ho\u00e0n thi\u1ec7n AXOR FinishPlus ch\u1ed1ng tr\u1ea7y x\u01b0\u1edbc, ch\u1ed1ng \u0103n m\u00f2n v\u00e0 d\u1ec5 v\u1ec7 sinh, v\u1edbi c\u00e1c l\u1ef1a ch\u1ecdn nh\u01b0 chrome, brushed nickel hay polished gold optic.<\/p>\n","protected":false},"excerpt":{"rendered":"<p>V\u00f2i b\u1ebfp AXOR Starck 270 mang \u0111\u1ebfn s\u1ef1 tinh t\u1ebf v\u01b0\u1ee3t th\u1eddi gian, k\u1ebft h\u1ee3p h\u00e0i h\u00f2a gi\u1eefa thi\u1ebft k\u1ebf t\u1ed1i gi\u1ea3n v\u00e0 c\u00f4ng n\u0103ng v\u01b0\u1ee3t tr\u1ed9i. V\u1edbi tay g\u1ea1t \u0111\u01a1n m\u01b0\u1ee3t m\u00e0 v\u00e0 v\u00f2i x\u1ecbt r\u00fat ti\u1ec7n l\u1ee3i, b\u1ea1n s\u1ebd d\u1ec5 d\u00e0ng \u0111i\u1ec1u khi\u1ec3n d\u00f2ng n\u01b0\u1edbc m\u1ea1nh m\u1ebd ho\u1eb7c ch\u1ebf \u0111\u1ed9 phun s\u01b0\u01a1ng d\u1ecbu nh\u1eb9, linh ho\u1ea1t cho m\u1ecdi nhu c\u1ea7u b\u1ebfp n\u00fac. Tr\u1ea3i nghi\u1ec7m s\u1ef1 ti\u1ec7n nghi v\u00e0 v\u1ebb \u0111\u1eb9p \u0111\u1eb3ng c\u1ea5p trong t\u1eebng thao t\u00e1c, bi\u1ebfn m\u1ed7i kho\u1ea3nh kh\u1eafc t\u1ea1i gian b\u1ebfp th\u00e0nh ni\u1ec1m vui v\u00e0 ngu\u1ed3n c\u1ea3m h\u1ee9ng b\u1ea5t t\u1eadn.<\/p>\n","protected":false},"featured_media":98145,"comment_status":"open","ping_status":"closed","template":"","meta":{"_acf_changed":false},"product_cat":[276],"product_tag":[],"class_list":{"0":"post-109670","1":"product","2":"type-product","3":"status-publish","4":"has-post-thumbnail","6":"product_cat-voi-bep","7":"pa_mau-sac-chrome","9":"first","10":"instock","11":"shipping-taxable","12":"purchasable","13":"product-type-variable"},"acf":[],"featured_media_urls":{"thumbnail":["https:\/\/trading.hhg.vn\/wp-content\/uploads\/2025\/11\/154__apr06366_tif-150x150.png",150,150,true],"medium":["https:\/\/trading.hhg.vn\/wp-content\/uploads\/2025\/11\/154__apr06366_tif-263x300.png",263,300,true],"medium_large":["https:\/\/trading.hhg.vn\/wp-content\/uploads\/2025\/11\/154__apr06366_tif-768x878.png",768,878,true],"large":["https:\/\/trading.hhg.vn\/wp-content\/uploads\/2025\/11\/154__apr06366_tif-896x1024.png",896,1024,true],"1536x1536":["https:\/\/trading.hhg.vn\/wp-content\/uploads\/2025\/11\/154__apr06366_tif.png",1260,1440,false],"2048x2048":["https:\/\/trading.hhg.vn\/wp-content\/uploads\/2025\/11\/154__apr06366_tif.png",1260,1440,false],"woocommerce_thumbnail":["https:\/\/trading.hhg.vn\/wp-content\/uploads\/2025\/11\/154__apr06366_tif-600x600.png",600,600,true],"woocommerce_single":["https:\/\/trading.hhg.vn\/wp-content\/uploads\/2025\/11\/154__apr06366_tif-1200x1371.png",1200,1371,true],"woocommerce_gallery_thumbnail":["https:\/\/trading.hhg.vn\/wp-content\/uploads\/2025\/11\/154__apr06366_tif-150x171.png",150,171,true],"portfolio_item-thumbnail":["https:\/\/trading.hhg.vn\/wp-content\/uploads\/2025\/11\/154__apr06366_tif.png",350,400,false],"portfolio_item-thumbnail@2x":["https:\/\/trading.hhg.vn\/wp-content\/uploads\/2025\/11\/154__apr06366_tif.png",700,800,false],"portfolio_item-masonry":["https:\/\/trading.hhg.vn\/wp-content\/uploads\/2025\/11\/154__apr06366_tif.png",600,686,false],"portfolio_item-masonry@2x":["https:\/\/trading.hhg.vn\/wp-content\/uploads\/2025\/11\/154__apr06366_tif.png",1200,1371,false],"portfolio_item-thumbnail_cinema":["https:\/\/trading.hhg.vn\/wp-content\/uploads\/2025\/11\/154__apr06366_tif.png",293,335,false],"portfolio_item-thumbnail_portrait":["https:\/\/trading.hhg.vn\/wp-content\/uploads\/2025\/11\/154__apr06366_tif.png",600,686,false],"portfolio_item-thumbnail_portrait@2x":["https:\/\/trading.hhg.vn\/wp-content\/uploads\/2025\/11\/154__apr06366_tif.png",1200,1371,false],"portfolio_item-thumbnail_square":["https:\/\/trading.hhg.vn\/wp-content\/uploads\/2025\/11\/154__apr06366_tif.png",700,800,false]},"_links":{"self":[{"href":"https:\/\/trading.hhg.vn\/en\/wp-json\/wp\/v2\/product\/109670","targetHints":{"allow":["GET"]}}],"collection":[{"href":"https:\/\/trading.hhg.vn\/en\/wp-json\/wp\/v2\/product"}],"about":[{"href":"https:\/\/trading.hhg.vn\/en\/wp-json\/wp\/v2\/types\/product"}],"replies":[{"embeddable":true,"href":"https:\/\/trading.hhg.vn\/en\/wp-json\/wp\/v2\/comments?post=109670"}],"version-history":[{"count":2,"href":"https:\/\/trading.hhg.vn\/en\/wp-json\/wp\/v2\/product\/109670\/revisions"}],"predecessor-version":[{"id":110306,"href":"https:\/\/trading.hhg.vn\/en\/wp-json\/wp\/v2\/product\/109670\/revisions\/110306"}],"wp:featuredmedia":[{"embeddable":true,"href":"https:\/\/trading.hhg.vn\/en\/wp-json\/wp\/v2\/media\/98145"}],"wp:attachment":[{"href":"https:\/\/trading.hhg.vn\/en\/wp-json\/wp\/v2\/media?parent=109670"}],"wp:term":[{"taxonomy":"product_cat","embeddable":true,"href":"https:\/\/trading.hhg.vn\/en\/wp-json\/wp\/v2\/product_cat?post=109670"},{"taxonomy":"product_tag","embeddable":true,"href":"https:\/\/trading.hhg.vn\/en\/wp-json\/wp\/v2\/product_tag?post=109670"}],"curies":[{"name":"wp","href":"https:\/\/api.w.org\/{rel}","templated":true}]}}