{"id":109684,"date":"2025-11-30T12:04:39","date_gmt":"2025-11-30T05:04:39","guid":{"rendered":"https:\/\/trading.hhg.vn\/product\/voi-bep-tay-gat-don-240-ecosmart-co-dau-rut-2-duong-nuoc-focus-m41\/"},"modified":"2025-12-17T08:09:52","modified_gmt":"2025-12-17T01:09:52","slug":"voi-bep-tay-gat-don-240-ecosmart-co-dau-rut-2-duong-nuoc-focus-m41","status":"publish","type":"product","link":"https:\/\/trading.hhg.vn\/en\/s\u1ea3n-ph\u1ea9m\/voi-bep-tay-gat-don-240-ecosmart-co-dau-rut-2-duong-nuoc-focus-m41\/","title":{"rendered":"V\u00f2i b\u1ebfp tay g\u1ea1t \u0111\u01a1n 240 EcoSmart c\u00f3 \u0111\u1ea7u r\u00fat 2 \u0111\u01b0\u1eddng n\u01b0\u1edbc Focus M41"},"content":{"rendered":"<p><img fetchpriority=\"high\" decoding=\"async\" class=\"alignnone wp-image-7559 aligncenter\" src=\"https:\/\/trading.hhg.vn\/wp-content\/uploads\/2025\/11\/Focus-M41.jpg\" alt=\"\" width=\"606\" height=\"454\" \/>hansgrohe Focus M41 s\u1edf h\u1eefu thi\u1ebft k\u1ebf t\u1ed1i gi\u1ea3n v\u1edbi th\u00e2n v\u00f2i thanh m\u1ea3nh, \u0111\u01b0\u1eddng cong m\u1ec1m v\u00e0 chi\u1ec1u cao v\u1eeba ph\u1ea3i, ph\u00f9 h\u1ee3p nhi\u1ec1u phong c\u00e1ch b\u1ebfp hi\u1ec7n \u0111\u1ea1i. D\u00e1ng v\u00f2i h\u00ecnh cung cao c\u1ea5p mang l\u1ea1i kh\u00f4ng gian thao t\u00e1c r\u1ed9ng h\u01a1n \u1edf b\u1ed3n r\u1eeda, trong khi t\u00ednh c\u00e2n \u0111\u1ed1i v\u00e0 b\u1ec1 m\u1eb7t ho\u00e0n thi\u1ec7n Chrome ho\u1eb7c Stainless Steel gi\u00fap s\u1ea3n ph\u1ea9m lu\u00f4n s\u00e1ng b\u00f3ng, s\u1ea1ch s\u1ebd.<\/p>\n<p>Focus M41 \u0111\u01b0\u1ee3c ch\u1ebf t\u00e1c t\u1eeb \u0111\u1ed3ng thau ti\u00eau chu\u1ea9n ch\u00e2u \u00c2u, \u0111\u1ea3m b\u1ea3o \u0111\u1ed9 b\u1ec1n v\u00e0 kh\u1ea3 n\u0103ng ch\u1ed1ng \u0103n m\u00f2n. T\u00f9y phi\u00ean b\u1ea3n, v\u00f2i c\u00f3 d\u00e2y r\u00fat k\u00e9o linh ho\u1ea1t v\u1edbi \u0111\u1ea7u phun k\u00e9p, d\u1ec5 xoay v\u00e0 m\u1edf r\u1ed9ng v\u00f9ng s\u1eed d\u1ee5ng. B\u1ed9 tr\u1ed9n s\u1eed d\u1ee5ng cartridge g\u1ed1m ch\u1ea5t l\u01b0\u1ee3ng cao mang l\u1ea1i thao t\u00e1c m\u01b0\u1ee3t, ch\u00ednh x\u00e1c v\u00e0 ti\u1ebft ki\u1ec7m n\u01b0\u1edbc.<\/p>\n","protected":false},"excerpt":{"rendered":"<p>V\u00f2i b\u1ebfp Focus M41 240 EcoSmart v\u1edbi thi\u1ebft k\u1ebf tay g\u1ea1t \u0111\u01a1n tinh t\u1ebf, l\u00e0 \u0111i\u1ec3m nh\u1ea5n sang tr\u1ecdng cho m\u1ecdi kh\u00f4ng gian b\u1ebfp hi\u1ec7n \u0111\u1ea1i. C\u00f4ng n\u0103ng v\u01b0\u1ee3t tr\u1ed9i \u0111\u01b0\u1ee3c th\u1ec3 hi\u1ec7n qua \u0111\u1ea7u r\u00fat linh ho\u1ea1t c\u00f9ng 2 \u0111\u01b0\u1eddng n\u01b0\u1edbc ti\u1ec7n l\u1ee3i, cho ph\u00e9p b\u1ea1n d\u1ec5 d\u00e0ng chuy\u1ec3n \u0111\u1ed5i ch\u1ebf \u0111\u1ed9, t\u1ed1i \u01b0u h\u00f3a m\u1ecdi thao t\u00e1c t\u1eeb r\u1eeda rau c\u1ee7 \u0111\u1ebfn l\u00e0m s\u1ea1ch s\u00e2u. Tr\u1ea3i nghi\u1ec7m s\u1eed d\u1ee5ng m\u01b0\u1ee3t m\u00e0, ch\u00ednh x\u00e1c \u0111\u1ebfn t\u1eebng chuy\u1ec3n \u0111\u1ed9ng, bi\u1ebfn m\u1ed7i kho\u1ea3nh kh\u1eafc trong b\u1ebfp th\u00e0nh ni\u1ec1m h\u1ee9ng kh\u1edfi. \u0110\u00e2y kh\u00f4ng ch\u1ec9 l\u00e0 m\u1ed9t thi\u1ebft b\u1ecb, m\u00e0 l\u00e0 tuy\u00ean ng\u00f4n v\u1ec1 phong c\u00e1ch s\u1ed1ng \u0111\u1eb3ng c\u1ea5p.<\/p>\n","protected":false},"featured_media":100369,"comment_status":"open","ping_status":"closed","template":"","meta":{"_acf_changed":false},"product_cat":[276],"product_tag":[],"class_list":{"0":"post-109684","1":"product","2":"type-product","3":"status-publish","4":"has-post-thumbnail","6":"product_cat-voi-bep","7":"pa_mau-sac-chrome","9":"first","10":"instock","11":"shipping-taxable","12":"purchasable","13":"product-type-simple"},"acf":[],"featured_media_urls":{"thumbnail":["https:\/\/trading.hhg.vn\/wp-content\/uploads\/2025\/11\/154__hpa01217_tif-150x150.png",150,150,true],"medium":["https:\/\/trading.hhg.vn\/wp-content\/uploads\/2025\/11\/154__hpa01217_tif-263x300.png",263,300,true],"medium_large":["https:\/\/trading.hhg.vn\/wp-content\/uploads\/2025\/11\/154__hpa01217_tif-768x878.png",768,878,true],"large":["https:\/\/trading.hhg.vn\/wp-content\/uploads\/2025\/11\/154__hpa01217_tif-896x1024.png",896,1024,true],"1536x1536":["https:\/\/trading.hhg.vn\/wp-content\/uploads\/2025\/11\/154__hpa01217_tif.png",1260,1440,false],"2048x2048":["https:\/\/trading.hhg.vn\/wp-content\/uploads\/2025\/11\/154__hpa01217_tif.png",1260,1440,false],"woocommerce_thumbnail":["https:\/\/trading.hhg.vn\/wp-content\/uploads\/2025\/11\/154__hpa01217_tif-600x600.png",600,600,true],"woocommerce_single":["https:\/\/trading.hhg.vn\/wp-content\/uploads\/2025\/11\/154__hpa01217_tif-1200x1371.png",1200,1371,true],"woocommerce_gallery_thumbnail":["https:\/\/trading.hhg.vn\/wp-content\/uploads\/2025\/11\/154__hpa01217_tif-150x171.png",150,171,true],"portfolio_item-thumbnail":["https:\/\/trading.hhg.vn\/wp-content\/uploads\/2025\/11\/154__hpa01217_tif.png",350,400,false],"portfolio_item-thumbnail@2x":["https:\/\/trading.hhg.vn\/wp-content\/uploads\/2025\/11\/154__hpa01217_tif.png",700,800,false],"portfolio_item-masonry":["https:\/\/trading.hhg.vn\/wp-content\/uploads\/2025\/11\/154__hpa01217_tif.png",600,686,false],"portfolio_item-masonry@2x":["https:\/\/trading.hhg.vn\/wp-content\/uploads\/2025\/11\/154__hpa01217_tif.png",1200,1371,false],"portfolio_item-thumbnail_cinema":["https:\/\/trading.hhg.vn\/wp-content\/uploads\/2025\/11\/154__hpa01217_tif.png",293,335,false],"portfolio_item-thumbnail_portrait":["https:\/\/trading.hhg.vn\/wp-content\/uploads\/2025\/11\/154__hpa01217_tif.png",600,686,false],"portfolio_item-thumbnail_portrait@2x":["https:\/\/trading.hhg.vn\/wp-content\/uploads\/2025\/11\/154__hpa01217_tif.png",1200,1371,false],"portfolio_item-thumbnail_square":["https:\/\/trading.hhg.vn\/wp-content\/uploads\/2025\/11\/154__hpa01217_tif.png",700,800,false]},"_links":{"self":[{"href":"https:\/\/trading.hhg.vn\/en\/wp-json\/wp\/v2\/product\/109684","targetHints":{"allow":["GET"]}}],"collection":[{"href":"https:\/\/trading.hhg.vn\/en\/wp-json\/wp\/v2\/product"}],"about":[{"href":"https:\/\/trading.hhg.vn\/en\/wp-json\/wp\/v2\/types\/product"}],"replies":[{"embeddable":true,"href":"https:\/\/trading.hhg.vn\/en\/wp-json\/wp\/v2\/comments?post=109684"}],"version-history":[{"count":1,"href":"https:\/\/trading.hhg.vn\/en\/wp-json\/wp\/v2\/product\/109684\/revisions"}],"predecessor-version":[{"id":118843,"href":"https:\/\/trading.hhg.vn\/en\/wp-json\/wp\/v2\/product\/109684\/revisions\/118843"}],"wp:featuredmedia":[{"embeddable":true,"href":"https:\/\/trading.hhg.vn\/en\/wp-json\/wp\/v2\/media\/100369"}],"wp:attachment":[{"href":"https:\/\/trading.hhg.vn\/en\/wp-json\/wp\/v2\/media?parent=109684"}],"wp:term":[{"taxonomy":"product_cat","embeddable":true,"href":"https:\/\/trading.hhg.vn\/en\/wp-json\/wp\/v2\/product_cat?post=109684"},{"taxonomy":"product_tag","embeddable":true,"href":"https:\/\/trading.hhg.vn\/en\/wp-json\/wp\/v2\/product_tag?post=109684"}],"curies":[{"name":"wp","href":"https:\/\/api.w.org\/{rel}","templated":true}]}}