{"id":109712,"date":"2025-11-30T12:06:20","date_gmt":"2025-11-30T05:06:20","guid":{"rendered":"https:\/\/trading.hhg.vn\/?post_type=product&#038;p=109712"},"modified":"2025-12-10T09:56:55","modified_gmt":"2025-12-10T02:56:55","slug":"voi-bep-tay-gat-don-2-lo-220-kem-dau-rut-axor-citterio-m","status":"publish","type":"product","link":"https:\/\/trading.hhg.vn\/en\/s\u1ea3n-ph\u1ea9m\/voi-bep-tay-gat-don-2-lo-220-kem-dau-rut-axor-citterio-m\/","title":{"rendered":"V\u00f2i b\u1ebfp tay g\u1ea1t \u0111\u01a1n 2 l\u1ed7 220 k\u00e8m \u0111\u1ea7u r\u00fat AXOR Citterio M"},"content":{"rendered":"<p><img fetchpriority=\"high\" decoding=\"async\" class=\"alignnone wp-image-7559 aligncenter\" src=\"https:\/\/trading.hhg.vn\/wp-content\/uploads\/2025\/11\/AXOR-Citterio-M-1.jpg\" alt=\"\" width=\"606\" height=\"454\" \/>AXOR Citterio M mang d\u1ea5u \u1ea5n c\u1ee7a thi\u1ebft k\u1ebf \u00dd hi\u1ec7n \u0111\u1ea1i v\u1edbi \u0111\u01b0\u1eddng n\u00e9t h\u00ecnh h\u1ecdc r\u00f5 r\u00e0ng, t\u1ef7 l\u1ec7 c\u00e2n \u0111\u1ed1i v\u00e0 b\u1ec1 m\u1eb7t li\u1ec1n m\u1ea1ch. Th\u00e2n v\u00f2i cao, tay g\u1ea1t thanh m\u1ea3nh, k\u1ebft h\u1ee3p v\u1edbi v\u00f2i xoay 360\u00b0 v\u00e0 c\u1ea7n g\u1ea1t \u0111\u01a1n, mang l\u1ea1i s\u1ef1 linh ho\u1ea1t t\u1ed1i \u0111a khi s\u1eed d\u1ee5ng. Thi\u1ebft k\u1ebf t\u1eadp trung v\u00e0o s\u1ef1 c\u00e2n b\u1eb1ng gi\u1eefa h\u00ecnh th\u1ee9c v\u00e0 c\u00f4ng n\u0103ng, t\u1ea1o c\u1ea3m gi\u00e1c sang tr\u1ecdng nh\u01b0ng v\u1eabn d\u1ec5 thao t\u00e1c trong m\u1ecdi kh\u00f4ng gian b\u1ebfp.<\/p>\n<p>AXOR Citterio M \u0111\u01b0\u1ee3c ch\u1ebf t\u00e1c t\u1eeb \u0111\u1ed3ng thau nguy\u00ean kh\u1ed1i, b\u1ec1 m\u1eb7t ph\u1ee7 AXOR FinishPlus ch\u1ed1ng tr\u1ea7y x\u01b0\u1edbc, ch\u1ed1ng \u0103n m\u00f2n v\u00e0 d\u1ec5 v\u1ec7 sinh, v\u1edbi c\u00e1c l\u1ef1a ch\u1ecdn nh\u01b0 chrome, brushed nickel hay polished gold optic. T\u1eebng chi ti\u1ebft t\u1eeb v\u00f2i r\u00fat linh ho\u1ea1t, tay g\u1ea1t m\u01b0\u1ee3t m\u00e0 \u0111\u1ebfn b\u1ec1 m\u1eb7t s\u00e1ng b\u00f3ng \u0111\u1ec1u ph\u1ea3n \u00e1nh k\u1ef9 ngh\u1ec7 ch\u1ebf t\u00e1c \u0110\u1ee9c v\u00e0 tinh th\u1ea7n thi\u1ebft k\u1ebf \u00dd.<\/p>\n","protected":false},"excerpt":{"rendered":"<p>V\u00f2i b\u1ebfp AXOR Citterio M l\u00e0 s\u1ef1 k\u1ebft h\u1ee3p ho\u00e0n h\u1ea3o gi\u1eefa n\u00e9t thanh l\u1ecbch v\u01b0\u1ee3t th\u1eddi gian v\u00e0 c\u00f4ng n\u0103ng hi\u1ec7n \u0111\u1ea1i. Thi\u1ebft k\u1ebf hai l\u1ed7 \u0111\u1ed9c \u0111\u00e1o c\u00f9ng \u0111\u1ea7u r\u00fat linh ho\u1ea1t mang \u0111\u1ebfn s\u1ef1 ti\u1ec7n l\u1ee3i t\u1ed1i \u01b0u, cho ph\u00e9p b\u1ea1n d\u1ec5 d\u00e0ng \u0111i\u1ec1u ch\u1ec9nh d\u00f2ng n\u01b0\u1edbc \u0111\u1ebfn m\u1ecdi ng\u00f3c ng\u00e1ch b\u1ed3n r\u1eeda. Ch\u1ea5t li\u1ec7u cao c\u1ea5p c\u00f9ng tay g\u1ea1t m\u01b0\u1ee3t m\u00e0 kh\u00f4ng ch\u1ec9 n\u00e2ng t\u1ea7m v\u1ebb \u0111\u1eb9p kh\u00f4ng gian b\u1ebfp m\u00e0 c\u00f2n bi\u1ebfn m\u1ed7i thao t\u00e1c tr\u1edf th\u00e0nh tr\u1ea3i nghi\u1ec7m \u0111\u1ea7y h\u1ee9ng kh\u1edfi, ph\u1ea3n \u00e1nh gu th\u1ea9m m\u1ef9 tinh t\u1ebf v\u00e0 \u0111\u1eb3ng c\u1ea5p c\u1ee7a gia ch\u1ee7.<\/p>\n","protected":false},"featured_media":99323,"comment_status":"open","ping_status":"closed","template":"","meta":{"_acf_changed":false},"product_cat":[276],"product_tag":[],"class_list":{"0":"post-109712","1":"product","2":"type-product","3":"status-publish","4":"has-post-thumbnail","6":"product_cat-voi-bep","7":"pa_mau-sac-chrome","9":"first","10":"instock","11":"shipping-taxable","12":"purchasable","13":"product-type-variable"},"acf":[],"featured_media_urls":{"thumbnail":["https:\/\/trading.hhg.vn\/wp-content\/uploads\/2025\/11\/154__apr06990_tif-150x150.png",150,150,true],"medium":["https:\/\/trading.hhg.vn\/wp-content\/uploads\/2025\/11\/154__apr06990_tif-263x300.png",263,300,true],"medium_large":["https:\/\/trading.hhg.vn\/wp-content\/uploads\/2025\/11\/154__apr06990_tif-768x878.png",768,878,true],"large":["https:\/\/trading.hhg.vn\/wp-content\/uploads\/2025\/11\/154__apr06990_tif-896x1024.png",896,1024,true],"1536x1536":["https:\/\/trading.hhg.vn\/wp-content\/uploads\/2025\/11\/154__apr06990_tif.png",1260,1440,false],"2048x2048":["https:\/\/trading.hhg.vn\/wp-content\/uploads\/2025\/11\/154__apr06990_tif.png",1260,1440,false],"woocommerce_thumbnail":["https:\/\/trading.hhg.vn\/wp-content\/uploads\/2025\/11\/154__apr06990_tif-600x600.png",600,600,true],"woocommerce_single":["https:\/\/trading.hhg.vn\/wp-content\/uploads\/2025\/11\/154__apr06990_tif-1200x1371.png",1200,1371,true],"woocommerce_gallery_thumbnail":["https:\/\/trading.hhg.vn\/wp-content\/uploads\/2025\/11\/154__apr06990_tif-150x171.png",150,171,true],"portfolio_item-thumbnail":["https:\/\/trading.hhg.vn\/wp-content\/uploads\/2025\/11\/154__apr06990_tif.png",350,400,false],"portfolio_item-thumbnail@2x":["https:\/\/trading.hhg.vn\/wp-content\/uploads\/2025\/11\/154__apr06990_tif.png",700,800,false],"portfolio_item-masonry":["https:\/\/trading.hhg.vn\/wp-content\/uploads\/2025\/11\/154__apr06990_tif.png",600,686,false],"portfolio_item-masonry@2x":["https:\/\/trading.hhg.vn\/wp-content\/uploads\/2025\/11\/154__apr06990_tif.png",1200,1371,false],"portfolio_item-thumbnail_cinema":["https:\/\/trading.hhg.vn\/wp-content\/uploads\/2025\/11\/154__apr06990_tif.png",293,335,false],"portfolio_item-thumbnail_portrait":["https:\/\/trading.hhg.vn\/wp-content\/uploads\/2025\/11\/154__apr06990_tif.png",600,686,false],"portfolio_item-thumbnail_portrait@2x":["https:\/\/trading.hhg.vn\/wp-content\/uploads\/2025\/11\/154__apr06990_tif.png",1200,1371,false],"portfolio_item-thumbnail_square":["https:\/\/trading.hhg.vn\/wp-content\/uploads\/2025\/11\/154__apr06990_tif.png",700,800,false]},"_links":{"self":[{"href":"https:\/\/trading.hhg.vn\/en\/wp-json\/wp\/v2\/product\/109712","targetHints":{"allow":["GET"]}}],"collection":[{"href":"https:\/\/trading.hhg.vn\/en\/wp-json\/wp\/v2\/product"}],"about":[{"href":"https:\/\/trading.hhg.vn\/en\/wp-json\/wp\/v2\/types\/product"}],"replies":[{"embeddable":true,"href":"https:\/\/trading.hhg.vn\/en\/wp-json\/wp\/v2\/comments?post=109712"}],"version-history":[{"count":2,"href":"https:\/\/trading.hhg.vn\/en\/wp-json\/wp\/v2\/product\/109712\/revisions"}],"predecessor-version":[{"id":110323,"href":"https:\/\/trading.hhg.vn\/en\/wp-json\/wp\/v2\/product\/109712\/revisions\/110323"}],"wp:featuredmedia":[{"embeddable":true,"href":"https:\/\/trading.hhg.vn\/en\/wp-json\/wp\/v2\/media\/99323"}],"wp:attachment":[{"href":"https:\/\/trading.hhg.vn\/en\/wp-json\/wp\/v2\/media?parent=109712"}],"wp:term":[{"taxonomy":"product_cat","embeddable":true,"href":"https:\/\/trading.hhg.vn\/en\/wp-json\/wp\/v2\/product_cat?post=109712"},{"taxonomy":"product_tag","embeddable":true,"href":"https:\/\/trading.hhg.vn\/en\/wp-json\/wp\/v2\/product_tag?post=109712"}],"curies":[{"name":"wp","href":"https:\/\/api.w.org\/{rel}","templated":true}]}}