{"id":109793,"date":"2025-11-30T12:07:57","date_gmt":"2025-11-30T05:07:57","guid":{"rendered":"https:\/\/trading.hhg.vn\/product\/voi-bep-tay-gat-don-220-co-van-ngat-thiet-bi-1-duong-nuoc-focus-m42\/"},"modified":"2025-11-30T12:55:44","modified_gmt":"2025-11-30T05:55:44","slug":"voi-bep-tay-gat-don-220-co-van-ngat-thiet-bi-1-duong-nuoc-focus-m42","status":"publish","type":"product","link":"https:\/\/trading.hhg.vn\/en\/s\u1ea3n-ph\u1ea9m\/voi-bep-tay-gat-don-220-co-van-ngat-thiet-bi-1-duong-nuoc-focus-m42\/","title":{"rendered":"V\u00f2i b\u1ebfp tay g\u1ea1t \u0111\u01a1n 220 c\u00f3 van ng\u1eaft thi\u1ebft b\u1ecb, 1 \u0111\u01b0\u1eddng n\u01b0\u1edbc Focus M42"},"content":{"rendered":"<p><img fetchpriority=\"high\" decoding=\"async\" class=\"alignnone wp-image-7559 aligncenter\" src=\"https:\/\/trading.hhg.vn\/wp-content\/uploads\/2025\/11\/Focus-m42.png\" alt=\"\" width=\"606\" height=\"454\" \/>Hansgrohe Focus M42 l\u00e0 d\u00f2ng v\u00f2i b\u1ebfp hi\u1ec7n \u0111\u1ea1i, d\u1ec5 d\u00e0ng thay th\u1ebf v\u00e0 mang \u0111\u1ebfn tr\u1ea3i nghi\u1ec7m n\u1ea5u n\u01b0\u1edbng, r\u1eeda b\u00e1t ti\u1ec7n l\u1ee3i. S\u1ea3n ph\u1ea9m c\u00f3 ba ki\u1ec3u d\u00e1ng, n\u0103m chi\u1ec1u cao (120\u2013220 mm), v\u1edbi ho\u1eb7c kh\u00f4ng c\u00f3 v\u00f2i k\u00e9o ra, \u0111\u00e1p \u1ee9ng m\u1ecdi nhu c\u1ea7u s\u1eed d\u1ee5ng. V\u00f2i c\u00f3 th\u1ec3 xoay 360\u00b0, t\u00edch h\u1ee3p v\u00f2i phun tay k\u00e9o ra, \u0111\u01b0a n\u01b0\u1edbc \u0111\u1ebfn v\u1ecb tr\u00ed mong mu\u1ed1n, thu\u1eadn ti\u1ec7n cho vi\u1ec7c thao t\u00e1c tr\u00ean hai ch\u1eadu r\u1eeda. V\u1edbi t\u00f9y ch\u1ecdn sBox, b\u00e1n k\u00ednh l\u00e0m vi\u1ec7c m\u1edf r\u1ed9ng t\u1eeb 50 cm l\u00ean 76 cm, thao t\u00e1c d\u01b0\u1edbi b\u1ed3n r\u1eeda d\u1ec5 d\u00e0ng v\u00e0 b\u1ea3o v\u1ec7 v\u00f2i k\u00e9o ra.<\/p>\n<p>Thi\u1ebft k\u1ebf hi\u1ec7n \u0111\u1ea1i, t\u1ed1i gi\u1ea3n c\u1ee7a Focus M42 ph\u00f9 h\u1ee3p v\u1edbi m\u1ecdi kh\u00f4ng gian b\u1ebfp, k\u1ec3 c\u1ea3 khi l\u1eafp tr\u01b0\u1edbc t\u01b0\u1eddng hay c\u1eeda s\u1ed5. Tay g\u1ea1t b\u1ed1 tr\u00ed d\u1ecdc gi\u00fap l\u1eafp \u0111\u1eb7t linh ho\u1ea1t, c\u00f2n v\u00f2i k\u1ebft h\u1ee3p ho\u00e0n h\u1ea3o v\u1edbi b\u1ed3n r\u1eeda \u0111\u00e1 granite SilicaTec. D\u00f2ng s\u1ea3n ph\u1ea9m mang \u0111\u1ebfn s\u1ef1 ti\u1ec7n l\u1ee3i, ch\u1ea5t l\u01b0\u1ee3ng th\u01b0\u01a1ng hi\u1ec7u Hansgrohe v\u00e0 d\u1ec5 d\u00e0ng k\u1ebft n\u1ed1i v\u1edbi n\u1ed3i h\u01a1i.<\/p>\n","protected":false},"excerpt":{"rendered":"<p>V\u00f2i b\u1ebfp Focus M42 n\u00e2ng t\u1ea7m kh\u00f4ng gian v\u1edbi thi\u1ebft k\u1ebf tay g\u1ea1t \u0111\u01a1n tinh t\u1ebf, \u00f4m tr\u1ecdn s\u1ef1 t\u1ed1i gi\u1ea3n m\u00e0 v\u1eabn to\u00e1t l\u00ean v\u1ebb sang tr\u1ecdng v\u01b0\u1ee3t th\u1eddi gian. T\u00edch h\u1ee3p van ng\u1eaft thi\u1ebft b\u1ecb ti\u1ec7n l\u1ee3i, d\u00f2ng ch\u1ea3y n\u01b0\u1edbc \u0111\u01b0\u1ee3c ki\u1ec3m so\u00e1t ho\u00e0n h\u1ea3o, mang \u0111\u1ebfn tr\u1ea3i nghi\u1ec7m linh ho\u1ea1t v\u00e0 hi\u1ec7u qu\u1ea3 t\u1ed1i \u0111a cho m\u1ecdi thao t\u00e1c b\u1ebfp n\u00fac. T\u1eeb c\u00f4ng n\u0103ng v\u01b0\u1ee3t tr\u1ed9i \u0111\u1ebfn v\u1ebb \u0111\u1eb9p th\u1ea9m m\u1ef9, Focus M42 l\u00e0 bi\u1ec3u t\u01b0\u1ee3ng c\u1ee7a s\u1ef1 k\u1ebft h\u1ee3p ho\u00e0n h\u1ea3o gi\u1eefa k\u1ef9 thu\u1eadt \u0110\u1ee9c v\u00e0 phong c\u00e1ch s\u1ed1ng hi\u1ec7n \u0111\u1ea1i.<\/p>\n","protected":false},"featured_media":98333,"comment_status":"open","ping_status":"closed","template":"","meta":{"_acf_changed":false},"product_cat":[276],"product_tag":[],"class_list":{"0":"post-109793","1":"product","2":"type-product","3":"status-publish","4":"has-post-thumbnail","6":"product_cat-voi-bep","7":"pa_mau-sac-chrome","9":"first","10":"instock","11":"shipping-taxable","12":"purchasable","13":"product-type-simple"},"acf":[],"featured_media_urls":{"thumbnail":["https:\/\/trading.hhg.vn\/wp-content\/uploads\/2025\/11\/154__hpr01669_tif-150x150.png",150,150,true],"medium":["https:\/\/trading.hhg.vn\/wp-content\/uploads\/2025\/11\/154__hpr01669_tif-263x300.png",263,300,true],"medium_large":["https:\/\/trading.hhg.vn\/wp-content\/uploads\/2025\/11\/154__hpr01669_tif-768x878.png",768,878,true],"large":["https:\/\/trading.hhg.vn\/wp-content\/uploads\/2025\/11\/154__hpr01669_tif-896x1024.png",896,1024,true],"1536x1536":["https:\/\/trading.hhg.vn\/wp-content\/uploads\/2025\/11\/154__hpr01669_tif.png",1260,1440,false],"2048x2048":["https:\/\/trading.hhg.vn\/wp-content\/uploads\/2025\/11\/154__hpr01669_tif.png",1260,1440,false],"woocommerce_thumbnail":["https:\/\/trading.hhg.vn\/wp-content\/uploads\/2025\/11\/154__hpr01669_tif-600x600.png",600,600,true],"woocommerce_single":["https:\/\/trading.hhg.vn\/wp-content\/uploads\/2025\/11\/154__hpr01669_tif-1200x1371.png",1200,1371,true],"woocommerce_gallery_thumbnail":["https:\/\/trading.hhg.vn\/wp-content\/uploads\/2025\/11\/154__hpr01669_tif-150x171.png",150,171,true],"portfolio_item-thumbnail":["https:\/\/trading.hhg.vn\/wp-content\/uploads\/2025\/11\/154__hpr01669_tif.png",350,400,false],"portfolio_item-thumbnail@2x":["https:\/\/trading.hhg.vn\/wp-content\/uploads\/2025\/11\/154__hpr01669_tif.png",700,800,false],"portfolio_item-masonry":["https:\/\/trading.hhg.vn\/wp-content\/uploads\/2025\/11\/154__hpr01669_tif.png",600,686,false],"portfolio_item-masonry@2x":["https:\/\/trading.hhg.vn\/wp-content\/uploads\/2025\/11\/154__hpr01669_tif.png",1200,1371,false],"portfolio_item-thumbnail_cinema":["https:\/\/trading.hhg.vn\/wp-content\/uploads\/2025\/11\/154__hpr01669_tif.png",293,335,false],"portfolio_item-thumbnail_portrait":["https:\/\/trading.hhg.vn\/wp-content\/uploads\/2025\/11\/154__hpr01669_tif.png",600,686,false],"portfolio_item-thumbnail_portrait@2x":["https:\/\/trading.hhg.vn\/wp-content\/uploads\/2025\/11\/154__hpr01669_tif.png",1200,1371,false],"portfolio_item-thumbnail_square":["https:\/\/trading.hhg.vn\/wp-content\/uploads\/2025\/11\/154__hpr01669_tif.png",700,800,false]},"_links":{"self":[{"href":"https:\/\/trading.hhg.vn\/en\/wp-json\/wp\/v2\/product\/109793","targetHints":{"allow":["GET"]}}],"collection":[{"href":"https:\/\/trading.hhg.vn\/en\/wp-json\/wp\/v2\/product"}],"about":[{"href":"https:\/\/trading.hhg.vn\/en\/wp-json\/wp\/v2\/types\/product"}],"replies":[{"embeddable":true,"href":"https:\/\/trading.hhg.vn\/en\/wp-json\/wp\/v2\/comments?post=109793"}],"version-history":[{"count":1,"href":"https:\/\/trading.hhg.vn\/en\/wp-json\/wp\/v2\/product\/109793\/revisions"}],"predecessor-version":[{"id":110202,"href":"https:\/\/trading.hhg.vn\/en\/wp-json\/wp\/v2\/product\/109793\/revisions\/110202"}],"wp:featuredmedia":[{"embeddable":true,"href":"https:\/\/trading.hhg.vn\/en\/wp-json\/wp\/v2\/media\/98333"}],"wp:attachment":[{"href":"https:\/\/trading.hhg.vn\/en\/wp-json\/wp\/v2\/media?parent=109793"}],"wp:term":[{"taxonomy":"product_cat","embeddable":true,"href":"https:\/\/trading.hhg.vn\/en\/wp-json\/wp\/v2\/product_cat?post=109793"},{"taxonomy":"product_tag","embeddable":true,"href":"https:\/\/trading.hhg.vn\/en\/wp-json\/wp\/v2\/product_tag?post=109793"}],"curies":[{"name":"wp","href":"https:\/\/api.w.org\/{rel}","templated":true}]}}