{"id":109851,"date":"2025-11-30T12:10:14","date_gmt":"2025-11-30T05:10:14","guid":{"rendered":"https:\/\/trading.hhg.vn\/product\/chau-rua-am-ban-660-s71\/"},"modified":"2025-11-30T13:02:50","modified_gmt":"2025-11-30T06:02:50","slug":"chau-rua-am-ban-660-s71","status":"publish","type":"product","link":"https:\/\/trading.hhg.vn\/en\/s\u1ea3n-ph\u1ea9m\/chau-rua-am-ban-660-s71\/","title":{"rendered":"Ch\u1eadu r\u1eeda \u00e2m b\u00e0n 660 S71"},"content":{"rendered":"","protected":false},"excerpt":{"rendered":"<p>Ch\u1eadu r\u1eeda \u00e2m b\u00e0n 660 S71 l\u00e0 s\u1ef1 k\u1ebft h\u1ee3p ho\u00e0n h\u1ea3o gi\u1eefa n\u00e9t \u0111\u1eb9p tinh t\u1ebf v\u00e0 ti\u1ec7n \u00edch v\u01b0\u1ee3t tr\u1ed9i. V\u1edbi thi\u1ebft k\u1ebf \u00e2m b\u00e0n, s\u1ea3n ph\u1ea9m h\u00f2a m\u00ecnh v\u00e0o kh\u00f4ng gian, t\u1ea1o n\u00ean s\u1ef1 li\u1ec1n m\u1ea1ch v\u00e0 sang tr\u1ecdng cho ph\u00f2ng t\u1eafm c\u1ee7a b\u1ea1n. Ch\u1ea5t li\u1ec7u cao c\u1ea5p \u0111\u1ea3m b\u1ea3o \u0111\u1ed9 b\u1ec1n v\u01b0\u1ee3t th\u1eddi gian, c\u00f9ng l\u00f2ng ch\u1eadu s\u00e2u r\u1ed9ng, mang \u0111\u1ebfn tr\u1ea3i nghi\u1ec7m s\u1eed d\u1ee5ng tho\u1ea3i m\u00e1i, d\u1ec5 d\u00e0ng v\u00e0 v\u1ec7 sinh. T\u1eebng \u0111\u01b0\u1eddng n\u00e9t \u0111\u01b0\u1ee3c chau chu\u1ed1t t\u1ec9 m\u1ec9, kh\u00f4ng ch\u1ec9 l\u00e0 m\u1ed9t chi\u1ebfc ch\u1eadu r\u1eeda, m\u00e0 c\u00f2n l\u00e0 \u0111i\u1ec3m nh\u1ea5n ngh\u1ec7 thu\u1eadt, n\u00e2ng t\u1ea7m \u0111\u1eb3ng c\u1ea5p kh\u00f4ng gian s\u1ed1ng c\u1ee7a b\u1ea1n.<\/p>\n","protected":false},"featured_media":99033,"comment_status":"open","ping_status":"closed","template":"","meta":{"_acf_changed":false},"product_cat":[83],"product_tag":[],"class_list":{"0":"post-109851","1":"product","2":"type-product","3":"status-publish","4":"has-post-thumbnail","6":"product_cat-chau-rua","7":"pa_mau-sac-inox-2","9":"first","10":"instock","11":"shipping-taxable","12":"product-type-simple"},"acf":[],"featured_media_urls":{"thumbnail":["https:\/\/trading.hhg.vn\/wp-content\/uploads\/2025\/11\/154__hpa02065_tif-150x150.png",150,150,true],"medium":["https:\/\/trading.hhg.vn\/wp-content\/uploads\/2025\/11\/154__hpa02065_tif-262x300.png",262,300,true],"medium_large":["https:\/\/trading.hhg.vn\/wp-content\/uploads\/2025\/11\/154__hpa02065_tif-768x878.png",768,878,true],"large":["https:\/\/trading.hhg.vn\/wp-content\/uploads\/2025\/11\/154__hpa02065_tif-896x1024.png",896,1024,true],"1536x1536":["https:\/\/trading.hhg.vn\/wp-content\/uploads\/2025\/11\/154__hpa02065_tif-1344x1536.png",1344,1536,true],"2048x2048":["https:\/\/trading.hhg.vn\/wp-content\/uploads\/2025\/11\/154__hpa02065_tif.png",1440,1646,false],"woocommerce_thumbnail":["https:\/\/trading.hhg.vn\/wp-content\/uploads\/2025\/11\/154__hpa02065_tif-600x600.png",600,600,true],"woocommerce_single":["https:\/\/trading.hhg.vn\/wp-content\/uploads\/2025\/11\/154__hpa02065_tif-1200x1372.png",1200,1372,true],"woocommerce_gallery_thumbnail":["https:\/\/trading.hhg.vn\/wp-content\/uploads\/2025\/11\/154__hpa02065_tif-150x171.png",150,171,true],"portfolio_item-thumbnail":["https:\/\/trading.hhg.vn\/wp-content\/uploads\/2025\/11\/154__hpa02065_tif.png",350,400,false],"portfolio_item-thumbnail@2x":["https:\/\/trading.hhg.vn\/wp-content\/uploads\/2025\/11\/154__hpa02065_tif.png",700,800,false],"portfolio_item-masonry":["https:\/\/trading.hhg.vn\/wp-content\/uploads\/2025\/11\/154__hpa02065_tif.png",600,686,false],"portfolio_item-masonry@2x":["https:\/\/trading.hhg.vn\/wp-content\/uploads\/2025\/11\/154__hpa02065_tif.png",1200,1372,false],"portfolio_item-thumbnail_cinema":["https:\/\/trading.hhg.vn\/wp-content\/uploads\/2025\/11\/154__hpa02065_tif.png",293,335,false],"portfolio_item-thumbnail_portrait":["https:\/\/trading.hhg.vn\/wp-content\/uploads\/2025\/11\/154__hpa02065_tif.png",600,686,false],"portfolio_item-thumbnail_portrait@2x":["https:\/\/trading.hhg.vn\/wp-content\/uploads\/2025\/11\/154__hpa02065_tif.png",1200,1372,false],"portfolio_item-thumbnail_square":["https:\/\/trading.hhg.vn\/wp-content\/uploads\/2025\/11\/154__hpa02065_tif.png",700,800,false]},"_links":{"self":[{"href":"https:\/\/trading.hhg.vn\/en\/wp-json\/wp\/v2\/product\/109851","targetHints":{"allow":["GET"]}}],"collection":[{"href":"https:\/\/trading.hhg.vn\/en\/wp-json\/wp\/v2\/product"}],"about":[{"href":"https:\/\/trading.hhg.vn\/en\/wp-json\/wp\/v2\/types\/product"}],"replies":[{"embeddable":true,"href":"https:\/\/trading.hhg.vn\/en\/wp-json\/wp\/v2\/comments?post=109851"}],"version-history":[{"count":1,"href":"https:\/\/trading.hhg.vn\/en\/wp-json\/wp\/v2\/product\/109851\/revisions"}],"predecessor-version":[{"id":110214,"href":"https:\/\/trading.hhg.vn\/en\/wp-json\/wp\/v2\/product\/109851\/revisions\/110214"}],"wp:featuredmedia":[{"embeddable":true,"href":"https:\/\/trading.hhg.vn\/en\/wp-json\/wp\/v2\/media\/99033"}],"wp:attachment":[{"href":"https:\/\/trading.hhg.vn\/en\/wp-json\/wp\/v2\/media?parent=109851"}],"wp:term":[{"taxonomy":"product_cat","embeddable":true,"href":"https:\/\/trading.hhg.vn\/en\/wp-json\/wp\/v2\/product_cat?post=109851"},{"taxonomy":"product_tag","embeddable":true,"href":"https:\/\/trading.hhg.vn\/en\/wp-json\/wp\/v2\/product_tag?post=109851"}],"curies":[{"name":"wp","href":"https:\/\/api.w.org\/{rel}","templated":true}]}}