{"id":109937,"date":"2025-11-30T12:15:41","date_gmt":"2025-11-30T05:15:41","guid":{"rendered":"https:\/\/trading.hhg.vn\/product\/bo-xa-tu-dong-va-chong-tran-cho-chau-granite-hai-hoc-s51-d17%e2%80%9111\/"},"modified":"2025-12-17T08:08:41","modified_gmt":"2025-12-17T01:08:41","slug":"bo-xa-tu-dong-va-chong-tran-cho-chau-granite-hai-hoc-s51-d17%e2%80%9111","status":"publish","type":"product","link":"https:\/\/trading.hhg.vn\/en\/s\u1ea3n-ph\u1ea9m\/bo-xa-tu-dong-va-chong-tran-cho-chau-granite-hai-hoc-s51-d17%e2%80%9111\/","title":{"rendered":"B\u1ed9 x\u1ea3 t\u1ef1 \u0111\u1ed9ng v\u00e0 ch\u1ed1ng tr\u00e0n cho ch\u1eadu granite hai h\u1ed9c S51 D17\u201111"},"content":{"rendered":"","protected":false},"excerpt":{"rendered":"<p>S51 D17-11 kh\u00f4ng ch\u1ec9 l\u00e0 b\u1ed9 x\u1ea3, m\u00e0 l\u00e0 tuy\u00ean ng\u00f4n v\u1ec1 s\u1ef1 tinh t\u1ebf v\u00e0 ti\u1ec7n nghi cho kh\u00f4ng gian b\u1ebfp c\u1ee7a b\u1ea1n. Thi\u1ebft k\u1ebf t\u1ed1i gi\u1ea3n, \u0111\u1ed3ng \u0111i\u1ec7u ho\u00e0n h\u1ea3o v\u1edbi v\u1ebb \u0111\u1eb9p t\u1ef1 nhi\u00ean c\u1ee7a ch\u1eadu granite hai h\u1ed9c, bi\u1ebfn m\u1ed9t chi ti\u1ebft c\u00f4ng n\u0103ng th\u00e0nh \u0111i\u1ec3m nh\u1ea5n sang tr\u1ecdng. T\u1eadn h\u01b0\u1edfng tr\u1ea3i nghi\u1ec7m kh\u00f4ng gi\u00e1n \u0111o\u1ea1n v\u1edbi t\u00ednh n\u0103ng x\u1ea3 t\u1ef1 \u0111\u1ed9ng nh\u1ea1y b\u00e9n v\u00e0 h\u1ec7 th\u1ed1ng ch\u1ed1ng tr\u00e0n th\u00f4ng minh, b\u1ea3o v\u1ec7 kh\u00f4ng gian b\u1ebfp kh\u1ecfi m\u1ecdi s\u1ef1 c\u1ed1. M\u1ed7i thao t\u00e1c tr\u1edf n\u00ean m\u01b0\u1ee3t m\u00e0, m\u1ed7i kho\u1ea3nh kh\u1eafc trong b\u1ebfp th\u00eam ph\u1ea7n th\u01b0 th\u00e1i, kh\u1eb3ng \u0111\u1ecbnh \u0111\u1eb3ng c\u1ea5p s\u1ed1ng c\u1ee7a gia ch\u1ee7.<\/p>\n","protected":false},"featured_media":100879,"comment_status":"open","ping_status":"closed","template":"","meta":{"_acf_changed":false},"product_cat":[904],"product_tag":[],"class_list":{"0":"post-109937","1":"product","2":"type-product","3":"status-publish","4":"has-post-thumbnail","6":"product_cat-bo-xa-bon","7":"pa_mau-sac-chrome","9":"first","10":"instock","11":"shipping-taxable","12":"purchasable","13":"product-type-simple"},"acf":[],"featured_media_urls":{"thumbnail":["https:\/\/trading.hhg.vn\/wp-content\/uploads\/2025\/11\/154__hpr01411_tif-150x150.png",150,150,true],"medium":["https:\/\/trading.hhg.vn\/wp-content\/uploads\/2025\/11\/154__hpr01411_tif-262x300.png",262,300,true],"medium_large":["https:\/\/trading.hhg.vn\/wp-content\/uploads\/2025\/11\/154__hpr01411_tif-768x878.png",768,878,true],"large":["https:\/\/trading.hhg.vn\/wp-content\/uploads\/2025\/11\/154__hpr01411_tif-896x1024.png",896,1024,true],"1536x1536":["https:\/\/trading.hhg.vn\/wp-content\/uploads\/2025\/11\/154__hpr01411_tif-1344x1536.png",1344,1536,true],"2048x2048":["https:\/\/trading.hhg.vn\/wp-content\/uploads\/2025\/11\/154__hpr01411_tif.png",1440,1646,false],"woocommerce_thumbnail":["https:\/\/trading.hhg.vn\/wp-content\/uploads\/2025\/11\/154__hpr01411_tif-600x600.png",600,600,true],"woocommerce_single":["https:\/\/trading.hhg.vn\/wp-content\/uploads\/2025\/11\/154__hpr01411_tif-1200x1372.png",1200,1372,true],"woocommerce_gallery_thumbnail":["https:\/\/trading.hhg.vn\/wp-content\/uploads\/2025\/11\/154__hpr01411_tif-150x171.png",150,171,true],"portfolio_item-thumbnail":["https:\/\/trading.hhg.vn\/wp-content\/uploads\/2025\/11\/154__hpr01411_tif.png",350,400,false],"portfolio_item-thumbnail@2x":["https:\/\/trading.hhg.vn\/wp-content\/uploads\/2025\/11\/154__hpr01411_tif.png",700,800,false],"portfolio_item-masonry":["https:\/\/trading.hhg.vn\/wp-content\/uploads\/2025\/11\/154__hpr01411_tif.png",600,686,false],"portfolio_item-masonry@2x":["https:\/\/trading.hhg.vn\/wp-content\/uploads\/2025\/11\/154__hpr01411_tif.png",1200,1372,false],"portfolio_item-thumbnail_cinema":["https:\/\/trading.hhg.vn\/wp-content\/uploads\/2025\/11\/154__hpr01411_tif.png",293,335,false],"portfolio_item-thumbnail_portrait":["https:\/\/trading.hhg.vn\/wp-content\/uploads\/2025\/11\/154__hpr01411_tif.png",600,686,false],"portfolio_item-thumbnail_portrait@2x":["https:\/\/trading.hhg.vn\/wp-content\/uploads\/2025\/11\/154__hpr01411_tif.png",1200,1372,false],"portfolio_item-thumbnail_square":["https:\/\/trading.hhg.vn\/wp-content\/uploads\/2025\/11\/154__hpr01411_tif.png",700,800,false]},"_links":{"self":[{"href":"https:\/\/trading.hhg.vn\/en\/wp-json\/wp\/v2\/product\/109937","targetHints":{"allow":["GET"]}}],"collection":[{"href":"https:\/\/trading.hhg.vn\/en\/wp-json\/wp\/v2\/product"}],"about":[{"href":"https:\/\/trading.hhg.vn\/en\/wp-json\/wp\/v2\/types\/product"}],"replies":[{"embeddable":true,"href":"https:\/\/trading.hhg.vn\/en\/wp-json\/wp\/v2\/comments?post=109937"}],"version-history":[{"count":0,"href":"https:\/\/trading.hhg.vn\/en\/wp-json\/wp\/v2\/product\/109937\/revisions"}],"wp:featuredmedia":[{"embeddable":true,"href":"https:\/\/trading.hhg.vn\/en\/wp-json\/wp\/v2\/media\/100879"}],"wp:attachment":[{"href":"https:\/\/trading.hhg.vn\/en\/wp-json\/wp\/v2\/media?parent=109937"}],"wp:term":[{"taxonomy":"product_cat","embeddable":true,"href":"https:\/\/trading.hhg.vn\/en\/wp-json\/wp\/v2\/product_cat?post=109937"},{"taxonomy":"product_tag","embeddable":true,"href":"https:\/\/trading.hhg.vn\/en\/wp-json\/wp\/v2\/product_tag?post=109937"}],"curies":[{"name":"wp","href":"https:\/\/api.w.org\/{rel}","templated":true}]}}