{"id":110026,"date":"2025-11-30T12:22:23","date_gmt":"2025-11-30T05:22:23","guid":{"rendered":"https:\/\/trading.hhg.vn\/?post_type=product&#038;p=110026"},"modified":"2025-11-30T13:29:37","modified_gmt":"2025-11-30T06:29:37","slug":"voi-bep-tay-gat-don-210-voi-xoay-vernis-blend-m35","status":"publish","type":"product","link":"https:\/\/trading.hhg.vn\/en\/s\u1ea3n-ph\u1ea9m\/voi-bep-tay-gat-don-210-voi-xoay-vernis-blend-m35\/","title":{"rendered":"V\u00f2i b\u1ebfp tay g\u1ea1t \u0111\u01a1n 210, v\u00f2i xoay Vernis Blend M35"},"content":{"rendered":"<p><img fetchpriority=\"high\" decoding=\"async\" class=\"alignnone wp-image-7559 aligncenter\" src=\"https:\/\/trading.hhg.vn\/wp-content\/uploads\/2025\/11\/vernis-m35.png\" alt=\"\" width=\"606\" height=\"454\" \/>D\u00f2ng V\u00f2i b\u1ebfp Hansgrohe Vernis M35 g\u00e2y \u1ea5n t\u01b0\u1ee3ng v\u1edbi thi\u1ebft k\u1ebf thanh l\u1ecbch, t\u1ed1i gi\u1ea3n nh\u01b0ng v\u1eabn r\u1ea5t sang tr\u1ecdng. V\u1edbi chi\u1ec1u cao ComfortZone 210 mm, mang \u0111\u1ebfn kh\u00f4ng gian linh ho\u1ea1t gi\u1eefa v\u00f2i v\u00e0 b\u1ed3n r\u1eeda \u0111\u1ec3 d\u1ec5 d\u00e0ng thao t\u00e1c. V\u00f2i c\u00f3 \u0111\u1ea7u xoay \u0111i\u1ec1u ch\u1ec9nh \u0111\u01b0\u1ee3c \u1edf hai m\u1ee9c 120\u00b0 ho\u1eb7c 360\u00b0, gi\u00fap t\u0103ng t\u00ednh linh ho\u1ea1t khi s\u1eed d\u1ee5ng. C\u00f4ng ngh\u1ec7 AirPower h\u00f2a tr\u1ed9n kh\u00f4ng kh\u00ed v\u00e0o d\u00f2ng n\u01b0\u1edbc, t\u1ea1o ra b\u1ecdt n\u01b0\u1edbc \u00eam \u00e1i, nh\u1eb9 nh\u00e0ng v\u00e0 gi\u1ea3m b\u1eafn khi r\u1eeda.<br \/>\nV\u1edbi cartridge s\u1ee9 ch\u1ea5t l\u01b0\u1ee3ng cao, v\u00f2i \u0111\u1ea3m b\u1ea3o \u0111\u1ed9 b\u1ec1n b\u1ec9 v\u00e0 ho\u1ea1t \u0111\u1ed9ng tr\u01a1n tru, c\u00f9ng l\u01b0u l\u01b0\u1ee3ng t\u1ed1i \u0111a l\u00ean \u0111\u1ebfn 11,1 l\u00edt\/ph\u00fat \u1edf 3 bar. B\u1ec1 m\u1eb7t m\u1ea1 chrome s\u00e1ng b\u00f3ng mang l\u1ea1i v\u1ebb hi\u1ec7n \u0111\u1ea1i, d\u1ec5 ph\u1ed1i h\u1ee3p v\u1edbi nhi\u1ec1u phong c\u00e1ch b\u1ebfp. S\u1ea3n ph\u1ea9m c\u1ee7a Hansgrohe n\u00e0y t\u1ea1o n\u00ean s\u1ef1 c\u00e2n b\u1eb1ng ho\u00e0n h\u1ea3o gi\u1eefa thi\u1ebft k\u1ebf ti\u1ec7n d\u1ee5ng, tr\u1ea3i nghi\u1ec7m s\u1eed d\u1ee5ng tho\u1ea3i m\u00e1i v\u00e0 \u0111\u1ed9 b\u1ec1n cao.<\/p>\n","protected":false},"excerpt":{"rendered":"<p>Vernis Blend M35, ki\u1ec7t t\u00e1c v\u00f2i b\u1ebfp tay g\u1ea1t \u0111\u01a1n 210, kh\u01a1i ngu\u1ed3n c\u1ea3m h\u1ee9ng cho m\u1ecdi gian b\u1ebfp hi\u1ec7n \u0111\u1ea1i. V\u1edbi thi\u1ebft k\u1ebf tinh x\u1ea3o, \u0111\u01b0\u1eddng n\u00e9t t\u1ed1i gi\u1ea3n c\u00f9ng s\u1eafc \u0111en m\u1edd sang tr\u1ecdng, Vernis Blend M35 kh\u00f4ng ch\u1ec9 l\u00e0 m\u1ed9t thi\u1ebft b\u1ecb m\u00e0 c\u00f2n l\u00e0 \u0111i\u1ec3m nh\u1ea5n ngh\u1ec7 thu\u1eadt, n\u00e2ng t\u1ea7m \u0111\u1eb3ng c\u1ea5p kh\u00f4ng gian. C\u00f4ng n\u0103ng v\u01b0\u1ee3t tr\u1ed9i v\u1edbi c\u1ea7n g\u1ea1t m\u01b0\u1ee3t m\u00e0, d\u1ec5 d\u00e0ng \u0111i\u1ec1u ch\u1ec9nh l\u01b0u l\u01b0\u1ee3ng v\u00e0 nhi\u1ec7t \u0111\u1ed9 n\u01b0\u1edbc, mang \u0111\u1ebfn tr\u1ea3i nghi\u1ec7m s\u1eed d\u1ee5ng ti\u1ec7n nghi, tho\u1ea3i m\u00e1i. V\u00f2i xoay linh ho\u1ea1t 360 \u0111\u1ed9, t\u1ed1i \u01b0u h\u00f3a m\u1ecdi thao t\u00e1c n\u1ea5u n\u01b0\u1edbng, bi\u1ebfn m\u1ed7i kho\u1ea3nh kh\u1eafc trong b\u1ebfp th\u00e0nh ni\u1ec1m vui s\u00e1ng t\u1ea1o. Vernis Blend M35 \u2013 n\u01a1i v\u1ebb \u0111\u1eb9p h\u00f2a quy\u1ec7n c\u00f9ng c\u00f4ng n\u0103ng, \u0111\u1ecbnh h\u00ecnh phong c\u00e1ch s\u1ed1ng th\u01b0\u1ee3ng l\u01b0u.<\/p>\n","protected":false},"featured_media":98271,"comment_status":"open","ping_status":"closed","template":"","meta":{"_acf_changed":false},"product_cat":[276],"product_tag":[],"class_list":{"0":"post-110026","1":"product","2":"type-product","3":"status-publish","4":"has-post-thumbnail","6":"product_cat-voi-bep","7":"pa_mau-sac-chrome","9":"first","10":"instock","11":"shipping-taxable","12":"purchasable","13":"product-type-variable"},"acf":[],"featured_media_urls":{"thumbnail":["https:\/\/trading.hhg.vn\/wp-content\/uploads\/2025\/11\/154__hpr03027_tif-150x150.png",150,150,true],"medium":["https:\/\/trading.hhg.vn\/wp-content\/uploads\/2025\/11\/154__hpr03027_tif-263x300.png",263,300,true],"medium_large":["https:\/\/trading.hhg.vn\/wp-content\/uploads\/2025\/11\/154__hpr03027_tif-768x878.png",768,878,true],"large":["https:\/\/trading.hhg.vn\/wp-content\/uploads\/2025\/11\/154__hpr03027_tif-896x1024.png",896,1024,true],"1536x1536":["https:\/\/trading.hhg.vn\/wp-content\/uploads\/2025\/11\/154__hpr03027_tif.png",1260,1440,false],"2048x2048":["https:\/\/trading.hhg.vn\/wp-content\/uploads\/2025\/11\/154__hpr03027_tif.png",1260,1440,false],"woocommerce_thumbnail":["https:\/\/trading.hhg.vn\/wp-content\/uploads\/2025\/11\/154__hpr03027_tif-600x600.png",600,600,true],"woocommerce_single":["https:\/\/trading.hhg.vn\/wp-content\/uploads\/2025\/11\/154__hpr03027_tif-1200x1371.png",1200,1371,true],"woocommerce_gallery_thumbnail":["https:\/\/trading.hhg.vn\/wp-content\/uploads\/2025\/11\/154__hpr03027_tif-150x171.png",150,171,true],"portfolio_item-thumbnail":["https:\/\/trading.hhg.vn\/wp-content\/uploads\/2025\/11\/154__hpr03027_tif.png",350,400,false],"portfolio_item-thumbnail@2x":["https:\/\/trading.hhg.vn\/wp-content\/uploads\/2025\/11\/154__hpr03027_tif.png",700,800,false],"portfolio_item-masonry":["https:\/\/trading.hhg.vn\/wp-content\/uploads\/2025\/11\/154__hpr03027_tif.png",600,686,false],"portfolio_item-masonry@2x":["https:\/\/trading.hhg.vn\/wp-content\/uploads\/2025\/11\/154__hpr03027_tif.png",1200,1371,false],"portfolio_item-thumbnail_cinema":["https:\/\/trading.hhg.vn\/wp-content\/uploads\/2025\/11\/154__hpr03027_tif.png",293,335,false],"portfolio_item-thumbnail_portrait":["https:\/\/trading.hhg.vn\/wp-content\/uploads\/2025\/11\/154__hpr03027_tif.png",600,686,false],"portfolio_item-thumbnail_portrait@2x":["https:\/\/trading.hhg.vn\/wp-content\/uploads\/2025\/11\/154__hpr03027_tif.png",1200,1371,false],"portfolio_item-thumbnail_square":["https:\/\/trading.hhg.vn\/wp-content\/uploads\/2025\/11\/154__hpr03027_tif.png",700,800,false]},"_links":{"self":[{"href":"https:\/\/trading.hhg.vn\/en\/wp-json\/wp\/v2\/product\/110026","targetHints":{"allow":["GET"]}}],"collection":[{"href":"https:\/\/trading.hhg.vn\/en\/wp-json\/wp\/v2\/product"}],"about":[{"href":"https:\/\/trading.hhg.vn\/en\/wp-json\/wp\/v2\/types\/product"}],"replies":[{"embeddable":true,"href":"https:\/\/trading.hhg.vn\/en\/wp-json\/wp\/v2\/comments?post=110026"}],"version-history":[{"count":2,"href":"https:\/\/trading.hhg.vn\/en\/wp-json\/wp\/v2\/product\/110026\/revisions"}],"predecessor-version":[{"id":110258,"href":"https:\/\/trading.hhg.vn\/en\/wp-json\/wp\/v2\/product\/110026\/revisions\/110258"}],"wp:featuredmedia":[{"embeddable":true,"href":"https:\/\/trading.hhg.vn\/en\/wp-json\/wp\/v2\/media\/98271"}],"wp:attachment":[{"href":"https:\/\/trading.hhg.vn\/en\/wp-json\/wp\/v2\/media?parent=110026"}],"wp:term":[{"taxonomy":"product_cat","embeddable":true,"href":"https:\/\/trading.hhg.vn\/en\/wp-json\/wp\/v2\/product_cat?post=110026"},{"taxonomy":"product_tag","embeddable":true,"href":"https:\/\/trading.hhg.vn\/en\/wp-json\/wp\/v2\/product_tag?post=110026"}],"curies":[{"name":"wp","href":"https:\/\/api.w.org\/{rel}","templated":true}]}}