{"id":110036,"date":"2025-11-30T12:22:29","date_gmt":"2025-11-30T05:22:29","guid":{"rendered":"https:\/\/trading.hhg.vn\/?post_type=product&#038;p=110036"},"modified":"2026-05-08T17:05:17","modified_gmt":"2026-05-08T10:05:17","slug":"chau-rua-lap-duoi-180-450-s51-s510-u635","status":"publish","type":"product","link":"https:\/\/trading.hhg.vn\/en\/s\u1ea3n-ph\u1ea9m\/chau-rua-lap-duoi-180-450-s51-s510-u635\/","title":{"rendered":"Ch\u1eadu r\u1eeda l\u1eafp d\u01b0\u1edbi 180\/450 S51 S510-U635"},"content":{"rendered":"","protected":false},"excerpt":{"rendered":"<p>Ch\u1eadu r\u1eeda l\u1eafp d\u01b0\u1edbi S510-U635 l\u00e0 bi\u1ec3u t\u01b0\u1ee3ng c\u1ee7a s\u1ef1 tinh t\u1ebf, n\u01a1i thi\u1ebft k\u1ebf t\u1ed1i gi\u1ea3n h\u00f2a quy\u1ec7n c\u00f9ng c\u00f4ng n\u0103ng v\u01b0\u1ee3t tr\u1ed9i. V\u1edbi l\u00f2ng ch\u1eadu r\u1ed9ng r\u00e3i, \u0111\u01b0\u1ee3c ch\u1ebf t\u00e1c t\u1eeb v\u1eadt li\u1ec7u cao c\u1ea5p, s\u1ea3n ph\u1ea9m kh\u00f4ng ch\u1ec9 mang l\u1ea1i v\u1ebb \u0111\u1eb9p sang tr\u1ecdng, \u0111\u1eb3ng c\u1ea5p cho kh\u00f4ng gian b\u1ebfp m\u00e0 c\u00f2n t\u1ed1i \u01b0u h\u00f3a m\u1ecdi thao t\u00e1c s\u1eed d\u1ee5ng, t\u1eeb r\u1eeda rau c\u1ee7 \u0111\u1ebfn v\u1ec7 sinh d\u1ee5ng c\u1ee5. Tr\u1ea3i nghi\u1ec7m s\u1ef1 ti\u1ec7n nghi ho\u00e0n h\u1ea3o v\u00e0 n\u00e2ng t\u1ea7m \u0111\u1eb3ng c\u1ea5p s\u1ed1ng v\u1edbi t\u1eebng kho\u1ea3nh kh\u1eafc trong gian b\u1ebfp c\u1ee7a b\u1ea1n.<\/p>\n","protected":false},"featured_media":98268,"comment_status":"open","ping_status":"closed","template":"","meta":{"_acf_changed":false},"product_cat":[83],"product_tag":[],"class_list":{"0":"post-110036","1":"product","2":"type-product","3":"status-publish","4":"has-post-thumbnail","6":"product_cat-chau-rua","7":"pa_mau-sac-den-xam-dam","9":"first","10":"instock","11":"shipping-taxable","12":"purchasable","13":"product-type-variable"},"acf":[],"_links":{"self":[{"href":"https:\/\/trading.hhg.vn\/en\/wp-json\/wp\/v2\/product\/110036","targetHints":{"allow":["GET"]}}],"collection":[{"href":"https:\/\/trading.hhg.vn\/en\/wp-json\/wp\/v2\/product"}],"about":[{"href":"https:\/\/trading.hhg.vn\/en\/wp-json\/wp\/v2\/types\/product"}],"replies":[{"embeddable":true,"href":"https:\/\/trading.hhg.vn\/en\/wp-json\/wp\/v2\/comments?post=110036"}],"version-history":[{"count":2,"href":"https:\/\/trading.hhg.vn\/en\/wp-json\/wp\/v2\/product\/110036\/revisions"}],"predecessor-version":[{"id":110264,"href":"https:\/\/trading.hhg.vn\/en\/wp-json\/wp\/v2\/product\/110036\/revisions\/110264"}],"wp:featuredmedia":[{"embeddable":true,"href":"https:\/\/trading.hhg.vn\/en\/wp-json\/wp\/v2\/media\/98268"}],"wp:attachment":[{"href":"https:\/\/trading.hhg.vn\/en\/wp-json\/wp\/v2\/media?parent=110036"}],"wp:term":[{"taxonomy":"product_cat","embeddable":true,"href":"https:\/\/trading.hhg.vn\/en\/wp-json\/wp\/v2\/product_cat?post=110036"},{"taxonomy":"product_tag","embeddable":true,"href":"https:\/\/trading.hhg.vn\/en\/wp-json\/wp\/v2\/product_tag?post=110036"}],"curies":[{"name":"wp","href":"https:\/\/api.w.org\/{rel}","templated":true}]}}