{"id":110037,"date":"2025-11-30T12:22:29","date_gmt":"2025-11-30T05:22:29","guid":{"rendered":"https:\/\/trading.hhg.vn\/?post_type=product&#038;p=110037"},"modified":"2025-12-17T08:11:45","modified_gmt":"2025-12-17T01:11:45","slug":"chau-rua-am-ban-450-kem-ban-thoat-trai-hg-granite-sink-s51-s514-f450","status":"publish","type":"product","link":"https:\/\/trading.hhg.vn\/en\/s\u1ea3n-ph\u1ea9m\/chau-rua-am-ban-450-kem-ban-thoat-trai-hg-granite-sink-s51-s514-f450\/","title":{"rendered":"Ch\u1eadu r\u1eeda \u00e2m b\u00e0n 450 k\u00e8m b\u00e0n tho\u00e1t tr\u00e1i HG Granite Sink S51 S514-F450"},"content":{"rendered":"","protected":false},"excerpt":{"rendered":"<p>Ch\u1eadu r\u1eeda \u00e2m b\u00e0n HG Granite Sink S51 S514-F450 kh\u00f4ng ch\u1ec9 l\u00e0 \u0111i\u1ec3m nh\u1ea5n tinh t\u1ebf cho kh\u00f4ng gian b\u1ebfp m\u00e0 c\u00f2n mang \u0111\u1ebfn tr\u1ea3i nghi\u1ec7m s\u1eed d\u1ee5ng v\u01b0\u1ee3t tr\u1ed9i. V\u1edbi thi\u1ebft k\u1ebf \u00e2m b\u00e0n g\u1ecdn g\u00e0ng c\u00f9ng b\u00e0n tho\u00e1t tr\u00e1i ti\u1ec7n l\u1ee3i, s\u1ea3n ph\u1ea9m t\u1ed1i \u01b0u h\u00f3a di\u1ec7n t\u00edch v\u00e0 d\u1ec5 d\u00e0ng t\u00edch h\u1ee3p v\u00e0o m\u1ecdi phong c\u00e1ch n\u1ed9i th\u1ea5t. Ch\u1ea5t li\u1ec7u granite cao c\u1ea5p kh\u00f4ng ch\u1ec9 \u0111\u1ea3m b\u1ea3o \u0111\u1ed9 b\u1ec1n v\u01b0\u1ee3t th\u1eddi gian, ch\u1ed1ng tr\u1ea7y x\u01b0\u1edbc v\u00e0 ch\u1ecbu nhi\u1ec7t \u1ea5n t\u01b0\u1ee3ng m\u00e0 c\u00f2n to\u00e1t l\u00ean v\u1ebb sang tr\u1ecdng, \u0111\u1eb3ng c\u1ea5p. M\u1ed7i thao t\u00e1c tr\u1edf n\u00ean nh\u1eb9 nh\u00e0ng v\u00e0 ti\u1ec7n l\u1ee3i, bi\u1ebfn c\u00f4ng vi\u1ec7c b\u1ebfp n\u00fac th\u00e0nh nh\u1eefng kho\u1ea3nh kh\u1eafc th\u01b0 th\u00e1i, \u0111\u1ea7y c\u1ea3m h\u1ee9ng.<\/p>\n","protected":false},"featured_media":98033,"comment_status":"open","ping_status":"closed","template":"","meta":{"_acf_changed":false},"product_cat":[83],"product_tag":[],"class_list":{"0":"post-110037","1":"product","2":"type-product","3":"status-publish","4":"has-post-thumbnail","6":"product_cat-chau-rua","7":"pa_mau-sac-den-xam-dam","9":"first","10":"instock","11":"shipping-taxable","12":"purchasable","13":"product-type-variable"},"acf":[],"featured_media_urls":{"thumbnail":["https:\/\/trading.hhg.vn\/wp-content\/uploads\/2025\/11\/154__hpr01356_tif-150x150.png",150,150,true],"medium":["https:\/\/trading.hhg.vn\/wp-content\/uploads\/2025\/11\/154__hpr01356_tif-262x300.png",262,300,true],"medium_large":["https:\/\/trading.hhg.vn\/wp-content\/uploads\/2025\/11\/154__hpr01356_tif-768x878.png",768,878,true],"large":["https:\/\/trading.hhg.vn\/wp-content\/uploads\/2025\/11\/154__hpr01356_tif-896x1024.png",896,1024,true],"1536x1536":["https:\/\/trading.hhg.vn\/wp-content\/uploads\/2025\/11\/154__hpr01356_tif-1344x1536.png",1344,1536,true],"2048x2048":["https:\/\/trading.hhg.vn\/wp-content\/uploads\/2025\/11\/154__hpr01356_tif.png",1440,1646,false],"woocommerce_thumbnail":["https:\/\/trading.hhg.vn\/wp-content\/uploads\/2025\/11\/154__hpr01356_tif-600x600.png",600,600,true],"woocommerce_single":["https:\/\/trading.hhg.vn\/wp-content\/uploads\/2025\/11\/154__hpr01356_tif-1200x1372.png",1200,1372,true],"woocommerce_gallery_thumbnail":["https:\/\/trading.hhg.vn\/wp-content\/uploads\/2025\/11\/154__hpr01356_tif-150x171.png",150,171,true],"portfolio_item-thumbnail":["https:\/\/trading.hhg.vn\/wp-content\/uploads\/2025\/11\/154__hpr01356_tif.png",350,400,false],"portfolio_item-thumbnail@2x":["https:\/\/trading.hhg.vn\/wp-content\/uploads\/2025\/11\/154__hpr01356_tif.png",700,800,false],"portfolio_item-masonry":["https:\/\/trading.hhg.vn\/wp-content\/uploads\/2025\/11\/154__hpr01356_tif.png",600,686,false],"portfolio_item-masonry@2x":["https:\/\/trading.hhg.vn\/wp-content\/uploads\/2025\/11\/154__hpr01356_tif.png",1200,1372,false],"portfolio_item-thumbnail_cinema":["https:\/\/trading.hhg.vn\/wp-content\/uploads\/2025\/11\/154__hpr01356_tif.png",293,335,false],"portfolio_item-thumbnail_portrait":["https:\/\/trading.hhg.vn\/wp-content\/uploads\/2025\/11\/154__hpr01356_tif.png",600,686,false],"portfolio_item-thumbnail_portrait@2x":["https:\/\/trading.hhg.vn\/wp-content\/uploads\/2025\/11\/154__hpr01356_tif.png",1200,1372,false],"portfolio_item-thumbnail_square":["https:\/\/trading.hhg.vn\/wp-content\/uploads\/2025\/11\/154__hpr01356_tif.png",700,800,false]},"_links":{"self":[{"href":"https:\/\/trading.hhg.vn\/en\/wp-json\/wp\/v2\/product\/110037","targetHints":{"allow":["GET"]}}],"collection":[{"href":"https:\/\/trading.hhg.vn\/en\/wp-json\/wp\/v2\/product"}],"about":[{"href":"https:\/\/trading.hhg.vn\/en\/wp-json\/wp\/v2\/types\/product"}],"replies":[{"embeddable":true,"href":"https:\/\/trading.hhg.vn\/en\/wp-json\/wp\/v2\/comments?post=110037"}],"version-history":[{"count":2,"href":"https:\/\/trading.hhg.vn\/en\/wp-json\/wp\/v2\/product\/110037\/revisions"}],"predecessor-version":[{"id":110266,"href":"https:\/\/trading.hhg.vn\/en\/wp-json\/wp\/v2\/product\/110037\/revisions\/110266"}],"wp:featuredmedia":[{"embeddable":true,"href":"https:\/\/trading.hhg.vn\/en\/wp-json\/wp\/v2\/media\/98033"}],"wp:attachment":[{"href":"https:\/\/trading.hhg.vn\/en\/wp-json\/wp\/v2\/media?parent=110037"}],"wp:term":[{"taxonomy":"product_cat","embeddable":true,"href":"https:\/\/trading.hhg.vn\/en\/wp-json\/wp\/v2\/product_cat?post=110037"},{"taxonomy":"product_tag","embeddable":true,"href":"https:\/\/trading.hhg.vn\/en\/wp-json\/wp\/v2\/product_tag?post=110037"}],"curies":[{"name":"wp","href":"https:\/\/api.w.org\/{rel}","templated":true}]}}