{"id":110168,"date":"2025-11-30T12:28:10","date_gmt":"2025-11-30T05:28:10","guid":{"rendered":"https:\/\/trading.hhg.vn\/?post_type=product&#038;p=110168"},"modified":"2025-12-10T10:00:41","modified_gmt":"2025-12-10T03:00:41","slug":"voi-bep-tay-gat-don-250-kem-dau-keo-ecosmart-axor-citterio","status":"publish","type":"product","link":"https:\/\/trading.hhg.vn\/en\/s\u1ea3n-ph\u1ea9m\/voi-bep-tay-gat-don-250-kem-dau-keo-ecosmart-axor-citterio\/","title":{"rendered":"V\u00f2i b\u1ebfp tay g\u1ea1t \u0111\u01a1n 250 k\u00e8m \u0111\u1ea7u k\u00e9o EcoSmart AXOR Citterio"},"content":{"rendered":"<p><img fetchpriority=\"high\" decoding=\"async\" class=\"alignnone wp-image-7559 aligncenter\" src=\"https:\/\/trading.hhg.vn\/wp-content\/uploads\/2025\/11\/AXOR-Citterio-1.jpg\" alt=\"\" width=\"606\" height=\"454\" \/>AXOR Citterio Kitchen k\u1ebft h\u1ee3p ng\u00f4n ng\u1eef thi\u1ebft k\u1ebf hi\u1ec7n \u0111\u1ea1i v\u00e0 thanh l\u1ecbch c\u1ee7a \u00dd v\u1edbi h\u00ecnh kh\u1ed1i r\u00f5 r\u00e0ng, \u0111\u01b0\u1eddng n\u00e9t d\u1ee9t kho\u00e1t v\u00e0 t\u1ef7 l\u1ec7 c\u00e2n \u0111\u1ed1i. Th\u00e2n v\u00f2i cao, tay g\u1ea1t \u0111\u01a1n g\u1ecdn g\u00e0ng v\u00e0 v\u00f2i xoay linh ho\u1ea1t gi\u00fap d\u1ec5 d\u00e0ng thao t\u00e1c khi r\u1eeda ch\u00e9n, r\u1eeda rau ho\u1eb7c l\u1ea5y n\u01b0\u1edbc \u0111\u1ea7y n\u1ed3i. Thi\u1ebft k\u1ebf ch\u00fa tr\u1ecdng s\u1ef1 h\u00e0i h\u00f2a gi\u1eefa c\u00f4ng n\u0103ng v\u00e0 th\u1ea9m m\u1ef9, mang l\u1ea1i tr\u1ea3i nghi\u1ec7m s\u1eed d\u1ee5ng ti\u1ec7n nghi, sang tr\u1ecdng v\u00e0 tr\u1ef1c quan.<\/p>\n<p>B\u1ec1 m\u1eb7t ph\u1ee7 AXOR FinishPlus ch\u1ed1ng tr\u1ea7y x\u01b0\u1edbc, ch\u1ed1ng \u0103n m\u00f2n v\u00e0 d\u1ec5 v\u1ec7 sinh, v\u1edbi c\u00e1c l\u1ef1a ch\u1ecdn chrome, brushed nickel, polished gold optic. T\u1eebng chi ti\u1ebft \u2013 t\u1eeb v\u00f2i r\u00fat linh ho\u1ea1t, tay g\u1ea1t m\u01b0\u1ee3t m\u00e0 \u0111\u1ebfn b\u1ec1 m\u1eb7t s\u00e1ng b\u00f3ng \u2013 ph\u1ea3n \u00e1nh k\u1ef9 ngh\u1ec7 ch\u1ebf t\u00e1c \u0110\u1ee9c k\u1ebft h\u1ee3p tinh th\u1ea7n thi\u1ebft k\u1ebf \u00dd, t\u1ea1o n\u00ean bi\u1ec3u t\u01b0\u1ee3ng c\u1ee7a s\u1ef1 tinh t\u1ebf v\u00e0 ch\u1ea5t l\u01b0\u1ee3ng b\u1ec1n v\u1eefng.<\/p>\n","protected":false},"excerpt":{"rendered":"<p>AXOR Citterio EcoSmart kh\u00f4ng ch\u1ec9 l\u00e0 m\u1ed9t chi\u1ebfc v\u00f2i b\u1ebfp, m\u00e0 l\u00e0 tuy\u00ean ng\u00f4n c\u1ee7a phong c\u00e1ch v\u00e0 s\u1ef1 ti\u1ec7n nghi. V\u1edbi thi\u1ebft k\u1ebf tay g\u1ea1t \u0111\u01a1n tinh t\u1ebf, t\u1eebng \u0111\u01b0\u1eddng n\u00e9t \u0111\u01b0\u1ee3c chau chu\u1ed1t t\u1ec9 m\u1ec9, h\u00f2a quy\u1ec7n ho\u00e0n h\u1ea3o v\u00e0o kh\u00f4ng gian b\u1ebfp hi\u1ec7n \u0111\u1ea1i. C\u00f4ng ngh\u1ec7 EcoSmart ti\u00ean ti\u1ebfn t\u1ed1i \u01b0u h\u00f3a l\u01b0\u1ee3ng n\u01b0\u1edbc m\u00e0 v\u1eabn \u0111\u1ea3m b\u1ea3o \u00e1p l\u1ef1c m\u1ea1nh m\u1ebd, trong khi \u0111\u1ea7u k\u00e9o linh ho\u1ea1t mang \u0111\u1ebfn tr\u1ea3i nghi\u1ec7m s\u1eed d\u1ee5ng tr\u00f4i ch\u1ea3y, d\u1ec5 d\u00e0ng thao t\u00e1c m\u1ecdi nhu c\u1ea7u. M\u1ed7i kho\u1ea3nh kh\u1eafc b\u00ean AXOR Citterio l\u00e0 s\u1ef1 t\u1eadn h\u01b0\u1edfng chu\u1ea9n m\u1ef1c sang tr\u1ecdng v\u00e0 hi\u1ec7u qu\u1ea3.<\/p>\n","protected":false},"featured_media":98149,"comment_status":"open","ping_status":"closed","template":"","meta":{"_acf_changed":false},"product_cat":[276],"product_tag":[],"class_list":{"0":"post-110168","1":"product","2":"type-product","3":"status-publish","4":"has-post-thumbnail","6":"product_cat-voi-bep","7":"pa_mau-sac-chrome","9":"first","10":"instock","11":"shipping-taxable","12":"purchasable","13":"product-type-variable"},"acf":[],"featured_media_urls":{"thumbnail":["https:\/\/trading.hhg.vn\/wp-content\/uploads\/2025\/11\/154__apa00328_tif-150x150.png",150,150,true],"medium":["https:\/\/trading.hhg.vn\/wp-content\/uploads\/2025\/11\/154__apa00328_tif-263x300.png",263,300,true],"medium_large":["https:\/\/trading.hhg.vn\/wp-content\/uploads\/2025\/11\/154__apa00328_tif-768x878.png",768,878,true],"large":["https:\/\/trading.hhg.vn\/wp-content\/uploads\/2025\/11\/154__apa00328_tif-896x1024.png",896,1024,true],"1536x1536":["https:\/\/trading.hhg.vn\/wp-content\/uploads\/2025\/11\/154__apa00328_tif.png",1260,1440,false],"2048x2048":["https:\/\/trading.hhg.vn\/wp-content\/uploads\/2025\/11\/154__apa00328_tif.png",1260,1440,false],"woocommerce_thumbnail":["https:\/\/trading.hhg.vn\/wp-content\/uploads\/2025\/11\/154__apa00328_tif-600x600.png",600,600,true],"woocommerce_single":["https:\/\/trading.hhg.vn\/wp-content\/uploads\/2025\/11\/154__apa00328_tif-1200x1371.png",1200,1371,true],"woocommerce_gallery_thumbnail":["https:\/\/trading.hhg.vn\/wp-content\/uploads\/2025\/11\/154__apa00328_tif-150x171.png",150,171,true],"portfolio_item-thumbnail":["https:\/\/trading.hhg.vn\/wp-content\/uploads\/2025\/11\/154__apa00328_tif.png",350,400,false],"portfolio_item-thumbnail@2x":["https:\/\/trading.hhg.vn\/wp-content\/uploads\/2025\/11\/154__apa00328_tif.png",700,800,false],"portfolio_item-masonry":["https:\/\/trading.hhg.vn\/wp-content\/uploads\/2025\/11\/154__apa00328_tif.png",600,686,false],"portfolio_item-masonry@2x":["https:\/\/trading.hhg.vn\/wp-content\/uploads\/2025\/11\/154__apa00328_tif.png",1200,1371,false],"portfolio_item-thumbnail_cinema":["https:\/\/trading.hhg.vn\/wp-content\/uploads\/2025\/11\/154__apa00328_tif.png",293,335,false],"portfolio_item-thumbnail_portrait":["https:\/\/trading.hhg.vn\/wp-content\/uploads\/2025\/11\/154__apa00328_tif.png",600,686,false],"portfolio_item-thumbnail_portrait@2x":["https:\/\/trading.hhg.vn\/wp-content\/uploads\/2025\/11\/154__apa00328_tif.png",1200,1371,false],"portfolio_item-thumbnail_square":["https:\/\/trading.hhg.vn\/wp-content\/uploads\/2025\/11\/154__apa00328_tif.png",700,800,false]},"_links":{"self":[{"href":"https:\/\/trading.hhg.vn\/en\/wp-json\/wp\/v2\/product\/110168","targetHints":{"allow":["GET"]}}],"collection":[{"href":"https:\/\/trading.hhg.vn\/en\/wp-json\/wp\/v2\/product"}],"about":[{"href":"https:\/\/trading.hhg.vn\/en\/wp-json\/wp\/v2\/types\/product"}],"replies":[{"embeddable":true,"href":"https:\/\/trading.hhg.vn\/en\/wp-json\/wp\/v2\/comments?post=110168"}],"version-history":[{"count":2,"href":"https:\/\/trading.hhg.vn\/en\/wp-json\/wp\/v2\/product\/110168\/revisions"}],"predecessor-version":[{"id":110203,"href":"https:\/\/trading.hhg.vn\/en\/wp-json\/wp\/v2\/product\/110168\/revisions\/110203"}],"wp:featuredmedia":[{"embeddable":true,"href":"https:\/\/trading.hhg.vn\/en\/wp-json\/wp\/v2\/media\/98149"}],"wp:attachment":[{"href":"https:\/\/trading.hhg.vn\/en\/wp-json\/wp\/v2\/media?parent=110168"}],"wp:term":[{"taxonomy":"product_cat","embeddable":true,"href":"https:\/\/trading.hhg.vn\/en\/wp-json\/wp\/v2\/product_cat?post=110168"},{"taxonomy":"product_tag","embeddable":true,"href":"https:\/\/trading.hhg.vn\/en\/wp-json\/wp\/v2\/product_tag?post=110168"}],"curies":[{"name":"wp","href":"https:\/\/api.w.org\/{rel}","templated":true}]}}