{"id":110366,"date":"2025-11-30T14:59:00","date_gmt":"2025-11-30T07:59:00","guid":{"rendered":"https:\/\/trading.hhg.vn\/product\/bo-chia-ngan-keo-320-cho-tu-chau-580-475-va-1370-550-intrastoris\/"},"modified":"2025-11-30T14:59:04","modified_gmt":"2025-11-30T07:59:04","slug":"bo-chia-ngan-keo-320-cho-tu-chau-580-475-va-1370-550-intrastoris","status":"publish","type":"product","link":"https:\/\/trading.hhg.vn\/en\/s\u1ea3n-ph\u1ea9m\/bo-chia-ngan-keo-320-cho-tu-chau-580-475-va-1370-550-intrastoris\/","title":{"rendered":"B\u1ed9 chia ng\u0103n k\u00e9o 320 cho t\u1ee7 ch\u1eadu 580\/475 v\u00e0 1370\/550 IntraStoris"},"content":{"rendered":"","protected":false},"excerpt":{"rendered":"<p>IntraStoris 320, gi\u1ea3i ph\u00e1p t\u1ed1i \u01b0u cho kh\u00f4ng gian t\u1ee7 ch\u1eadu 580\/475 v\u00e0 1370\/550, l\u00e0 s\u1ef1 k\u1ebft h\u1ee3p ho\u00e0n h\u1ea3o gi\u1eefa thi\u1ebft k\u1ebf tinh t\u1ebf v\u00e0 c\u00f4ng n\u0103ng v\u01b0\u1ee3t tr\u1ed9i. V\u1edbi h\u1ec7 th\u1ed1ng chia ng\u0103n k\u00e9o linh ho\u1ea1t, m\u1ed7i v\u1eadt d\u1ee5ng t\u00ecm th\u1ea5y v\u1ecb tr\u00ed ri\u00eang, t\u1eeb m\u1ef9 ph\u1ea9m tinh t\u1ebf \u0111\u1ebfn ph\u1ee5 ki\u1ec7n c\u00e1 nh\u00e2n, t\u1ea1o n\u00ean m\u1ed9t t\u1ed5ng th\u1ec3 g\u1ecdn g\u00e0ng, ng\u0103n n\u1eafp. Tr\u1ea3i nghi\u1ec7m s\u1eed d\u1ee5ng \u0111\u01b0\u1ee3c n\u00e2ng t\u1ea7m b\u1edfi s\u1ef1 ti\u1ec7n l\u1ee3i v\u01b0\u1ee3t tr\u1ed9i, m\u1ed7i thao t\u00e1c m\u1edf \u2013 \u0111\u00f3ng \u0111\u1ec1u m\u01b0\u1ee3t m\u00e0, \u00eam \u00e1i, bi\u1ebfn vi\u1ec7c s\u1eafp x\u1ebfp tr\u1edf th\u00e0nh m\u1ed9t ni\u1ec1m vui, \u0111\u1ed3ng th\u1eddi kh\u1eb3ng \u0111\u1ecbnh phong c\u00e1ch s\u1ed1ng sang tr\u1ecdng v\u00e0 ti\u1ec7n nghi c\u1ee7a gia ch\u1ee7.<\/p>\n","protected":false},"featured_media":110364,"comment_status":"open","ping_status":"closed","template":"","meta":{"_acf_changed":false},"product_cat":[869],"product_tag":[],"class_list":{"0":"post-110366","1":"product","2":"type-product","3":"status-publish","4":"has-post-thumbnail","6":"product_cat-khay-chia-ngan","7":"pa_mau-sac-go-oc-cho","9":"first","10":"instock","11":"shipping-taxable","12":"product-type-simple"},"acf":[],"featured_media_urls":{"thumbnail":["https:\/\/trading.hhg.vn\/wp-content\/uploads\/2025\/11\/154__hpr05825_tif-150x150.png",150,150,true],"medium":["https:\/\/trading.hhg.vn\/wp-content\/uploads\/2025\/11\/154__hpr05825_tif-262x300.png",262,300,true],"medium_large":["https:\/\/trading.hhg.vn\/wp-content\/uploads\/2025\/11\/154__hpr05825_tif-768x878.png",768,878,true],"large":["https:\/\/trading.hhg.vn\/wp-content\/uploads\/2025\/11\/154__hpr05825_tif-896x1024.png",896,1024,true],"1536x1536":["https:\/\/trading.hhg.vn\/wp-content\/uploads\/2025\/11\/154__hpr05825_tif-1344x1536.png",1344,1536,true],"2048x2048":["https:\/\/trading.hhg.vn\/wp-content\/uploads\/2025\/11\/154__hpr05825_tif.png",1440,1646,false],"woocommerce_thumbnail":["https:\/\/trading.hhg.vn\/wp-content\/uploads\/2025\/11\/154__hpr05825_tif-600x600.png",600,600,true],"woocommerce_single":["https:\/\/trading.hhg.vn\/wp-content\/uploads\/2025\/11\/154__hpr05825_tif-1200x1372.png",1200,1372,true],"woocommerce_gallery_thumbnail":["https:\/\/trading.hhg.vn\/wp-content\/uploads\/2025\/11\/154__hpr05825_tif-150x171.png",150,171,true],"portfolio_item-thumbnail":["https:\/\/trading.hhg.vn\/wp-content\/uploads\/2025\/11\/154__hpr05825_tif.png",350,400,false],"portfolio_item-thumbnail@2x":["https:\/\/trading.hhg.vn\/wp-content\/uploads\/2025\/11\/154__hpr05825_tif.png",700,800,false],"portfolio_item-masonry":["https:\/\/trading.hhg.vn\/wp-content\/uploads\/2025\/11\/154__hpr05825_tif.png",600,686,false],"portfolio_item-masonry@2x":["https:\/\/trading.hhg.vn\/wp-content\/uploads\/2025\/11\/154__hpr05825_tif.png",1200,1372,false],"portfolio_item-thumbnail_cinema":["https:\/\/trading.hhg.vn\/wp-content\/uploads\/2025\/11\/154__hpr05825_tif.png",293,335,false],"portfolio_item-thumbnail_portrait":["https:\/\/trading.hhg.vn\/wp-content\/uploads\/2025\/11\/154__hpr05825_tif.png",600,686,false],"portfolio_item-thumbnail_portrait@2x":["https:\/\/trading.hhg.vn\/wp-content\/uploads\/2025\/11\/154__hpr05825_tif.png",1200,1372,false],"portfolio_item-thumbnail_square":["https:\/\/trading.hhg.vn\/wp-content\/uploads\/2025\/11\/154__hpr05825_tif.png",700,800,false]},"_links":{"self":[{"href":"https:\/\/trading.hhg.vn\/en\/wp-json\/wp\/v2\/product\/110366","targetHints":{"allow":["GET"]}}],"collection":[{"href":"https:\/\/trading.hhg.vn\/en\/wp-json\/wp\/v2\/product"}],"about":[{"href":"https:\/\/trading.hhg.vn\/en\/wp-json\/wp\/v2\/types\/product"}],"replies":[{"embeddable":true,"href":"https:\/\/trading.hhg.vn\/en\/wp-json\/wp\/v2\/comments?post=110366"}],"version-history":[{"count":0,"href":"https:\/\/trading.hhg.vn\/en\/wp-json\/wp\/v2\/product\/110366\/revisions"}],"wp:featuredmedia":[{"embeddable":true,"href":"https:\/\/trading.hhg.vn\/en\/wp-json\/wp\/v2\/media\/110364"}],"wp:attachment":[{"href":"https:\/\/trading.hhg.vn\/en\/wp-json\/wp\/v2\/media?parent=110366"}],"wp:term":[{"taxonomy":"product_cat","embeddable":true,"href":"https:\/\/trading.hhg.vn\/en\/wp-json\/wp\/v2\/product_cat?post=110366"},{"taxonomy":"product_tag","embeddable":true,"href":"https:\/\/trading.hhg.vn\/en\/wp-json\/wp\/v2\/product_tag?post=110366"}],"curies":[{"name":"wp","href":"https:\/\/api.w.org\/{rel}","templated":true}]}}