{"id":110580,"date":"2025-11-30T15:10:00","date_gmt":"2025-11-30T08:10:00","guid":{"rendered":"https:\/\/trading.hhg.vn\/product\/bo-hoan-chinh-700-lap-tieu-chuan-cho-bo-hoan-thien-thoat-san-ubox-universal\/"},"modified":"2026-01-28T07:41:11","modified_gmt":"2026-01-28T00:41:11","slug":"bo-hoan-chinh-700-lap-tieu-chuan-cho-bo-hoan-thien-thoat-san-ubox-universal","status":"publish","type":"product","link":"https:\/\/trading.hhg.vn\/en\/s\u1ea3n-ph\u1ea9m\/bo-hoan-chinh-700-lap-tieu-chuan-cho-bo-hoan-thien-thoat-san-ubox-universal\/","title":{"rendered":"B\u1ed9 ho\u00e0n ch\u1ec9nh 700 l\u1eafp ti\u00eau chu\u1ea9n cho b\u1ed9 ho\u00e0n thi\u1ec7n tho\u00e1t s\u00e0n uBox universal"},"content":{"rendered":"","protected":false},"excerpt":{"rendered":"<p>N\u00e2ng t\u1ea7m kh\u00f4ng gian s\u1ed1ng v\u1edbi thi\u1ebft k\u1ebf tho\u00e1t s\u00e0n uBox universal tinh x\u1ea3o. T\u1ed1i \u01b0u h\u00f3a t\u1eebng chi ti\u1ebft, b\u1ed9 ho\u00e0n thi\u1ec7n 700 l\u1eafp ti\u00eau chu\u1ea9n mang \u0111\u1ebfn tr\u1ea3i nghi\u1ec7m ti\u1ec7n nghi v\u01b0\u1ee3t tr\u1ed9i, d\u1ec5 d\u00e0ng l\u1eafp \u0111\u1eb7t v\u00e0 b\u1ea3o tr\u00ec. Tr\u1ea3i nghi\u1ec7m s\u1ef1 sang tr\u1ecdng v\u00e0 t\u00ednh \u1ee9ng d\u1ee5ng ho\u00e0n h\u1ea3o, bi\u1ebfn ph\u00f2ng t\u1eafm th\u00e0nh m\u1ed9t \u1ed1c \u0111\u1ea3o th\u01b0 gi\u00e3n \u0111\u00edch th\u1ef1c.<\/p>\n","protected":false},"featured_media":110578,"comment_status":"open","ping_status":"closed","template":"","meta":{"_acf_changed":false},"product_cat":[848],"product_tag":[],"class_list":{"0":"post-110580","1":"product","2":"type-product","3":"status-publish","4":"has-post-thumbnail","6":"product_cat-thoat-san-2","8":"first","9":"instock","10":"shipping-taxable","11":"purchasable","12":"product-type-simple"},"acf":[],"featured_media_urls":{"thumbnail":["https:\/\/trading.hhg.vn\/wp-content\/uploads\/2025\/11\/154__hpr03483_tif-150x150.png",150,150,true],"medium":["https:\/\/trading.hhg.vn\/wp-content\/uploads\/2025\/11\/154__hpr03483_tif-262x300.png",262,300,true],"medium_large":["https:\/\/trading.hhg.vn\/wp-content\/uploads\/2025\/11\/154__hpr03483_tif-768x878.png",768,878,true],"large":["https:\/\/trading.hhg.vn\/wp-content\/uploads\/2025\/11\/154__hpr03483_tif-896x1024.png",896,1024,true],"1536x1536":["https:\/\/trading.hhg.vn\/wp-content\/uploads\/2025\/11\/154__hpr03483_tif-1344x1536.png",1344,1536,true],"2048x2048":["https:\/\/trading.hhg.vn\/wp-content\/uploads\/2025\/11\/154__hpr03483_tif.png",1440,1646,false],"woocommerce_thumbnail":["https:\/\/trading.hhg.vn\/wp-content\/uploads\/2025\/11\/154__hpr03483_tif-600x600.png",600,600,true],"woocommerce_single":["https:\/\/trading.hhg.vn\/wp-content\/uploads\/2025\/11\/154__hpr03483_tif-1200x1372.png",1200,1372,true],"woocommerce_gallery_thumbnail":["https:\/\/trading.hhg.vn\/wp-content\/uploads\/2025\/11\/154__hpr03483_tif-150x171.png",150,171,true],"portfolio_item-thumbnail":["https:\/\/trading.hhg.vn\/wp-content\/uploads\/2025\/11\/154__hpr03483_tif.png",350,400,false],"portfolio_item-thumbnail@2x":["https:\/\/trading.hhg.vn\/wp-content\/uploads\/2025\/11\/154__hpr03483_tif.png",700,800,false],"portfolio_item-masonry":["https:\/\/trading.hhg.vn\/wp-content\/uploads\/2025\/11\/154__hpr03483_tif.png",600,686,false],"portfolio_item-masonry@2x":["https:\/\/trading.hhg.vn\/wp-content\/uploads\/2025\/11\/154__hpr03483_tif.png",1200,1372,false],"portfolio_item-thumbnail_cinema":["https:\/\/trading.hhg.vn\/wp-content\/uploads\/2025\/11\/154__hpr03483_tif.png",293,335,false],"portfolio_item-thumbnail_portrait":["https:\/\/trading.hhg.vn\/wp-content\/uploads\/2025\/11\/154__hpr03483_tif.png",600,686,false],"portfolio_item-thumbnail_portrait@2x":["https:\/\/trading.hhg.vn\/wp-content\/uploads\/2025\/11\/154__hpr03483_tif.png",1200,1372,false],"portfolio_item-thumbnail_square":["https:\/\/trading.hhg.vn\/wp-content\/uploads\/2025\/11\/154__hpr03483_tif.png",700,800,false]},"_links":{"self":[{"href":"https:\/\/trading.hhg.vn\/en\/wp-json\/wp\/v2\/product\/110580","targetHints":{"allow":["GET"]}}],"collection":[{"href":"https:\/\/trading.hhg.vn\/en\/wp-json\/wp\/v2\/product"}],"about":[{"href":"https:\/\/trading.hhg.vn\/en\/wp-json\/wp\/v2\/types\/product"}],"replies":[{"embeddable":true,"href":"https:\/\/trading.hhg.vn\/en\/wp-json\/wp\/v2\/comments?post=110580"}],"version-history":[{"count":1,"href":"https:\/\/trading.hhg.vn\/en\/wp-json\/wp\/v2\/product\/110580\/revisions"}],"predecessor-version":[{"id":118466,"href":"https:\/\/trading.hhg.vn\/en\/wp-json\/wp\/v2\/product\/110580\/revisions\/118466"}],"wp:featuredmedia":[{"embeddable":true,"href":"https:\/\/trading.hhg.vn\/en\/wp-json\/wp\/v2\/media\/110578"}],"wp:attachment":[{"href":"https:\/\/trading.hhg.vn\/en\/wp-json\/wp\/v2\/media?parent=110580"}],"wp:term":[{"taxonomy":"product_cat","embeddable":true,"href":"https:\/\/trading.hhg.vn\/en\/wp-json\/wp\/v2\/product_cat?post=110580"},{"taxonomy":"product_tag","embeddable":true,"href":"https:\/\/trading.hhg.vn\/en\/wp-json\/wp\/v2\/product_tag?post=110580"}],"curies":[{"name":"wp","href":"https:\/\/api.w.org\/{rel}","templated":true}]}}