{"id":110634,"date":"2025-11-30T15:18:41","date_gmt":"2025-11-30T08:18:41","guid":{"rendered":"https:\/\/trading.hhg.vn\/?post_type=product&#038;p=110634"},"modified":"2026-01-28T07:48:20","modified_gmt":"2026-01-28T00:48:20","slug":"voi-xit-ve-sinh-1-duong-nuoc-tron-axor-bidette-showers","status":"publish","type":"product","link":"https:\/\/trading.hhg.vn\/en\/s\u1ea3n-ph\u1ea9m\/voi-xit-ve-sinh-1-duong-nuoc-tron-axor-bidette-showers\/","title":{"rendered":"V\u00f2i x\u1ecbt v\u1ec7 sinh 1 \u0111\u01b0\u1eddng n\u01b0\u1edbc tr\u00f2n AXOR Bidette Showers"},"content":{"rendered":"<p><img fetchpriority=\"high\" decoding=\"async\" class=\"alignnone wp-image-7559 aligncenter\" src=\"https:\/\/trading.hhg.vn\/wp-content\/uploads\/2025\/11\/AXOR-Bidette-Showers.jpg\" alt=\"\" width=\"606\" height=\"454\" \/>AXOR Bidette Showers \u2013 v\u00f2i x\u1ecbt v\u1ec7 sinh cao c\u1ea5p v\u1edbi thi\u1ebft k\u1ebf t\u1ed1i gi\u1ea3n, ch\u1ebf t\u00e1c t\u1eeb kim lo\u1ea1i nguy\u00ean kh\u1ed1i. S\u1edf h\u1eefu thi\u1ebft k\u1ebf t\u1ed1i gi\u1ea3n, nh\u1ecf g\u1ecdn nh\u01b0ng tinh t\u1ebf, gi\u00fap s\u1ea3n ph\u1ea9m d\u1ec5 d\u00e0ng h\u00e0i h\u00f2a v\u1edbi m\u1ecdi kh\u00f4ng gian ph\u00f2ng t\u1eafm cao c\u1ea5p. <\/p>\n<p>D\u00f2ng s\u1ea3n ph\u1ea9m \u0111\u01b0\u1ee3c gia c\u00f4ng t\u1eeb v\u1eadt li\u1ec7u kim lo\u1ea1i cao c\u1ea5p, k\u1ebft h\u1ee3p c\u00e1c b\u1ec1 m\u1eb7t ho\u00e0n thi\u1ec7n PVD ho\u1eb7c chrome c\u00f3 \u0111\u1ed9 b\u00f3ng, \u0111\u1ed9 b\u1ec1n v\u00e0 kh\u1ea3 n\u0103ng ch\u1ed1ng \u0103n m\u00f2n v\u01b0\u1ee3t tr\u1ed9i. H\u1ec7 th\u1ed1ng phun n\u01b0\u1edbc \u0111\u01b0\u1ee3c t\u1ed1i \u01b0u \u0111\u1ec3 \u0111\u1ea3m b\u1ea3o \u00e1p l\u1ef1c \u1ed5n \u0111\u1ecbnh, ph\u00e2n b\u1ed5 \u0111\u1ec1u v\u00e0 ti\u1ebft ki\u1ec7m n\u01b0\u1edbc, \u0111\u1ed3ng th\u1eddi d\u1ec5 d\u00e0ng v\u1ec7 sinh v\u00e0 b\u1ea3o tr\u00ec.<\/p>\n","protected":false},"excerpt":{"rendered":"<p>AXOR Bidette Showers l\u00e0 bi\u1ec3u t\u01b0\u1ee3ng c\u1ee7a s\u1ef1 tinh t\u1ebf v\u00e0 t\u1ed1i gi\u1ea3n trong thi\u1ebft k\u1ebf, v\u1edbi \u0111\u01b0\u1eddng n\u00e9t tr\u00f2n m\u1ec1m m\u1ea1i v\u00e0 ch\u1ea5t li\u1ec7u cao c\u1ea5p, n\u00e2ng t\u1ea7m kh\u00f4ng gian ph\u00f2ng t\u1eafm c\u1ee7a b\u1ea1n. C\u00f4ng n\u0103ng \u01b0u vi\u1ec7t c\u00f9ng d\u00f2ng n\u01b0\u1edbc nh\u1eb9 nh\u00e0ng, \u00eam \u00e1i, mang \u0111\u1ebfn tr\u1ea3i nghi\u1ec7m v\u1ec7 sinh c\u00e1 nh\u00e2n ho\u00e0n h\u1ea3o, d\u1ec5 ch\u1ecbu v\u00e0 th\u01b0 th\u00e1i. M\u1ed7i l\u1ea7n ch\u1ea1m l\u00e0 m\u1ed9t l\u1ea7n c\u1ea3m nh\u1eadn s\u1ef1 sang tr\u1ecdng, ti\u1ec7n nghi, v\u00e0 s\u1ef1 ch\u0103m s\u00f3c tinh t\u1ebf m\u00e0 AXOR Bidette Showers d\u00e0nh t\u1eb7ng cho b\u1ea1n.<\/p>\n","protected":false},"featured_media":110639,"comment_status":"open","ping_status":"closed","template":"","meta":{"_acf_changed":false},"product_cat":[870],"product_tag":[],"class_list":{"0":"post-110634","1":"product","2":"type-product","3":"status-publish","4":"has-post-thumbnail","6":"product_cat-tieu-nu","7":"pa_mau-sac-chrome","8":"pa_mau-sac-chrome-den-xuoc","9":"pa_mau-sac-den-mo","10":"pa_mau-sac-dong-thau-xuoc","11":"pa_mau-sac-dong-xuoc","12":"pa_mau-sac-niken-xuoc","13":"pa_mau-sac-thep-khong-gi","14":"pa_mau-sac-trang-mo","15":"pa_mau-sac-vang-bong","16":"pa_mau-sac-vang-hong-bong","17":"pa_mau-sac-vang-hong-xuoc","18":"pa_mau-sac-vang-xuoc","19":"pa_mau-sac-chrome-den-bong-en","21":"first","22":"instock","23":"shipping-taxable","24":"product-type-variable"},"acf":[],"featured_media_urls":{"thumbnail":["https:\/\/trading.hhg.vn\/wp-content\/uploads\/2025\/11\/154__apr12320_tif-150x150.png",150,150,true],"medium":["https:\/\/trading.hhg.vn\/wp-content\/uploads\/2025\/11\/154__apr12320_tif-263x300.png",263,300,true],"medium_large":["https:\/\/trading.hhg.vn\/wp-content\/uploads\/2025\/11\/154__apr12320_tif-768x878.png",768,878,true],"large":["https:\/\/trading.hhg.vn\/wp-content\/uploads\/2025\/11\/154__apr12320_tif-896x1024.png",896,1024,true],"1536x1536":["https:\/\/trading.hhg.vn\/wp-content\/uploads\/2025\/11\/154__apr12320_tif.png",1260,1440,false],"2048x2048":["https:\/\/trading.hhg.vn\/wp-content\/uploads\/2025\/11\/154__apr12320_tif.png",1260,1440,false],"woocommerce_thumbnail":["https:\/\/trading.hhg.vn\/wp-content\/uploads\/2025\/11\/154__apr12320_tif-600x600.png",600,600,true],"woocommerce_single":["https:\/\/trading.hhg.vn\/wp-content\/uploads\/2025\/11\/154__apr12320_tif-1200x1371.png",1200,1371,true],"woocommerce_gallery_thumbnail":["https:\/\/trading.hhg.vn\/wp-content\/uploads\/2025\/11\/154__apr12320_tif-150x171.png",150,171,true],"portfolio_item-thumbnail":["https:\/\/trading.hhg.vn\/wp-content\/uploads\/2025\/11\/154__apr12320_tif.png",350,400,false],"portfolio_item-thumbnail@2x":["https:\/\/trading.hhg.vn\/wp-content\/uploads\/2025\/11\/154__apr12320_tif.png",700,800,false],"portfolio_item-masonry":["https:\/\/trading.hhg.vn\/wp-content\/uploads\/2025\/11\/154__apr12320_tif.png",600,686,false],"portfolio_item-masonry@2x":["https:\/\/trading.hhg.vn\/wp-content\/uploads\/2025\/11\/154__apr12320_tif.png",1200,1371,false],"portfolio_item-thumbnail_cinema":["https:\/\/trading.hhg.vn\/wp-content\/uploads\/2025\/11\/154__apr12320_tif.png",293,335,false],"portfolio_item-thumbnail_portrait":["https:\/\/trading.hhg.vn\/wp-content\/uploads\/2025\/11\/154__apr12320_tif.png",600,686,false],"portfolio_item-thumbnail_portrait@2x":["https:\/\/trading.hhg.vn\/wp-content\/uploads\/2025\/11\/154__apr12320_tif.png",1200,1371,false],"portfolio_item-thumbnail_square":["https:\/\/trading.hhg.vn\/wp-content\/uploads\/2025\/11\/154__apr12320_tif.png",700,800,false]},"_links":{"self":[{"href":"https:\/\/trading.hhg.vn\/en\/wp-json\/wp\/v2\/product\/110634","targetHints":{"allow":["GET"]}}],"collection":[{"href":"https:\/\/trading.hhg.vn\/en\/wp-json\/wp\/v2\/product"}],"about":[{"href":"https:\/\/trading.hhg.vn\/en\/wp-json\/wp\/v2\/types\/product"}],"replies":[{"embeddable":true,"href":"https:\/\/trading.hhg.vn\/en\/wp-json\/wp\/v2\/comments?post=110634"}],"version-history":[{"count":1,"href":"https:\/\/trading.hhg.vn\/en\/wp-json\/wp\/v2\/product\/110634\/revisions"}],"predecessor-version":[{"id":110641,"href":"https:\/\/trading.hhg.vn\/en\/wp-json\/wp\/v2\/product\/110634\/revisions\/110641"}],"wp:featuredmedia":[{"embeddable":true,"href":"https:\/\/trading.hhg.vn\/en\/wp-json\/wp\/v2\/media\/110639"}],"wp:attachment":[{"href":"https:\/\/trading.hhg.vn\/en\/wp-json\/wp\/v2\/media?parent=110634"}],"wp:term":[{"taxonomy":"product_cat","embeddable":true,"href":"https:\/\/trading.hhg.vn\/en\/wp-json\/wp\/v2\/product_cat?post=110634"},{"taxonomy":"product_tag","embeddable":true,"href":"https:\/\/trading.hhg.vn\/en\/wp-json\/wp\/v2\/product_tag?post=110634"}],"curies":[{"name":"wp","href":"https:\/\/api.w.org\/{rel}","templated":true}]}}