{"id":110655,"date":"2025-11-30T15:20:47","date_gmt":"2025-11-30T08:20:47","guid":{"rendered":"https:\/\/trading.hhg.vn\/?post_type=product&#038;p=110655"},"modified":"2026-01-28T07:50:04","modified_gmt":"2026-01-28T00:50:04","slug":"bo-sen-tay-1-duong-nuoc-ecosmart-kem-thanh-truot-090-m-va-sen-tay-85-axor-showers-front","status":"publish","type":"product","link":"https:\/\/trading.hhg.vn\/en\/s\u1ea3n-ph\u1ea9m\/bo-sen-tay-1-duong-nuoc-ecosmart-kem-thanh-truot-090-m-va-sen-tay-85-axor-showers-front\/","title":{"rendered":"B\u1ed9 sen tay 1 \u0111\u01b0\u1eddng n\u01b0\u1edbc EcoSmart k\u00e8m thanh tr\u01b0\u1ee3t 0,90 m v\u00e0 sen tay 85 AXOR Showers\/Front"},"content":{"rendered":"","protected":false},"excerpt":{"rendered":"<p>Tr\u1ea3i nghi\u1ec7m d\u00f2ng ch\u1ea3y thanh khi\u1ebft t\u1eeb sen tay EcoSmart, n\u01a1i thi\u1ebft k\u1ebf t\u1ed1i gi\u1ea3n h\u00f2a quy\u1ec7n c\u00f9ng c\u00f4ng n\u0103ng v\u01b0\u1ee3t tr\u1ed9i. M\u1ed7i \u0111\u01b0\u1eddng cong \u0111\u01b0\u1ee3c chau chu\u1ed1t tinh x\u1ea3o, \u1ea9n ch\u1ee9a kh\u1ea3 n\u0103ng ti\u1ebft ki\u1ec7m n\u01b0\u1edbc v\u01b0\u1ee3t tr\u1ed9i m\u00e0 v\u1eabn duy tr\u00ec \u00e1p l\u1ef1c m\u1ea1nh m\u1ebd, \u0111\u00e1nh th\u1ee9c m\u1ecdi gi\u00e1c quan. Thanh tr\u01b0\u1ee3t 0,90m linh ho\u1ea1t c\u00f9ng sen tay 85 AXOR Showers\/Front mang \u0111\u1ebfn s\u1ef1 ti\u1ec7n nghi ho\u00e0n h\u1ea3o, bi\u1ebfn nghi th\u1ee9c t\u1eafm g\u1ed9i th\u00e0nh kho\u1ea3nh kh\u1eafc th\u01b0 gi\u00e3n \u0111\u1ec9nh cao, n\u01a1i b\u1ea1n \u0111\u01b0\u1ee3c n\u00e2ng niu v\u00e0 t\u00e1i t\u1ea1o n\u0103ng l\u01b0\u1ee3ng m\u1ed7i ng\u00e0y.<\/p>\n","protected":false},"featured_media":110845,"comment_status":"open","ping_status":"closed","template":"","meta":{"_acf_changed":false},"product_cat":[841],"product_tag":[],"class_list":{"0":"post-110655","1":"product","2":"type-product","3":"status-publish","4":"has-post-thumbnail","6":"product_cat-bo-sen","7":"pa_mau-sac-chrome","8":"pa_mau-sac-chrome-den-xuoc","9":"pa_mau-sac-dong-thau-xuoc","10":"pa_mau-sac-dong-xuoc","11":"pa_mau-sac-niken-xuoc","12":"pa_mau-sac-thep-khong-gi","13":"pa_mau-sac-vang-bong","14":"pa_mau-sac-vang-hong-bong","15":"pa_mau-sac-vang-hong-xuoc","16":"pa_mau-sac-vang-xuoc","17":"pa_mau-sac-chrome-den-bong-en","19":"first","20":"instock","21":"shipping-taxable","22":"purchasable","23":"product-type-variable"},"acf":[],"featured_media_urls":{"thumbnail":["https:\/\/trading.hhg.vn\/wp-content\/uploads\/2025\/11\/154__apr08204_tif-150x150.png",150,150,true],"medium":["https:\/\/trading.hhg.vn\/wp-content\/uploads\/2025\/11\/154__apr08204_tif-263x300.png",263,300,true],"medium_large":["https:\/\/trading.hhg.vn\/wp-content\/uploads\/2025\/11\/154__apr08204_tif-768x878.png",768,878,true],"large":["https:\/\/trading.hhg.vn\/wp-content\/uploads\/2025\/11\/154__apr08204_tif-896x1024.png",896,1024,true],"1536x1536":["https:\/\/trading.hhg.vn\/wp-content\/uploads\/2025\/11\/154__apr08204_tif.png",1260,1440,false],"2048x2048":["https:\/\/trading.hhg.vn\/wp-content\/uploads\/2025\/11\/154__apr08204_tif.png",1260,1440,false],"woocommerce_thumbnail":["https:\/\/trading.hhg.vn\/wp-content\/uploads\/2025\/11\/154__apr08204_tif-600x600.png",600,600,true],"woocommerce_single":["https:\/\/trading.hhg.vn\/wp-content\/uploads\/2025\/11\/154__apr08204_tif-1200x1371.png",1200,1371,true],"woocommerce_gallery_thumbnail":["https:\/\/trading.hhg.vn\/wp-content\/uploads\/2025\/11\/154__apr08204_tif-150x171.png",150,171,true],"portfolio_item-thumbnail":["https:\/\/trading.hhg.vn\/wp-content\/uploads\/2025\/11\/154__apr08204_tif.png",350,400,false],"portfolio_item-thumbnail@2x":["https:\/\/trading.hhg.vn\/wp-content\/uploads\/2025\/11\/154__apr08204_tif.png",700,800,false],"portfolio_item-masonry":["https:\/\/trading.hhg.vn\/wp-content\/uploads\/2025\/11\/154__apr08204_tif.png",600,686,false],"portfolio_item-masonry@2x":["https:\/\/trading.hhg.vn\/wp-content\/uploads\/2025\/11\/154__apr08204_tif.png",1200,1371,false],"portfolio_item-thumbnail_cinema":["https:\/\/trading.hhg.vn\/wp-content\/uploads\/2025\/11\/154__apr08204_tif.png",293,335,false],"portfolio_item-thumbnail_portrait":["https:\/\/trading.hhg.vn\/wp-content\/uploads\/2025\/11\/154__apr08204_tif.png",600,686,false],"portfolio_item-thumbnail_portrait@2x":["https:\/\/trading.hhg.vn\/wp-content\/uploads\/2025\/11\/154__apr08204_tif.png",1200,1371,false],"portfolio_item-thumbnail_square":["https:\/\/trading.hhg.vn\/wp-content\/uploads\/2025\/11\/154__apr08204_tif.png",700,800,false]},"_links":{"self":[{"href":"https:\/\/trading.hhg.vn\/en\/wp-json\/wp\/v2\/product\/110655","targetHints":{"allow":["GET"]}}],"collection":[{"href":"https:\/\/trading.hhg.vn\/en\/wp-json\/wp\/v2\/product"}],"about":[{"href":"https:\/\/trading.hhg.vn\/en\/wp-json\/wp\/v2\/types\/product"}],"replies":[{"embeddable":true,"href":"https:\/\/trading.hhg.vn\/en\/wp-json\/wp\/v2\/comments?post=110655"}],"version-history":[{"count":2,"href":"https:\/\/trading.hhg.vn\/en\/wp-json\/wp\/v2\/product\/110655\/revisions"}],"predecessor-version":[{"id":117430,"href":"https:\/\/trading.hhg.vn\/en\/wp-json\/wp\/v2\/product\/110655\/revisions\/117430"}],"wp:featuredmedia":[{"embeddable":true,"href":"https:\/\/trading.hhg.vn\/en\/wp-json\/wp\/v2\/media\/110845"}],"wp:attachment":[{"href":"https:\/\/trading.hhg.vn\/en\/wp-json\/wp\/v2\/media?parent=110655"}],"wp:term":[{"taxonomy":"product_cat","embeddable":true,"href":"https:\/\/trading.hhg.vn\/en\/wp-json\/wp\/v2\/product_cat?post=110655"},{"taxonomy":"product_tag","embeddable":true,"href":"https:\/\/trading.hhg.vn\/en\/wp-json\/wp\/v2\/product_tag?post=110655"}],"curies":[{"name":"wp","href":"https:\/\/api.w.org\/{rel}","templated":true}]}}