{"id":111778,"date":"2025-11-30T17:00:16","date_gmt":"2025-11-30T10:00:16","guid":{"rendered":"https:\/\/trading.hhg.vn\/product\/bon-cau-dat-san-ket-lien-aquachannel-flush-kem-ket-nuoc-va-nap-bon-cau-gladelake-s\/"},"modified":"2025-12-07T13:15:21","modified_gmt":"2025-12-07T06:15:21","slug":"bon-cau-dat-san-ket-lien-aquachannel-flush-kem-ket-nuoc-va-nap-bon-cau-gladelake-s","status":"publish","type":"product","link":"https:\/\/trading.hhg.vn\/en\/s\u1ea3n-ph\u1ea9m\/bon-cau-dat-san-ket-lien-aquachannel-flush-kem-ket-nuoc-va-nap-bon-cau-gladelake-s\/","title":{"rendered":"B\u1ed3n c\u1ea7u \u0111\u1eb7t s\u00e0n k\u00e9t li\u1ec1n AquaChannel Flush k\u00e8m k\u00e9t n\u01b0\u1edbc v\u00e0 n\u1eafp b\u1ed3n c\u1ea7u GladeLake S"},"content":{"rendered":"","protected":false},"excerpt":{"rendered":"<p>GladeLake S kh\u00f4ng ch\u1ec9 l\u00e0 b\u1ed3n c\u1ea7u, m\u00e0 l\u00e0 tuy\u00ean ng\u00f4n phong c\u00e1ch cho kh\u00f4ng gian ph\u00f2ng t\u1eafm \u0111\u01b0\u01a1ng \u0111\u1ea1i. Thi\u1ebft k\u1ebf k\u00e9t li\u1ec1n thanh tho\u00e1t, t\u1ed1i gi\u1ea3n ho\u00e0n h\u1ea3o, \u1ea9n ch\u1ee9a c\u00f4ng ngh\u1ec7 AquaChannel Flush m\u1ea1nh m\u1ebd, cu\u1ed1n tr\u00f4i m\u1ecdi lo \u00e2u ch\u1ec9 v\u1edbi m\u1ed9t l\u1ea7n x\u1ea3, \u00eam \u00e1i \u0111\u1ebfn ng\u1ea1c nhi\u00ean. T\u1eebng \u0111\u01b0\u1eddng cong m\u1ec1m m\u1ea1i kh\u00f4ng ch\u1ec9 n\u00e2ng t\u1ea7m th\u1ea9m m\u1ef9 m\u00e0 c\u00f2n ki\u1ebfn t\u1ea1o tr\u1ea3i nghi\u1ec7m v\u1ec7 sinh ti\u1ec7n nghi \u0111\u1ec9nh cao, d\u1ec5 d\u00e0ng v\u1ec7 sinh, mang l\u1ea1i c\u1ea3m gi\u00e1c th\u01b0 th\u00e1i v\u00e0 tinh t\u1ebf m\u1ed7i khi b\u1ea1n b\u01b0\u1edbc v\u00e0o. GladeLake S \u2013 N\u01a1i c\u00f4ng n\u0103ng v\u00e0 ngh\u1ec7 thu\u1eadt h\u00f2a quy\u1ec7n.<\/p>\n","protected":false},"featured_media":29319,"comment_status":"open","ping_status":"closed","template":"","meta":{"_acf_changed":false},"product_cat":[884],"product_tag":[],"class_list":{"0":"post-111778","1":"product","2":"type-product","3":"status-publish","4":"has-post-thumbnail","6":"product_cat-bon-cau","7":"pa_mau-sac-trang","9":"first","10":"instock","11":"shipping-taxable","12":"product-type-simple"},"acf":[],"featured_media_urls":{"thumbnail":["https:\/\/trading.hhg.vn\/wp-content\/uploads\/2025\/11\/154__hpr08060_tif-150x150.png",150,150,true],"medium":["https:\/\/trading.hhg.vn\/wp-content\/uploads\/2025\/11\/154__hpr08060_tif-263x300.png",263,300,true],"medium_large":["https:\/\/trading.hhg.vn\/wp-content\/uploads\/2025\/11\/154__hpr08060_tif-768x878.png",768,878,true],"large":["https:\/\/trading.hhg.vn\/wp-content\/uploads\/2025\/11\/154__hpr08060_tif-896x1024.png",896,1024,true],"1536x1536":["https:\/\/trading.hhg.vn\/wp-content\/uploads\/2025\/11\/154__hpr08060_tif.png",1260,1440,false],"2048x2048":["https:\/\/trading.hhg.vn\/wp-content\/uploads\/2025\/11\/154__hpr08060_tif.png",1260,1440,false],"woocommerce_thumbnail":["https:\/\/trading.hhg.vn\/wp-content\/uploads\/2025\/11\/154__hpr08060_tif-600x600.png",600,600,true],"woocommerce_single":["https:\/\/trading.hhg.vn\/wp-content\/uploads\/2025\/11\/154__hpr08060_tif-1200x1371.png",1200,1371,true],"woocommerce_gallery_thumbnail":["https:\/\/trading.hhg.vn\/wp-content\/uploads\/2025\/11\/154__hpr08060_tif-150x171.png",150,171,true],"portfolio_item-thumbnail":["https:\/\/trading.hhg.vn\/wp-content\/uploads\/2025\/11\/154__hpr08060_tif.png",350,400,false],"portfolio_item-thumbnail@2x":["https:\/\/trading.hhg.vn\/wp-content\/uploads\/2025\/11\/154__hpr08060_tif.png",700,800,false],"portfolio_item-masonry":["https:\/\/trading.hhg.vn\/wp-content\/uploads\/2025\/11\/154__hpr08060_tif.png",600,686,false],"portfolio_item-masonry@2x":["https:\/\/trading.hhg.vn\/wp-content\/uploads\/2025\/11\/154__hpr08060_tif.png",1200,1371,false],"portfolio_item-thumbnail_cinema":["https:\/\/trading.hhg.vn\/wp-content\/uploads\/2025\/11\/154__hpr08060_tif.png",293,335,false],"portfolio_item-thumbnail_portrait":["https:\/\/trading.hhg.vn\/wp-content\/uploads\/2025\/11\/154__hpr08060_tif.png",600,686,false],"portfolio_item-thumbnail_portrait@2x":["https:\/\/trading.hhg.vn\/wp-content\/uploads\/2025\/11\/154__hpr08060_tif.png",1200,1371,false],"portfolio_item-thumbnail_square":["https:\/\/trading.hhg.vn\/wp-content\/uploads\/2025\/11\/154__hpr08060_tif.png",700,800,false]},"_links":{"self":[{"href":"https:\/\/trading.hhg.vn\/en\/wp-json\/wp\/v2\/product\/111778","targetHints":{"allow":["GET"]}}],"collection":[{"href":"https:\/\/trading.hhg.vn\/en\/wp-json\/wp\/v2\/product"}],"about":[{"href":"https:\/\/trading.hhg.vn\/en\/wp-json\/wp\/v2\/types\/product"}],"replies":[{"embeddable":true,"href":"https:\/\/trading.hhg.vn\/en\/wp-json\/wp\/v2\/comments?post=111778"}],"version-history":[{"count":1,"href":"https:\/\/trading.hhg.vn\/en\/wp-json\/wp\/v2\/product\/111778\/revisions"}],"predecessor-version":[{"id":118921,"href":"https:\/\/trading.hhg.vn\/en\/wp-json\/wp\/v2\/product\/111778\/revisions\/118921"}],"wp:featuredmedia":[{"embeddable":true,"href":"https:\/\/trading.hhg.vn\/en\/wp-json\/wp\/v2\/media\/29319"}],"wp:attachment":[{"href":"https:\/\/trading.hhg.vn\/en\/wp-json\/wp\/v2\/media?parent=111778"}],"wp:term":[{"taxonomy":"product_cat","embeddable":true,"href":"https:\/\/trading.hhg.vn\/en\/wp-json\/wp\/v2\/product_cat?post=111778"},{"taxonomy":"product_tag","embeddable":true,"href":"https:\/\/trading.hhg.vn\/en\/wp-json\/wp\/v2\/product_tag?post=111778"}],"curies":[{"name":"wp","href":"https:\/\/api.w.org\/{rel}","templated":true}]}}