{"id":111796,"date":"2025-11-30T17:04:47","date_gmt":"2025-11-30T10:04:47","guid":{"rendered":"https:\/\/trading.hhg.vn\/product\/bo-am-cho-voi-xit-ve-sinh-dung-nuoc-tron-bidette\/"},"modified":"2026-01-28T07:45:26","modified_gmt":"2026-01-28T00:45:26","slug":"bo-am-cho-voi-xit-ve-sinh-dung-nuoc-tron-bidette","status":"publish","type":"product","link":"https:\/\/trading.hhg.vn\/en\/s\u1ea3n-ph\u1ea9m\/bo-am-cho-voi-xit-ve-sinh-dung-nuoc-tron-bidette\/","title":{"rendered":"B\u1ed9 \u00e2m cho v\u00f2i x\u1ecbt v\u1ec7 sinh d\u00f9ng n\u01b0\u1edbc tr\u1ed9n Bidette"},"content":{"rendered":"","protected":false},"excerpt":{"rendered":"<p>Bidette n\u00e2ng t\u1ea7m tr\u1ea3i nghi\u1ec7m v\u1ec7 sinh c\u00e1 nh\u00e2n, kh\u00f4ng ch\u1ec9 l\u00e0 v\u00f2i x\u1ecbt. V\u1edbi thi\u1ebft k\u1ebf \u00e2m t\u01b0\u1eddng tinh t\u1ebf, Bidette h\u00f2a m\u00ecnh ho\u00e0n h\u1ea3o v\u00e0o kh\u00f4ng gian ph\u00f2ng t\u1eafm hi\u1ec7n \u0111\u1ea1i, ch\u1ec9 \u0111\u1ec3 l\u1ed9 \u0111\u1ea7u v\u00f2i c\u00f9ng n\u00fat \u0111i\u1ec1u khi\u1ec3n nh\u1ecf g\u1ecdn. C\u00f4ng n\u0103ng v\u01b0\u1ee3t tr\u1ed9i \u0111\u1ebfn t\u1eeb kh\u1ea3 n\u0103ng tr\u1ed9n n\u01b0\u1edbc n\u00f3ng l\u1ea1nh linh ho\u1ea1t, cho d\u00f2ng ch\u1ea3y \u1ea5m \u00e1p, \u00eam \u00e1i, mang l\u1ea1i c\u1ea3m gi\u00e1c th\u01b0 th\u00e1i v\u00e0 s\u1ea1ch s\u1ebd t\u1ed1i \u01b0u. M\u1ed7i l\u1ea7n s\u1eed d\u1ee5ng Bidette l\u00e0 m\u1ed9t tr\u1ea3i nghi\u1ec7m ch\u0103m s\u00f3c b\u1ea3n th\u00e2n \u0111\u1eb3ng c\u1ea5p, k\u1ebft h\u1ee3p h\u00e0i h\u00f2a gi\u1eefa th\u1ea9m m\u1ef9, s\u1ef1 ti\u1ec7n nghi v\u00e0 v\u1ec7 sinh v\u01b0\u1ee3t tr\u1ed9i.<\/p>\n","protected":false},"featured_media":58592,"comment_status":"open","ping_status":"closed","template":"","meta":{"_acf_changed":false},"product_cat":[714],"product_tag":[],"class_list":{"0":"post-111796","1":"product","2":"type-product","3":"status-publish","4":"has-post-thumbnail","6":"product_cat-phu-kien-lap-dat","8":"first","9":"instock","10":"shipping-taxable","11":"purchasable","12":"product-type-simple"},"acf":[],"featured_media_urls":{"thumbnail":["https:\/\/trading.hhg.vn\/wp-content\/uploads\/2025\/11\/154__hpr04633_tif-150x150.png",150,150,true],"medium":["https:\/\/trading.hhg.vn\/wp-content\/uploads\/2025\/11\/154__hpr04633_tif-262x300.png",262,300,true],"medium_large":["https:\/\/trading.hhg.vn\/wp-content\/uploads\/2025\/11\/154__hpr04633_tif-768x878.png",768,878,true],"large":["https:\/\/trading.hhg.vn\/wp-content\/uploads\/2025\/11\/154__hpr04633_tif-896x1024.png",896,1024,true],"1536x1536":["https:\/\/trading.hhg.vn\/wp-content\/uploads\/2025\/11\/154__hpr04633_tif-1344x1536.png",1344,1536,true],"2048x2048":["https:\/\/trading.hhg.vn\/wp-content\/uploads\/2025\/11\/154__hpr04633_tif.png",1440,1646,false],"woocommerce_thumbnail":["https:\/\/trading.hhg.vn\/wp-content\/uploads\/2025\/11\/154__hpr04633_tif-600x600.png",600,600,true],"woocommerce_single":["https:\/\/trading.hhg.vn\/wp-content\/uploads\/2025\/11\/154__hpr04633_tif-1200x1372.png",1200,1372,true],"woocommerce_gallery_thumbnail":["https:\/\/trading.hhg.vn\/wp-content\/uploads\/2025\/11\/154__hpr04633_tif-150x171.png",150,171,true],"portfolio_item-thumbnail":["https:\/\/trading.hhg.vn\/wp-content\/uploads\/2025\/11\/154__hpr04633_tif.png",350,400,false],"portfolio_item-thumbnail@2x":["https:\/\/trading.hhg.vn\/wp-content\/uploads\/2025\/11\/154__hpr04633_tif.png",700,800,false],"portfolio_item-masonry":["https:\/\/trading.hhg.vn\/wp-content\/uploads\/2025\/11\/154__hpr04633_tif.png",600,686,false],"portfolio_item-masonry@2x":["https:\/\/trading.hhg.vn\/wp-content\/uploads\/2025\/11\/154__hpr04633_tif.png",1200,1372,false],"portfolio_item-thumbnail_cinema":["https:\/\/trading.hhg.vn\/wp-content\/uploads\/2025\/11\/154__hpr04633_tif.png",293,335,false],"portfolio_item-thumbnail_portrait":["https:\/\/trading.hhg.vn\/wp-content\/uploads\/2025\/11\/154__hpr04633_tif.png",600,686,false],"portfolio_item-thumbnail_portrait@2x":["https:\/\/trading.hhg.vn\/wp-content\/uploads\/2025\/11\/154__hpr04633_tif.png",1200,1372,false],"portfolio_item-thumbnail_square":["https:\/\/trading.hhg.vn\/wp-content\/uploads\/2025\/11\/154__hpr04633_tif.png",700,800,false]},"_links":{"self":[{"href":"https:\/\/trading.hhg.vn\/en\/wp-json\/wp\/v2\/product\/111796","targetHints":{"allow":["GET"]}}],"collection":[{"href":"https:\/\/trading.hhg.vn\/en\/wp-json\/wp\/v2\/product"}],"about":[{"href":"https:\/\/trading.hhg.vn\/en\/wp-json\/wp\/v2\/types\/product"}],"replies":[{"embeddable":true,"href":"https:\/\/trading.hhg.vn\/en\/wp-json\/wp\/v2\/comments?post=111796"}],"version-history":[{"count":0,"href":"https:\/\/trading.hhg.vn\/en\/wp-json\/wp\/v2\/product\/111796\/revisions"}],"wp:featuredmedia":[{"embeddable":true,"href":"https:\/\/trading.hhg.vn\/en\/wp-json\/wp\/v2\/media\/58592"}],"wp:attachment":[{"href":"https:\/\/trading.hhg.vn\/en\/wp-json\/wp\/v2\/media?parent=111796"}],"wp:term":[{"taxonomy":"product_cat","embeddable":true,"href":"https:\/\/trading.hhg.vn\/en\/wp-json\/wp\/v2\/product_cat?post=111796"},{"taxonomy":"product_tag","embeddable":true,"href":"https:\/\/trading.hhg.vn\/en\/wp-json\/wp\/v2\/product_tag?post=111796"}],"curies":[{"name":"wp","href":"https:\/\/api.w.org\/{rel}","templated":true}]}}