{"id":11191,"date":"2025-11-11T20:16:27","date_gmt":"2025-11-11T13:16:27","guid":{"rendered":"https:\/\/trading.hhg.vn\/?post_type=product&#038;p=11191"},"modified":"2026-01-28T07:42:48","modified_gmt":"2026-01-28T00:42:48","slug":"sen-tran-250-160-1-duong-nuoc-ecosmart-axor-showersphere","status":"publish","type":"product","link":"https:\/\/trading.hhg.vn\/en\/s\u1ea3n-ph\u1ea9m\/sen-tran-250-160-1-duong-nuoc-ecosmart-axor-showersphere\/","title":{"rendered":"Sen tr\u1ea7n 250\/160 1 \u0111\u01b0\u1eddng n\u01b0\u1edbc EcoSmart AXOR ShowerSphere"},"content":{"rendered":"<p><img fetchpriority=\"high\" decoding=\"async\" class=\"alignnone wp-image-7559 aligncenter\" src=\"http:\/\/trading.hhg.vn\/wp-content\/uploads\/2025\/11\/AXOR-ShowerSphere-1.jpg\" alt=\"\" width=\"606\" height=\"454\" \/>AXOR ShowerSphere k\u1ebft h\u1ee3p thi\u1ebft k\u1ebf \u0111i\u00eau kh\u1eafc \u0111\u01b0\u01a1ng \u0111\u1ea1i v\u1edbi c\u00f4ng ngh\u1ec7 t\u1ea1o d\u00f2ng n\u01b0\u1edbc ti\u00ean ti\u1ebfn, mang \u0111\u1ebfn tr\u1ea3i nghi\u1ec7m t\u1eafm nh\u01b0 \u0111\u01b0\u1ee3c bao ph\u1ee7 trong l\u00e0n m\u01b0a t\u1ef1 nhi\u00ean. Thi\u1ebft k\u1ebf bi\u1ec3u t\u01b0\u1ee3ng v\u1edbi \u0111\u1ea7u sen h\u00ecnh c\u1ea7u th\u1ec3 hi\u1ec7n s\u1ef1 c\u00e2n b\u1eb1ng gi\u1eefa h\u00ecnh kh\u1ed1i ho\u00e0n h\u1ea3o v\u00e0 chuy\u1ec3n \u0111\u1ed9ng m\u1ec1m m\u1ea1i c\u1ee7a n\u01b0\u1edbc.<\/p>\n<p>H\u1ec7 th\u1ed1ng phun n\u01b0\u1edbc d\u1ea1ng m\u00e1i v\u00f2m t\u1ef1 nhi\u00ean bao ph\u1ee7 to\u00e0n th\u00e2n, t\u1ea1o c\u1ea3m gi\u00e1c th\u01b0 gi\u00e3n tuy\u1ec7t \u0111\u1ed1i. AXOR ShowerSphere kh\u00f4ng ch\u1ec9 l\u00e0 \u0111\u1ea7u sen, m\u00e0 l\u00e0 t\u00e1c ph\u1ea9m ngh\u1ec7 thu\u1eadt c\u1ee7a n\u01b0\u1edbc, n\u01a1i v\u1eadt li\u1ec7u, h\u00ecnh h\u1ecdc v\u00e0 c\u00f4ng ngh\u1ec7 h\u00f2a quy\u1ec7n, t\u00f4n vinh v\u1ebb \u0111\u1eb9p thu\u1ea7n khi\u1ebft v\u00e0 sang tr\u1ecdng c\u1ee7a tr\u1ea3i nghi\u1ec7m t\u1eafm.<\/p>\n","protected":false},"excerpt":{"rendered":"<p>Sen tr\u1ea7n AXOR ShowerSphere mang \u0111\u1ebfn tr\u1ea3i nghi\u1ec7m t\u1eafm \u0111\u1ec9nh cao, h\u00f2a quy\u1ec7n gi\u1eefa thi\u1ebft k\u1ebf t\u1ed1i gi\u1ea3n tinh t\u1ebf v\u00e0 c\u00f4ng ngh\u1ec7 EcoSmart v\u01b0\u1ee3t tr\u1ed9i. T\u1eebng \u0111\u01b0\u1eddng n\u00e9t m\u01b0\u1ee3t m\u00e0 c\u1ee7a sen tr\u1ea7n 250\/160 \u0111\u01b0\u1ee3c ch\u1ebf t\u00e1c t\u1ec9 m\u1ec9, t\u00f4n vinh v\u1ebb \u0111\u1eb9p sang tr\u1ecdng v\u00e0 hi\u1ec7n \u0111\u1ea1i cho kh\u00f4ng gian ph\u00f2ng t\u1eafm c\u1ee7a b\u1ea1n. V\u1edbi m\u1ed9t \u0111\u01b0\u1eddng n\u01b0\u1edbc duy nh\u1ea5t, s\u1ea3n ph\u1ea9m kh\u00f4ng ch\u1ec9 t\u1ed1i \u01b0u h\u00f3a c\u00f4ng n\u0103ng m\u00e0 c\u00f2n \u0111\u1ea3m b\u1ea3o d\u00f2ng ch\u1ea3y \u00eam \u00e1i, bao ph\u1ee7 to\u00e0n th\u00e2n, \u0111\u00e1nh th\u1ee9c m\u1ecdi gi\u00e1c quan. C\u00f4ng ngh\u1ec7 EcoSmart gi\u00fap ti\u1ebft ki\u1ec7m n\u01b0\u1edbc t\u1ed1i \u0111a m\u00e0 v\u1eabn duy tr\u00ec \u00e1p l\u1ef1c m\u1ea1nh m\u1ebd, mang l\u1ea1i c\u1ea3m gi\u00e1c s\u1ea3ng kho\u00e1i b\u1ea5t t\u1eadn v\u00e0 g\u00f3p ph\u1ea7n b\u1ea3o v\u1ec7 m\u00f4i tr\u01b0\u1eddng. AXOR ShowerSphere \u2013 n\u01a1i s\u1ef1 tinh hoa c\u1ee7a thi\u1ebft k\u1ebf g\u1eb7p g\u1ee1 c\u00f4ng n\u0103ng ho\u00e0n h\u1ea3o, \u0111\u1ecbnh h\u00ecnh chu\u1ea9n m\u1ef1c m\u1edbi cho tr\u1ea3i nghi\u1ec7m th\u01b0 gi\u00e3n \u0111\u1eb3ng c\u1ea5p.<\/p>\n","protected":false},"featured_media":11201,"comment_status":"open","ping_status":"closed","template":"","meta":{"_acf_changed":false},"product_cat":[843],"product_tag":[],"class_list":{"0":"post-11191","1":"product","2":"type-product","3":"status-publish","4":"has-post-thumbnail","6":"product_cat-bat-sen-tran","7":"pa_mau-sac-chrome","8":"pa_mau-sac-chrome-den-xuoc","9":"pa_mau-sac-dong-thau-xuoc","10":"pa_mau-sac-dong-xuoc","11":"pa_mau-sac-niken-xuoc","12":"pa_mau-sac-thep-khong-gi","13":"pa_mau-sac-vang-bong","14":"pa_mau-sac-vang-hong-bong","15":"pa_mau-sac-vang-hong-xuoc","16":"pa_mau-sac-vang-xuoc","17":"pa_mau-sac-chrome-den-bong-en","19":"first","20":"instock","21":"shipping-taxable","22":"product-type-variable"},"acf":[],"featured_media_urls":{"thumbnail":["https:\/\/trading.hhg.vn\/wp-content\/uploads\/2025\/11\/154__apr12241_tif-7-150x150.png",150,150,true],"medium":["https:\/\/trading.hhg.vn\/wp-content\/uploads\/2025\/11\/154__apr12241_tif-7-262x300.png",262,300,true],"medium_large":["https:\/\/trading.hhg.vn\/wp-content\/uploads\/2025\/11\/154__apr12241_tif-7-768x878.png",768,878,true],"large":["https:\/\/trading.hhg.vn\/wp-content\/uploads\/2025\/11\/154__apr12241_tif-7-896x1024.png",896,1024,true],"1536x1536":["https:\/\/trading.hhg.vn\/wp-content\/uploads\/2025\/11\/154__apr12241_tif-7-1344x1536.png",1344,1536,true],"2048x2048":["https:\/\/trading.hhg.vn\/wp-content\/uploads\/2025\/11\/154__apr12241_tif-7.png",1397,1597,false],"woocommerce_thumbnail":["https:\/\/trading.hhg.vn\/wp-content\/uploads\/2025\/11\/154__apr12241_tif-7-600x600.png",600,600,true],"woocommerce_single":["https:\/\/trading.hhg.vn\/wp-content\/uploads\/2025\/11\/154__apr12241_tif-7-1200x1372.png",1200,1372,true],"woocommerce_gallery_thumbnail":["https:\/\/trading.hhg.vn\/wp-content\/uploads\/2025\/11\/154__apr12241_tif-7-150x171.png",150,171,true],"portfolio_item-thumbnail":["https:\/\/trading.hhg.vn\/wp-content\/uploads\/2025\/11\/154__apr12241_tif-7.png",350,400,false],"portfolio_item-thumbnail@2x":["https:\/\/trading.hhg.vn\/wp-content\/uploads\/2025\/11\/154__apr12241_tif-7.png",700,800,false],"portfolio_item-masonry":["https:\/\/trading.hhg.vn\/wp-content\/uploads\/2025\/11\/154__apr12241_tif-7.png",600,686,false],"portfolio_item-masonry@2x":["https:\/\/trading.hhg.vn\/wp-content\/uploads\/2025\/11\/154__apr12241_tif-7.png",1200,1372,false],"portfolio_item-thumbnail_cinema":["https:\/\/trading.hhg.vn\/wp-content\/uploads\/2025\/11\/154__apr12241_tif-7.png",293,335,false],"portfolio_item-thumbnail_portrait":["https:\/\/trading.hhg.vn\/wp-content\/uploads\/2025\/11\/154__apr12241_tif-7.png",600,686,false],"portfolio_item-thumbnail_portrait@2x":["https:\/\/trading.hhg.vn\/wp-content\/uploads\/2025\/11\/154__apr12241_tif-7.png",1200,1372,false],"portfolio_item-thumbnail_square":["https:\/\/trading.hhg.vn\/wp-content\/uploads\/2025\/11\/154__apr12241_tif-7.png",700,800,false]},"_links":{"self":[{"href":"https:\/\/trading.hhg.vn\/en\/wp-json\/wp\/v2\/product\/11191","targetHints":{"allow":["GET"]}}],"collection":[{"href":"https:\/\/trading.hhg.vn\/en\/wp-json\/wp\/v2\/product"}],"about":[{"href":"https:\/\/trading.hhg.vn\/en\/wp-json\/wp\/v2\/types\/product"}],"replies":[{"embeddable":true,"href":"https:\/\/trading.hhg.vn\/en\/wp-json\/wp\/v2\/comments?post=11191"}],"version-history":[{"count":3,"href":"https:\/\/trading.hhg.vn\/en\/wp-json\/wp\/v2\/product\/11191\/revisions"}],"predecessor-version":[{"id":12031,"href":"https:\/\/trading.hhg.vn\/en\/wp-json\/wp\/v2\/product\/11191\/revisions\/12031"}],"wp:featuredmedia":[{"embeddable":true,"href":"https:\/\/trading.hhg.vn\/en\/wp-json\/wp\/v2\/media\/11201"}],"wp:attachment":[{"href":"https:\/\/trading.hhg.vn\/en\/wp-json\/wp\/v2\/media?parent=11191"}],"wp:term":[{"taxonomy":"product_cat","embeddable":true,"href":"https:\/\/trading.hhg.vn\/en\/wp-json\/wp\/v2\/product_cat?post=11191"},{"taxonomy":"product_tag","embeddable":true,"href":"https:\/\/trading.hhg.vn\/en\/wp-json\/wp\/v2\/product_tag?post=11191"}],"curies":[{"name":"wp","href":"https:\/\/api.w.org\/{rel}","templated":true}]}}