{"id":112199,"date":"2025-11-30T18:00:30","date_gmt":"2025-11-30T11:00:30","guid":{"rendered":"https:\/\/trading.hhg.vn\/?post_type=product&#038;p=112199"},"modified":"2025-12-10T10:01:10","modified_gmt":"2025-12-10T03:01:10","slug":"chau-lavabo-600-400-khong-co-lo-khoan-voi-va-lo-thoat-tran-axor-suite","status":"publish","type":"product","link":"https:\/\/trading.hhg.vn\/en\/s\u1ea3n-ph\u1ea9m\/chau-lavabo-600-400-khong-co-lo-khoan-voi-va-lo-thoat-tran-axor-suite\/","title":{"rendered":"Ch\u1eadu lavabo 600\/400 kh\u00f4ng c\u00f3 l\u1ed7 khoan v\u00f2i v\u00e0 l\u1ed7 tho\u00e1t tr\u00e0n AXOR Suite"},"content":{"rendered":"<p>Suite Basins &amp; Bathtub<\/p>\n","protected":false},"excerpt":{"rendered":"<p>Ch\u1eadu lavabo AXOR Suite 600\/400 l\u00e0 ki\u1ec7t t\u00e1c c\u1ee7a s\u1ef1 t\u1ed1i gi\u1ea3n v\u00e0 tinh t\u1ebf, kh\u00f4ng l\u1ed7 khoan v\u00f2i hay tho\u00e1t tr\u00e0n \u0111\u1ec3 ph\u00f4 di\u1ec5n tr\u1ecdn v\u1eb9n v\u1ebb \u0111\u1eb9p thu\u1ea7n khi\u1ebft c\u1ee7a ch\u1ea5t li\u1ec7u. Thi\u1ebft k\u1ebf ph\u1eb3ng li\u1ec1n m\u1ea1ch, c\u00e1c g\u00f3c bo tr\u00f2n m\u1ec1m m\u1ea1i t\u1ea1o n\u00ean d\u00f2ng ch\u1ea3y th\u1ecb gi\u00e1c \u00eam \u00e1i, mang l\u1ea1i c\u1ea3m gi\u00e1c th\u01b0 th\u00e1i v\u00e0 sang tr\u1ecdng cho kh\u00f4ng gian ph\u00f2ng t\u1eafm. S\u1ea3n ph\u1ea9m kh\u00f4ng ch\u1ec9 l\u00e0 m\u1ed9t v\u1eadt d\u1ee5ng, m\u00e0 l\u00e0 tr\u1ea3i nghi\u1ec7m n\u00e2ng t\u1ea7m phong c\u00e1ch s\u1ed1ng, n\u01a1i m\u1ed7i l\u1ea7n ch\u1ea1m l\u00e0 m\u1ed9t kho\u1ea3nh kh\u1eafc c\u1ee7a s\u1ef1 thanh l\u1ecbch v\u00e0 ti\u1ec7n nghi.<\/p>\n","protected":false},"featured_media":112225,"comment_status":"open","ping_status":"closed","template":"","meta":{"_acf_changed":false},"product_cat":[71],"product_tag":[],"class_list":{"0":"post-112199","1":"product","2":"type-product","3":"status-publish","4":"has-post-thumbnail","6":"product_cat-chau","7":"pa_mau-sac-chrome","8":"pa_mau-sac-chrome-den-xuoc","9":"pa_mau-sac-den-mo","10":"pa_mau-sac-dong-thau-xuoc","11":"pa_mau-sac-dong-xuoc","12":"pa_mau-sac-niken-xuoc","13":"pa_mau-sac-thep-khong-gi","14":"pa_mau-sac-vang-bong","15":"pa_mau-sac-vang-hong-bong","16":"pa_mau-sac-vang-hong-xuoc","17":"pa_mau-sac-vang-xuoc","18":"pa_mau-sac-chrome-den-bong-en","19":"pa_mau-sac-niken-bong","21":"first","22":"instock","23":"shipping-taxable","24":"purchasable","25":"product-type-variable"},"acf":[],"featured_media_urls":{"thumbnail":["https:\/\/trading.hhg.vn\/wp-content\/uploads\/2025\/11\/154__apr10344_tif-150x150.png",150,150,true],"medium":["https:\/\/trading.hhg.vn\/wp-content\/uploads\/2025\/11\/154__apr10344_tif-262x300.png",262,300,true],"medium_large":["https:\/\/trading.hhg.vn\/wp-content\/uploads\/2025\/11\/154__apr10344_tif-768x878.png",768,878,true],"large":["https:\/\/trading.hhg.vn\/wp-content\/uploads\/2025\/11\/154__apr10344_tif-896x1024.png",896,1024,true],"1536x1536":["https:\/\/trading.hhg.vn\/wp-content\/uploads\/2025\/11\/154__apr10344_tif-1344x1536.png",1344,1536,true],"2048x2048":["https:\/\/trading.hhg.vn\/wp-content\/uploads\/2025\/11\/154__apr10344_tif.png",1440,1646,false],"woocommerce_thumbnail":["https:\/\/trading.hhg.vn\/wp-content\/uploads\/2025\/11\/154__apr10344_tif-600x600.png",600,600,true],"woocommerce_single":["https:\/\/trading.hhg.vn\/wp-content\/uploads\/2025\/11\/154__apr10344_tif-1200x1372.png",1200,1372,true],"woocommerce_gallery_thumbnail":["https:\/\/trading.hhg.vn\/wp-content\/uploads\/2025\/11\/154__apr10344_tif-150x171.png",150,171,true],"portfolio_item-thumbnail":["https:\/\/trading.hhg.vn\/wp-content\/uploads\/2025\/11\/154__apr10344_tif.png",350,400,false],"portfolio_item-thumbnail@2x":["https:\/\/trading.hhg.vn\/wp-content\/uploads\/2025\/11\/154__apr10344_tif.png",700,800,false],"portfolio_item-masonry":["https:\/\/trading.hhg.vn\/wp-content\/uploads\/2025\/11\/154__apr10344_tif.png",600,686,false],"portfolio_item-masonry@2x":["https:\/\/trading.hhg.vn\/wp-content\/uploads\/2025\/11\/154__apr10344_tif.png",1200,1372,false],"portfolio_item-thumbnail_cinema":["https:\/\/trading.hhg.vn\/wp-content\/uploads\/2025\/11\/154__apr10344_tif.png",293,335,false],"portfolio_item-thumbnail_portrait":["https:\/\/trading.hhg.vn\/wp-content\/uploads\/2025\/11\/154__apr10344_tif.png",600,686,false],"portfolio_item-thumbnail_portrait@2x":["https:\/\/trading.hhg.vn\/wp-content\/uploads\/2025\/11\/154__apr10344_tif.png",1200,1372,false],"portfolio_item-thumbnail_square":["https:\/\/trading.hhg.vn\/wp-content\/uploads\/2025\/11\/154__apr10344_tif.png",700,800,false]},"_links":{"self":[{"href":"https:\/\/trading.hhg.vn\/en\/wp-json\/wp\/v2\/product\/112199","targetHints":{"allow":["GET"]}}],"collection":[{"href":"https:\/\/trading.hhg.vn\/en\/wp-json\/wp\/v2\/product"}],"about":[{"href":"https:\/\/trading.hhg.vn\/en\/wp-json\/wp\/v2\/types\/product"}],"replies":[{"embeddable":true,"href":"https:\/\/trading.hhg.vn\/en\/wp-json\/wp\/v2\/comments?post=112199"}],"version-history":[{"count":1,"href":"https:\/\/trading.hhg.vn\/en\/wp-json\/wp\/v2\/product\/112199\/revisions"}],"predecessor-version":[{"id":112227,"href":"https:\/\/trading.hhg.vn\/en\/wp-json\/wp\/v2\/product\/112199\/revisions\/112227"}],"wp:featuredmedia":[{"embeddable":true,"href":"https:\/\/trading.hhg.vn\/en\/wp-json\/wp\/v2\/media\/112225"}],"wp:attachment":[{"href":"https:\/\/trading.hhg.vn\/en\/wp-json\/wp\/v2\/media?parent=112199"}],"wp:term":[{"taxonomy":"product_cat","embeddable":true,"href":"https:\/\/trading.hhg.vn\/en\/wp-json\/wp\/v2\/product_cat?post=112199"},{"taxonomy":"product_tag","embeddable":true,"href":"https:\/\/trading.hhg.vn\/en\/wp-json\/wp\/v2\/product_tag?post=112199"}],"curies":[{"name":"wp","href":"https:\/\/api.w.org\/{rel}","templated":true}]}}