{"id":112428,"date":"2025-11-30T18:40:08","date_gmt":"2025-11-30T11:40:08","guid":{"rendered":"https:\/\/trading.hhg.vn\/?post_type=product&#038;p=112428"},"modified":"2026-01-28T07:48:25","modified_gmt":"2026-01-28T00:48:25","slug":"tam-mat-che-hinh-vuong-2-lo-2","status":"publish","type":"product","link":"https:\/\/trading.hhg.vn\/en\/s\u1ea3n-ph\u1ea9m\/tam-mat-che-hinh-vuong-2-lo-2\/","title":{"rendered":"T\u1ea5m m\u1eb7t che h\u00ecnh vu\u00f4ng 2 l\u1ed7"},"content":{"rendered":"","protected":false},"excerpt":{"rendered":"<p>T\u1ea5m m\u1eb7t che h\u00ecnh vu\u00f4ng hai l\u1ed7 l\u00e0 s\u1ef1 k\u1ebft h\u1ee3p tinh t\u1ebf gi\u1eefa thi\u1ebft k\u1ebf t\u1ed1i gi\u1ea3n v\u00e0 c\u00f4ng n\u0103ng v\u01b0\u1ee3t tr\u1ed9i, mang \u0111\u1ebfn v\u1ebb \u0111\u1eb9p hi\u1ec7n \u0111\u1ea1i cho kh\u00f4ng gian s\u1ed1ng c\u1ee7a b\u1ea1n. B\u1ec1 m\u1eb7t ph\u1eb3ng m\u1ecbn, g\u00f3c c\u1ea1nh s\u1eafc s\u1ea3o \u0111\u01b0\u1ee3c ch\u1ebf t\u00e1c t\u1eeb v\u1eadt li\u1ec7u cao c\u1ea5p, kh\u00f4ng ch\u1ec9 b\u1ec1n b\u1ec9 theo th\u1eddi gian m\u00e0 c\u00f2n d\u1ec5 d\u00e0ng v\u1ec7 sinh, gi\u1eef nguy\u00ean v\u1ebb sang tr\u1ecdng nh\u01b0 m\u1edbi. V\u1edbi hai l\u1ed7 \u0111\u01b0\u1ee3c b\u1ed1 tr\u00ed h\u1ee3p l\u00fd, s\u1ea3n ph\u1ea9m n\u00e0y t\u1ed1i \u01b0u h\u00f3a kh\u1ea3 n\u0103ng che ch\u1eafn v\u00e0 b\u1ea3o v\u1ec7 c\u00e1c chi ti\u1ebft b\u00ean trong, \u0111\u1ed3ng th\u1eddi n\u00e2ng t\u1ea7m tr\u1ea3i nghi\u1ec7m th\u1ea9m m\u1ef9 c\u1ee7a ng\u01b0\u1eddi d\u00f9ng, ki\u1ebfn t\u1ea1o m\u1ed9t kh\u00f4ng gian s\u1ed1ng \u0111\u1eb3ng c\u1ea5p v\u00e0 ho\u00e0n m\u1ef9.<\/p>\n","protected":false},"featured_media":112474,"comment_status":"open","ping_status":"closed","template":"","meta":{"_acf_changed":false},"product_cat":[714],"product_tag":[],"class_list":{"0":"post-112428","1":"product","2":"type-product","3":"status-publish","4":"has-post-thumbnail","6":"product_cat-phu-kien-lap-dat","7":"pa_mau-sac-chrome","8":"pa_mau-sac-chrome-den-xuoc","9":"pa_mau-sac-dong-thau-xuoc","10":"pa_mau-sac-dong-xuoc","11":"pa_mau-sac-niken-xuoc","12":"pa_mau-sac-thep-khong-gi","13":"pa_mau-sac-vang-bong","14":"pa_mau-sac-vang-hong-bong","15":"pa_mau-sac-vang-hong-xuoc","16":"pa_mau-sac-chrome-bong","17":"pa_mau-sac-chrome-den-bong-en","18":"pa_mau-sac-chrome-xuoc","19":"pa_mau-sac-dong-bong","20":"pa_mau-sac-dong-thau-bong","21":"pa_mau-sac-niken-bong","23":"first","24":"instock","25":"shipping-taxable","26":"purchasable","27":"product-type-variable"},"acf":[],"featured_media_urls":{"thumbnail":["https:\/\/trading.hhg.vn\/wp-content\/uploads\/2025\/11\/154__apa00518_tif-150x150.png",150,150,true],"medium":["https:\/\/trading.hhg.vn\/wp-content\/uploads\/2025\/11\/154__apa00518_tif-263x300.png",263,300,true],"medium_large":["https:\/\/trading.hhg.vn\/wp-content\/uploads\/2025\/11\/154__apa00518_tif-768x878.png",768,878,true],"large":["https:\/\/trading.hhg.vn\/wp-content\/uploads\/2025\/11\/154__apa00518_tif-896x1024.png",896,1024,true],"1536x1536":["https:\/\/trading.hhg.vn\/wp-content\/uploads\/2025\/11\/154__apa00518_tif.png",1260,1440,false],"2048x2048":["https:\/\/trading.hhg.vn\/wp-content\/uploads\/2025\/11\/154__apa00518_tif.png",1260,1440,false],"woocommerce_thumbnail":["https:\/\/trading.hhg.vn\/wp-content\/uploads\/2025\/11\/154__apa00518_tif-600x600.png",600,600,true],"woocommerce_single":["https:\/\/trading.hhg.vn\/wp-content\/uploads\/2025\/11\/154__apa00518_tif-1200x1371.png",1200,1371,true],"woocommerce_gallery_thumbnail":["https:\/\/trading.hhg.vn\/wp-content\/uploads\/2025\/11\/154__apa00518_tif-150x171.png",150,171,true],"portfolio_item-thumbnail":["https:\/\/trading.hhg.vn\/wp-content\/uploads\/2025\/11\/154__apa00518_tif.png",350,400,false],"portfolio_item-thumbnail@2x":["https:\/\/trading.hhg.vn\/wp-content\/uploads\/2025\/11\/154__apa00518_tif.png",700,800,false],"portfolio_item-masonry":["https:\/\/trading.hhg.vn\/wp-content\/uploads\/2025\/11\/154__apa00518_tif.png",600,686,false],"portfolio_item-masonry@2x":["https:\/\/trading.hhg.vn\/wp-content\/uploads\/2025\/11\/154__apa00518_tif.png",1200,1371,false],"portfolio_item-thumbnail_cinema":["https:\/\/trading.hhg.vn\/wp-content\/uploads\/2025\/11\/154__apa00518_tif.png",293,335,false],"portfolio_item-thumbnail_portrait":["https:\/\/trading.hhg.vn\/wp-content\/uploads\/2025\/11\/154__apa00518_tif.png",600,686,false],"portfolio_item-thumbnail_portrait@2x":["https:\/\/trading.hhg.vn\/wp-content\/uploads\/2025\/11\/154__apa00518_tif.png",1200,1371,false],"portfolio_item-thumbnail_square":["https:\/\/trading.hhg.vn\/wp-content\/uploads\/2025\/11\/154__apa00518_tif.png",700,800,false]},"_links":{"self":[{"href":"https:\/\/trading.hhg.vn\/en\/wp-json\/wp\/v2\/product\/112428","targetHints":{"allow":["GET"]}}],"collection":[{"href":"https:\/\/trading.hhg.vn\/en\/wp-json\/wp\/v2\/product"}],"about":[{"href":"https:\/\/trading.hhg.vn\/en\/wp-json\/wp\/v2\/types\/product"}],"replies":[{"embeddable":true,"href":"https:\/\/trading.hhg.vn\/en\/wp-json\/wp\/v2\/comments?post=112428"}],"version-history":[{"count":1,"href":"https:\/\/trading.hhg.vn\/en\/wp-json\/wp\/v2\/product\/112428\/revisions"}],"predecessor-version":[{"id":112476,"href":"https:\/\/trading.hhg.vn\/en\/wp-json\/wp\/v2\/product\/112428\/revisions\/112476"}],"wp:featuredmedia":[{"embeddable":true,"href":"https:\/\/trading.hhg.vn\/en\/wp-json\/wp\/v2\/media\/112474"}],"wp:attachment":[{"href":"https:\/\/trading.hhg.vn\/en\/wp-json\/wp\/v2\/media?parent=112428"}],"wp:term":[{"taxonomy":"product_cat","embeddable":true,"href":"https:\/\/trading.hhg.vn\/en\/wp-json\/wp\/v2\/product_cat?post=112428"},{"taxonomy":"product_tag","embeddable":true,"href":"https:\/\/trading.hhg.vn\/en\/wp-json\/wp\/v2\/product_tag?post=112428"}],"curies":[{"name":"wp","href":"https:\/\/api.w.org\/{rel}","templated":true}]}}