{"id":112522,"date":"2025-11-30T18:51:40","date_gmt":"2025-11-30T11:51:40","guid":{"rendered":"https:\/\/trading.hhg.vn\/product\/chau-rua-dat-ban-550-400-khong-lo-voi-khong-chong-tran-dong-xuniva-d\/"},"modified":"2025-11-30T18:51:42","modified_gmt":"2025-11-30T11:51:42","slug":"chau-rua-dat-ban-550-400-khong-lo-voi-khong-chong-tran-dong-xuniva-d","status":"publish","type":"product","link":"https:\/\/trading.hhg.vn\/en\/s\u1ea3n-ph\u1ea9m\/chau-rua-dat-ban-550-400-khong-lo-voi-khong-chong-tran-dong-xuniva-d\/","title":{"rendered":"Ch\u1eadu r\u1eeda \u0111\u1eb7t b\u00e0n 550\/400 kh\u00f4ng l\u1ed7 v\u00f2i, kh\u00f4ng ch\u1ed1ng tr\u00e0n d\u00f2ng Xuniva D"},"content":{"rendered":"","protected":false},"excerpt":{"rendered":"<p>Xuniva D mang \u0111\u1ebfn v\u1ebb \u0111\u1eb9p tinh gi\u1ea3n v\u01b0\u1ee3t th\u1eddi gian, l\u00e0 \u0111i\u1ec3m nh\u1ea5n ho\u00e0n h\u1ea3o cho kh\u00f4ng gian ph\u00f2ng t\u1eafm \u0111\u01b0\u01a1ng \u0111\u1ea1i. Thi\u1ebft k\u1ebf kh\u00f4ng l\u1ed7 v\u00f2i v\u00e0 ch\u1ed1ng tr\u00e0n kh\u00f4ng ch\u1ec9 t\u1ea1o n\u00ean m\u1ed9t b\u1ec1 m\u1eb7t li\u1ec1n m\u1ea1ch, d\u1ec5 d\u00e0ng v\u1ec7 sinh m\u00e0 c\u00f2n t\u00f4n vinh n\u00e9t thu\u1ea7n khi\u1ebft trong t\u1eebng \u0111\u01b0\u1eddng n\u00e9t. M\u1ed7i l\u1ea7n s\u1eed d\u1ee5ng l\u00e0 m\u1ed9t tr\u1ea3i nghi\u1ec7m \u00eam \u00e1i, n\u01a1i s\u1ef1 ti\u1ec7n nghi h\u00f2a quy\u1ec7n c\u00f9ng phong c\u00e1ch s\u1ed1ng tinh t\u1ebf, n\u00e2ng t\u1ea7m gi\u00e1 tr\u1ecb th\u1ea9m m\u1ef9 v\u00e0 c\u00f4ng n\u0103ng cho t\u1ed5 \u1ea5m c\u1ee7a b\u1ea1n.<\/p>\n","protected":false},"featured_media":54902,"comment_status":"open","ping_status":"closed","template":"","meta":{"_acf_changed":false},"product_cat":[71],"product_tag":[],"class_list":{"0":"post-112522","1":"product","2":"type-product","3":"status-publish","4":"has-post-thumbnail","6":"product_cat-chau","7":"pa_mau-sac-trang","9":"first","10":"instock","11":"shipping-taxable","12":"purchasable","13":"product-type-simple"},"acf":[],"featured_media_urls":{"thumbnail":["https:\/\/trading.hhg.vn\/wp-content\/uploads\/2025\/11\/154__hpr05156_tif-150x150.png",150,150,true],"medium":["https:\/\/trading.hhg.vn\/wp-content\/uploads\/2025\/11\/154__hpr05156_tif-262x300.png",262,300,true],"medium_large":["https:\/\/trading.hhg.vn\/wp-content\/uploads\/2025\/11\/154__hpr05156_tif-768x878.png",768,878,true],"large":["https:\/\/trading.hhg.vn\/wp-content\/uploads\/2025\/11\/154__hpr05156_tif-896x1024.png",896,1024,true],"1536x1536":["https:\/\/trading.hhg.vn\/wp-content\/uploads\/2025\/11\/154__hpr05156_tif-1344x1536.png",1344,1536,true],"2048x2048":["https:\/\/trading.hhg.vn\/wp-content\/uploads\/2025\/11\/154__hpr05156_tif.png",1440,1646,false],"woocommerce_thumbnail":["https:\/\/trading.hhg.vn\/wp-content\/uploads\/2025\/11\/154__hpr05156_tif-600x600.png",600,600,true],"woocommerce_single":["https:\/\/trading.hhg.vn\/wp-content\/uploads\/2025\/11\/154__hpr05156_tif-1200x1372.png",1200,1372,true],"woocommerce_gallery_thumbnail":["https:\/\/trading.hhg.vn\/wp-content\/uploads\/2025\/11\/154__hpr05156_tif-150x171.png",150,171,true],"portfolio_item-thumbnail":["https:\/\/trading.hhg.vn\/wp-content\/uploads\/2025\/11\/154__hpr05156_tif.png",350,400,false],"portfolio_item-thumbnail@2x":["https:\/\/trading.hhg.vn\/wp-content\/uploads\/2025\/11\/154__hpr05156_tif.png",700,800,false],"portfolio_item-masonry":["https:\/\/trading.hhg.vn\/wp-content\/uploads\/2025\/11\/154__hpr05156_tif.png",600,686,false],"portfolio_item-masonry@2x":["https:\/\/trading.hhg.vn\/wp-content\/uploads\/2025\/11\/154__hpr05156_tif.png",1200,1372,false],"portfolio_item-thumbnail_cinema":["https:\/\/trading.hhg.vn\/wp-content\/uploads\/2025\/11\/154__hpr05156_tif.png",293,335,false],"portfolio_item-thumbnail_portrait":["https:\/\/trading.hhg.vn\/wp-content\/uploads\/2025\/11\/154__hpr05156_tif.png",600,686,false],"portfolio_item-thumbnail_portrait@2x":["https:\/\/trading.hhg.vn\/wp-content\/uploads\/2025\/11\/154__hpr05156_tif.png",1200,1372,false],"portfolio_item-thumbnail_square":["https:\/\/trading.hhg.vn\/wp-content\/uploads\/2025\/11\/154__hpr05156_tif.png",700,800,false]},"_links":{"self":[{"href":"https:\/\/trading.hhg.vn\/en\/wp-json\/wp\/v2\/product\/112522","targetHints":{"allow":["GET"]}}],"collection":[{"href":"https:\/\/trading.hhg.vn\/en\/wp-json\/wp\/v2\/product"}],"about":[{"href":"https:\/\/trading.hhg.vn\/en\/wp-json\/wp\/v2\/types\/product"}],"replies":[{"embeddable":true,"href":"https:\/\/trading.hhg.vn\/en\/wp-json\/wp\/v2\/comments?post=112522"}],"version-history":[{"count":0,"href":"https:\/\/trading.hhg.vn\/en\/wp-json\/wp\/v2\/product\/112522\/revisions"}],"wp:featuredmedia":[{"embeddable":true,"href":"https:\/\/trading.hhg.vn\/en\/wp-json\/wp\/v2\/media\/54902"}],"wp:attachment":[{"href":"https:\/\/trading.hhg.vn\/en\/wp-json\/wp\/v2\/media?parent=112522"}],"wp:term":[{"taxonomy":"product_cat","embeddable":true,"href":"https:\/\/trading.hhg.vn\/en\/wp-json\/wp\/v2\/product_cat?post=112522"},{"taxonomy":"product_tag","embeddable":true,"href":"https:\/\/trading.hhg.vn\/en\/wp-json\/wp\/v2\/product_tag?post=112522"}],"curies":[{"name":"wp","href":"https:\/\/api.w.org\/{rel}","templated":true}]}}