{"id":112525,"date":"2025-11-30T18:52:55","date_gmt":"2025-11-30T11:52:55","guid":{"rendered":"https:\/\/trading.hhg.vn\/product\/bo-am-cho-bo-tron-sen-tam-tay-gat-don-3-lo-gan-vanh-2\/"},"modified":"2026-01-28T07:42:45","modified_gmt":"2026-01-28T00:42:45","slug":"bo-am-cho-bo-tron-sen-tam-tay-gat-don-3-lo-gan-vanh-2","status":"publish","type":"product","link":"https:\/\/trading.hhg.vn\/en\/s\u1ea3n-ph\u1ea9m\/bo-am-cho-bo-tron-sen-tam-tay-gat-don-3-lo-gan-vanh-2\/","title":{"rendered":"B\u1ed9 \u00e2m cho b\u1ed9 tr\u1ed9n sen t\u1eafm tay g\u1ea1t \u0111\u01a1n 3 l\u1ed7 g\u1eafn v\u00e0nh"},"content":{"rendered":"","protected":false},"excerpt":{"rendered":"<p>Ki\u1ec7t t\u00e1c \u00e2m th\u1ea7m n\u00e0y ki\u1ebfn t\u1ea1o kh\u00f4ng gian t\u1eafm thanh l\u1ecbch, n\u00e2ng t\u1ea7m tr\u1ea3i nghi\u1ec7m th\u01b0 th\u00e1i m\u1ed7i ng\u00e0y. Thi\u1ebft k\u1ebf t\u1ed1i gi\u1ea3n tinh t\u1ebf \u1ea9n m\u00ecnh ho\u00e0n h\u1ea3o sau b\u1ee9c t\u01b0\u1eddng, ch\u1ec9 \u0111\u1ec3 l\u1ed9 nh\u1eefng \u0111\u01b0\u1eddng n\u00e9t m\u1ec1m m\u1ea1i, sang tr\u1ecdng c\u1ee7a tay g\u1ea1t v\u00e0 v\u00e0nh sen t\u1eafm. V\u1eadn h\u00e0nh nh\u1eb9 nh\u00e0ng, m\u01b0\u1ee3t m\u00e0, b\u1ed9 tr\u1ed9n ba l\u1ed7 mang \u0111\u1ebfn d\u00f2ng n\u01b0\u1edbc \u00eam \u00e1i, ki\u1ec3m so\u00e1t nhi\u1ec7t \u0111\u1ed9 v\u00e0 l\u01b0u l\u01b0\u1ee3ng ch\u00ednh x\u00e1c \u0111\u1ebfn kinh ng\u1ea1c, cho b\u1ea1n \u0111\u1eafm ch\u00ecm tr\u1ecdn v\u1eb9n trong s\u1ef1 t\u0129nh l\u1eb7ng v\u00e0 th\u01b0 gi\u00e3n \u0111\u1ec9nh cao, ch\u1ea1m \u0111\u1ebfn gi\u00e1c quan m\u1ed9t c\u00e1ch \u0111\u1ea7y tinh t\u1ebf.<\/p>\n","protected":false},"featured_media":112523,"comment_status":"open","ping_status":"closed","template":"","meta":{"_acf_changed":false},"product_cat":[714],"product_tag":[],"class_list":{"0":"post-112525","1":"product","2":"type-product","3":"status-publish","4":"has-post-thumbnail","6":"product_cat-phu-kien-lap-dat","8":"first","9":"instock","10":"shipping-taxable","11":"purchasable","12":"product-type-simple"},"acf":[],"featured_media_urls":{"thumbnail":["https:\/\/trading.hhg.vn\/wp-content\/uploads\/2025\/11\/154__apr01613_tif-150x150.png",150,150,true],"medium":["https:\/\/trading.hhg.vn\/wp-content\/uploads\/2025\/11\/154__apr01613_tif-263x300.png",263,300,true],"medium_large":["https:\/\/trading.hhg.vn\/wp-content\/uploads\/2025\/11\/154__apr01613_tif-768x878.png",768,878,true],"large":["https:\/\/trading.hhg.vn\/wp-content\/uploads\/2025\/11\/154__apr01613_tif-896x1024.png",896,1024,true],"1536x1536":["https:\/\/trading.hhg.vn\/wp-content\/uploads\/2025\/11\/154__apr01613_tif.png",1260,1440,false],"2048x2048":["https:\/\/trading.hhg.vn\/wp-content\/uploads\/2025\/11\/154__apr01613_tif.png",1260,1440,false],"woocommerce_thumbnail":["https:\/\/trading.hhg.vn\/wp-content\/uploads\/2025\/11\/154__apr01613_tif-600x600.png",600,600,true],"woocommerce_single":["https:\/\/trading.hhg.vn\/wp-content\/uploads\/2025\/11\/154__apr01613_tif-1200x1371.png",1200,1371,true],"woocommerce_gallery_thumbnail":["https:\/\/trading.hhg.vn\/wp-content\/uploads\/2025\/11\/154__apr01613_tif-150x171.png",150,171,true],"portfolio_item-thumbnail":["https:\/\/trading.hhg.vn\/wp-content\/uploads\/2025\/11\/154__apr01613_tif.png",350,400,false],"portfolio_item-thumbnail@2x":["https:\/\/trading.hhg.vn\/wp-content\/uploads\/2025\/11\/154__apr01613_tif.png",700,800,false],"portfolio_item-masonry":["https:\/\/trading.hhg.vn\/wp-content\/uploads\/2025\/11\/154__apr01613_tif.png",600,686,false],"portfolio_item-masonry@2x":["https:\/\/trading.hhg.vn\/wp-content\/uploads\/2025\/11\/154__apr01613_tif.png",1200,1371,false],"portfolio_item-thumbnail_cinema":["https:\/\/trading.hhg.vn\/wp-content\/uploads\/2025\/11\/154__apr01613_tif.png",293,335,false],"portfolio_item-thumbnail_portrait":["https:\/\/trading.hhg.vn\/wp-content\/uploads\/2025\/11\/154__apr01613_tif.png",600,686,false],"portfolio_item-thumbnail_portrait@2x":["https:\/\/trading.hhg.vn\/wp-content\/uploads\/2025\/11\/154__apr01613_tif.png",1200,1371,false],"portfolio_item-thumbnail_square":["https:\/\/trading.hhg.vn\/wp-content\/uploads\/2025\/11\/154__apr01613_tif.png",700,800,false]},"_links":{"self":[{"href":"https:\/\/trading.hhg.vn\/en\/wp-json\/wp\/v2\/product\/112525","targetHints":{"allow":["GET"]}}],"collection":[{"href":"https:\/\/trading.hhg.vn\/en\/wp-json\/wp\/v2\/product"}],"about":[{"href":"https:\/\/trading.hhg.vn\/en\/wp-json\/wp\/v2\/types\/product"}],"replies":[{"embeddable":true,"href":"https:\/\/trading.hhg.vn\/en\/wp-json\/wp\/v2\/comments?post=112525"}],"version-history":[{"count":0,"href":"https:\/\/trading.hhg.vn\/en\/wp-json\/wp\/v2\/product\/112525\/revisions"}],"wp:featuredmedia":[{"embeddable":true,"href":"https:\/\/trading.hhg.vn\/en\/wp-json\/wp\/v2\/media\/112523"}],"wp:attachment":[{"href":"https:\/\/trading.hhg.vn\/en\/wp-json\/wp\/v2\/media?parent=112525"}],"wp:term":[{"taxonomy":"product_cat","embeddable":true,"href":"https:\/\/trading.hhg.vn\/en\/wp-json\/wp\/v2\/product_cat?post=112525"},{"taxonomy":"product_tag","embeddable":true,"href":"https:\/\/trading.hhg.vn\/en\/wp-json\/wp\/v2\/product_tag?post=112525"}],"curies":[{"name":"wp","href":"https:\/\/api.w.org\/{rel}","templated":true}]}}