{"id":113966,"date":"2025-11-30T20:33:27","date_gmt":"2025-11-30T13:33:27","guid":{"rendered":"https:\/\/trading.hhg.vn\/?post_type=product&#038;p=113966"},"modified":"2026-01-28T07:39:58","modified_gmt":"2026-01-28T00:39:58","slug":"voi-xit-ve-sinh-1-duong-nuoc-ecosmart-bidette","status":"publish","type":"product","link":"https:\/\/trading.hhg.vn\/en\/s\u1ea3n-ph\u1ea9m\/voi-xit-ve-sinh-1-duong-nuoc-ecosmart-bidette\/","title":{"rendered":"V\u00f2i x\u1ecbt v\u1ec7 sinh 1 \u0111\u01b0\u1eddng n\u01b0\u1edbc EcoSmart Bidette"},"content":{"rendered":"","protected":false},"excerpt":{"rendered":"<p>EcoSmart Bidette \u0111\u1ecbnh h\u00ecnh l\u1ea1i kh\u00f4ng gian v\u1ec7 sinh c\u00e1 nh\u00e2n, n\u01a1i thi\u1ebft k\u1ebf t\u1ed1i gi\u1ea3n h\u00f2a quy\u1ec7n c\u00f9ng c\u00f4ng n\u0103ng v\u01b0\u1ee3t tr\u1ed9i. T\u1eebng \u0111\u01b0\u1eddng n\u00e9t tinh t\u1ebf, ch\u1ea5t li\u1ec7u cao c\u1ea5p kh\u00f4ng ch\u1ec9 mang \u0111\u1ebfn v\u1ebb \u0111\u1eb9p sang tr\u1ecdng m\u00e0 c\u00f2n \u0111\u1ea3m b\u1ea3o s\u1ef1 b\u1ec1n b\u1ec9 theo th\u1eddi gian. Tr\u1ea3i nghi\u1ec7m l\u00e0m s\u1ea1ch nh\u1eb9 nh\u00e0ng, hi\u1ec7u qu\u1ea3 v\u1edbi d\u00f2ng n\u01b0\u1edbc \u0111\u01b0\u1ee3c \u0111i\u1ec1u ch\u1ec9nh linh ho\u1ea1t, n\u00e2ng niu l\u00e0n da nh\u1ea1y c\u1ea3m nh\u1ea5t. EcoSmart Bidette kh\u00f4ng ch\u1ec9 l\u00e0 m\u1ed9t thi\u1ebft b\u1ecb, \u0111\u00f3 l\u00e0 s\u1ef1 n\u00e2ng t\u1ea7m phong c\u00e1ch s\u1ed1ng, ki\u1ebfn t\u1ea1o kho\u1ea3nh kh\u1eafc ri\u00eang t\u01b0 \u0111\u1ea7y ti\u1ec7n nghi v\u00e0 th\u01b0 th\u00e1i m\u1ed7i ng\u00e0y.<\/p>\n","protected":false},"featured_media":114100,"comment_status":"open","ping_status":"closed","template":"","meta":{"_acf_changed":false},"product_cat":[890,842],"product_tag":[],"class_list":{"0":"post-113966","1":"product","2":"type-product","3":"status-publish","4":"has-post-thumbnail","6":"product_cat-tay-sen","7":"product_cat-tay-sen-tam","8":"pa_mau-sac-chrome","9":"pa_mau-sac-chrome-den-xuoc","10":"pa_mau-sac-den-mo","11":"pa_mau-sac-dong-xuoc","12":"pa_mau-sac-trang-mo","13":"pa_mau-sac-vang-bong","15":"first","16":"instock","17":"shipping-taxable","18":"purchasable","19":"product-type-variable"},"acf":[],"featured_media_urls":{"thumbnail":["https:\/\/trading.hhg.vn\/wp-content\/uploads\/2025\/11\/154__hpr08181_tif-150x150.png",150,150,true],"medium":["https:\/\/trading.hhg.vn\/wp-content\/uploads\/2025\/11\/154__hpr08181_tif-263x300.png",263,300,true],"medium_large":["https:\/\/trading.hhg.vn\/wp-content\/uploads\/2025\/11\/154__hpr08181_tif-768x878.png",768,878,true],"large":["https:\/\/trading.hhg.vn\/wp-content\/uploads\/2025\/11\/154__hpr08181_tif-896x1024.png",896,1024,true],"1536x1536":["https:\/\/trading.hhg.vn\/wp-content\/uploads\/2025\/11\/154__hpr08181_tif.png",1260,1440,false],"2048x2048":["https:\/\/trading.hhg.vn\/wp-content\/uploads\/2025\/11\/154__hpr08181_tif.png",1260,1440,false],"woocommerce_thumbnail":["https:\/\/trading.hhg.vn\/wp-content\/uploads\/2025\/11\/154__hpr08181_tif-600x600.png",600,600,true],"woocommerce_single":["https:\/\/trading.hhg.vn\/wp-content\/uploads\/2025\/11\/154__hpr08181_tif-1200x1371.png",1200,1371,true],"woocommerce_gallery_thumbnail":["https:\/\/trading.hhg.vn\/wp-content\/uploads\/2025\/11\/154__hpr08181_tif-150x171.png",150,171,true],"portfolio_item-thumbnail":["https:\/\/trading.hhg.vn\/wp-content\/uploads\/2025\/11\/154__hpr08181_tif.png",350,400,false],"portfolio_item-thumbnail@2x":["https:\/\/trading.hhg.vn\/wp-content\/uploads\/2025\/11\/154__hpr08181_tif.png",700,800,false],"portfolio_item-masonry":["https:\/\/trading.hhg.vn\/wp-content\/uploads\/2025\/11\/154__hpr08181_tif.png",600,686,false],"portfolio_item-masonry@2x":["https:\/\/trading.hhg.vn\/wp-content\/uploads\/2025\/11\/154__hpr08181_tif.png",1200,1371,false],"portfolio_item-thumbnail_cinema":["https:\/\/trading.hhg.vn\/wp-content\/uploads\/2025\/11\/154__hpr08181_tif.png",293,335,false],"portfolio_item-thumbnail_portrait":["https:\/\/trading.hhg.vn\/wp-content\/uploads\/2025\/11\/154__hpr08181_tif.png",600,686,false],"portfolio_item-thumbnail_portrait@2x":["https:\/\/trading.hhg.vn\/wp-content\/uploads\/2025\/11\/154__hpr08181_tif.png",1200,1371,false],"portfolio_item-thumbnail_square":["https:\/\/trading.hhg.vn\/wp-content\/uploads\/2025\/11\/154__hpr08181_tif.png",700,800,false]},"_links":{"self":[{"href":"https:\/\/trading.hhg.vn\/en\/wp-json\/wp\/v2\/product\/113966","targetHints":{"allow":["GET"]}}],"collection":[{"href":"https:\/\/trading.hhg.vn\/en\/wp-json\/wp\/v2\/product"}],"about":[{"href":"https:\/\/trading.hhg.vn\/en\/wp-json\/wp\/v2\/types\/product"}],"replies":[{"embeddable":true,"href":"https:\/\/trading.hhg.vn\/en\/wp-json\/wp\/v2\/comments?post=113966"}],"version-history":[{"count":1,"href":"https:\/\/trading.hhg.vn\/en\/wp-json\/wp\/v2\/product\/113966\/revisions"}],"predecessor-version":[{"id":114102,"href":"https:\/\/trading.hhg.vn\/en\/wp-json\/wp\/v2\/product\/113966\/revisions\/114102"}],"wp:featuredmedia":[{"embeddable":true,"href":"https:\/\/trading.hhg.vn\/en\/wp-json\/wp\/v2\/media\/114100"}],"wp:attachment":[{"href":"https:\/\/trading.hhg.vn\/en\/wp-json\/wp\/v2\/media?parent=113966"}],"wp:term":[{"taxonomy":"product_cat","embeddable":true,"href":"https:\/\/trading.hhg.vn\/en\/wp-json\/wp\/v2\/product_cat?post=113966"},{"taxonomy":"product_tag","embeddable":true,"href":"https:\/\/trading.hhg.vn\/en\/wp-json\/wp\/v2\/product_tag?post=113966"}],"curies":[{"name":"wp","href":"https:\/\/api.w.org\/{rel}","templated":true}]}}