{"id":114200,"date":"2025-11-30T21:03:41","date_gmt":"2025-11-30T14:03:41","guid":{"rendered":"https:\/\/trading.hhg.vn\/?post_type=product&#038;p=114200"},"modified":"2026-01-28T07:39:57","modified_gmt":"2026-01-28T00:39:57","slug":"sen-tay-2-duong-nuoc-axor-starck-baton","status":"publish","type":"product","link":"https:\/\/trading.hhg.vn\/en\/s\u1ea3n-ph\u1ea9m\/sen-tay-2-duong-nuoc-axor-starck-baton\/","title":{"rendered":"Sen tay 2 \u0111\u01b0\u1eddng n\u01b0\u1edbc AXOR Starck Baton"},"content":{"rendered":"<p><img fetchpriority=\"high\" decoding=\"async\" class=\"alignnone wp-image-7559 aligncenter\" src=\"https:\/\/trading.hhg.vn\/wp-content\/uploads\/2025\/11\/AXOR-Starck.jpg\" alt=\"\" width=\"606\" height=\"454\" \/>AXOR Starck th\u1ec3 hi\u1ec7n tri\u1ebft l\u00fd thi\u1ebft k\u1ebf \u201cgi\u1ea3m thi\u1ec3u \u0111\u1ec3 ch\u1ea1m \u0111\u1ebfn b\u1ea3n ch\u1ea5t\u201d, l\u1ea5y c\u1ea3m h\u1ee9ng t\u1eeb d\u00f2ng ch\u1ea3y nguy\u00ean b\u1ea3n c\u1ee7a n\u01b0\u1edbc. V\u1edbi h\u00ecnh tr\u1ee5 thanh m\u1ea3nh, tay g\u1ea1t th\u1eb3ng \u0111\u1ee9ng \u0111\u1eb7c tr\u01b0ng v\u00e0 c\u1ea5u tr\u00fac h\u00ecnh h\u1ecdc c\u00e2n \u0111\u1ed1i, s\u1ea3n ph\u1ea9m mang v\u1ebb \u0111\u1eb9p t\u1ed1i gi\u1ea3n, tinh t\u1ebf v\u00e0 hi\u1ec7n \u0111\u1ea1i. M\u1ecdi chi ti\u1ebft \u0111\u01b0\u1ee3c tinh ch\u1ec9nh \u0111\u1ebfn m\u1ee9c ho\u00e0n h\u1ea3o, mang \u0111\u1ebfn c\u1ea3m gi\u00e1c nh\u1eb9 nh\u00e0ng, ch\u00ednh x\u00e1c v\u00e0 h\u00e0i h\u00f2a trong kh\u00f4ng gian t\u1eafm.<\/p>\n<p>AXOR Starck th\u1ec3 hi\u1ec7n tay ngh\u1ec1 ch\u1ebf t\u00e1c \u0110\u1ee9c tinh x\u1ea3o. B\u1ec1 m\u1eb7t ho\u00e0n thi\u1ec7n b\u1eb1ng c\u00f4ng ngh\u1ec7 AXOR FinishPlus gi\u00fap ch\u1ed1ng tr\u1ea7y x\u01b0\u1edbc, ch\u1ed1ng \u0103n m\u00f2n v\u00e0 duy tr\u00ec \u0111\u1ed9 s\u00e1ng b\u00f3ng l\u00e2u d\u00e0i, v\u1edbi nhi\u1ec1u t\u00f9y ch\u1ecdn sang tr\u1ecdng nh\u01b0 chrome, brushed nickel, polished gold optic hay black chrome. D\u00f2ng ch\u1ea3y \u0111\u01b0\u1ee3c thi\u1ebft k\u1ebf t\u1ef1 nhi\u00ean v\u00e0 \u00eam d\u1ecbu, ph\u1ea3n \u00e1nh s\u1ef1 h\u00f2a h\u1ee3p gi\u1eefa c\u00f4ng ngh\u1ec7 v\u00e0 c\u1ea3m x\u00fac.<\/p>\n","protected":false},"excerpt":{"rendered":"<p>Sen tay AXOR Starck Baton kh\u00f4ng ch\u1ec9 l\u00e0 thi\u1ebft b\u1ecb, m\u00e0 l\u00e0 t\u00e1c ph\u1ea9m ngh\u1ec7 thu\u1eadt t\u1ed1i gi\u1ea3n, n\u00e2ng t\u1ea7m kh\u00f4ng gian ph\u00f2ng t\u1eafm. Thi\u1ebft k\u1ebf tinh t\u1ebf, c\u1ea7m n\u1eafm v\u1eeba v\u1eb7n, t\u1ea1o c\u1ea3m gi\u00e1c sang tr\u1ecdng khi s\u1eed d\u1ee5ng. C\u00f4ng n\u0103ng hai ch\u1ebf \u0111\u1ed9 n\u01b0\u1edbc m\u1ea1nh m\u1ebd v\u00e0 \u00eam \u00e1i, d\u1ec5 d\u00e0ng chuy\u1ec3n \u0111\u1ed5i ch\u1ec9 v\u1edbi m\u1ed9t n\u00fat b\u1ea5m, \u0111\u00e1p \u1ee9ng m\u1ecdi nhu c\u1ea7u t\u1eeb t\u1eafm th\u01b0 gi\u00e3n \u0111\u1ebfn v\u1ec7 sinh nhanh ch\u00f3ng. Tr\u1ea3i nghi\u1ec7m m\u1ed7i l\u1ea7n ch\u1ea1m v\u00e0o AXOR Starck Baton l\u00e0 s\u1ef1 k\u1ebft h\u1ee3p ho\u00e0n h\u1ea3o gi\u1eefa v\u1ebb \u0111\u1eb9p v\u01b0\u1ee3t th\u1eddi gian v\u00e0 hi\u1ec7u su\u1ea5t \u0111\u1ec9nh cao, mang \u0111\u1ebfn nh\u1eefng kho\u1ea3nh kh\u1eafc th\u01b0 th\u00e1i tuy\u1ec7t \u0111\u1ed1i.<\/p>\n","protected":false},"featured_media":114437,"comment_status":"open","ping_status":"closed","template":"","meta":{"_acf_changed":false},"product_cat":[890,842],"product_tag":[],"class_list":{"0":"post-114200","1":"product","2":"type-product","3":"status-publish","4":"has-post-thumbnail","6":"product_cat-tay-sen","7":"product_cat-tay-sen-tam","8":"pa_mau-sac-chrome","9":"pa_mau-sac-chrome-den-xuoc","10":"pa_mau-sac-den-mo","11":"pa_mau-sac-dong-thau-xuoc","12":"pa_mau-sac-dong-xuoc","13":"pa_mau-sac-niken-xuoc","14":"pa_mau-sac-thep-khong-gi","15":"pa_mau-sac-trang-mo","16":"pa_mau-sac-vang-bong","17":"pa_mau-sac-vang-hong-bong","18":"pa_mau-sac-vang-hong-xuoc","19":"pa_mau-sac-vang-xuoc","20":"pa_mau-sac-chrome-den-bong-en","22":"first","23":"instock","24":"shipping-taxable","25":"purchasable","26":"product-type-variable"},"acf":[],"featured_media_urls":{"thumbnail":["https:\/\/trading.hhg.vn\/wp-content\/uploads\/2025\/11\/154__apb01065_tif-150x150.png",150,150,true],"medium":["https:\/\/trading.hhg.vn\/wp-content\/uploads\/2025\/11\/154__apb01065_tif-263x300.png",263,300,true],"medium_large":["https:\/\/trading.hhg.vn\/wp-content\/uploads\/2025\/11\/154__apb01065_tif-768x878.png",768,878,true],"large":["https:\/\/trading.hhg.vn\/wp-content\/uploads\/2025\/11\/154__apb01065_tif-896x1024.png",896,1024,true],"1536x1536":["https:\/\/trading.hhg.vn\/wp-content\/uploads\/2025\/11\/154__apb01065_tif.png",1260,1440,false],"2048x2048":["https:\/\/trading.hhg.vn\/wp-content\/uploads\/2025\/11\/154__apb01065_tif.png",1260,1440,false],"woocommerce_thumbnail":["https:\/\/trading.hhg.vn\/wp-content\/uploads\/2025\/11\/154__apb01065_tif-600x600.png",600,600,true],"woocommerce_single":["https:\/\/trading.hhg.vn\/wp-content\/uploads\/2025\/11\/154__apb01065_tif-1200x1371.png",1200,1371,true],"woocommerce_gallery_thumbnail":["https:\/\/trading.hhg.vn\/wp-content\/uploads\/2025\/11\/154__apb01065_tif-150x171.png",150,171,true],"portfolio_item-thumbnail":["https:\/\/trading.hhg.vn\/wp-content\/uploads\/2025\/11\/154__apb01065_tif.png",350,400,false],"portfolio_item-thumbnail@2x":["https:\/\/trading.hhg.vn\/wp-content\/uploads\/2025\/11\/154__apb01065_tif.png",700,800,false],"portfolio_item-masonry":["https:\/\/trading.hhg.vn\/wp-content\/uploads\/2025\/11\/154__apb01065_tif.png",600,686,false],"portfolio_item-masonry@2x":["https:\/\/trading.hhg.vn\/wp-content\/uploads\/2025\/11\/154__apb01065_tif.png",1200,1371,false],"portfolio_item-thumbnail_cinema":["https:\/\/trading.hhg.vn\/wp-content\/uploads\/2025\/11\/154__apb01065_tif.png",293,335,false],"portfolio_item-thumbnail_portrait":["https:\/\/trading.hhg.vn\/wp-content\/uploads\/2025\/11\/154__apb01065_tif.png",600,686,false],"portfolio_item-thumbnail_portrait@2x":["https:\/\/trading.hhg.vn\/wp-content\/uploads\/2025\/11\/154__apb01065_tif.png",1200,1371,false],"portfolio_item-thumbnail_square":["https:\/\/trading.hhg.vn\/wp-content\/uploads\/2025\/11\/154__apb01065_tif.png",700,800,false]},"_links":{"self":[{"href":"https:\/\/trading.hhg.vn\/en\/wp-json\/wp\/v2\/product\/114200","targetHints":{"allow":["GET"]}}],"collection":[{"href":"https:\/\/trading.hhg.vn\/en\/wp-json\/wp\/v2\/product"}],"about":[{"href":"https:\/\/trading.hhg.vn\/en\/wp-json\/wp\/v2\/types\/product"}],"replies":[{"embeddable":true,"href":"https:\/\/trading.hhg.vn\/en\/wp-json\/wp\/v2\/comments?post=114200"}],"version-history":[{"count":2,"href":"https:\/\/trading.hhg.vn\/en\/wp-json\/wp\/v2\/product\/114200\/revisions"}],"predecessor-version":[{"id":118669,"href":"https:\/\/trading.hhg.vn\/en\/wp-json\/wp\/v2\/product\/114200\/revisions\/118669"}],"wp:featuredmedia":[{"embeddable":true,"href":"https:\/\/trading.hhg.vn\/en\/wp-json\/wp\/v2\/media\/114437"}],"wp:attachment":[{"href":"https:\/\/trading.hhg.vn\/en\/wp-json\/wp\/v2\/media?parent=114200"}],"wp:term":[{"taxonomy":"product_cat","embeddable":true,"href":"https:\/\/trading.hhg.vn\/en\/wp-json\/wp\/v2\/product_cat?post=114200"},{"taxonomy":"product_tag","embeddable":true,"href":"https:\/\/trading.hhg.vn\/en\/wp-json\/wp\/v2\/product_tag?post=114200"}],"curies":[{"name":"wp","href":"https:\/\/api.w.org\/{rel}","templated":true}]}}