{"id":114418,"date":"2025-11-30T21:15:48","date_gmt":"2025-11-30T14:15:48","guid":{"rendered":"https:\/\/trading.hhg.vn\/product\/bo-linh-kien-co-ban-de-lap-dat-tieu-chuan-axor-ubox-universal\/"},"modified":"2026-01-28T07:41:11","modified_gmt":"2026-01-28T00:41:11","slug":"bo-linh-kien-co-ban-de-lap-dat-tieu-chuan-axor-ubox-universal","status":"publish","type":"product","link":"https:\/\/trading.hhg.vn\/en\/s\u1ea3n-ph\u1ea9m\/bo-linh-kien-co-ban-de-lap-dat-tieu-chuan-axor-ubox-universal\/","title":{"rendered":"B\u1ed9 linh ki\u1ec7n c\u01a1 b\u1ea3n \u0111\u1ec3 l\u1eafp \u0111\u1eb7t ti\u00eau chu\u1ea9n AXOR uBox universal"},"content":{"rendered":"","protected":false},"excerpt":{"rendered":"<p>Thi\u1ebft k\u1ebf t\u1ed1i gi\u1ea3n v\u00e0 tinh t\u1ebf c\u1ee7a AXOR uBox universal mang \u0111\u1ebfn v\u1ebb \u0111\u1eb9p sang tr\u1ecdng, n\u00e2ng t\u1ea7m kh\u00f4ng gian ph\u00f2ng t\u1eafm. V\u1edbi c\u00f4ng n\u0103ng \u01b0u vi\u1ec7t, b\u1ed9 linh ki\u1ec7n c\u01a1 b\u1ea3n n\u00e0y \u0111\u1ea3m b\u1ea3o l\u1eafp \u0111\u1eb7t d\u1ec5 d\u00e0ng, linh ho\u1ea1t, t\u01b0\u01a1ng th\u00edch ho\u00e0n h\u1ea3o v\u1edbi m\u1ecdi thi\u1ebft k\u1ebf v\u00f2i AXOR, gi\u00fap b\u1ea1n t\u1ef1 do ki\u1ebfn t\u1ea1o phong c\u00e1ch ri\u00eang. Tr\u1ea3i nghi\u1ec7m s\u1eed d\u1ee5ng m\u01b0\u1ee3t m\u00e0, b\u1ec1n b\u1ec9 v\u00e0 \u0111\u1eb3ng c\u1ea5p, bi\u1ebfn m\u1ed7i kho\u1ea3nh kh\u1eafc trong ph\u00f2ng t\u1eafm th\u00e0nh m\u1ed9t tr\u1ea3i nghi\u1ec7m th\u01b0 gi\u00e3n \u0111\u00edch th\u1ef1c.<\/p>\n","protected":false},"featured_media":114416,"comment_status":"open","ping_status":"closed","template":"","meta":{"_acf_changed":false},"product_cat":[848],"product_tag":[],"class_list":{"0":"post-114418","1":"product","2":"type-product","3":"status-publish","4":"has-post-thumbnail","6":"product_cat-thoat-san-2","8":"first","9":"instock","10":"shipping-taxable","11":"purchasable","12":"product-type-simple"},"acf":[],"featured_media_urls":{"thumbnail":["https:\/\/trading.hhg.vn\/wp-content\/uploads\/2025\/11\/154__apr10431_tif-150x150.png",150,150,true],"medium":["https:\/\/trading.hhg.vn\/wp-content\/uploads\/2025\/11\/154__apr10431_tif-262x300.png",262,300,true],"medium_large":["https:\/\/trading.hhg.vn\/wp-content\/uploads\/2025\/11\/154__apr10431_tif-768x878.png",768,878,true],"large":["https:\/\/trading.hhg.vn\/wp-content\/uploads\/2025\/11\/154__apr10431_tif-896x1024.png",896,1024,true],"1536x1536":["https:\/\/trading.hhg.vn\/wp-content\/uploads\/2025\/11\/154__apr10431_tif-1344x1536.png",1344,1536,true],"2048x2048":["https:\/\/trading.hhg.vn\/wp-content\/uploads\/2025\/11\/154__apr10431_tif.png",1440,1646,false],"woocommerce_thumbnail":["https:\/\/trading.hhg.vn\/wp-content\/uploads\/2025\/11\/154__apr10431_tif-600x600.png",600,600,true],"woocommerce_single":["https:\/\/trading.hhg.vn\/wp-content\/uploads\/2025\/11\/154__apr10431_tif-1200x1372.png",1200,1372,true],"woocommerce_gallery_thumbnail":["https:\/\/trading.hhg.vn\/wp-content\/uploads\/2025\/11\/154__apr10431_tif-150x171.png",150,171,true],"portfolio_item-thumbnail":["https:\/\/trading.hhg.vn\/wp-content\/uploads\/2025\/11\/154__apr10431_tif.png",350,400,false],"portfolio_item-thumbnail@2x":["https:\/\/trading.hhg.vn\/wp-content\/uploads\/2025\/11\/154__apr10431_tif.png",700,800,false],"portfolio_item-masonry":["https:\/\/trading.hhg.vn\/wp-content\/uploads\/2025\/11\/154__apr10431_tif.png",600,686,false],"portfolio_item-masonry@2x":["https:\/\/trading.hhg.vn\/wp-content\/uploads\/2025\/11\/154__apr10431_tif.png",1200,1372,false],"portfolio_item-thumbnail_cinema":["https:\/\/trading.hhg.vn\/wp-content\/uploads\/2025\/11\/154__apr10431_tif.png",293,335,false],"portfolio_item-thumbnail_portrait":["https:\/\/trading.hhg.vn\/wp-content\/uploads\/2025\/11\/154__apr10431_tif.png",600,686,false],"portfolio_item-thumbnail_portrait@2x":["https:\/\/trading.hhg.vn\/wp-content\/uploads\/2025\/11\/154__apr10431_tif.png",1200,1372,false],"portfolio_item-thumbnail_square":["https:\/\/trading.hhg.vn\/wp-content\/uploads\/2025\/11\/154__apr10431_tif.png",700,800,false]},"_links":{"self":[{"href":"https:\/\/trading.hhg.vn\/en\/wp-json\/wp\/v2\/product\/114418","targetHints":{"allow":["GET"]}}],"collection":[{"href":"https:\/\/trading.hhg.vn\/en\/wp-json\/wp\/v2\/product"}],"about":[{"href":"https:\/\/trading.hhg.vn\/en\/wp-json\/wp\/v2\/types\/product"}],"replies":[{"embeddable":true,"href":"https:\/\/trading.hhg.vn\/en\/wp-json\/wp\/v2\/comments?post=114418"}],"version-history":[{"count":1,"href":"https:\/\/trading.hhg.vn\/en\/wp-json\/wp\/v2\/product\/114418\/revisions"}],"predecessor-version":[{"id":117952,"href":"https:\/\/trading.hhg.vn\/en\/wp-json\/wp\/v2\/product\/114418\/revisions\/117952"}],"wp:featuredmedia":[{"embeddable":true,"href":"https:\/\/trading.hhg.vn\/en\/wp-json\/wp\/v2\/media\/114416"}],"wp:attachment":[{"href":"https:\/\/trading.hhg.vn\/en\/wp-json\/wp\/v2\/media?parent=114418"}],"wp:term":[{"taxonomy":"product_cat","embeddable":true,"href":"https:\/\/trading.hhg.vn\/en\/wp-json\/wp\/v2\/product_cat?post=114418"},{"taxonomy":"product_tag","embeddable":true,"href":"https:\/\/trading.hhg.vn\/en\/wp-json\/wp\/v2\/product_tag?post=114418"}],"curies":[{"name":"wp","href":"https:\/\/api.w.org\/{rel}","templated":true}]}}