{"id":114739,"date":"2025-11-30T21:43:14","date_gmt":"2025-11-30T14:43:14","guid":{"rendered":"https:\/\/trading.hhg.vn\/product\/bo-am-cho-sen-tam-3-lo-gan-tuong\/"},"modified":"2026-01-28T07:42:12","modified_gmt":"2026-01-28T00:42:12","slug":"bo-am-cho-sen-tam-3-lo-gan-tuong","status":"publish","type":"product","link":"https:\/\/trading.hhg.vn\/en\/s\u1ea3n-ph\u1ea9m\/bo-am-cho-sen-tam-3-lo-gan-tuong\/","title":{"rendered":"B\u1ed9 \u00e2m cho sen t\u1eafm 3 l\u1ed7 g\u1eafn t\u01b0\u1eddng"},"content":{"rendered":"","protected":false},"excerpt":{"rendered":"<p>\u0110\u1eafm m\u00ecnh v\u00e0o tr\u1ea3i nghi\u1ec7m th\u01b0 gi\u00e3n tinh t\u1ebf v\u1edbi b\u1ed9 \u00e2m sen t\u1eafm 3 l\u1ed7 g\u1eafn t\u01b0\u1eddng \u0111\u1eb3ng c\u1ea5p. Thi\u1ebft k\u1ebf t\u1ed1i gi\u1ea3n, \u0111\u01b0\u1eddng n\u00e9t m\u01b0\u1ee3t m\u00e0 \u00f4m tr\u1ecdn kh\u00f4ng gian, ki\u1ebfn t\u1ea1o v\u1ebb \u0111\u1eb9p sang tr\u1ecdng v\u00e0 hi\u1ec7n \u0111\u1ea1i. M\u1ed7i ch\u1ee9c n\u0103ng \u0111\u01b0\u1ee3c s\u1eafp \u0111\u1eb7t khoa h\u1ecdc, t\u1ed1i \u01b0u h\u00f3a c\u00f4ng n\u0103ng, mang \u0111\u1ebfn d\u00f2ng ch\u1ea3y \u00eam \u00e1i, m\u1ea1nh m\u1ebd nh\u01b0ng v\u00f4 c\u00f9ng d\u1ec5 ch\u1ecbu. T\u1eeb ch\u1ea5t li\u1ec7u cao c\u1ea5p \u0111\u1ebfn k\u1ef9 thu\u1eadt ho\u00e0n thi\u1ec7n t\u1ec9 m\u1ec9, m\u1ecdi chi ti\u1ebft \u0111\u1ec1u n\u00e2ng t\u1ea7m tr\u1ea3i nghi\u1ec7m t\u1eafm c\u1ee7a b\u1ea1n, bi\u1ebfn kho\u1ea3nh kh\u1eafc th\u01b0\u1eddng ng\u00e0y th\u00e0nh nghi th\u1ee9c ch\u0103m s\u00f3c b\u1ea3n th\u00e2n \u0111\u00fang \u0111i\u1ec7u.<\/p>\n","protected":false},"featured_media":114737,"comment_status":"open","ping_status":"closed","template":"","meta":{"_acf_changed":false},"product_cat":[714],"product_tag":[],"class_list":{"0":"post-114739","1":"product","2":"type-product","3":"status-publish","4":"has-post-thumbnail","6":"product_cat-phu-kien-lap-dat","8":"first","9":"instock","10":"shipping-taxable","11":"purchasable","12":"product-type-simple"},"acf":[],"featured_media_urls":{"thumbnail":["https:\/\/trading.hhg.vn\/wp-content\/uploads\/2025\/11\/154__hpa00235_tif-150x150.png",150,150,true],"medium":["https:\/\/trading.hhg.vn\/wp-content\/uploads\/2025\/11\/154__hpa00235_tif-262x300.png",262,300,true],"medium_large":["https:\/\/trading.hhg.vn\/wp-content\/uploads\/2025\/11\/154__hpa00235_tif-768x878.png",768,878,true],"large":["https:\/\/trading.hhg.vn\/wp-content\/uploads\/2025\/11\/154__hpa00235_tif-896x1024.png",896,1024,true],"1536x1536":["https:\/\/trading.hhg.vn\/wp-content\/uploads\/2025\/11\/154__hpa00235_tif-1344x1536.png",1344,1536,true],"2048x2048":["https:\/\/trading.hhg.vn\/wp-content\/uploads\/2025\/11\/154__hpa00235_tif.png",1440,1646,false],"woocommerce_thumbnail":["https:\/\/trading.hhg.vn\/wp-content\/uploads\/2025\/11\/154__hpa00235_tif-600x600.png",600,600,true],"woocommerce_single":["https:\/\/trading.hhg.vn\/wp-content\/uploads\/2025\/11\/154__hpa00235_tif-1200x1372.png",1200,1372,true],"woocommerce_gallery_thumbnail":["https:\/\/trading.hhg.vn\/wp-content\/uploads\/2025\/11\/154__hpa00235_tif-150x171.png",150,171,true],"portfolio_item-thumbnail":["https:\/\/trading.hhg.vn\/wp-content\/uploads\/2025\/11\/154__hpa00235_tif.png",350,400,false],"portfolio_item-thumbnail@2x":["https:\/\/trading.hhg.vn\/wp-content\/uploads\/2025\/11\/154__hpa00235_tif.png",700,800,false],"portfolio_item-masonry":["https:\/\/trading.hhg.vn\/wp-content\/uploads\/2025\/11\/154__hpa00235_tif.png",600,686,false],"portfolio_item-masonry@2x":["https:\/\/trading.hhg.vn\/wp-content\/uploads\/2025\/11\/154__hpa00235_tif.png",1200,1372,false],"portfolio_item-thumbnail_cinema":["https:\/\/trading.hhg.vn\/wp-content\/uploads\/2025\/11\/154__hpa00235_tif.png",293,335,false],"portfolio_item-thumbnail_portrait":["https:\/\/trading.hhg.vn\/wp-content\/uploads\/2025\/11\/154__hpa00235_tif.png",600,686,false],"portfolio_item-thumbnail_portrait@2x":["https:\/\/trading.hhg.vn\/wp-content\/uploads\/2025\/11\/154__hpa00235_tif.png",1200,1372,false],"portfolio_item-thumbnail_square":["https:\/\/trading.hhg.vn\/wp-content\/uploads\/2025\/11\/154__hpa00235_tif.png",700,800,false]},"_links":{"self":[{"href":"https:\/\/trading.hhg.vn\/en\/wp-json\/wp\/v2\/product\/114739","targetHints":{"allow":["GET"]}}],"collection":[{"href":"https:\/\/trading.hhg.vn\/en\/wp-json\/wp\/v2\/product"}],"about":[{"href":"https:\/\/trading.hhg.vn\/en\/wp-json\/wp\/v2\/types\/product"}],"replies":[{"embeddable":true,"href":"https:\/\/trading.hhg.vn\/en\/wp-json\/wp\/v2\/comments?post=114739"}],"version-history":[{"count":0,"href":"https:\/\/trading.hhg.vn\/en\/wp-json\/wp\/v2\/product\/114739\/revisions"}],"wp:featuredmedia":[{"embeddable":true,"href":"https:\/\/trading.hhg.vn\/en\/wp-json\/wp\/v2\/media\/114737"}],"wp:attachment":[{"href":"https:\/\/trading.hhg.vn\/en\/wp-json\/wp\/v2\/media?parent=114739"}],"wp:term":[{"taxonomy":"product_cat","embeddable":true,"href":"https:\/\/trading.hhg.vn\/en\/wp-json\/wp\/v2\/product_cat?post=114739"},{"taxonomy":"product_tag","embeddable":true,"href":"https:\/\/trading.hhg.vn\/en\/wp-json\/wp\/v2\/product_tag?post=114739"}],"curies":[{"name":"wp","href":"https:\/\/api.w.org\/{rel}","templated":true}]}}