{"id":115428,"date":"2025-11-30T23:34:02","date_gmt":"2025-11-30T16:34:02","guid":{"rendered":"https:\/\/trading.hhg.vn\/?post_type=product&#038;p=115428"},"modified":"2025-12-17T08:10:57","modified_gmt":"2025-12-17T01:10:57","slug":"xi-phong-thiet-ke-flowstar-2","status":"publish","type":"product","link":"https:\/\/trading.hhg.vn\/en\/s\u1ea3n-ph\u1ea9m\/xi-phong-thiet-ke-flowstar-2\/","title":{"rendered":"Xi ph\u00f4ng thi\u1ebft k\u1ebf Flowstar"},"content":{"rendered":"","protected":false},"excerpt":{"rendered":"<p>Flowstar kh\u00f4ng ch\u1ec9 l\u00e0 m\u1ed9t chi\u1ebfc xi ph\u00f4ng, \u0111\u00f3 l\u00e0 bi\u1ec3u t\u01b0\u1ee3ng c\u1ee7a s\u1ef1 tinh t\u1ebf v\u00e0 t\u1ed1i gi\u1ea3n trong kh\u00f4ng gian n\u1ed9i th\u1ea5t hi\u1ec7n \u0111\u1ea1i. V\u1edbi \u0111\u01b0\u1eddng n\u00e9t thi\u1ebft k\u1ebf thanh l\u1ecbch, \u1ea9n m\u00ecnh tinh t\u1ebf d\u01b0\u1edbi b\u1ed3n r\u1eeda, Flowstar ki\u1ebfn t\u1ea1o m\u1ed9t d\u00f2ng ch\u1ea3y \u00eam m\u01b0\u1ee3t, kh\u00f4ng ti\u1ebfng \u1ed3n, mang l\u1ea1i tr\u1ea3i nghi\u1ec7m ti\u1ec7n nghi tuy\u1ec7t \u0111\u1ed1i. T\u1eebng chi ti\u1ebft \u0111\u01b0\u1ee3c ch\u0103m ch\u00fat t\u1ec9 m\u1ec9, t\u1eeb v\u1eadt li\u1ec7u cao c\u1ea5p \u0111\u1ebfn c\u01a1 ch\u1ebf ho\u1ea1t \u0111\u1ed9ng b\u1ec1n b\u1ec9, gi\u00fap kh\u00f4ng gian c\u1ee7a b\u1ea1n lu\u00f4n trong l\u00e0nh v\u00e0 ho\u00e0n h\u1ea3o, n\u00e2ng t\u1ea7m gi\u00e1 tr\u1ecb th\u1ea9m m\u1ef9 v\u00e0 c\u00f4ng n\u0103ng s\u1eed d\u1ee5ng.<\/p>\n","protected":false},"featured_media":115436,"comment_status":"open","ping_status":"closed","template":"","meta":{"_acf_changed":false},"product_cat":[860],"product_tag":[],"class_list":{"0":"post-115428","1":"product","2":"type-product","3":"status-publish","4":"has-post-thumbnail","6":"product_cat-bo-xa-lavabo","7":"pa_mau-sac-chrome","8":"pa_mau-sac-chrome-den-xuoc","9":"pa_mau-sac-dong-thau-xuoc","10":"pa_mau-sac-dong-xuoc","11":"pa_mau-sac-niken-xuoc","12":"pa_mau-sac-chrome-den-bong","13":"pa_mau-sac-thep-khong-gi","14":"pa_mau-sac-vang-bong","15":"pa_mau-sac-vang-hong-bong","16":"pa_mau-sac-vang-hong-xuoc","17":"pa_mau-sac-vang-xuoc","19":"first","20":"instock","21":"shipping-taxable","22":"purchasable","23":"product-type-variable"},"acf":[],"featured_media_urls":{"thumbnail":["https:\/\/trading.hhg.vn\/wp-content\/uploads\/2025\/11\/154__apr11062_tif-150x150.png",150,150,true],"medium":["https:\/\/trading.hhg.vn\/wp-content\/uploads\/2025\/11\/154__apr11062_tif-263x300.png",263,300,true],"medium_large":["https:\/\/trading.hhg.vn\/wp-content\/uploads\/2025\/11\/154__apr11062_tif-768x878.png",768,878,true],"large":["https:\/\/trading.hhg.vn\/wp-content\/uploads\/2025\/11\/154__apr11062_tif-896x1024.png",896,1024,true],"1536x1536":["https:\/\/trading.hhg.vn\/wp-content\/uploads\/2025\/11\/154__apr11062_tif.png",1260,1440,false],"2048x2048":["https:\/\/trading.hhg.vn\/wp-content\/uploads\/2025\/11\/154__apr11062_tif.png",1260,1440,false],"woocommerce_thumbnail":["https:\/\/trading.hhg.vn\/wp-content\/uploads\/2025\/11\/154__apr11062_tif-600x600.png",600,600,true],"woocommerce_single":["https:\/\/trading.hhg.vn\/wp-content\/uploads\/2025\/11\/154__apr11062_tif-1200x1371.png",1200,1371,true],"woocommerce_gallery_thumbnail":["https:\/\/trading.hhg.vn\/wp-content\/uploads\/2025\/11\/154__apr11062_tif-150x171.png",150,171,true],"portfolio_item-thumbnail":["https:\/\/trading.hhg.vn\/wp-content\/uploads\/2025\/11\/154__apr11062_tif.png",350,400,false],"portfolio_item-thumbnail@2x":["https:\/\/trading.hhg.vn\/wp-content\/uploads\/2025\/11\/154__apr11062_tif.png",700,800,false],"portfolio_item-masonry":["https:\/\/trading.hhg.vn\/wp-content\/uploads\/2025\/11\/154__apr11062_tif.png",600,686,false],"portfolio_item-masonry@2x":["https:\/\/trading.hhg.vn\/wp-content\/uploads\/2025\/11\/154__apr11062_tif.png",1200,1371,false],"portfolio_item-thumbnail_cinema":["https:\/\/trading.hhg.vn\/wp-content\/uploads\/2025\/11\/154__apr11062_tif.png",293,335,false],"portfolio_item-thumbnail_portrait":["https:\/\/trading.hhg.vn\/wp-content\/uploads\/2025\/11\/154__apr11062_tif.png",600,686,false],"portfolio_item-thumbnail_portrait@2x":["https:\/\/trading.hhg.vn\/wp-content\/uploads\/2025\/11\/154__apr11062_tif.png",1200,1371,false],"portfolio_item-thumbnail_square":["https:\/\/trading.hhg.vn\/wp-content\/uploads\/2025\/11\/154__apr11062_tif.png",700,800,false]},"_links":{"self":[{"href":"https:\/\/trading.hhg.vn\/en\/wp-json\/wp\/v2\/product\/115428","targetHints":{"allow":["GET"]}}],"collection":[{"href":"https:\/\/trading.hhg.vn\/en\/wp-json\/wp\/v2\/product"}],"about":[{"href":"https:\/\/trading.hhg.vn\/en\/wp-json\/wp\/v2\/types\/product"}],"replies":[{"embeddable":true,"href":"https:\/\/trading.hhg.vn\/en\/wp-json\/wp\/v2\/comments?post=115428"}],"version-history":[{"count":1,"href":"https:\/\/trading.hhg.vn\/en\/wp-json\/wp\/v2\/product\/115428\/revisions"}],"predecessor-version":[{"id":115438,"href":"https:\/\/trading.hhg.vn\/en\/wp-json\/wp\/v2\/product\/115428\/revisions\/115438"}],"wp:featuredmedia":[{"embeddable":true,"href":"https:\/\/trading.hhg.vn\/en\/wp-json\/wp\/v2\/media\/115436"}],"wp:attachment":[{"href":"https:\/\/trading.hhg.vn\/en\/wp-json\/wp\/v2\/media?parent=115428"}],"wp:term":[{"taxonomy":"product_cat","embeddable":true,"href":"https:\/\/trading.hhg.vn\/en\/wp-json\/wp\/v2\/product_cat?post=115428"},{"taxonomy":"product_tag","embeddable":true,"href":"https:\/\/trading.hhg.vn\/en\/wp-json\/wp\/v2\/product_tag?post=115428"}],"curies":[{"name":"wp","href":"https:\/\/api.w.org\/{rel}","templated":true}]}}