{"id":115503,"date":"2025-12-01T06:42:05","date_gmt":"2025-11-30T23:42:05","guid":{"rendered":"https:\/\/trading.hhg.vn\/product\/bo-hoan-chinh-1000-lap-tieu-chuan-cho-bo-hoan-thien-thoat-san-ubox-universal\/"},"modified":"2026-01-28T07:41:11","modified_gmt":"2026-01-28T00:41:11","slug":"bo-hoan-chinh-1000-lap-tieu-chuan-cho-bo-hoan-thien-thoat-san-ubox-universal","status":"publish","type":"product","link":"https:\/\/trading.hhg.vn\/en\/s\u1ea3n-ph\u1ea9m\/bo-hoan-chinh-1000-lap-tieu-chuan-cho-bo-hoan-thien-thoat-san-ubox-universal\/","title":{"rendered":"B\u1ed9 ho\u00e0n ch\u1ec9nh 1000 l\u1eafp ti\u00eau chu\u1ea9n cho b\u1ed9 ho\u00e0n thi\u1ec7n tho\u00e1t s\u00e0n uBox universal"},"content":{"rendered":"","protected":false},"excerpt":{"rendered":"<p>T\u00f4n vinh kh\u00f4ng gian s\u1ed1ng, uBox universal mang \u0111\u1ebfn gi\u1ea3i ph\u00e1p tho\u00e1t s\u00e0n tinh t\u1ebf v\u1edbi b\u1ed9 ho\u00e0n thi\u1ec7n chu\u1ea9n m\u1ef1c. Thi\u1ebft k\u1ebf t\u1ed1i gi\u1ea3n, s\u1eafc n\u00e9t h\u00f2a quy\u1ec7n c\u00f9ng c\u00f4ng n\u0103ng \u01b0u vi\u1ec7t, t\u1eebng chi ti\u1ebft \u0111\u01b0\u1ee3c ch\u1ebf t\u00e1c t\u1ec9 m\u1ec9 \u0111\u1ec3 ki\u1ebfn t\u1ea1o d\u00f2ng ch\u1ea3y ho\u00e0n h\u1ea3o, kh\u00f4ng ch\u1ec9 l\u00e0 tho\u00e1t n\u01b0\u1edbc m\u00e0 c\u00f2n l\u00e0 n\u00e2ng t\u1ea7m tr\u1ea3i nghi\u1ec7m. C\u1ea3m nh\u1eadn s\u1ef1 li\u1ec1n m\u1ea1ch, \u00eam \u00e1i khi m\u1ed7i b\u01b0\u1edbc ch\u00e2n ch\u1ea1m v\u00e0o v\u1ebb \u0111\u1eb9p v\u0129nh c\u1eedu v\u00e0 ti\u1ec7n nghi \u0111\u1eb3ng c\u1ea5p.<\/p>\n","protected":false},"featured_media":115501,"comment_status":"open","ping_status":"closed","template":"","meta":{"_acf_changed":false},"product_cat":[848],"product_tag":[],"class_list":{"0":"post-115503","1":"product","2":"type-product","3":"status-publish","4":"has-post-thumbnail","6":"product_cat-thoat-san-2","8":"first","9":"instock","10":"shipping-taxable","11":"purchasable","12":"product-type-simple"},"acf":[],"featured_media_urls":{"thumbnail":["https:\/\/trading.hhg.vn\/wp-content\/uploads\/2025\/12\/154__hpr03486_tif-150x150.png",150,150,true],"medium":["https:\/\/trading.hhg.vn\/wp-content\/uploads\/2025\/12\/154__hpr03486_tif-262x300.png",262,300,true],"medium_large":["https:\/\/trading.hhg.vn\/wp-content\/uploads\/2025\/12\/154__hpr03486_tif-768x878.png",768,878,true],"large":["https:\/\/trading.hhg.vn\/wp-content\/uploads\/2025\/12\/154__hpr03486_tif-896x1024.png",896,1024,true],"1536x1536":["https:\/\/trading.hhg.vn\/wp-content\/uploads\/2025\/12\/154__hpr03486_tif-1344x1536.png",1344,1536,true],"2048x2048":["https:\/\/trading.hhg.vn\/wp-content\/uploads\/2025\/12\/154__hpr03486_tif.png",1440,1646,false],"woocommerce_thumbnail":["https:\/\/trading.hhg.vn\/wp-content\/uploads\/2025\/12\/154__hpr03486_tif-600x600.png",600,600,true],"woocommerce_single":["https:\/\/trading.hhg.vn\/wp-content\/uploads\/2025\/12\/154__hpr03486_tif-1200x1372.png",1200,1372,true],"woocommerce_gallery_thumbnail":["https:\/\/trading.hhg.vn\/wp-content\/uploads\/2025\/12\/154__hpr03486_tif-150x171.png",150,171,true],"portfolio_item-thumbnail":["https:\/\/trading.hhg.vn\/wp-content\/uploads\/2025\/12\/154__hpr03486_tif.png",350,400,false],"portfolio_item-thumbnail@2x":["https:\/\/trading.hhg.vn\/wp-content\/uploads\/2025\/12\/154__hpr03486_tif.png",700,800,false],"portfolio_item-masonry":["https:\/\/trading.hhg.vn\/wp-content\/uploads\/2025\/12\/154__hpr03486_tif.png",600,686,false],"portfolio_item-masonry@2x":["https:\/\/trading.hhg.vn\/wp-content\/uploads\/2025\/12\/154__hpr03486_tif.png",1200,1372,false],"portfolio_item-thumbnail_cinema":["https:\/\/trading.hhg.vn\/wp-content\/uploads\/2025\/12\/154__hpr03486_tif.png",293,335,false],"portfolio_item-thumbnail_portrait":["https:\/\/trading.hhg.vn\/wp-content\/uploads\/2025\/12\/154__hpr03486_tif.png",600,686,false],"portfolio_item-thumbnail_portrait@2x":["https:\/\/trading.hhg.vn\/wp-content\/uploads\/2025\/12\/154__hpr03486_tif.png",1200,1372,false],"portfolio_item-thumbnail_square":["https:\/\/trading.hhg.vn\/wp-content\/uploads\/2025\/12\/154__hpr03486_tif.png",700,800,false]},"_links":{"self":[{"href":"https:\/\/trading.hhg.vn\/en\/wp-json\/wp\/v2\/product\/115503","targetHints":{"allow":["GET"]}}],"collection":[{"href":"https:\/\/trading.hhg.vn\/en\/wp-json\/wp\/v2\/product"}],"about":[{"href":"https:\/\/trading.hhg.vn\/en\/wp-json\/wp\/v2\/types\/product"}],"replies":[{"embeddable":true,"href":"https:\/\/trading.hhg.vn\/en\/wp-json\/wp\/v2\/comments?post=115503"}],"version-history":[{"count":1,"href":"https:\/\/trading.hhg.vn\/en\/wp-json\/wp\/v2\/product\/115503\/revisions"}],"predecessor-version":[{"id":118017,"href":"https:\/\/trading.hhg.vn\/en\/wp-json\/wp\/v2\/product\/115503\/revisions\/118017"}],"wp:featuredmedia":[{"embeddable":true,"href":"https:\/\/trading.hhg.vn\/en\/wp-json\/wp\/v2\/media\/115501"}],"wp:attachment":[{"href":"https:\/\/trading.hhg.vn\/en\/wp-json\/wp\/v2\/media?parent=115503"}],"wp:term":[{"taxonomy":"product_cat","embeddable":true,"href":"https:\/\/trading.hhg.vn\/en\/wp-json\/wp\/v2\/product_cat?post=115503"},{"taxonomy":"product_tag","embeddable":true,"href":"https:\/\/trading.hhg.vn\/en\/wp-json\/wp\/v2\/product_tag?post=115503"}],"curies":[{"name":"wp","href":"https:\/\/api.w.org\/{rel}","templated":true}]}}