{"id":115659,"date":"2025-12-01T06:54:38","date_gmt":"2025-11-30T23:54:38","guid":{"rendered":"https:\/\/trading.hhg.vn\/?post_type=product&#038;p=115659"},"modified":"2025-12-07T12:04:35","modified_gmt":"2025-12-07T05:04:35","slug":"tu-chau-rua-tay-480-475-2-ngan-keo-mau-be-cat-mo-xevolos-e","status":"publish","type":"product","link":"https:\/\/trading.hhg.vn\/en\/s\u1ea3n-ph\u1ea9m\/tu-chau-rua-tay-480-475-2-ngan-keo-mau-be-cat-mo-xevolos-e\/","title":{"rendered":"T\u1ee7 ch\u1eadu r\u1eeda tay 480\/475 2 ng\u0103n k\u00e9o m\u00e0u Be c\u00e1t m\u1edd Xevolos E"},"content":{"rendered":"<p><img fetchpriority=\"high\" decoding=\"async\" class=\"alignnone wp-image-7559 aligncenter\" src=\"https:\/\/trading.hhg.vn\/wp-content\/uploads\/2025\/11\/Xevolos.jpg\" alt=\"\" width=\"606\" height=\"454\" \/>D\u00f2ng s\u1ea3n ph\u1ea9m Hansgrohe Xevolos E kh\u01a1i d\u1eady c\u1ea3m h\u1ee9ng cho kh\u00f4ng gian \u201cwash-place\u201d v\u1edbi thi\u1ebft k\u1ebf mang h\u01a1i th\u1edf ki\u1ebfn tr\u00fac hi\u1ec7n \u0111\u1ea1i: ch\u1eadu lavabo v\u00e0 t\u1ee7 \u0111\u01b0\u1ee3c ch\u1ebf t\u00e1c t\u1eeb s\u1ee9 v\u1ec7 sinh b\u1ec1n ch\u1eafc, ph\u1ee7 l\u1edbp men ch\u1ed1ng b\u00e1m b\u1ea9n SmartClean v\u00e0 lo\u1ea1i b\u1ecf l\u1ed7 tho\u00e1t tr\u00e0n \u0111\u1ec3 t\u1ea1o v\u1ebb ngo\u00e0i li\u1ec1n m\u1ea1ch.<\/p>\n<p>T\u1ee7 lavabo Xevolos E c\u0169ng g\u00e2y \u1ea5n t\u01b0\u1ee3ng v\u1edbi h\u1ec7 th\u1ed1ng PushOpen v\u00e0 SoftClose, b\u1ec1 m\u1eb7t khung nh\u00f4m m\u1ecfng, v\u00e0 c\u00e1c t\u00f9y ch\u1ecdn v\u1eadt li\u1ec7u m\u1eb7t tr\u01b0\u1edbc nh\u01b0 k\u00ednh, g\u1ed7 veneer ho\u1eb7c v\u1ea3i d\u1ec7t \u2013 mang l\u1ea1i c\u1ea3m gi\u00e1c v\u1eeba sang tr\u1ecdng v\u1eeba \u1ea5m c\u00fang. K\u00edch th\u01b0\u1edbc \u0111a d\u1ea1ng t\u1eeb 36 cm \u0111\u1ebfn 120 cm, c\u00f9ng kh\u1ea3 n\u0103ng ph\u1ed1i h\u1ee3p linh ho\u1ea1t gi\u1eefa ch\u1eadu v\u00e0 t\u1ee7 t\u1ea1o gi\u1ea3i ph\u00e1p c\u00e1 nh\u00e2n ho\u00e1 cho gia \u0111\u00ecnh.<\/p>\n<p>Xevolos E kh\u00f4ng ch\u1ec9 l\u00e0 s\u1ea3n ph\u1ea9m n\u1ed9i th\u1ea5t ph\u00f2ng t\u1eafm; m\u00e0 l\u00e0 bi\u1ec3u hi\u1ec7n c\u1ee7a thi\u1ebft k\u1ebf tinh gi\u1ea3n, ch\u1ee9c n\u0103ng th\u00f4ng minh v\u00e0 ch\u1ea5t l\u01b0\u1ee3ng b\u1ec1n v\u1eefng \u2013 l\u1ef1a ch\u1ecdn t\u1ed1i \u01b0u \u0111\u1ec3 n\u00e2ng t\u1ea7m tr\u1ea3i nghi\u1ec7m ph\u00f2ng t\u1eafm hi\u1ec7n \u0111\u1ea1i.<\/p>\n","protected":false},"excerpt":{"rendered":"<p>T\u1ee7 ch\u1eadu r\u1eeda tay Xevolos E kho\u00e1c l\u00ean m\u00ecnh s\u1eafc Be c\u00e1t m\u1edd tinh t\u1ebf, mang \u0111\u1ebfn kh\u00f4ng gian ph\u00f2ng t\u1eafm n\u00e9t thanh l\u1ecbch v\u01b0\u1ee3t th\u1eddi gian. Thi\u1ebft k\u1ebf t\u1ed1i gi\u1ea3n \u1ea9n ch\u1ee9a c\u00f4ng n\u0103ng v\u01b0\u1ee3t tr\u1ed9i v\u1edbi hai ng\u0103n k\u00e9o r\u1ed9ng r\u00e3i, v\u1eadn h\u00e0nh \u00eam \u00e1i, t\u1ed1i \u01b0u h\u00f3a m\u1ecdi tr\u1ea3i nghi\u1ec7m. T\u1eeb ch\u1ea5t li\u1ec7u \u0111\u1ebfn t\u1eebng \u0111\u01b0\u1eddng n\u00e9t, Xevolos E l\u00e0 s\u1ef1 h\u00f2a quy\u1ec7n ho\u00e0n h\u1ea3o gi\u1eefa phong c\u00e1ch \u0111\u01b0\u01a1ng \u0111\u1ea1i v\u00e0 t\u00ednh \u1ee9ng d\u1ee5ng cao, n\u00e2ng t\u1ea7m \u0111\u1eb3ng c\u1ea5p kh\u00f4ng gian s\u1ed1ng c\u1ee7a b\u1ea1n.<\/p>\n","protected":false},"featured_media":115709,"comment_status":"open","ping_status":"closed","template":"","meta":{"_acf_changed":false},"product_cat":[876],"product_tag":[],"class_list":{"0":"post-115659","1":"product","2":"type-product","3":"status-publish","4":"has-post-thumbnail","6":"product_cat-tu-lavabo-2","7":"pa_mau-sac-be-cat-anh-kim","8":"pa_mau-sac-dong-thau","9":"pa_mau-sac-go-soi-dam","10":"pa_mau-sac-xam-dam","12":"first","13":"instock","14":"shipping-taxable","15":"product-type-variable"},"acf":[],"featured_media_urls":{"thumbnail":["https:\/\/trading.hhg.vn\/wp-content\/uploads\/2025\/12\/154__hpr05563_tif-150x150.png",150,150,true],"medium":["https:\/\/trading.hhg.vn\/wp-content\/uploads\/2025\/12\/154__hpr05563_tif-262x300.png",262,300,true],"medium_large":["https:\/\/trading.hhg.vn\/wp-content\/uploads\/2025\/12\/154__hpr05563_tif-768x878.png",768,878,true],"large":["https:\/\/trading.hhg.vn\/wp-content\/uploads\/2025\/12\/154__hpr05563_tif-896x1024.png",896,1024,true],"1536x1536":["https:\/\/trading.hhg.vn\/wp-content\/uploads\/2025\/12\/154__hpr05563_tif-1344x1536.png",1344,1536,true],"2048x2048":["https:\/\/trading.hhg.vn\/wp-content\/uploads\/2025\/12\/154__hpr05563_tif.png",1440,1646,false],"woocommerce_thumbnail":["https:\/\/trading.hhg.vn\/wp-content\/uploads\/2025\/12\/154__hpr05563_tif-600x600.png",600,600,true],"woocommerce_single":["https:\/\/trading.hhg.vn\/wp-content\/uploads\/2025\/12\/154__hpr05563_tif-1200x1372.png",1200,1372,true],"woocommerce_gallery_thumbnail":["https:\/\/trading.hhg.vn\/wp-content\/uploads\/2025\/12\/154__hpr05563_tif-150x171.png",150,171,true],"portfolio_item-thumbnail":["https:\/\/trading.hhg.vn\/wp-content\/uploads\/2025\/12\/154__hpr05563_tif.png",350,400,false],"portfolio_item-thumbnail@2x":["https:\/\/trading.hhg.vn\/wp-content\/uploads\/2025\/12\/154__hpr05563_tif.png",700,800,false],"portfolio_item-masonry":["https:\/\/trading.hhg.vn\/wp-content\/uploads\/2025\/12\/154__hpr05563_tif.png",600,686,false],"portfolio_item-masonry@2x":["https:\/\/trading.hhg.vn\/wp-content\/uploads\/2025\/12\/154__hpr05563_tif.png",1200,1372,false],"portfolio_item-thumbnail_cinema":["https:\/\/trading.hhg.vn\/wp-content\/uploads\/2025\/12\/154__hpr05563_tif.png",293,335,false],"portfolio_item-thumbnail_portrait":["https:\/\/trading.hhg.vn\/wp-content\/uploads\/2025\/12\/154__hpr05563_tif.png",600,686,false],"portfolio_item-thumbnail_portrait@2x":["https:\/\/trading.hhg.vn\/wp-content\/uploads\/2025\/12\/154__hpr05563_tif.png",1200,1372,false],"portfolio_item-thumbnail_square":["https:\/\/trading.hhg.vn\/wp-content\/uploads\/2025\/12\/154__hpr05563_tif.png",700,800,false]},"_links":{"self":[{"href":"https:\/\/trading.hhg.vn\/en\/wp-json\/wp\/v2\/product\/115659","targetHints":{"allow":["GET"]}}],"collection":[{"href":"https:\/\/trading.hhg.vn\/en\/wp-json\/wp\/v2\/product"}],"about":[{"href":"https:\/\/trading.hhg.vn\/en\/wp-json\/wp\/v2\/types\/product"}],"replies":[{"embeddable":true,"href":"https:\/\/trading.hhg.vn\/en\/wp-json\/wp\/v2\/comments?post=115659"}],"version-history":[{"count":2,"href":"https:\/\/trading.hhg.vn\/en\/wp-json\/wp\/v2\/product\/115659\/revisions"}],"predecessor-version":[{"id":118878,"href":"https:\/\/trading.hhg.vn\/en\/wp-json\/wp\/v2\/product\/115659\/revisions\/118878"}],"wp:featuredmedia":[{"embeddable":true,"href":"https:\/\/trading.hhg.vn\/en\/wp-json\/wp\/v2\/media\/115709"}],"wp:attachment":[{"href":"https:\/\/trading.hhg.vn\/en\/wp-json\/wp\/v2\/media?parent=115659"}],"wp:term":[{"taxonomy":"product_cat","embeddable":true,"href":"https:\/\/trading.hhg.vn\/en\/wp-json\/wp\/v2\/product_cat?post=115659"},{"taxonomy":"product_tag","embeddable":true,"href":"https:\/\/trading.hhg.vn\/en\/wp-json\/wp\/v2\/product_tag?post=115659"}],"curies":[{"name":"wp","href":"https:\/\/api.w.org\/{rel}","templated":true}]}}