{"id":115734,"date":"2025-12-01T06:56:58","date_gmt":"2025-11-30T23:56:58","guid":{"rendered":"https:\/\/trading.hhg.vn\/product\/bon-cau-am-tuong-1120-iframe-universal\/"},"modified":"2026-01-28T07:41:58","modified_gmt":"2026-01-28T00:41:58","slug":"bon-cau-am-tuong-1120-iframe-universal","status":"publish","type":"product","link":"https:\/\/trading.hhg.vn\/en\/s\u1ea3n-ph\u1ea9m\/bon-cau-am-tuong-1120-iframe-universal\/","title":{"rendered":"B\u1ed3n c\u1ea7u \u00e2m t\u01b0\u1eddng 1120 iFrame universal"},"content":{"rendered":"<p><img fetchpriority=\"high\" decoding=\"async\" class=\"alignnone wp-image-7559 aligncenter\" src=\"https:\/\/trading.hhg.vn\/wp-content\/uploads\/2025\/11\/iframe.png\" alt=\"\" width=\"606\" height=\"454\" \/>D\u00f2ng s\u1ea3n ph\u1ea9m Hansgrohe iFrame l\u00e0 h\u1ec7 th\u1ed1ng n\u00fat x\u1ea3 v\u00e0 khung \u00e2m t\u01b0\u1eddng d\u00e0nh cho khu v\u1ef1c toilet, \u0111\u01b0\u1ee3c thi\u1ebft k\u1ebf nh\u1eb1m mang l\u1ea1i v\u1ebb \u0111\u1eb9p li\u1ec1n m\u1ea1ch v\u00e0 hi\u1ec7u su\u1ea5t cao cho ph\u00f2ng t\u1eafm hi\u1ec7n \u0111\u1ea1i. <\/p>\n<p>H\u1ec7 th\u1ed1ng bao g\u1ed3m khung \u00e2m-t\u01b0\u1eddng \u201ciFrame universal\u201d v\u1edbi kh\u1ea3 n\u0103ng l\u1eafp \u0111\u1eb7t linh ho\u1ea1t, t\u01b0\u01a1ng th\u00edch v\u1edbi c\u00e1c m\u1eabu b\u1ed3n c\u1ea7u v\u00e0 toilet \u0111\u01b0\u1ee3c treo t\u01b0\u1eddng ho\u1eb7c ki\u1ec3u v\u00f2i v\u1ec7 sinh, \u0111\u1ed3ng th\u1eddi h\u1ed7 tr\u1ee3 c\u00f4ng ngh\u1ec7 EcoSmart gi\u00fap ti\u1ebft ki\u1ec7m n\u01b0\u1edbc \u2013 ch\u1ec9 kho\u1ea3ng 4.5 l\u00edt cho m\u1ed7i l\u1ea7n x\u1ea3 nh\u1ecf. <\/p>\n<p>C\u00e1c t\u1ea5m n\u00fat x\u1ea3 iFrame c\u00f3 nhi\u1ec1u thi\u1ebft k\u1ebf kh\u00e1c nhau: ki\u1ec3u Element E vu\u00f4ng v\u1eafn sang tr\u1ecdng, ki\u1ec3u Original S\/Q bo tr\u00f2n m\u1ec1m m\u1ea1i, v\u1edbi \u0111a d\u1ea1ng l\u1ef1a ch\u1ecdn b\u1ec1 m\u1eb7t finish nh\u01b0 Chrome, Matt White, Matt Black, Brushed Bronze, Polished Gold. <\/p>\n<p>Thi\u1ebft k\u1ebf gi\u00fap t\u1ea1o n\u00ean m\u1ed9t t\u1ed5ng th\u1ec3 ph\u00f2ng t\u1eafm \u0111\u1ed3ng b\u1ed9 \u2013 t\u1eeb b\u1ed3n c\u1ea7u, v\u00f2i sen \u0111\u1ebfn t\u1ea5m x\u1ea3 \u0111\u1ec1u c\u00f3 th\u1ec3 c\u00f9ng ng\u00f4n ng\u1eef h\u00ecnh kh\u1ed1i v\u00e0 b\u1ec1 m\u1eb7t. H\u01a1n n\u1eefa, h\u1ec7 th\u1ed1ng cung c\u1ea5p l\u1eafp \u0111\u1eb7t nhanh, b\u1ea3o d\u01b0\u1ee1ng d\u1ec5 d\u00e0ng, v\u00e0 v\u1eadt li\u1ec7u ch\u1ecbu l\u1ef1c t\u1ed1t, \u0111\u1ea3m b\u1ea3o \u0111\u1ed9 b\u1ec1n v\u00e0 v\u1eadn h\u00e0nh \u1ed5n \u0111\u1ecbnh.<\/p>\n","protected":false},"excerpt":{"rendered":"<p>B\u1ed3n c\u1ea7u \u00e2m t\u01b0\u1eddng 1120 iFrame universal l\u00e0 tuy\u00ean ng\u00f4n c\u1ee7a kh\u00f4ng gian s\u1ed1ng tinh t\u1ebf. V\u1edbi thi\u1ebft k\u1ebf gi\u1ea5u k\u00edn m\u1ecdi chi ti\u1ebft k\u1ef9 thu\u1eadt, s\u1ea3n ph\u1ea9m mang \u0111\u1ebfn v\u1ebb \u0111\u1eb9p t\u1ed1i gi\u1ea3n, thanh l\u1ecbch, n\u00e2ng t\u1ea7m th\u1ea9m m\u1ef9 ph\u00f2ng t\u1eafm. C\u00f4ng n\u0103ng v\u01b0\u1ee3t tr\u1ed9i \u0111\u01b0\u1ee3c g\u00f3i g\u1ecdn trong tr\u1ea3i nghi\u1ec7m v\u1ec7 sinh \u00eam \u00e1i, s\u1ea1ch s\u1ebd tuy\u1ec7t \u0111\u1ed1i, kh\u1eb3ng \u0111\u1ecbnh \u0111\u1eb3ng c\u1ea5p s\u1ed1ng th\u01b0\u1ee3ng l\u01b0u, n\u01a1i s\u1ef1 ti\u1ec7n nghi h\u00f2a quy\u1ec7n c\u00f9ng phong c\u00e1ch.<\/p>\n","protected":false},"featured_media":115732,"comment_status":"open","ping_status":"closed","template":"","meta":{"_acf_changed":false},"product_cat":[864],"product_tag":[],"class_list":{"0":"post-115734","1":"product","2":"type-product","3":"status-publish","4":"has-post-thumbnail","6":"product_cat-xa-bon-cau","8":"first","9":"instock","10":"shipping-taxable","11":"product-type-simple"},"acf":[],"featured_media_urls":{"thumbnail":["https:\/\/trading.hhg.vn\/wp-content\/uploads\/2025\/12\/154__hpr08709_tif-150x150.png",150,150,true],"medium":["https:\/\/trading.hhg.vn\/wp-content\/uploads\/2025\/12\/154__hpr08709_tif-263x300.png",263,300,true],"medium_large":["https:\/\/trading.hhg.vn\/wp-content\/uploads\/2025\/12\/154__hpr08709_tif-768x878.png",768,878,true],"large":["https:\/\/trading.hhg.vn\/wp-content\/uploads\/2025\/12\/154__hpr08709_tif-896x1024.png",896,1024,true],"1536x1536":["https:\/\/trading.hhg.vn\/wp-content\/uploads\/2025\/12\/154__hpr08709_tif.png",1260,1440,false],"2048x2048":["https:\/\/trading.hhg.vn\/wp-content\/uploads\/2025\/12\/154__hpr08709_tif.png",1260,1440,false],"woocommerce_thumbnail":["https:\/\/trading.hhg.vn\/wp-content\/uploads\/2025\/12\/154__hpr08709_tif-600x600.png",600,600,true],"woocommerce_single":["https:\/\/trading.hhg.vn\/wp-content\/uploads\/2025\/12\/154__hpr08709_tif-1200x1371.png",1200,1371,true],"woocommerce_gallery_thumbnail":["https:\/\/trading.hhg.vn\/wp-content\/uploads\/2025\/12\/154__hpr08709_tif-150x171.png",150,171,true],"portfolio_item-thumbnail":["https:\/\/trading.hhg.vn\/wp-content\/uploads\/2025\/12\/154__hpr08709_tif.png",350,400,false],"portfolio_item-thumbnail@2x":["https:\/\/trading.hhg.vn\/wp-content\/uploads\/2025\/12\/154__hpr08709_tif.png",700,800,false],"portfolio_item-masonry":["https:\/\/trading.hhg.vn\/wp-content\/uploads\/2025\/12\/154__hpr08709_tif.png",600,686,false],"portfolio_item-masonry@2x":["https:\/\/trading.hhg.vn\/wp-content\/uploads\/2025\/12\/154__hpr08709_tif.png",1200,1371,false],"portfolio_item-thumbnail_cinema":["https:\/\/trading.hhg.vn\/wp-content\/uploads\/2025\/12\/154__hpr08709_tif.png",293,335,false],"portfolio_item-thumbnail_portrait":["https:\/\/trading.hhg.vn\/wp-content\/uploads\/2025\/12\/154__hpr08709_tif.png",600,686,false],"portfolio_item-thumbnail_portrait@2x":["https:\/\/trading.hhg.vn\/wp-content\/uploads\/2025\/12\/154__hpr08709_tif.png",1200,1371,false],"portfolio_item-thumbnail_square":["https:\/\/trading.hhg.vn\/wp-content\/uploads\/2025\/12\/154__hpr08709_tif.png",700,800,false]},"_links":{"self":[{"href":"https:\/\/trading.hhg.vn\/en\/wp-json\/wp\/v2\/product\/115734","targetHints":{"allow":["GET"]}}],"collection":[{"href":"https:\/\/trading.hhg.vn\/en\/wp-json\/wp\/v2\/product"}],"about":[{"href":"https:\/\/trading.hhg.vn\/en\/wp-json\/wp\/v2\/types\/product"}],"replies":[{"embeddable":true,"href":"https:\/\/trading.hhg.vn\/en\/wp-json\/wp\/v2\/comments?post=115734"}],"version-history":[{"count":0,"href":"https:\/\/trading.hhg.vn\/en\/wp-json\/wp\/v2\/product\/115734\/revisions"}],"wp:featuredmedia":[{"embeddable":true,"href":"https:\/\/trading.hhg.vn\/en\/wp-json\/wp\/v2\/media\/115732"}],"wp:attachment":[{"href":"https:\/\/trading.hhg.vn\/en\/wp-json\/wp\/v2\/media?parent=115734"}],"wp:term":[{"taxonomy":"product_cat","embeddable":true,"href":"https:\/\/trading.hhg.vn\/en\/wp-json\/wp\/v2\/product_cat?post=115734"},{"taxonomy":"product_tag","embeddable":true,"href":"https:\/\/trading.hhg.vn\/en\/wp-json\/wp\/v2\/product_tag?post=115734"}],"curies":[{"name":"wp","href":"https:\/\/api.w.org\/{rel}","templated":true}]}}